{"id":9060,"date":"2020-02-19T13:44:25","date_gmt":"2020-02-19T12:44:25","guid":{"rendered":"https:\/\/astos.cz\/vseobcne-nakupni-podminky-spolecnosti-astos-machinery\/"},"modified":"2023-02-22T11:10:44","modified_gmt":"2023-02-22T10:10:44","slug":"vseobcne-nakupni-podminky-spolecnosti-astos-machinery","status":"publish","type":"page","link":"https:\/\/astos.cz\/de\/vseobcne-nakupni-podminky-spolecnosti-astos-machinery\/","title":{"rendered":"Allgemeine Einkaufsbedingungen Astos Machinery"},"content":{"rendered":"<div id=\"pl-9060\"  class=\"panel-layout\" ><div id=\"pg-9060-0\"  class=\"panel-grid panel-no-style\" ><div id=\"pgc-9060-0-0\"  class=\"panel-grid-cell\" ><div id=\"panel-9060-0-0-0\" class=\"so-panel widget widget_pt_brochure_box widget-brochure-box panel-first-child panel-last-child\" data-index=\"0\" >\n\t\t\t<h4 class=\"sidebar__headings\">Allgemeine Einkaufsbedingungen der gesellschaft Astos Machinery<\/h4>\n\t\t\t\t\t\t<a class=\"brochure-box\" href=\"https:\/\/astos.cz\/wp-content\/uploads\/2023\/02\/ALLGEMEINE-EINKAUFSBEDINGUNGEN-DER-GESELLSCHAFT-ASTOS-MACHINERY.pdf\" target=\"_blank\">\n\t\t\t\t<i class=\"fa  fa-file-pdf-o\"><\/i>\n\t\t\t\t<h5 class=\"brochure-box__text\">Allgemeine Einkaufsbedingungen in PDF<\/h5>\n\t\t\t<\/a>\n\n\t\t\t<\/div><\/div><\/div><\/div>","protected":false},"excerpt":{"rendered":"<p>Allgemeine Einkaufsbedingungen der gesellschaft Astos Machinery Allgemeine Einkaufsbedingungen in PDF<\/p>\n","protected":false},"author":6,"featured_media":9028,"parent":0,"menu_order":0,"comment_status":"closed","ping_status":"closed","template":"","meta":[],"categories":[],"tags":[],"yoast_head":"<!-- This site is optimized with the Yoast SEO plugin v18.5.1 - https:\/\/yoast.com\/wordpress\/plugins\/seo\/ -->\n<title>Allgemeine Einkaufsbedingungen Astos Machinery | ASTOS Machinery<\/title>\n<meta name=\"robots\" content=\"index, follow, max-snippet:-1, max-image-preview:large, max-video-preview:-1\" \/>\n<link rel=\"canonical\" href=\"https:\/\/astos.cz\/de\/vseobcne-nakupni-podminky-spolecnosti-astos-machinery\/\" \/>\n<meta property=\"og:locale\" content=\"de_DE\" \/>\n<meta property=\"og:type\" content=\"article\" \/>\n<meta property=\"og:title\" content=\"Allgemeine Einkaufsbedingungen Astos Machinery | ASTOS Machinery\" \/>\n<meta property=\"og:description\" content=\"Allgemeine Einkaufsbedingungen der gesellschaft Astos Machinery Allgemeine Einkaufsbedingungen in PDF\" \/>\n<meta property=\"og:url\" content=\"https:\/\/astos.cz\/de\/vseobcne-nakupni-podminky-spolecnosti-astos-machinery\/\" \/>\n<meta property=\"og:site_name\" content=\"ASTOS Machinery\" \/>\n<meta property=\"article:modified_time\" content=\"2023-02-22T10:10:44+00:00\" \/>\n<meta property=\"og:image\" content=\"https:\/\/astos.cz\/wp-content\/uploads\/2020\/02\/nahledovy-obrazek-nakupni-podminky.jpg\" \/>\n\t<meta property=\"og:image:width\" content=\"1140\" \/>\n\t<meta property=\"og:image:height\" content=\"640\" \/>\n\t<meta property=\"og:image:type\" content=\"image\/jpeg\" \/>\n<meta name=\"twitter:card\" content=\"summary\" \/>\n<meta name=\"twitter:label1\" content=\"Gesch\u00e4tzte Lesezeit\" \/>\n\t<meta name=\"twitter:data1\" content=\"1\u00a0Minute\" \/>\n<script type=\"application\/ld+json\" class=\"yoast-schema-graph\">{\"@context\":\"https:\/\/schema.org\",\"@graph\":[{\"@type\":\"WebSite\",\"@id\":\"https:\/\/astos.cz\/#website\",\"url\":\"https:\/\/astos.cz\/\",\"name\":\"ASTOS Machinery\",\"description\":\"Specialista na dopravn\u00edkov\u00e9 syst\u00e9my a krytov\u00e1n\u00ed stroj\u016f\",\"potentialAction\":[{\"@type\":\"SearchAction\",\"target\":{\"@type\":\"EntryPoint\",\"urlTemplate\":\"https:\/\/astos.cz\/?s={search_term_string}\"},\"query-input\":\"required name=search_term_string\"}],\"inLanguage\":\"de\"},{\"@type\":\"ImageObject\",\"@id\":\"https:\/\/astos.cz\/de\/vseobcne-nakupni-podminky-spolecnosti-astos-machinery\/#primaryimage\",\"inLanguage\":\"de\",\"url\":\"https:\/\/astos.cz\/wp-content\/uploads\/2020\/02\/nahledovy-obrazek-nakupni-podminky.jpg\",\"contentUrl\":\"https:\/\/astos.cz\/wp-content\/uploads\/2020\/02\/nahledovy-obrazek-nakupni-podminky.jpg\",\"width\":1140,\"height\":640},{\"@type\":\"WebPage\",\"@id\":\"https:\/\/astos.cz\/de\/vseobcne-nakupni-podminky-spolecnosti-astos-machinery\/#webpage\",\"url\":\"https:\/\/astos.cz\/de\/vseobcne-nakupni-podminky-spolecnosti-astos-machinery\/\",\"name\":\"Allgemeine Einkaufsbedingungen Astos Machinery | ASTOS Machinery\",\"isPartOf\":{\"@id\":\"https:\/\/astos.cz\/#website\"},\"primaryImageOfPage\":{\"@id\":\"https:\/\/astos.cz\/de\/vseobcne-nakupni-podminky-spolecnosti-astos-machinery\/#primaryimage\"},\"datePublished\":\"2020-02-19T12:44:25+00:00\",\"dateModified\":\"2023-02-22T10:10:44+00:00\",\"breadcrumb\":{\"@id\":\"https:\/\/astos.cz\/de\/vseobcne-nakupni-podminky-spolecnosti-astos-machinery\/#breadcrumb\"},\"inLanguage\":\"de\",\"potentialAction\":[{\"@type\":\"ReadAction\",\"target\":[\"https:\/\/astos.cz\/de\/vseobcne-nakupni-podminky-spolecnosti-astos-machinery\/\"]}]},{\"@type\":\"BreadcrumbList\",\"@id\":\"https:\/\/astos.cz\/de\/vseobcne-nakupni-podminky-spolecnosti-astos-machinery\/#breadcrumb\",\"itemListElement\":[{\"@type\":\"ListItem\",\"position\":1,\"name\":\"Dom\u016f\",\"item\":\"https:\/\/astos.cz\/de\/\"},{\"@type\":\"ListItem\",\"position\":2,\"name\":\"Allgemeine Einkaufsbedingungen Astos Machinery\"}]}]}<\/script>\n<!-- \/ Yoast SEO plugin. -->","yoast_head_json":{"title":"Allgemeine Einkaufsbedingungen Astos Machinery | ASTOS Machinery","robots":{"index":"index","follow":"follow","max-snippet":"max-snippet:-1","max-image-preview":"max-image-preview:large","max-video-preview":"max-video-preview:-1"},"canonical":"https:\/\/astos.cz\/de\/vseobcne-nakupni-podminky-spolecnosti-astos-machinery\/","og_locale":"de_DE","og_type":"article","og_title":"Allgemeine Einkaufsbedingungen Astos Machinery | ASTOS Machinery","og_description":"Allgemeine Einkaufsbedingungen der gesellschaft Astos Machinery Allgemeine Einkaufsbedingungen in PDF","og_url":"https:\/\/astos.cz\/de\/vseobcne-nakupni-podminky-spolecnosti-astos-machinery\/","og_site_name":"ASTOS Machinery","article_modified_time":"2023-02-22T10:10:44+00:00","og_image":[{"width":1140,"height":640,"url":"https:\/\/astos.cz\/wp-content\/uploads\/2020\/02\/nahledovy-obrazek-nakupni-podminky.jpg","type":"image\/jpeg"}],"twitter_card":"summary","twitter_misc":{"Gesch\u00e4tzte Lesezeit":"1\u00a0Minute"},"schema":{"@context":"https:\/\/schema.org","@graph":[{"@type":"WebSite","@id":"https:\/\/astos.cz\/#website","url":"https:\/\/astos.cz\/","name":"ASTOS Machinery","description":"Specialista na dopravn\u00edkov\u00e9 syst\u00e9my a krytov\u00e1n\u00ed stroj\u016f","potentialAction":[{"@type":"SearchAction","target":{"@type":"EntryPoint","urlTemplate":"https:\/\/astos.cz\/?s={search_term_string}"},"query-input":"required name=search_term_string"}],"inLanguage":"de"},{"@type":"ImageObject","@id":"https:\/\/astos.cz\/de\/vseobcne-nakupni-podminky-spolecnosti-astos-machinery\/#primaryimage","inLanguage":"de","url":"https:\/\/astos.cz\/wp-content\/uploads\/2020\/02\/nahledovy-obrazek-nakupni-podminky.jpg","contentUrl":"https:\/\/astos.cz\/wp-content\/uploads\/2020\/02\/nahledovy-obrazek-nakupni-podminky.jpg","width":1140,"height":640},{"@type":"WebPage","@id":"https:\/\/astos.cz\/de\/vseobcne-nakupni-podminky-spolecnosti-astos-machinery\/#webpage","url":"https:\/\/astos.cz\/de\/vseobcne-nakupni-podminky-spolecnosti-astos-machinery\/","name":"Allgemeine Einkaufsbedingungen Astos Machinery | ASTOS Machinery","isPartOf":{"@id":"https:\/\/astos.cz\/#website"},"primaryImageOfPage":{"@id":"https:\/\/astos.cz\/de\/vseobcne-nakupni-podminky-spolecnosti-astos-machinery\/#primaryimage"},"datePublished":"2020-02-19T12:44:25+00:00","dateModified":"2023-02-22T10:10:44+00:00","breadcrumb":{"@id":"https:\/\/astos.cz\/de\/vseobcne-nakupni-podminky-spolecnosti-astos-machinery\/#breadcrumb"},"inLanguage":"de","potentialAction":[{"@type":"ReadAction","target":["https:\/\/astos.cz\/de\/vseobcne-nakupni-podminky-spolecnosti-astos-machinery\/"]}]},{"@type":"BreadcrumbList","@id":"https:\/\/astos.cz\/de\/vseobcne-nakupni-podminky-spolecnosti-astos-machinery\/#breadcrumb","itemListElement":[{"@type":"ListItem","position":1,"name":"Dom\u016f","item":"https:\/\/astos.cz\/de\/"},{"@type":"ListItem","position":2,"name":"Allgemeine Einkaufsbedingungen Astos Machinery"}]}]}},"_links":{"self":[{"href":"https:\/\/astos.cz\/de\/wp-json\/wp\/v2\/pages\/9060"}],"collection":[{"href":"https:\/\/astos.cz\/de\/wp-json\/wp\/v2\/pages"}],"about":[{"href":"https:\/\/astos.cz\/de\/wp-json\/wp\/v2\/types\/page"}],"author":[{"embeddable":true,"href":"https:\/\/astos.cz\/de\/wp-json\/wp\/v2\/users\/6"}],"replies":[{"embeddable":true,"href":"https:\/\/astos.cz\/de\/wp-json\/wp\/v2\/comments?post=9060"}],"version-history":[{"count":12,"href":"https:\/\/astos.cz\/de\/wp-json\/wp\/v2\/pages\/9060\/revisions"}],"predecessor-version":[{"id":9917,"href":"https:\/\/astos.cz\/de\/wp-json\/wp\/v2\/pages\/9060\/revisions\/9917"}],"wp:featuredmedia":[{"embeddable":true,"href":"https:\/\/astos.cz\/de\/wp-json\/wp\/v2\/media\/9028"}],"wp:attachment":[{"href":"https:\/\/astos.cz\/de\/wp-json\/wp\/v2\/media?parent=9060"}],"wp:term":[{"taxonomy":"category","embeddable":true,"href":"https:\/\/astos.cz\/de\/wp-json\/wp\/v2\/categories?post=9060"},{"taxonomy":"post_tag","embeddable":true,"href":"https:\/\/astos.cz\/de\/wp-json\/wp\/v2\/tags?post=9060"}],"curies":[{"name":"wp","href":"https:\/\/api.w.org\/{rel}","templated":true}]}}