{"id":8861,"date":"2019-10-30T12:06:23","date_gmt":"2019-10-30T11:06:23","guid":{"rendered":"https:\/\/astos.cz\/de\/?page_id=8861"},"modified":"2022-06-15T12:36:55","modified_gmt":"2022-06-15T11:36:55","slug":"fsb-und-cfs-trommelfilteranlage-und-zentrale-filteranlage","status":"publish","type":"page","link":"https:\/\/astos.cz\/de\/nase-vyrobky\/filtracni-zarizeni\/fsb-und-cfs-trommelfilteranlage-und-zentrale-filteranlage\/","title":{"rendered":"FSB und CFS \u2013 Trommelfilteranlage und Zentrale Filteranlage"},"content":{"rendered":"<div id=\"pl-8861\"  class=\"panel-layout\" ><div id=\"pg-8861-0\"  class=\"panel-grid panel-no-style\" ><div id=\"pgc-8861-0-0\"  class=\"panel-grid-cell\" ><div id=\"panel-8861-0-0-0\" class=\"so-panel widget widget_sow-editor panel-first-child panel-last-child\" data-index=\"0\" ><div class=\"so-widget-sow-editor so-widget-sow-editor-base\">\n<div class=\"siteorigin-widget-tinymce textwidget\">\n\t<h3>Trommelfilteranlage und Zentrale Filteranlage<\/h3>\n<p>Es handelt sich um Filteranlagen mit einem Kreislauf, die f\u00fcr die Filtration von verschiedenen, mit Festpartikeln (wie Schleifstaub, Sp\u00e4ne aus der Bearbeitung, Zunder aus der Umformung, Schlamm aus Reinigungs- und H\u00e4rteprozessen, usw.) verwendet werden. Beim Durchfluss durch die FSB und die CFS wird die Betriebsfl\u00fcssigkeit gereinigt und sie kann wieder im technologischen Prozess verwendet werden. Beide Anlagen k\u00f6nnen wir nach individuellen Parametern und Anforderungen wie Durchflussmenge, gefiltertes Medium, Viskosit\u00e4t, notwendige Filtrationstiefe, Eingangskonzentration, Gr\u00f6\u00dfe und Form der verunreinigenden Partikeln projektieren.<\/p>\n<p>Wir bereiten Ihnen die definitive Einstellung der Parameter und die Konfiguration auf der Grundlage von den \u00fcbergebenen Parametern oder Schlamm- und Fl\u00fcssigkeitsproben f\u00fcr eine Filtrationsanalyse in unserem Pr\u00fcflabor vor. Die Anlage wird von uns mit optimalen Einbauabmessungen und mit allen notwendigen Komponenten und Modulen entworfen.<\/p>\n<p><em><strong>Beispiel einer Produktionshalle:<\/strong><\/em><\/p>\n<p><a href=\"https:\/\/www.astos.cz\/wp-content\/uploads\/2019\/10\/Beispiel-einer-Produktionshalle_CFS.png\" rel=\"lightbox[8861]\"><img loading=\"lazy\" class=\"size-full wp-image-8862 aligncenter\" src=\"https:\/\/www.astos.cz\/wp-content\/uploads\/2019\/10\/Beispiel-einer-Produktionshalle_CFS.png\" alt=\"Beispiel einer Produktionshalle_CFS\" width=\"1108\" height=\"679\" srcset=\"https:\/\/astos.cz\/wp-content\/uploads\/2019\/10\/Beispiel-einer-Produktionshalle_CFS.png 1108w, https:\/\/astos.cz\/wp-content\/uploads\/2019\/10\/Beispiel-einer-Produktionshalle_CFS-300x184.png 300w, https:\/\/astos.cz\/wp-content\/uploads\/2019\/10\/Beispiel-einer-Produktionshalle_CFS-768x471.png 768w, https:\/\/astos.cz\/wp-content\/uploads\/2019\/10\/Beispiel-einer-Produktionshalle_CFS-1024x628.png 1024w, https:\/\/astos.cz\/wp-content\/uploads\/2019\/10\/Beispiel-einer-Produktionshalle_CFS-555x340.png 555w\" sizes=\"(max-width: 1108px) 100vw, 1108px\" \/><\/a><\/p>\n<p>&nbsp;<\/p>\n<\/div>\n<\/div><\/div><\/div><\/div><\/div>","protected":false},"excerpt":{"rendered":"<p>Trommelfilteranlage und Zentrale Filteranlage Es handelt sich um Filteranlagen mit einem Kreislauf, die f\u00fcr die Filtration von verschiedenen, mit Festpartikeln (wie Schleifstaub, Sp\u00e4ne aus der Bearbeitung, Zunder aus der Umformung, Schlamm aus Reinigungs- und H\u00e4rteprozessen, usw.) verwendet werden. Beim Durchfluss durch die FSB und die CFS wird die Betriebsfl\u00fcssigkeit gereinigt und sie kann wieder im &hellip;<\/p>\n","protected":false},"author":4,"featured_media":8797,"parent":4727,"menu_order":0,"comment_status":"closed","ping_status":"closed","template":"","meta":[],"categories":[104],"tags":[],"yoast_head":"<!-- This site is optimized with the Yoast SEO plugin v18.5.1 - https:\/\/yoast.com\/wordpress\/plugins\/seo\/ -->\n<title>FSB und CFS \u2013 Trommelfilteranlage und Zentrale Filteranlage<\/title>\n<meta name=\"robots\" content=\"index, follow, max-snippet:-1, max-image-preview:large, max-video-preview:-1\" \/>\n<link rel=\"canonical\" href=\"https:\/\/astos.cz\/de\/nase-vyrobky\/filtracni-zarizeni\/fsb-und-cfs-trommelfilteranlage-und-zentrale-filteranlage\/\" \/>\n<meta property=\"og:locale\" content=\"de_DE\" \/>\n<meta property=\"og:type\" content=\"article\" \/>\n<meta property=\"og:title\" content=\"FSB und CFS \u2013 Trommelfilteranlage und Zentrale Filteranlage\" \/>\n<meta property=\"og:description\" content=\"Trommelfilteranlage und Zentrale Filteranlage Es handelt sich um Filteranlagen mit einem Kreislauf, die f\u00fcr die Filtration von verschiedenen, mit Festpartikeln (wie Schleifstaub, Sp\u00e4ne aus der Bearbeitung, Zunder aus der Umformung, Schlamm aus Reinigungs- und H\u00e4rteprozessen, usw.) verwendet werden. Beim Durchfluss durch die FSB und die CFS wird die Betriebsfl\u00fcssigkeit gereinigt und sie kann wieder im &hellip;\" \/>\n<meta property=\"og:url\" content=\"https:\/\/astos.cz\/de\/nase-vyrobky\/filtracni-zarizeni\/fsb-und-cfs-trommelfilteranlage-und-zentrale-filteranlage\/\" \/>\n<meta property=\"og:site_name\" content=\"ASTOS Machinery\" \/>\n<meta property=\"article:modified_time\" content=\"2022-06-15T11:36:55+00:00\" \/>\n<meta property=\"og:image\" content=\"https:\/\/astos.cz\/wp-content\/uploads\/2019\/09\/CFS_Sestava_2-1024x661.jpg\" \/>\n\t<meta property=\"og:image:width\" content=\"1024\" \/>\n\t<meta property=\"og:image:height\" content=\"661\" \/>\n\t<meta property=\"og:image:type\" content=\"image\/jpeg\" \/>\n<meta name=\"twitter:card\" content=\"summary\" \/>\n<meta name=\"twitter:label1\" content=\"Gesch\u00e4tzte Lesezeit\" \/>\n\t<meta name=\"twitter:data1\" content=\"1\u00a0Minute\" \/>\n<script type=\"application\/ld+json\" class=\"yoast-schema-graph\">{\"@context\":\"https:\/\/schema.org\",\"@graph\":[{\"@type\":\"WebSite\",\"@id\":\"https:\/\/astos.cz\/#website\",\"url\":\"https:\/\/astos.cz\/\",\"name\":\"ASTOS Machinery\",\"description\":\"Specialista na dopravn\u00edkov\u00e9 syst\u00e9my a krytov\u00e1n\u00ed stroj\u016f\",\"potentialAction\":[{\"@type\":\"SearchAction\",\"target\":{\"@type\":\"EntryPoint\",\"urlTemplate\":\"https:\/\/astos.cz\/?s={search_term_string}\"},\"query-input\":\"required name=search_term_string\"}],\"inLanguage\":\"de\"},{\"@type\":\"ImageObject\",\"@id\":\"https:\/\/astos.cz\/de\/nase-vyrobky\/filtracni-zarizeni\/fsb-und-cfs-trommelfilteranlage-und-zentrale-filteranlage\/#primaryimage\",\"inLanguage\":\"de\",\"url\":\"https:\/\/astos.cz\/wp-content\/uploads\/2019\/09\/CFS_Sestava_2.jpg\",\"contentUrl\":\"https:\/\/astos.cz\/wp-content\/uploads\/2019\/09\/CFS_Sestava_2.jpg\",\"width\":4134,\"height\":2669},{\"@type\":\"WebPage\",\"@id\":\"https:\/\/astos.cz\/de\/nase-vyrobky\/filtracni-zarizeni\/fsb-und-cfs-trommelfilteranlage-und-zentrale-filteranlage\/#webpage\",\"url\":\"https:\/\/astos.cz\/de\/nase-vyrobky\/filtracni-zarizeni\/fsb-und-cfs-trommelfilteranlage-und-zentrale-filteranlage\/\",\"name\":\"FSB und CFS \u2013 Trommelfilteranlage und Zentrale Filteranlage\",\"isPartOf\":{\"@id\":\"https:\/\/astos.cz\/#website\"},\"primaryImageOfPage\":{\"@id\":\"https:\/\/astos.cz\/de\/nase-vyrobky\/filtracni-zarizeni\/fsb-und-cfs-trommelfilteranlage-und-zentrale-filteranlage\/#primaryimage\"},\"datePublished\":\"2019-10-30T11:06:23+00:00\",\"dateModified\":\"2022-06-15T11:36:55+00:00\",\"breadcrumb\":{\"@id\":\"https:\/\/astos.cz\/de\/nase-vyrobky\/filtracni-zarizeni\/fsb-und-cfs-trommelfilteranlage-und-zentrale-filteranlage\/#breadcrumb\"},\"inLanguage\":\"de\",\"potentialAction\":[{\"@type\":\"ReadAction\",\"target\":[\"https:\/\/astos.cz\/de\/nase-vyrobky\/filtracni-zarizeni\/fsb-und-cfs-trommelfilteranlage-und-zentrale-filteranlage\/\"]}]},{\"@type\":\"BreadcrumbList\",\"@id\":\"https:\/\/astos.cz\/de\/nase-vyrobky\/filtracni-zarizeni\/fsb-und-cfs-trommelfilteranlage-und-zentrale-filteranlage\/#breadcrumb\",\"itemListElement\":[{\"@type\":\"ListItem\",\"position\":1,\"name\":\"Dom\u016f\",\"item\":\"https:\/\/astos.cz\/de\/\"},{\"@type\":\"ListItem\",\"position\":2,\"name\":\"Produkte\",\"item\":\"https:\/\/astos.cz\/de\/nase-vyrobky\/\"},{\"@type\":\"ListItem\",\"position\":3,\"name\":\"Filtrationen\",\"item\":\"https:\/\/astos.cz\/de\/nase-vyrobky\/filtracni-zarizeni\/\"},{\"@type\":\"ListItem\",\"position\":4,\"name\":\"FSB und CFS \u2013 Trommelfilteranlage und Zentrale Filteranlage\"}]}]}<\/script>\n<!-- \/ Yoast SEO plugin. -->","yoast_head_json":{"title":"FSB und CFS \u2013 Trommelfilteranlage und Zentrale Filteranlage","robots":{"index":"index","follow":"follow","max-snippet":"max-snippet:-1","max-image-preview":"max-image-preview:large","max-video-preview":"max-video-preview:-1"},"canonical":"https:\/\/astos.cz\/de\/nase-vyrobky\/filtracni-zarizeni\/fsb-und-cfs-trommelfilteranlage-und-zentrale-filteranlage\/","og_locale":"de_DE","og_type":"article","og_title":"FSB und CFS \u2013 Trommelfilteranlage und Zentrale Filteranlage","og_description":"Trommelfilteranlage und Zentrale Filteranlage Es handelt sich um Filteranlagen mit einem Kreislauf, die f\u00fcr die Filtration von verschiedenen, mit Festpartikeln (wie Schleifstaub, Sp\u00e4ne aus der Bearbeitung, Zunder aus der Umformung, Schlamm aus Reinigungs- und H\u00e4rteprozessen, usw.) verwendet werden. Beim Durchfluss durch die FSB und die CFS wird die Betriebsfl\u00fcssigkeit gereinigt und sie kann wieder im &hellip;","og_url":"https:\/\/astos.cz\/de\/nase-vyrobky\/filtracni-zarizeni\/fsb-und-cfs-trommelfilteranlage-und-zentrale-filteranlage\/","og_site_name":"ASTOS Machinery","article_modified_time":"2022-06-15T11:36:55+00:00","og_image":[{"width":1024,"height":661,"url":"https:\/\/astos.cz\/wp-content\/uploads\/2019\/09\/CFS_Sestava_2-1024x661.jpg","type":"image\/jpeg"}],"twitter_card":"summary","twitter_misc":{"Gesch\u00e4tzte Lesezeit":"1\u00a0Minute"},"schema":{"@context":"https:\/\/schema.org","@graph":[{"@type":"WebSite","@id":"https:\/\/astos.cz\/#website","url":"https:\/\/astos.cz\/","name":"ASTOS Machinery","description":"Specialista na dopravn\u00edkov\u00e9 syst\u00e9my a krytov\u00e1n\u00ed stroj\u016f","potentialAction":[{"@type":"SearchAction","target":{"@type":"EntryPoint","urlTemplate":"https:\/\/astos.cz\/?s={search_term_string}"},"query-input":"required name=search_term_string"}],"inLanguage":"de"},{"@type":"ImageObject","@id":"https:\/\/astos.cz\/de\/nase-vyrobky\/filtracni-zarizeni\/fsb-und-cfs-trommelfilteranlage-und-zentrale-filteranlage\/#primaryimage","inLanguage":"de","url":"https:\/\/astos.cz\/wp-content\/uploads\/2019\/09\/CFS_Sestava_2.jpg","contentUrl":"https:\/\/astos.cz\/wp-content\/uploads\/2019\/09\/CFS_Sestava_2.jpg","width":4134,"height":2669},{"@type":"WebPage","@id":"https:\/\/astos.cz\/de\/nase-vyrobky\/filtracni-zarizeni\/fsb-und-cfs-trommelfilteranlage-und-zentrale-filteranlage\/#webpage","url":"https:\/\/astos.cz\/de\/nase-vyrobky\/filtracni-zarizeni\/fsb-und-cfs-trommelfilteranlage-und-zentrale-filteranlage\/","name":"FSB und CFS \u2013 Trommelfilteranlage und Zentrale Filteranlage","isPartOf":{"@id":"https:\/\/astos.cz\/#website"},"primaryImageOfPage":{"@id":"https:\/\/astos.cz\/de\/nase-vyrobky\/filtracni-zarizeni\/fsb-und-cfs-trommelfilteranlage-und-zentrale-filteranlage\/#primaryimage"},"datePublished":"2019-10-30T11:06:23+00:00","dateModified":"2022-06-15T11:36:55+00:00","breadcrumb":{"@id":"https:\/\/astos.cz\/de\/nase-vyrobky\/filtracni-zarizeni\/fsb-und-cfs-trommelfilteranlage-und-zentrale-filteranlage\/#breadcrumb"},"inLanguage":"de","potentialAction":[{"@type":"ReadAction","target":["https:\/\/astos.cz\/de\/nase-vyrobky\/filtracni-zarizeni\/fsb-und-cfs-trommelfilteranlage-und-zentrale-filteranlage\/"]}]},{"@type":"BreadcrumbList","@id":"https:\/\/astos.cz\/de\/nase-vyrobky\/filtracni-zarizeni\/fsb-und-cfs-trommelfilteranlage-und-zentrale-filteranlage\/#breadcrumb","itemListElement":[{"@type":"ListItem","position":1,"name":"Dom\u016f","item":"https:\/\/astos.cz\/de\/"},{"@type":"ListItem","position":2,"name":"Produkte","item":"https:\/\/astos.cz\/de\/nase-vyrobky\/"},{"@type":"ListItem","position":3,"name":"Filtrationen","item":"https:\/\/astos.cz\/de\/nase-vyrobky\/filtracni-zarizeni\/"},{"@type":"ListItem","position":4,"name":"FSB und CFS \u2013 Trommelfilteranlage und Zentrale Filteranlage"}]}]}},"_links":{"self":[{"href":"https:\/\/astos.cz\/de\/wp-json\/wp\/v2\/pages\/8861"}],"collection":[{"href":"https:\/\/astos.cz\/de\/wp-json\/wp\/v2\/pages"}],"about":[{"href":"https:\/\/astos.cz\/de\/wp-json\/wp\/v2\/types\/page"}],"author":[{"embeddable":true,"href":"https:\/\/astos.cz\/de\/wp-json\/wp\/v2\/users\/4"}],"replies":[{"embeddable":true,"href":"https:\/\/astos.cz\/de\/wp-json\/wp\/v2\/comments?post=8861"}],"version-history":[{"count":12,"href":"https:\/\/astos.cz\/de\/wp-json\/wp\/v2\/pages\/8861\/revisions"}],"predecessor-version":[{"id":9766,"href":"https:\/\/astos.cz\/de\/wp-json\/wp\/v2\/pages\/8861\/revisions\/9766"}],"up":[{"embeddable":true,"href":"https:\/\/astos.cz\/de\/wp-json\/wp\/v2\/pages\/4727"}],"wp:featuredmedia":[{"embeddable":true,"href":"https:\/\/astos.cz\/de\/wp-json\/wp\/v2\/media\/8797"}],"wp:attachment":[{"href":"https:\/\/astos.cz\/de\/wp-json\/wp\/v2\/media?parent=8861"}],"wp:term":[{"taxonomy":"category","embeddable":true,"href":"https:\/\/astos.cz\/de\/wp-json\/wp\/v2\/categories?post=8861"},{"taxonomy":"post_tag","embeddable":true,"href":"https:\/\/astos.cz\/de\/wp-json\/wp\/v2\/tags?post=8861"}],"curies":[{"name":"wp","href":"https:\/\/api.w.org\/{rel}","templated":true}]}}