{"id":8023,"date":"2018-04-17T13:48:27","date_gmt":"2018-04-17T12:48:27","guid":{"rendered":"https:\/\/astos.cz\/de\/?page_id=8023"},"modified":"2018-04-17T13:48:27","modified_gmt":"2018-04-17T12:48:27","slug":"allgemeine-einkaufsbedingungen","status":"publish","type":"page","link":"https:\/\/astos.cz\/de\/allgemeine-einkaufsbedingungen\/","title":{"rendered":"Allgemeine Einkaufsbedingungen"},"content":{"rendered":"<h4 class=\"alternative-heading\" style=\"margin-top: 0px;\">Allgemeine Einkaufsbedingungen<\/h4>\n<p>\t\t\t<a class=\"brochure-box\" href=\"https:\/\/astos.cz\/wp-content\/uploads\/2018\/04\/V\u0161eobecn\u00e9-n\u00e1kupn\u00ed-podm\u00ednky-vzor-NJ-14-02-28-RO.pdf\" target=\"_blank\"><br \/>\n<i class=\"fa  fa-file-pdf-o\"><\/i><\/p>\n<h5 class=\"brochure-box__text\">V\u0161eobecn\u00e9 n\u00e1kupn\u00ed podm\u00ednky<\/h5>\n<p><\/a><\/p>\n","protected":false},"excerpt":{"rendered":"<p>Allgemeine Einkaufsbedingungen V\u0161eobecn\u00e9 n\u00e1kupn\u00ed podm\u00ednky<\/p>\n","protected":false},"author":4,"featured_media":5730,"parent":0,"menu_order":0,"comment_status":"closed","ping_status":"closed","template":"","meta":[],"categories":[],"tags":[],"yoast_head":"<!-- This site is optimized with the Yoast SEO plugin v18.5.1 - https:\/\/yoast.com\/wordpress\/plugins\/seo\/ -->\n<title>Allgemeine Einkaufsbedingungen | ASTOS Machinery<\/title>\n<meta name=\"description\" content=\"Produktov\u00e9 listy ke sta\u017een\u00ed, Dopravn\u00edkov\u00e9 syst\u00e9my, Filtra\u010dn\u00ed za\u0159\u00edzen\u00ed, Krytov\u00e1n\u00ed stroj\u016f, Dopl\u0148kov\u00fd program\" \/>\n<meta name=\"robots\" content=\"index, follow, max-snippet:-1, max-image-preview:large, max-video-preview:-1\" \/>\n<link rel=\"canonical\" href=\"https:\/\/astos.cz\/de\/allgemeine-einkaufsbedingungen\/\" \/>\n<meta property=\"og:locale\" content=\"de_DE\" \/>\n<meta property=\"og:type\" content=\"article\" \/>\n<meta property=\"og:title\" content=\"Allgemeine Einkaufsbedingungen | ASTOS Machinery\" \/>\n<meta property=\"og:description\" content=\"Produktov\u00e9 listy ke sta\u017een\u00ed, Dopravn\u00edkov\u00e9 syst\u00e9my, Filtra\u010dn\u00ed za\u0159\u00edzen\u00ed, Krytov\u00e1n\u00ed stroj\u016f, Dopl\u0148kov\u00fd program\" \/>\n<meta property=\"og:url\" content=\"https:\/\/astos.cz\/de\/allgemeine-einkaufsbedingungen\/\" \/>\n<meta property=\"og:site_name\" content=\"ASTOS Machinery\" \/>\n<meta property=\"og:image\" content=\"https:\/\/astos.cz\/wp-content\/uploads\/2015\/10\/nahledovy-obrazek-produktove-listy.jpg\" \/>\n\t<meta property=\"og:image:width\" content=\"1140\" \/>\n\t<meta property=\"og:image:height\" content=\"640\" \/>\n\t<meta property=\"og:image:type\" content=\"image\/jpeg\" \/>\n<meta name=\"twitter:card\" content=\"summary\" \/>\n<script type=\"application\/ld+json\" class=\"yoast-schema-graph\">{\"@context\":\"https:\/\/schema.org\",\"@graph\":[{\"@type\":\"WebSite\",\"@id\":\"https:\/\/astos.cz\/#website\",\"url\":\"https:\/\/astos.cz\/\",\"name\":\"ASTOS Machinery\",\"description\":\"Specialista na dopravn\u00edkov\u00e9 syst\u00e9my a krytov\u00e1n\u00ed stroj\u016f\",\"potentialAction\":[{\"@type\":\"SearchAction\",\"target\":{\"@type\":\"EntryPoint\",\"urlTemplate\":\"https:\/\/astos.cz\/?s={search_term_string}\"},\"query-input\":\"required name=search_term_string\"}],\"inLanguage\":\"de\"},{\"@type\":\"ImageObject\",\"@id\":\"https:\/\/astos.cz\/de\/allgemeine-einkaufsbedingungen\/#primaryimage\",\"inLanguage\":\"de\",\"url\":\"https:\/\/astos.cz\/wp-content\/uploads\/2015\/10\/nahledovy-obrazek-produktove-listy.jpg\",\"contentUrl\":\"https:\/\/astos.cz\/wp-content\/uploads\/2015\/10\/nahledovy-obrazek-produktove-listy.jpg\",\"width\":1140,\"height\":640},{\"@type\":\"WebPage\",\"@id\":\"https:\/\/astos.cz\/de\/allgemeine-einkaufsbedingungen\/#webpage\",\"url\":\"https:\/\/astos.cz\/de\/allgemeine-einkaufsbedingungen\/\",\"name\":\"Allgemeine Einkaufsbedingungen | ASTOS Machinery\",\"isPartOf\":{\"@id\":\"https:\/\/astos.cz\/#website\"},\"primaryImageOfPage\":{\"@id\":\"https:\/\/astos.cz\/de\/allgemeine-einkaufsbedingungen\/#primaryimage\"},\"datePublished\":\"2018-04-17T12:48:27+00:00\",\"dateModified\":\"2018-04-17T12:48:27+00:00\",\"description\":\"Produktov\u00e9 listy ke sta\u017een\u00ed, Dopravn\u00edkov\u00e9 syst\u00e9my, Filtra\u010dn\u00ed za\u0159\u00edzen\u00ed, Krytov\u00e1n\u00ed stroj\u016f, Dopl\u0148kov\u00fd program\",\"breadcrumb\":{\"@id\":\"https:\/\/astos.cz\/de\/allgemeine-einkaufsbedingungen\/#breadcrumb\"},\"inLanguage\":\"de\",\"potentialAction\":[{\"@type\":\"ReadAction\",\"target\":[\"https:\/\/astos.cz\/de\/allgemeine-einkaufsbedingungen\/\"]}]},{\"@type\":\"BreadcrumbList\",\"@id\":\"https:\/\/astos.cz\/de\/allgemeine-einkaufsbedingungen\/#breadcrumb\",\"itemListElement\":[{\"@type\":\"ListItem\",\"position\":1,\"name\":\"Dom\u016f\",\"item\":\"https:\/\/astos.cz\/de\/\"},{\"@type\":\"ListItem\",\"position\":2,\"name\":\"Allgemeine Einkaufsbedingungen\"}]}]}<\/script>\n<!-- \/ Yoast SEO plugin. -->","yoast_head_json":{"title":"Allgemeine Einkaufsbedingungen | ASTOS Machinery","description":"Produktov\u00e9 listy ke sta\u017een\u00ed, Dopravn\u00edkov\u00e9 syst\u00e9my, Filtra\u010dn\u00ed za\u0159\u00edzen\u00ed, Krytov\u00e1n\u00ed stroj\u016f, Dopl\u0148kov\u00fd program","robots":{"index":"index","follow":"follow","max-snippet":"max-snippet:-1","max-image-preview":"max-image-preview:large","max-video-preview":"max-video-preview:-1"},"canonical":"https:\/\/astos.cz\/de\/allgemeine-einkaufsbedingungen\/","og_locale":"de_DE","og_type":"article","og_title":"Allgemeine Einkaufsbedingungen | ASTOS Machinery","og_description":"Produktov\u00e9 listy ke sta\u017een\u00ed, Dopravn\u00edkov\u00e9 syst\u00e9my, Filtra\u010dn\u00ed za\u0159\u00edzen\u00ed, Krytov\u00e1n\u00ed stroj\u016f, Dopl\u0148kov\u00fd program","og_url":"https:\/\/astos.cz\/de\/allgemeine-einkaufsbedingungen\/","og_site_name":"ASTOS Machinery","og_image":[{"width":1140,"height":640,"url":"https:\/\/astos.cz\/wp-content\/uploads\/2015\/10\/nahledovy-obrazek-produktove-listy.jpg","type":"image\/jpeg"}],"twitter_card":"summary","schema":{"@context":"https:\/\/schema.org","@graph":[{"@type":"WebSite","@id":"https:\/\/astos.cz\/#website","url":"https:\/\/astos.cz\/","name":"ASTOS Machinery","description":"Specialista na dopravn\u00edkov\u00e9 syst\u00e9my a krytov\u00e1n\u00ed stroj\u016f","potentialAction":[{"@type":"SearchAction","target":{"@type":"EntryPoint","urlTemplate":"https:\/\/astos.cz\/?s={search_term_string}"},"query-input":"required name=search_term_string"}],"inLanguage":"de"},{"@type":"ImageObject","@id":"https:\/\/astos.cz\/de\/allgemeine-einkaufsbedingungen\/#primaryimage","inLanguage":"de","url":"https:\/\/astos.cz\/wp-content\/uploads\/2015\/10\/nahledovy-obrazek-produktove-listy.jpg","contentUrl":"https:\/\/astos.cz\/wp-content\/uploads\/2015\/10\/nahledovy-obrazek-produktove-listy.jpg","width":1140,"height":640},{"@type":"WebPage","@id":"https:\/\/astos.cz\/de\/allgemeine-einkaufsbedingungen\/#webpage","url":"https:\/\/astos.cz\/de\/allgemeine-einkaufsbedingungen\/","name":"Allgemeine Einkaufsbedingungen | ASTOS Machinery","isPartOf":{"@id":"https:\/\/astos.cz\/#website"},"primaryImageOfPage":{"@id":"https:\/\/astos.cz\/de\/allgemeine-einkaufsbedingungen\/#primaryimage"},"datePublished":"2018-04-17T12:48:27+00:00","dateModified":"2018-04-17T12:48:27+00:00","description":"Produktov\u00e9 listy ke sta\u017een\u00ed, Dopravn\u00edkov\u00e9 syst\u00e9my, Filtra\u010dn\u00ed za\u0159\u00edzen\u00ed, Krytov\u00e1n\u00ed stroj\u016f, Dopl\u0148kov\u00fd program","breadcrumb":{"@id":"https:\/\/astos.cz\/de\/allgemeine-einkaufsbedingungen\/#breadcrumb"},"inLanguage":"de","potentialAction":[{"@type":"ReadAction","target":["https:\/\/astos.cz\/de\/allgemeine-einkaufsbedingungen\/"]}]},{"@type":"BreadcrumbList","@id":"https:\/\/astos.cz\/de\/allgemeine-einkaufsbedingungen\/#breadcrumb","itemListElement":[{"@type":"ListItem","position":1,"name":"Dom\u016f","item":"https:\/\/astos.cz\/de\/"},{"@type":"ListItem","position":2,"name":"Allgemeine Einkaufsbedingungen"}]}]}},"_links":{"self":[{"href":"https:\/\/astos.cz\/de\/wp-json\/wp\/v2\/pages\/8023"}],"collection":[{"href":"https:\/\/astos.cz\/de\/wp-json\/wp\/v2\/pages"}],"about":[{"href":"https:\/\/astos.cz\/de\/wp-json\/wp\/v2\/types\/page"}],"author":[{"embeddable":true,"href":"https:\/\/astos.cz\/de\/wp-json\/wp\/v2\/users\/4"}],"replies":[{"embeddable":true,"href":"https:\/\/astos.cz\/de\/wp-json\/wp\/v2\/comments?post=8023"}],"version-history":[{"count":1,"href":"https:\/\/astos.cz\/de\/wp-json\/wp\/v2\/pages\/8023\/revisions"}],"predecessor-version":[{"id":8024,"href":"https:\/\/astos.cz\/de\/wp-json\/wp\/v2\/pages\/8023\/revisions\/8024"}],"wp:featuredmedia":[{"embeddable":true,"href":"https:\/\/astos.cz\/de\/wp-json\/wp\/v2\/media\/5730"}],"wp:attachment":[{"href":"https:\/\/astos.cz\/de\/wp-json\/wp\/v2\/media?parent=8023"}],"wp:term":[{"taxonomy":"category","embeddable":true,"href":"https:\/\/astos.cz\/de\/wp-json\/wp\/v2\/categories?post=8023"},{"taxonomy":"post_tag","embeddable":true,"href":"https:\/\/astos.cz\/de\/wp-json\/wp\/v2\/tags?post=8023"}],"curies":[{"name":"wp","href":"https:\/\/api.w.org\/{rel}","templated":true}]}}