{"id":5057,"date":"2015-10-14T13:19:56","date_gmt":"2015-10-14T12:19:56","guid":{"rendered":"https:\/\/astos.cz\/de\/kontakty\/dulezite-kontakty\/"},"modified":"2025-02-11T15:49:36","modified_gmt":"2025-02-11T14:49:36","slug":"dulezite-kontakty","status":"publish","type":"page","link":"https:\/\/astos.cz\/de\/kontakty\/dulezite-kontakty\/","title":{"rendered":"Wichtige Kontakte"},"content":{"rendered":"<div id=\"pl-5057\"  class=\"panel-layout\" ><div id=\"pg-5057-0\"  class=\"panel-grid panel-no-style\" ><div id=\"pgc-5057-0-0\"  class=\"panel-grid-cell\" ><div id=\"panel-5057-0-0-0\" class=\"so-panel widget widget_sow-editor panel-first-child panel-last-child\" data-index=\"0\" ><div class=\"so-widget-sow-editor so-widget-sow-editor-base\">\n<div class=\"siteorigin-widget-tinymce textwidget\">\n\t<h4 class=\"alternative-heading\" style=\"margin-top: 0px;\">Gesch\u00e4ftsf\u00fchrung<\/h4>\n<\/div>\n<\/div><\/div><\/div><\/div><div id=\"pg-5057-1\"  class=\"panel-grid panel-no-style\" ><div id=\"pgc-5057-1-0\"  class=\"panel-grid-cell\" ><div id=\"panel-5057-1-0-0\" class=\"so-panel widget widget_sow-editor panel-first-child panel-last-child\" data-index=\"1\" ><div class=\"so-widget-sow-editor so-widget-sow-editor-base\">\n<div class=\"siteorigin-widget-tinymce textwidget\">\n\t<p><img loading=\"lazy\" class=\"alignnone wp-image-5776 size-full\" src=\"https:\/\/astos.cz\/wp-content\/uploads\/2015\/10\/foto-Ondraschek-3.jpg\" alt=\"\" width=\"262\" height=\"180\"><\/p>\n<h5>Generaldirektor<\/h5>\n<p>Ing. Michael Ondraschek<br \/>\nE-mail: <a href=\"mailto:ondraschek@astos.cz\">ondraschek(a)astos.cz<\/a><\/p>\n<\/div>\n<\/div><\/div><\/div><div id=\"pgc-5057-1-1\"  class=\"panel-grid-cell\" ><div id=\"panel-5057-1-1-0\" class=\"so-panel widget widget_sow-editor panel-first-child panel-last-child\" data-index=\"2\" ><div class=\"so-widget-sow-editor so-widget-sow-editor-base\">\n<div class=\"siteorigin-widget-tinymce textwidget\">\n\t<p><img loading=\"lazy\" class=\"alignnone wp-image-8945 size-full\" src=\"https:\/\/astos.cz\/wp-content\/uploads\/2019\/11\/foto-bez-fotky-muz-1.jpg\" alt=\"\" width=\"262\" height=\"180\"><\/p>\n<h5>Technikvorstand<\/h5>\n<p>Ing. Martin Val\u00ed\u010dek<br \/>\nTel.: +420 354 401 060<br \/>\nE-mail: <a href=\"mailto:valicek@astos.cz\">valicek(a)astos.cz<\/a><\/p>\n<\/div>\n<\/div><\/div><\/div><div id=\"pgc-5057-1-2\"  class=\"panel-grid-cell\" ><div id=\"panel-5057-1-2-0\" class=\"so-panel widget widget_sow-editor panel-first-child panel-last-child\" data-index=\"3\" ><div class=\"so-widget-sow-editor so-widget-sow-editor-base\">\n<div class=\"siteorigin-widget-tinymce textwidget\">\n\t<p><img loading=\"lazy\" class=\"alignnone wp-image-5800 size-full\" src=\"https:\/\/astos.cz\/wp-content\/uploads\/2015\/10\/foto-Pancirova-1.jpg\" alt=\"\" width=\"262\" height=\"180\"><\/p>\n<h5>Vertriebsleiter<\/h5>\n<p>Jana Panc\u00ed\u0159ov\u00e1<br \/>\nTel.: +420 354 401 065<br \/>\nE-mail: <a href=\"mailto:pancirova@astos.cz\">pancirova(a)astos.cz<\/a><br \/>\n<a href=\"mailto:sales@astos.cz\">sales(a)astos.cz<\/a><\/p>\n<\/div>\n<\/div><\/div><\/div><\/div><div id=\"pg-5057-2\"  class=\"panel-grid panel-no-style\" ><div id=\"pgc-5057-2-0\"  class=\"panel-grid-cell\" ><div id=\"panel-5057-2-0-0\" class=\"so-panel widget widget_sow-editor panel-first-child panel-last-child\" data-index=\"4\" ><div class=\"so-widget-sow-editor so-widget-sow-editor-base\">\n<div class=\"siteorigin-widget-tinymce textwidget\">\n\t<p><img loading=\"lazy\" class=\"alignnone wp-image-5791 size-full\" src=\"\/wp-content\/uploads\/2018\/05\/Dlouh\u00fd.jpg\" alt=\"\" width=\"262\" height=\"180\" \/><\/p>\n<h5>Finanzvorstand und Personalleiter<\/h5>\n<p>Ing. Lud\u011bk Dlouh\u00fd<br \/>\nTel.: +420 354 401 026<br \/>\nE-mail: <a href=\"mailto:dlouhy@astos.cz\">dlouhy(a)astos.cz<\/a><\/p>\n<\/div>\n<\/div><\/div><\/div><\/div><div id=\"pg-5057-3\"  class=\"panel-grid panel-no-style\" ><div id=\"pgc-5057-3-0\"  class=\"panel-grid-cell\" ><div id=\"panel-5057-3-0-0\" class=\"so-panel widget widget_sow-editor panel-first-child panel-last-child\" data-index=\"5\" ><div class=\"so-widget-sow-editor so-widget-sow-editor-base\">\n<div class=\"siteorigin-widget-tinymce textwidget\">\n\t<h4 class=\"alternative-heading\" style=\"margin-top: 0px;\">Vertrieb<\/h4>\n<\/div>\n<\/div><\/div><\/div><\/div><div id=\"pg-5057-4\"  class=\"panel-grid panel-no-style\" ><div id=\"pgc-5057-4-0\"  class=\"panel-grid-cell\" ><div id=\"panel-5057-4-0-0\" class=\"so-panel widget widget_sow-editor panel-first-child panel-last-child\" data-index=\"6\" ><div class=\"so-widget-sow-editor so-widget-sow-editor-base\">\n<div class=\"siteorigin-widget-tinymce textwidget\">\n\t<p><img loading=\"lazy\" class=\"alignnone wp-image-5806 size-full\" src=\"https:\/\/astos.cz\/wp-content\/uploads\/2015\/10\/foto-Svejkovsky-1.jpg\" alt=\"\" width=\"262\" height=\"180\"><\/p>\n<h5>Spezialist f\u00fcr deutschsprachige Kunden<\/h5>\n<p>Robert Svejkovsk\u00fd<br \/>\nTel.: +420 354 401 038<br \/>\nE-mail: <a href=\"mailto:svejkovsky@astos.cz\">svejkovsky(a)astos.cz<\/a><\/p>\n<\/div>\n<\/div><\/div><\/div><div id=\"pgc-5057-4-1\"  class=\"panel-grid-cell\" ><div id=\"panel-5057-4-1-0\" class=\"so-panel widget widget_sow-editor panel-first-child panel-last-child\" data-index=\"7\" ><div class=\"so-widget-sow-editor so-widget-sow-editor-base\">\n<div class=\"siteorigin-widget-tinymce textwidget\">\n\t<p><img loading=\"lazy\" class=\"alignnone wp-image-5782 size-full\" src=\"https:\/\/astos.cz\/wp-content\/uploads\/2015\/10\/foto-bez-fotky.jpg\" alt=\"\" width=\"262\" height=\"180\" \/><\/p>\n<h5>Vertriebsmitarbeiter - tschechisch-, deutsch-, enlischsprachige Kunden<\/h5>\n<p>Eva J\u00edchov\u00e1<br \/>\nTel.: +420 354 401 034<br \/>\nE-mail: <a href=\"mailto:jichova@astos.cz\">jichova(a)astos.cz<\/a><\/p>\n<\/div>\n<\/div><\/div><\/div><div id=\"pgc-5057-4-2\"  class=\"panel-grid-cell\" ><div id=\"panel-5057-4-2-0\" class=\"so-panel widget widget_sow-editor panel-first-child panel-last-child\" data-index=\"8\" ><div class=\"so-widget-sow-editor so-widget-sow-editor-base\">\n<div class=\"siteorigin-widget-tinymce textwidget\">\n\t<p><img loading=\"lazy\" class=\"alignnone wp-image-5782 size-full\" src=\"https:\/\/astos.cz\/wp-content\/uploads\/2015\/10\/foto-bez-fotky.jpg\" alt=\"\" width=\"262\" height=\"180\"><\/p>\n<h5>Versand<\/h5>\n<p>Kristina Bro\u017ekov\u00e1<br \/>\nTel.: +420 354 401 066<br \/>\nE-mail: <a href=\"mailto:brozkova@astos.cz\">brozkova(a)astos.cz<\/a><\/p>\n<\/div>\n<\/div><\/div><\/div><\/div><div id=\"pg-5057-5\"  class=\"panel-grid panel-no-style\" ><div id=\"pgc-5057-5-0\"  class=\"panel-grid-cell\" ><div id=\"panel-5057-5-0-0\" class=\"so-panel widget widget_sow-editor panel-first-child panel-last-child\" data-index=\"9\" ><div class=\"so-widget-sow-editor so-widget-sow-editor-base\">\n<div class=\"siteorigin-widget-tinymce textwidget\">\n\t<h4 class=\"alternative-heading\" style=\"margin-top: 0px;\">Einkauf<\/h4>\n<\/div>\n<\/div><\/div><\/div><\/div><div id=\"pg-5057-6\"  class=\"panel-grid panel-no-style\" ><div id=\"pgc-5057-6-0\"  class=\"panel-grid-cell\" ><div id=\"panel-5057-6-0-0\" class=\"so-panel widget widget_sow-editor panel-first-child panel-last-child\" data-index=\"10\" ><div class=\"so-widget-sow-editor so-widget-sow-editor-base\">\n<div class=\"siteorigin-widget-tinymce textwidget\">\n\t<p><img loading=\"lazy\" class=\"alignnone wp-image-5797 size-full\" src=\"https:\/\/astos.cz\/wp-content\/uploads\/2015\/10\/foto-Mraz-1.jpg\" alt=\"\" width=\"262\" height=\"180\"><\/p>\n<h5>Einkaufsleiter<\/h5>\n<p>Jan Mr\u00e1z<br \/>\nTel.: +420 354 401 049<br \/>\nE-mail: <a href=\"mailto:mraz@astos.cz\">mraz(a)astos.cz<\/a><\/p>\n<\/div>\n<\/div><\/div><\/div><div id=\"pgc-5057-6-1\"  class=\"panel-grid-cell\" ><div id=\"panel-5057-6-1-0\" class=\"so-panel widget widget_sow-editor panel-first-child panel-last-child\" data-index=\"11\" ><div class=\"so-widget-sow-editor so-widget-sow-editor-base\">\n<div class=\"siteorigin-widget-tinymce textwidget\">\n\t<p><a href=\"https:\/\/astos.cz\/wp-content\/uploads\/2015\/10\/foto-bez-fotky.jpg\" rel=\"lightbox[5057]\"><img loading=\"lazy\" class=\"alignnone size-full wp-image-5784\" src=\"https:\/\/astos.cz\/wp-content\/uploads\/2015\/10\/foto-bez-fotky.jpg\" alt=\"\" width=\"262\" height=\"180\"><\/a><\/p>\n<h5>Spezialist des Einkaufsabteilung<\/h5>\n<p>Iveta \u0160lingrov\u00e1<br \/>\nTel.: +420 354 401 012<br \/>\nE-mail: <a href=\"mailto:slingrova@astos.cz\">slingrova(a)astos.cz<\/a><\/p>\n<\/div>\n<\/div><\/div><\/div><\/div><\/div>","protected":false},"excerpt":{"rendered":"<p>Gesch\u00e4ftsf\u00fchrung Generaldirektor Ing. Michael Ondraschek E-mail: ondraschek(a)astos.cz Technikvorstand Ing. Martin Val\u00ed\u010dek Tel.: +420 354 401 060 E-mail: valicek(a)astos.cz Vertriebsleiter Jana Panc\u00ed\u0159ov\u00e1 Tel.: +420 354 401 065 E-mail: pancirova(a)astos.cz sales(a)astos.cz<\/p>\n","protected":false},"author":6,"featured_media":5841,"parent":5026,"menu_order":0,"comment_status":"closed","ping_status":"closed","template":"","meta":[],"categories":[],"tags":[],"yoast_head":"<!-- This site is optimized with the Yoast SEO plugin v18.5.1 - https:\/\/yoast.com\/wordpress\/plugins\/seo\/ -->\n<title>Wichtige Kontakte | ASTOS Machinery<\/title>\n<meta name=\"robots\" content=\"index, follow, max-snippet:-1, max-image-preview:large, max-video-preview:-1\" \/>\n<link rel=\"canonical\" href=\"https:\/\/astos.cz\/de\/kontakty\/dulezite-kontakty\/\" \/>\n<meta property=\"og:locale\" content=\"de_DE\" \/>\n<meta property=\"og:type\" content=\"article\" \/>\n<meta property=\"og:title\" content=\"Wichtige Kontakte | ASTOS Machinery\" \/>\n<meta property=\"og:description\" content=\"Gesch\u00e4ftsf\u00fchrung Generaldirektor Ing. Michael Ondraschek E-mail: ondraschek(a)astos.cz Technikvorstand Ing. Martin Val\u00ed\u010dek Tel.: +420 354 401 060 E-mail: valicek(a)astos.cz Vertriebsleiter Jana Panc\u00ed\u0159ov\u00e1 Tel.: +420 354 401 065 E-mail: pancirova(a)astos.cz sales(a)astos.cz\" \/>\n<meta property=\"og:url\" content=\"https:\/\/astos.cz\/de\/kontakty\/dulezite-kontakty\/\" \/>\n<meta property=\"og:site_name\" content=\"ASTOS Machinery\" \/>\n<meta property=\"article:modified_time\" content=\"2025-02-11T14:49:36+00:00\" \/>\n<meta property=\"og:image\" content=\"https:\/\/astos.cz\/wp-content\/uploads\/2015\/10\/nahledovy-obrazek-kontakty-B.jpg\" \/>\n\t<meta property=\"og:image:width\" content=\"262\" \/>\n\t<meta property=\"og:image:height\" content=\"180\" \/>\n\t<meta property=\"og:image:type\" content=\"image\/jpeg\" \/>\n<meta name=\"twitter:card\" content=\"summary\" \/>\n<meta name=\"twitter:label1\" content=\"Gesch\u00e4tzte Lesezeit\" \/>\n\t<meta name=\"twitter:data1\" content=\"3\u00a0Minuten\" \/>\n<script type=\"application\/ld+json\" class=\"yoast-schema-graph\">{\"@context\":\"https:\/\/schema.org\",\"@graph\":[{\"@type\":\"WebSite\",\"@id\":\"https:\/\/astos.cz\/#website\",\"url\":\"https:\/\/astos.cz\/\",\"name\":\"ASTOS Machinery\",\"description\":\"Specialista na dopravn\u00edkov\u00e9 syst\u00e9my a krytov\u00e1n\u00ed stroj\u016f\",\"potentialAction\":[{\"@type\":\"SearchAction\",\"target\":{\"@type\":\"EntryPoint\",\"urlTemplate\":\"https:\/\/astos.cz\/?s={search_term_string}\"},\"query-input\":\"required name=search_term_string\"}],\"inLanguage\":\"de\"},{\"@type\":\"ImageObject\",\"@id\":\"https:\/\/astos.cz\/de\/kontakty\/dulezite-kontakty\/#primaryimage\",\"inLanguage\":\"de\",\"url\":\"https:\/\/astos.cz\/wp-content\/uploads\/2015\/10\/nahledovy-obrazek-kontakty-B.jpg\",\"contentUrl\":\"https:\/\/astos.cz\/wp-content\/uploads\/2015\/10\/nahledovy-obrazek-kontakty-B.jpg\",\"width\":262,\"height\":180},{\"@type\":\"WebPage\",\"@id\":\"https:\/\/astos.cz\/de\/kontakty\/dulezite-kontakty\/#webpage\",\"url\":\"https:\/\/astos.cz\/de\/kontakty\/dulezite-kontakty\/\",\"name\":\"Wichtige Kontakte | ASTOS Machinery\",\"isPartOf\":{\"@id\":\"https:\/\/astos.cz\/#website\"},\"primaryImageOfPage\":{\"@id\":\"https:\/\/astos.cz\/de\/kontakty\/dulezite-kontakty\/#primaryimage\"},\"datePublished\":\"2015-10-14T12:19:56+00:00\",\"dateModified\":\"2025-02-11T14:49:36+00:00\",\"breadcrumb\":{\"@id\":\"https:\/\/astos.cz\/de\/kontakty\/dulezite-kontakty\/#breadcrumb\"},\"inLanguage\":\"de\",\"potentialAction\":[{\"@type\":\"ReadAction\",\"target\":[\"https:\/\/astos.cz\/de\/kontakty\/dulezite-kontakty\/\"]}]},{\"@type\":\"BreadcrumbList\",\"@id\":\"https:\/\/astos.cz\/de\/kontakty\/dulezite-kontakty\/#breadcrumb\",\"itemListElement\":[{\"@type\":\"ListItem\",\"position\":1,\"name\":\"Dom\u016f\",\"item\":\"https:\/\/astos.cz\/de\/\"},{\"@type\":\"ListItem\",\"position\":2,\"name\":\"Kontakty\",\"item\":\"https:\/\/astos.cz\/de\/kontakty\/\"},{\"@type\":\"ListItem\",\"position\":3,\"name\":\"Wichtige Kontakte\"}]}]}<\/script>\n<!-- \/ Yoast SEO plugin. -->","yoast_head_json":{"title":"Wichtige Kontakte | ASTOS Machinery","robots":{"index":"index","follow":"follow","max-snippet":"max-snippet:-1","max-image-preview":"max-image-preview:large","max-video-preview":"max-video-preview:-1"},"canonical":"https:\/\/astos.cz\/de\/kontakty\/dulezite-kontakty\/","og_locale":"de_DE","og_type":"article","og_title":"Wichtige Kontakte | ASTOS Machinery","og_description":"Gesch\u00e4ftsf\u00fchrung Generaldirektor Ing. Michael Ondraschek E-mail: ondraschek(a)astos.cz Technikvorstand Ing. Martin Val\u00ed\u010dek Tel.: +420 354 401 060 E-mail: valicek(a)astos.cz Vertriebsleiter Jana Panc\u00ed\u0159ov\u00e1 Tel.: +420 354 401 065 E-mail: pancirova(a)astos.cz sales(a)astos.cz","og_url":"https:\/\/astos.cz\/de\/kontakty\/dulezite-kontakty\/","og_site_name":"ASTOS Machinery","article_modified_time":"2025-02-11T14:49:36+00:00","og_image":[{"width":262,"height":180,"url":"https:\/\/astos.cz\/wp-content\/uploads\/2015\/10\/nahledovy-obrazek-kontakty-B.jpg","type":"image\/jpeg"}],"twitter_card":"summary","twitter_misc":{"Gesch\u00e4tzte Lesezeit":"3\u00a0Minuten"},"schema":{"@context":"https:\/\/schema.org","@graph":[{"@type":"WebSite","@id":"https:\/\/astos.cz\/#website","url":"https:\/\/astos.cz\/","name":"ASTOS Machinery","description":"Specialista na dopravn\u00edkov\u00e9 syst\u00e9my a krytov\u00e1n\u00ed stroj\u016f","potentialAction":[{"@type":"SearchAction","target":{"@type":"EntryPoint","urlTemplate":"https:\/\/astos.cz\/?s={search_term_string}"},"query-input":"required name=search_term_string"}],"inLanguage":"de"},{"@type":"ImageObject","@id":"https:\/\/astos.cz\/de\/kontakty\/dulezite-kontakty\/#primaryimage","inLanguage":"de","url":"https:\/\/astos.cz\/wp-content\/uploads\/2015\/10\/nahledovy-obrazek-kontakty-B.jpg","contentUrl":"https:\/\/astos.cz\/wp-content\/uploads\/2015\/10\/nahledovy-obrazek-kontakty-B.jpg","width":262,"height":180},{"@type":"WebPage","@id":"https:\/\/astos.cz\/de\/kontakty\/dulezite-kontakty\/#webpage","url":"https:\/\/astos.cz\/de\/kontakty\/dulezite-kontakty\/","name":"Wichtige Kontakte | ASTOS Machinery","isPartOf":{"@id":"https:\/\/astos.cz\/#website"},"primaryImageOfPage":{"@id":"https:\/\/astos.cz\/de\/kontakty\/dulezite-kontakty\/#primaryimage"},"datePublished":"2015-10-14T12:19:56+00:00","dateModified":"2025-02-11T14:49:36+00:00","breadcrumb":{"@id":"https:\/\/astos.cz\/de\/kontakty\/dulezite-kontakty\/#breadcrumb"},"inLanguage":"de","potentialAction":[{"@type":"ReadAction","target":["https:\/\/astos.cz\/de\/kontakty\/dulezite-kontakty\/"]}]},{"@type":"BreadcrumbList","@id":"https:\/\/astos.cz\/de\/kontakty\/dulezite-kontakty\/#breadcrumb","itemListElement":[{"@type":"ListItem","position":1,"name":"Dom\u016f","item":"https:\/\/astos.cz\/de\/"},{"@type":"ListItem","position":2,"name":"Kontakty","item":"https:\/\/astos.cz\/de\/kontakty\/"},{"@type":"ListItem","position":3,"name":"Wichtige Kontakte"}]}]}},"_links":{"self":[{"href":"https:\/\/astos.cz\/de\/wp-json\/wp\/v2\/pages\/5057"}],"collection":[{"href":"https:\/\/astos.cz\/de\/wp-json\/wp\/v2\/pages"}],"about":[{"href":"https:\/\/astos.cz\/de\/wp-json\/wp\/v2\/types\/page"}],"author":[{"embeddable":true,"href":"https:\/\/astos.cz\/de\/wp-json\/wp\/v2\/users\/6"}],"replies":[{"embeddable":true,"href":"https:\/\/astos.cz\/de\/wp-json\/wp\/v2\/comments?post=5057"}],"version-history":[{"count":30,"href":"https:\/\/astos.cz\/de\/wp-json\/wp\/v2\/pages\/5057\/revisions"}],"predecessor-version":[{"id":12643,"href":"https:\/\/astos.cz\/de\/wp-json\/wp\/v2\/pages\/5057\/revisions\/12643"}],"up":[{"embeddable":true,"href":"https:\/\/astos.cz\/de\/wp-json\/wp\/v2\/pages\/5026"}],"wp:featuredmedia":[{"embeddable":true,"href":"https:\/\/astos.cz\/de\/wp-json\/wp\/v2\/media\/5841"}],"wp:attachment":[{"href":"https:\/\/astos.cz\/de\/wp-json\/wp\/v2\/media?parent=5057"}],"wp:term":[{"taxonomy":"category","embeddable":true,"href":"https:\/\/astos.cz\/de\/wp-json\/wp\/v2\/categories?post=5057"},{"taxonomy":"post_tag","embeddable":true,"href":"https:\/\/astos.cz\/de\/wp-json\/wp\/v2\/tags?post=5057"}],"curies":[{"name":"wp","href":"https:\/\/api.w.org\/{rel}","templated":true}]}}