{"id":5014,"date":"2015-10-14T13:17:59","date_gmt":"2015-10-14T12:17:59","guid":{"rendered":"https:\/\/astos.cz\/de\/kariera\/aktualni-nabidka-pracovnich-prilezitosti\/"},"modified":"2025-12-09T13:52:10","modified_gmt":"2025-12-09T12:52:10","slug":"aktualni-nabidka-pracovnich-prilezitosti","status":"publish","type":"page","link":"https:\/\/astos.cz\/de\/kariera\/aktualni-nabidka-pracovnich-prilezitosti\/","title":{"rendered":"Nab\u00eddka pracovn\u00edch p\u0159\u00edle\u017eitost\u00ed"},"content":{"rendered":"<div id=\"pl-5014\"  class=\"panel-layout\" ><div id=\"pg-5014-0\"  class=\"panel-grid panel-no-style\" ><div id=\"pgc-5014-0-0\"  class=\"panel-grid-cell\" ><div id=\"panel-5014-0-0-0\" class=\"so-panel widget widget_sow-editor panel-first-child panel-last-child\" data-index=\"0\" ><div class=\"so-widget-sow-editor so-widget-sow-editor-base\">\n<div class=\"siteorigin-widget-tinymce textwidget\">\n\t<p><strong>Elektromont\u00e9r\/ka<\/strong><\/p>\n<p>P\u0159idejte se k n\u00e1m.<\/p>\n<p><strong>Do na\u0161eho t\u00fdmu hled\u00e1me manu\u00e1ln\u011b zru\u010dn\u00e9ho kolegu na pozici Elektomont\u00e9r\/ka.<\/strong><\/p>\n<p><strong>Co bude n\u00e1pln\u00ed Va\u0161\u00ed pr\u00e1ce:<\/strong><\/p>\n<ul>\n<li>Mont\u00e1\u017e dopravn\u00edk\u016f a filtra\u010dn\u00edch za\u0159\u00edzen\u00ed<\/li>\n<li>Pr\u00e1ce dle technick\u00e9 dokumentace<\/li>\n<li>Spolupr\u00e1ce s v\u00fdrobou a skladem<\/li>\n<li>B\u011b\u017en\u00e9 mechanick\u00e9 pr\u00e1ce ve stroj\u00edrensk\u00e9 v\u00fdrob\u011b<\/li>\n<\/ul>\n<p><strong>\u00a0<\/strong><strong>Co od V\u00e1s o\u010dek\u00e1v\u00e1me:<\/strong><\/p>\n<ul>\n<li>Platnou vyhl\u00e1\u0161ku \u010d. 50\/1978 Sb<\/li>\n<li>Praxe ve stroj\u00edrensk\u00e9m oboru v\u00fdhodou<\/li>\n<li>Orientaci v technick\u00e9 dokumentaci<\/li>\n<li>Manu\u00e1ln\u00ed zru\u010dnost, spolehlivost a pe\u010dlivost<\/li>\n<li>Znalost NJ nebo AJ v\u00fdhodou<\/li>\n<\/ul>\n<\/div>\n<\/div><\/div><\/div><div id=\"pgc-5014-0-1\"  class=\"panel-grid-cell\" ><div id=\"panel-5014-0-1-0\" class=\"so-panel widget widget_sow-image panel-first-child\" data-index=\"1\" ><div class=\"so-widget-sow-image so-widget-sow-image-default-d6014b76747a-5014\">\n\n<div class=\"sow-image-container\">\n\t\t<img src=\"https:\/\/astos.cz\/wp-content\/uploads\/2025\/12\/Elektrikar-300x213.png\" width=\"300\" height=\"213\" srcset=\"https:\/\/astos.cz\/wp-content\/uploads\/2025\/12\/Elektrikar-300x213.png 300w, https:\/\/astos.cz\/wp-content\/uploads\/2025\/12\/Elektrikar-555x393.png 555w, https:\/\/astos.cz\/wp-content\/uploads\/2025\/12\/Elektrikar.png 751w\" sizes=\"(max-width: 300px) 100vw, 300px\" title=\"Elektrik\u00e1\u0159\" alt=\"\" loading=\"lazy\" \t\tclass=\"so-widget-image\"\/>\n\t<\/div>\n\n<\/div><\/div><div id=\"panel-5014-0-1-1\" class=\"so-panel widget widget_sow-editor panel-last-child\" data-index=\"2\" ><div class=\"so-widget-sow-editor so-widget-sow-editor-base\">\n<div class=\"siteorigin-widget-tinymce textwidget\">\n\t<p><strong>Na\u0161e nab\u00eddka:<\/strong><\/p>\n<ul>\n<li>Stabiln\u00ed zam\u011bstn\u00e1n\u00ed na HPP \u2013 pracovn\u00ed smlouva na dobu ur\u010ditou (1 rok), pot\u00e9 mo\u017enost prodlou\u017een\u00ed na dobu neur\u010ditou<\/li>\n<li>Pr\u00e1ce v jednosm\u011bnn\u00e9m provozu<\/li>\n<li>Odpov\u00eddaj\u00edc\u00ed mzdov\u00e9 ohodnocen\u00ed dle zku\u0161enost\u00ed<\/li>\n<li>P\u0159\u00edsp\u011bvek na stravov\u00e1n\u00ed, dopravu a penzijn\u00ed p\u0159ipoji\u0161t\u011bn\u00ed<\/li>\n<li>Zvl\u00e1\u0161tn\u00ed pr\u00e9mie za v\u00fdkon a doch\u00e1zku<\/li>\n<li>P\u0159\u00e1telsk\u00fd kolektiv a z\u00e1zem\u00ed \u010desk\u00e9 stroj\u00edrensk\u00e9 firmy s dlouholetou tradic\u00ed<\/li>\n<\/ul>\n<\/div>\n<\/div><\/div><\/div><\/div><div id=\"pg-5014-1\"  class=\"panel-grid panel-no-style\" ><div id=\"pgc-5014-1-0\"  class=\"panel-grid-cell\" ><div id=\"panel-5014-1-0-0\" class=\"so-panel widget widget_sow-editor panel-first-child panel-last-child\" data-index=\"3\" ><div class=\"so-widget-sow-editor so-widget-sow-editor-base\">\n<div class=\"siteorigin-widget-tinymce textwidget\">\n\t<p><strong>Zaujala V\u00e1s tato pozice? Ozv\u011bte se n\u00e1m \u2013 r\u00e1di se s V\u00e1mi potk\u00e1me osobn\u011b a probereme mo\u017enosti spolupr\u00e1ce.<\/strong><\/p>\n<p class=\"alternative-heading\">V\u00edce informac\u00ed se dozv\u00edte na telefonn\u00edm \u010d\u00edsle\u00a0<a href=\"tel:+420354401065\">354 401 011<\/a>, mobil: <a href=\"tel:+420774407012\">774 407 012<\/a> , e-mail: <a href=\"mailto:vachelova@astos.cz\">vachelova@astos.cz<\/a><\/p>\n<\/div>\n<\/div><\/div><\/div><\/div><div id=\"pg-5014-2\"  class=\"panel-grid panel-no-style\" ><div id=\"pgc-5014-2-0\"  class=\"panel-grid-cell\" ><div id=\"panel-5014-2-0-0\" class=\"so-panel widget widget_sow-editor panel-first-child panel-last-child\" data-index=\"4\" ><div class=\"so-widget-sow-editor so-widget-sow-editor-base\">\n<div class=\"siteorigin-widget-tinymce textwidget\">\n\t<p><strong>Sv\u00e1\u0159e\u010d\u00a0<\/strong><\/p>\n<p>M\u00e1te zku\u0161enosti se sva\u0159ov\u00e1n\u00edm a hled\u00e1te stabiln\u00ed zam\u011bstn\u00e1n\u00ed? P\u0159idejte se k n\u00e1m.<\/p>\n<p><strong>Do na\u0161eho t\u00fdmu hled\u00e1me kolegu \/ kolegyni na pozici Sv\u00e1\u0159e\u010d!<\/strong><\/p>\n<p><strong>Co bude n\u00e1pln\u00ed Va\u0161\u00ed pr\u00e1ce:<\/strong><\/p>\n<ul>\n<li>Sestavov\u00e1n\u00ed sva\u0159enc\u016f dle v\u00fdkresov\u00e9 dokumentace a sva\u0159ov\u00e1n\u00ed<\/li>\n<li>Pr\u00e1ce metodami MIG\/MAG a TIG (dle kvalifikace)<\/li>\n<li>Kontrola kvality sv\u00e1r\u016f a p\u0159\u00edpadn\u00e9 opravy<\/li>\n<li>Pr\u00e1ce se z\u00e1kladn\u00edmi m\u011b\u0159idly a technick\u00fdmi v\u00fdkresy<\/li>\n<li>Spolupr\u00e1ce s v\u00fdrobn\u00edm t\u00fdmem a technick\u00fdm odd\u011blen\u00edm<\/li>\n<\/ul>\n<p><strong>\u00a0<\/strong><strong>Co od V\u00e1s o\u010dek\u00e1v\u00e1me:<\/strong><\/p>\n<ul>\n<li>Platn\u00fd sv\u00e1\u0159e\u010dsk\u00fd pr\u016fkaz v\u00fdhodou<\/li>\n<li>Praxi ve sva\u0159ov\u00e1n\u00ed<\/li>\n<li>Orientaci v technick\u00e9 dokumentaci<\/li>\n<li>Manu\u00e1ln\u00ed zru\u010dnost, samostatnost a zodpov\u011bdn\u00fd p\u0159\u00edstup k pr\u00e1ci<\/li>\n<\/ul>\n<\/div>\n<\/div><\/div><\/div><div id=\"pgc-5014-2-1\"  class=\"panel-grid-cell\" ><div id=\"panel-5014-2-1-0\" class=\"so-panel widget widget_sow-image panel-first-child\" data-index=\"5\" ><div class=\"so-widget-sow-image so-widget-sow-image-default-d6014b76747a-5014\">\n\n<div class=\"sow-image-container\">\n\t\t<img src=\"https:\/\/astos.cz\/wp-content\/uploads\/2025\/08\/Svarec-300x212.png\" width=\"300\" height=\"212\" srcset=\"https:\/\/astos.cz\/wp-content\/uploads\/2025\/08\/Svarec-300x212.png 300w, https:\/\/astos.cz\/wp-content\/uploads\/2025\/08\/Svarec-1024x724.png 1024w, https:\/\/astos.cz\/wp-content\/uploads\/2025\/08\/Svarec-768x543.png 768w, https:\/\/astos.cz\/wp-content\/uploads\/2025\/08\/Svarec-1536x1086.png 1536w, https:\/\/astos.cz\/wp-content\/uploads\/2025\/08\/Svarec-2048x1448.png 2048w, https:\/\/astos.cz\/wp-content\/uploads\/2025\/08\/Svarec-555x392.png 555w\" sizes=\"(max-width: 300px) 100vw, 300px\" title=\"svarec_foto\" alt=\"\" loading=\"lazy\" \t\tclass=\"so-widget-image\"\/>\n\t<\/div>\n\n<\/div><\/div><div id=\"panel-5014-2-1-1\" class=\"so-panel widget widget_sow-editor panel-last-child\" data-index=\"6\" ><div class=\"so-widget-sow-editor so-widget-sow-editor-base\">\n<div class=\"siteorigin-widget-tinymce textwidget\">\n\t<p><strong>Na\u0161e nab\u00eddka:<\/strong><\/p>\n<ul>\n<li>Stabiln\u00ed zam\u011bstn\u00e1n\u00ed na HPP \u2013 pracovn\u00ed smlouva na dobu ur\u010ditou (1 rok), pot\u00e9 mo\u017enost prodlou\u017een\u00ed na dobu neur\u010ditou<\/li>\n<li>Pr\u00e1ce v jednosm\u011bnn\u00e9m provozu<\/li>\n<li>Odpov\u00eddaj\u00edc\u00ed mzdov\u00e9 ohodnocen\u00ed dle zku\u0161enost\u00ed<\/li>\n<li>P\u0159\u00edsp\u011bvek na stravov\u00e1n\u00ed, dopravu a penzijn\u00ed p\u0159ipoji\u0161t\u011bn\u00ed<\/li>\n<li>Zvl\u00e1\u0161tn\u00ed pr\u00e9mie za v\u00fdkon a doch\u00e1zku<\/li>\n<li>P\u0159\u00e1telsk\u00fd kolektiv a z\u00e1zem\u00ed \u010desk\u00e9 stroj\u00edrensk\u00e9 firmy s dlouholetou tradic\u00ed<\/li>\n<\/ul>\n<\/div>\n<\/div><\/div><\/div><\/div><div id=\"pg-5014-3\"  class=\"panel-grid panel-no-style\" ><div id=\"pgc-5014-3-0\"  class=\"panel-grid-cell\" ><div id=\"panel-5014-3-0-0\" class=\"so-panel widget widget_sow-editor panel-first-child panel-last-child\" data-index=\"7\" ><div class=\"so-widget-sow-editor so-widget-sow-editor-base\">\n<div class=\"siteorigin-widget-tinymce textwidget\">\n\t<p><strong>Zaujala V\u00e1s tato pozice? Ozv\u011bte se n\u00e1m \u2013 r\u00e1di se s V\u00e1mi potk\u00e1me osobn\u011b a probereme mo\u017enosti spolupr\u00e1ce.<\/strong><\/p>\n<p class=\"alternative-heading\">V\u00edce informac\u00ed se dozv\u00edte na telefonn\u00edm \u010d\u00edsle\u00a0<a href=\"tel:+420354401065\">354 401 011<\/a>, mobil: <a href=\"tel:+420774407012\">774 407 012<\/a> , e-mail: <a href=\"mailto:vachelova@astos.cz\">vachelova@astos.cz<\/a><\/p>\n<\/div>\n<\/div><\/div><\/div><\/div><\/div>","protected":false},"excerpt":{"rendered":"<p>Aktu\u00e1ln\u00ed nab\u00eddka pracovn\u00edch m\u00edst<\/p>\n","protected":false},"author":6,"featured_media":5763,"parent":5008,"menu_order":0,"comment_status":"closed","ping_status":"closed","template":"","meta":[],"categories":[],"tags":[],"yoast_head":"<!-- This site is optimized with the Yoast SEO plugin v18.5.1 - https:\/\/yoast.com\/wordpress\/plugins\/seo\/ -->\n<title>Nab\u00eddka pracovn\u00edch p\u0159\u00edle\u017eitost\u00ed | ASTOS Machinery<\/title>\n<meta name=\"description\" content=\"Aktu\u00e1ln\u00ed nab\u00eddka pracovn\u00edch m\u00edst. V\u00edce informac\u00ed se dozv\u00edte na telefonn\u00edm \u010d\u00edsle 354 401 044, mobil: 774 407 012, e-mail: karesova@astos.cz\" \/>\n<meta name=\"robots\" content=\"index, follow, max-snippet:-1, max-image-preview:large, max-video-preview:-1\" \/>\n<link rel=\"canonical\" href=\"https:\/\/astos.cz\/de\/kariera\/aktualni-nabidka-pracovnich-prilezitosti\/\" \/>\n<meta property=\"og:locale\" content=\"de_DE\" \/>\n<meta property=\"og:type\" content=\"article\" \/>\n<meta property=\"og:title\" content=\"Nab\u00eddka pracovn\u00edch p\u0159\u00edle\u017eitost\u00ed | ASTOS Machinery\" \/>\n<meta property=\"og:description\" content=\"Aktu\u00e1ln\u00ed nab\u00eddka pracovn\u00edch m\u00edst. V\u00edce informac\u00ed se dozv\u00edte na telefonn\u00edm \u010d\u00edsle 354 401 044, mobil: 774 407 012, e-mail: karesova@astos.cz\" \/>\n<meta property=\"og:url\" content=\"https:\/\/astos.cz\/de\/kariera\/aktualni-nabidka-pracovnich-prilezitosti\/\" \/>\n<meta property=\"og:site_name\" content=\"ASTOS Machinery\" \/>\n<meta property=\"article:modified_time\" content=\"2025-12-09T12:52:10+00:00\" \/>\n<meta property=\"og:image\" content=\"https:\/\/astos.cz\/wp-content\/uploads\/2015\/10\/nahledovy-obrazek-nabidka-prace-2.jpg\" \/>\n\t<meta property=\"og:image:width\" content=\"1140\" \/>\n\t<meta property=\"og:image:height\" content=\"640\" \/>\n\t<meta property=\"og:image:type\" content=\"image\/jpeg\" \/>\n<meta name=\"twitter:card\" content=\"summary\" \/>\n<meta name=\"twitter:label1\" content=\"Gesch\u00e4tzte Lesezeit\" \/>\n\t<meta name=\"twitter:data1\" content=\"2\u00a0Minuten\" \/>\n<script type=\"application\/ld+json\" class=\"yoast-schema-graph\">{\"@context\":\"https:\/\/schema.org\",\"@graph\":[{\"@type\":\"WebSite\",\"@id\":\"https:\/\/astos.cz\/#website\",\"url\":\"https:\/\/astos.cz\/\",\"name\":\"ASTOS Machinery\",\"description\":\"Specialista na dopravn\u00edkov\u00e9 syst\u00e9my a krytov\u00e1n\u00ed stroj\u016f\",\"potentialAction\":[{\"@type\":\"SearchAction\",\"target\":{\"@type\":\"EntryPoint\",\"urlTemplate\":\"https:\/\/astos.cz\/?s={search_term_string}\"},\"query-input\":\"required name=search_term_string\"}],\"inLanguage\":\"de\"},{\"@type\":\"ImageObject\",\"@id\":\"https:\/\/astos.cz\/de\/kariera\/aktualni-nabidka-pracovnich-prilezitosti\/#primaryimage\",\"inLanguage\":\"de\",\"url\":\"https:\/\/astos.cz\/wp-content\/uploads\/2015\/10\/nahledovy-obrazek-nabidka-prace-2.jpg\",\"contentUrl\":\"https:\/\/astos.cz\/wp-content\/uploads\/2015\/10\/nahledovy-obrazek-nabidka-prace-2.jpg\",\"width\":1140,\"height\":640,\"caption\":\"Engineer in front of his team\"},{\"@type\":\"WebPage\",\"@id\":\"https:\/\/astos.cz\/de\/kariera\/aktualni-nabidka-pracovnich-prilezitosti\/#webpage\",\"url\":\"https:\/\/astos.cz\/de\/kariera\/aktualni-nabidka-pracovnich-prilezitosti\/\",\"name\":\"Nab\u00eddka pracovn\u00edch p\u0159\u00edle\u017eitost\u00ed | ASTOS Machinery\",\"isPartOf\":{\"@id\":\"https:\/\/astos.cz\/#website\"},\"primaryImageOfPage\":{\"@id\":\"https:\/\/astos.cz\/de\/kariera\/aktualni-nabidka-pracovnich-prilezitosti\/#primaryimage\"},\"datePublished\":\"2015-10-14T12:17:59+00:00\",\"dateModified\":\"2025-12-09T12:52:10+00:00\",\"description\":\"Aktu\u00e1ln\u00ed nab\u00eddka pracovn\u00edch m\u00edst. V\u00edce informac\u00ed se dozv\u00edte na telefonn\u00edm \u010d\u00edsle 354 401 044, mobil: 774 407 012, e-mail: karesova@astos.cz\",\"breadcrumb\":{\"@id\":\"https:\/\/astos.cz\/de\/kariera\/aktualni-nabidka-pracovnich-prilezitosti\/#breadcrumb\"},\"inLanguage\":\"de\",\"potentialAction\":[{\"@type\":\"ReadAction\",\"target\":[\"https:\/\/astos.cz\/de\/kariera\/aktualni-nabidka-pracovnich-prilezitosti\/\"]}]},{\"@type\":\"BreadcrumbList\",\"@id\":\"https:\/\/astos.cz\/de\/kariera\/aktualni-nabidka-pracovnich-prilezitosti\/#breadcrumb\",\"itemListElement\":[{\"@type\":\"ListItem\",\"position\":1,\"name\":\"Dom\u016f\",\"item\":\"https:\/\/astos.cz\/de\/\"},{\"@type\":\"ListItem\",\"position\":2,\"name\":\"Kari\u00e9ra\",\"item\":\"https:\/\/astos.cz\/de\/kariera\/\"},{\"@type\":\"ListItem\",\"position\":3,\"name\":\"Nab\u00eddka pracovn\u00edch p\u0159\u00edle\u017eitost\u00ed\"}]}]}<\/script>\n<!-- \/ Yoast SEO plugin. -->","yoast_head_json":{"title":"Nab\u00eddka pracovn\u00edch p\u0159\u00edle\u017eitost\u00ed | ASTOS Machinery","description":"Aktu\u00e1ln\u00ed nab\u00eddka pracovn\u00edch m\u00edst. V\u00edce informac\u00ed se dozv\u00edte na telefonn\u00edm \u010d\u00edsle 354 401 044, mobil: 774 407 012, e-mail: karesova@astos.cz","robots":{"index":"index","follow":"follow","max-snippet":"max-snippet:-1","max-image-preview":"max-image-preview:large","max-video-preview":"max-video-preview:-1"},"canonical":"https:\/\/astos.cz\/de\/kariera\/aktualni-nabidka-pracovnich-prilezitosti\/","og_locale":"de_DE","og_type":"article","og_title":"Nab\u00eddka pracovn\u00edch p\u0159\u00edle\u017eitost\u00ed | ASTOS Machinery","og_description":"Aktu\u00e1ln\u00ed nab\u00eddka pracovn\u00edch m\u00edst. V\u00edce informac\u00ed se dozv\u00edte na telefonn\u00edm \u010d\u00edsle 354 401 044, mobil: 774 407 012, e-mail: karesova@astos.cz","og_url":"https:\/\/astos.cz\/de\/kariera\/aktualni-nabidka-pracovnich-prilezitosti\/","og_site_name":"ASTOS Machinery","article_modified_time":"2025-12-09T12:52:10+00:00","og_image":[{"width":1140,"height":640,"url":"https:\/\/astos.cz\/wp-content\/uploads\/2015\/10\/nahledovy-obrazek-nabidka-prace-2.jpg","type":"image\/jpeg"}],"twitter_card":"summary","twitter_misc":{"Gesch\u00e4tzte Lesezeit":"2\u00a0Minuten"},"schema":{"@context":"https:\/\/schema.org","@graph":[{"@type":"WebSite","@id":"https:\/\/astos.cz\/#website","url":"https:\/\/astos.cz\/","name":"ASTOS Machinery","description":"Specialista na dopravn\u00edkov\u00e9 syst\u00e9my a krytov\u00e1n\u00ed stroj\u016f","potentialAction":[{"@type":"SearchAction","target":{"@type":"EntryPoint","urlTemplate":"https:\/\/astos.cz\/?s={search_term_string}"},"query-input":"required name=search_term_string"}],"inLanguage":"de"},{"@type":"ImageObject","@id":"https:\/\/astos.cz\/de\/kariera\/aktualni-nabidka-pracovnich-prilezitosti\/#primaryimage","inLanguage":"de","url":"https:\/\/astos.cz\/wp-content\/uploads\/2015\/10\/nahledovy-obrazek-nabidka-prace-2.jpg","contentUrl":"https:\/\/astos.cz\/wp-content\/uploads\/2015\/10\/nahledovy-obrazek-nabidka-prace-2.jpg","width":1140,"height":640,"caption":"Engineer in front of his team"},{"@type":"WebPage","@id":"https:\/\/astos.cz\/de\/kariera\/aktualni-nabidka-pracovnich-prilezitosti\/#webpage","url":"https:\/\/astos.cz\/de\/kariera\/aktualni-nabidka-pracovnich-prilezitosti\/","name":"Nab\u00eddka pracovn\u00edch p\u0159\u00edle\u017eitost\u00ed | ASTOS Machinery","isPartOf":{"@id":"https:\/\/astos.cz\/#website"},"primaryImageOfPage":{"@id":"https:\/\/astos.cz\/de\/kariera\/aktualni-nabidka-pracovnich-prilezitosti\/#primaryimage"},"datePublished":"2015-10-14T12:17:59+00:00","dateModified":"2025-12-09T12:52:10+00:00","description":"Aktu\u00e1ln\u00ed nab\u00eddka pracovn\u00edch m\u00edst. V\u00edce informac\u00ed se dozv\u00edte na telefonn\u00edm \u010d\u00edsle 354 401 044, mobil: 774 407 012, e-mail: karesova@astos.cz","breadcrumb":{"@id":"https:\/\/astos.cz\/de\/kariera\/aktualni-nabidka-pracovnich-prilezitosti\/#breadcrumb"},"inLanguage":"de","potentialAction":[{"@type":"ReadAction","target":["https:\/\/astos.cz\/de\/kariera\/aktualni-nabidka-pracovnich-prilezitosti\/"]}]},{"@type":"BreadcrumbList","@id":"https:\/\/astos.cz\/de\/kariera\/aktualni-nabidka-pracovnich-prilezitosti\/#breadcrumb","itemListElement":[{"@type":"ListItem","position":1,"name":"Dom\u016f","item":"https:\/\/astos.cz\/de\/"},{"@type":"ListItem","position":2,"name":"Kari\u00e9ra","item":"https:\/\/astos.cz\/de\/kariera\/"},{"@type":"ListItem","position":3,"name":"Nab\u00eddka pracovn\u00edch p\u0159\u00edle\u017eitost\u00ed"}]}]}},"_links":{"self":[{"href":"https:\/\/astos.cz\/de\/wp-json\/wp\/v2\/pages\/5014"}],"collection":[{"href":"https:\/\/astos.cz\/de\/wp-json\/wp\/v2\/pages"}],"about":[{"href":"https:\/\/astos.cz\/de\/wp-json\/wp\/v2\/types\/page"}],"author":[{"embeddable":true,"href":"https:\/\/astos.cz\/de\/wp-json\/wp\/v2\/users\/6"}],"replies":[{"embeddable":true,"href":"https:\/\/astos.cz\/de\/wp-json\/wp\/v2\/comments?post=5014"}],"version-history":[{"count":170,"href":"https:\/\/astos.cz\/de\/wp-json\/wp\/v2\/pages\/5014\/revisions"}],"predecessor-version":[{"id":13599,"href":"https:\/\/astos.cz\/de\/wp-json\/wp\/v2\/pages\/5014\/revisions\/13599"}],"up":[{"embeddable":true,"href":"https:\/\/astos.cz\/de\/wp-json\/wp\/v2\/pages\/5008"}],"wp:featuredmedia":[{"embeddable":true,"href":"https:\/\/astos.cz\/de\/wp-json\/wp\/v2\/media\/5763"}],"wp:attachment":[{"href":"https:\/\/astos.cz\/de\/wp-json\/wp\/v2\/media?parent=5014"}],"wp:term":[{"taxonomy":"category","embeddable":true,"href":"https:\/\/astos.cz\/de\/wp-json\/wp\/v2\/categories?post=5014"},{"taxonomy":"post_tag","embeddable":true,"href":"https:\/\/astos.cz\/de\/wp-json\/wp\/v2\/tags?post=5014"}],"curies":[{"name":"wp","href":"https:\/\/api.w.org\/{rel}","templated":true}]}}