{"id":4963,"date":"2015-10-14T13:16:21","date_gmt":"2015-10-14T12:16:21","guid":{"rendered":"https:\/\/astos.cz\/de\/ke-stazeni\/poptavkove-formulare\/"},"modified":"2022-05-09T09:56:25","modified_gmt":"2022-05-09T08:56:25","slug":"poptavkove-formulare","status":"publish","type":"page","link":"https:\/\/astos.cz\/de\/poptavkove-formulare\/","title":{"rendered":"Anfrageformular"},"content":{"rendered":"<div id=\"pl-4963\"  class=\"panel-layout\" ><div id=\"pg-4963-0\"  class=\"panel-grid panel-no-style\" ><div id=\"pgc-4963-0-0\"  class=\"panel-grid-cell\" ><div id=\"panel-4963-0-0-0\" class=\"so-panel widget widget_black-studio-tinymce widget_black_studio_tinymce panel-first-child\" data-index=\"0\" ><div class=\"panel-widget-style panel-widget-style-for-4963-0-0-0\" ><div class=\"textwidget\"><h4 class=\"alternative-heading\" style=\"margin-top: 0px\">Anfrageformular f\u00fcr&nbsp;Sp\u00e4nenf\u00f6rderer<\/h4>\n<\/div><\/div><\/div><div id=\"panel-4963-0-0-1\" class=\"so-panel widget widget_pt_brochure_box widget-brochure-box\" data-index=\"1\" ><div class=\"dopravnik_class panel-widget-style panel-widget-style-for-4963-0-0-1\" >\t\t\t<a class=\"brochure-box\" href=\"https:\/\/astos.cz\/wp-content\/uploads\/2015\/10\/Forderer-Anfrageformular.xlsx\" >\n\t\t\t\t<i class=\"fa  fa-file-excel-o\"><\/i>\n\t\t\t\t<h5 class=\"brochure-box__text\">Download in XLSX Format<\/h5>\n\t\t\t<\/a>\n\n\t\t\t<\/div><\/div><div id=\"panel-4963-0-0-2\" class=\"so-panel widget widget_pt_brochure_box widget-brochure-box panel-last-child\" data-index=\"2\" ><div class=\"dopravnik_class panel-widget-style panel-widget-style-for-4963-0-0-2\" >\t\t\t<a class=\"brochure-box\" href=\"https:\/\/astos.cz\/wp-content\/uploads\/2015\/10\/Forderer-Anfrageformular.pdf\" >\n\t\t\t\t<i class=\"fa  fa-file-pdf-o\"><\/i>\n\t\t\t\t<h5 class=\"brochure-box__text\">Download in PDF Format<\/h5>\n\t\t\t<\/a>\n\n\t\t\t<\/div><\/div><\/div><div id=\"pgc-4963-0-1\"  class=\"panel-grid-cell\" ><div id=\"panel-4963-0-1-0\" class=\"so-panel widget widget_black-studio-tinymce widget_black_studio_tinymce panel-first-child\" data-index=\"3\" ><div class=\"panel-widget-style panel-widget-style-for-4963-0-1-0\" ><div class=\"textwidget\"><h4 class=\"alternative-heading\" style=\"margin-top: 0px\">Anfrageformular f\u00fcr Schrottf\u00f6rderer zur Pressen<\/h4>\n<\/div><\/div><\/div><div id=\"panel-4963-0-1-1\" class=\"so-panel widget widget_pt_brochure_box widget-brochure-box\" data-index=\"4\" ><div class=\"dopravnik_listy_class panel-widget-style panel-widget-style-for-4963-0-1-1\" >\t\t\t<a class=\"brochure-box\" href=\"https:\/\/astos.cz\/wp-content\/uploads\/2015\/10\/Anfrageformular-Forderer-fur-Pressen.xlsx\" >\n\t\t\t\t<i class=\"fa  fa-file-excel-o\"><\/i>\n\t\t\t\t<h5 class=\"brochure-box__text\">Download in XLSX Format<\/h5>\n\t\t\t<\/a>\n\n\t\t\t<\/div><\/div><div id=\"panel-4963-0-1-2\" class=\"so-panel widget widget_pt_brochure_box widget-brochure-box panel-last-child\" data-index=\"5\" ><div class=\"dopravnik_listy_class panel-widget-style panel-widget-style-for-4963-0-1-2\" >\t\t\t<a class=\"brochure-box\" href=\"https:\/\/astos.cz\/wp-content\/uploads\/2015\/10\/Anfrageformular-Forderer-fur-Pressen.pdf\" >\n\t\t\t\t<i class=\"fa  fa-file-pdf-o\"><\/i>\n\t\t\t\t<h5 class=\"brochure-box__text\">Download in PDF Format<\/h5>\n\t\t\t<\/a>\n\n\t\t\t<\/div><\/div><\/div><div id=\"pgc-4963-0-2\"  class=\"panel-grid-cell\" ><div id=\"panel-4963-0-2-0\" class=\"so-panel widget widget_black-studio-tinymce widget_black_studio_tinymce panel-first-child\" data-index=\"6\" ><div class=\"panel-widget-style panel-widget-style-for-4963-0-2-0\" ><div class=\"textwidget\"><h4 class=\"alternative-heading\" style=\"margin-top: 0px\">Anfrageformular f\u00fcr&nbsp;Filtrationsanlagen<\/h4>\n<\/div><\/div><\/div><div id=\"panel-4963-0-2-1\" class=\"so-panel widget widget_pt_brochure_box widget-brochure-box\" data-index=\"7\" ><div class=\"stanice_class panel-widget-style panel-widget-style-for-4963-0-2-1\" >\t\t\t<a class=\"brochure-box\" href=\"https:\/\/astos.cz\/wp-content\/uploads\/2015\/10\/Anfrageformular-Filtration-FS.xlsx\" >\n\t\t\t\t<i class=\"fa  fa-file-excel-o\"><\/i>\n\t\t\t\t<h5 class=\"brochure-box__text\">Download in XLSX Format<\/h5>\n\t\t\t<\/a>\n\n\t\t\t<\/div><\/div><div id=\"panel-4963-0-2-2\" class=\"so-panel widget widget_pt_brochure_box widget-brochure-box panel-last-child\" data-index=\"8\" ><div class=\"stanice_class panel-widget-style panel-widget-style-for-4963-0-2-2\" >\t\t\t<a class=\"brochure-box\" href=\"https:\/\/astos.cz\/wp-content\/uploads\/2015\/10\/Anfrageformular-Filtration-FS.pdf\" >\n\t\t\t\t<i class=\"fa  fa-file-pdf-o\"><\/i>\n\t\t\t\t<h5 class=\"brochure-box__text\">Download in PDF Format<\/h5>\n\t\t\t<\/a>\n\n\t\t\t<\/div><\/div><\/div><\/div><\/div>","protected":false},"excerpt":{"rendered":"<p>Anfrageformular f\u00fcr&nbsp;Sp\u00e4nenf\u00f6rderer Anfrageformular f\u00fcr Schrottf\u00f6rderer zur Pressen Anfrageformular f\u00fcr&nbsp;Filtrationsanlagen<\/p>\n","protected":false},"author":6,"featured_media":5733,"parent":0,"menu_order":0,"comment_status":"closed","ping_status":"closed","template":"","meta":[],"categories":[],"tags":[],"yoast_head":"<!-- This site is optimized with the Yoast SEO plugin v18.5.1 - https:\/\/yoast.com\/wordpress\/plugins\/seo\/ -->\n<title>Anfrageformular | ASTOS Machinery<\/title>\n<meta name=\"robots\" content=\"index, follow, max-snippet:-1, max-image-preview:large, max-video-preview:-1\" \/>\n<link rel=\"canonical\" href=\"https:\/\/astos.cz\/de\/poptavkove-formulare\/\" \/>\n<meta property=\"og:locale\" content=\"de_DE\" \/>\n<meta property=\"og:type\" content=\"article\" \/>\n<meta property=\"og:title\" content=\"Anfrageformular | ASTOS Machinery\" \/>\n<meta property=\"og:description\" content=\"Anfrageformular f\u00fcr&nbsp;Sp\u00e4nenf\u00f6rderer Anfrageformular f\u00fcr Schrottf\u00f6rderer zur Pressen Anfrageformular f\u00fcr&nbsp;Filtrationsanlagen\" \/>\n<meta property=\"og:url\" content=\"https:\/\/astos.cz\/de\/poptavkove-formulare\/\" \/>\n<meta property=\"og:site_name\" content=\"ASTOS Machinery\" \/>\n<meta property=\"article:modified_time\" content=\"2022-05-09T08:56:25+00:00\" \/>\n<meta property=\"og:image\" content=\"https:\/\/astos.cz\/wp-content\/uploads\/2015\/10\/nahledovy-obrazek-formulare.jpg\" \/>\n\t<meta property=\"og:image:width\" content=\"1140\" \/>\n\t<meta property=\"og:image:height\" content=\"640\" \/>\n\t<meta property=\"og:image:type\" content=\"image\/jpeg\" \/>\n<meta name=\"twitter:card\" content=\"summary\" \/>\n<script type=\"application\/ld+json\" class=\"yoast-schema-graph\">{\"@context\":\"https:\/\/schema.org\",\"@graph\":[{\"@type\":\"WebSite\",\"@id\":\"https:\/\/astos.cz\/#website\",\"url\":\"https:\/\/astos.cz\/\",\"name\":\"ASTOS Machinery\",\"description\":\"Specialista na dopravn\u00edkov\u00e9 syst\u00e9my a krytov\u00e1n\u00ed stroj\u016f\",\"potentialAction\":[{\"@type\":\"SearchAction\",\"target\":{\"@type\":\"EntryPoint\",\"urlTemplate\":\"https:\/\/astos.cz\/?s={search_term_string}\"},\"query-input\":\"required name=search_term_string\"}],\"inLanguage\":\"de\"},{\"@type\":\"ImageObject\",\"@id\":\"https:\/\/astos.cz\/de\/poptavkove-formulare\/#primaryimage\",\"inLanguage\":\"de\",\"url\":\"https:\/\/astos.cz\/wp-content\/uploads\/2015\/10\/nahledovy-obrazek-formulare.jpg\",\"contentUrl\":\"https:\/\/astos.cz\/wp-content\/uploads\/2015\/10\/nahledovy-obrazek-formulare.jpg\",\"width\":1140,\"height\":640,\"caption\":\"A variety of United States tax forms with a pencil\"},{\"@type\":\"WebPage\",\"@id\":\"https:\/\/astos.cz\/de\/poptavkove-formulare\/#webpage\",\"url\":\"https:\/\/astos.cz\/de\/poptavkove-formulare\/\",\"name\":\"Anfrageformular | ASTOS Machinery\",\"isPartOf\":{\"@id\":\"https:\/\/astos.cz\/#website\"},\"primaryImageOfPage\":{\"@id\":\"https:\/\/astos.cz\/de\/poptavkove-formulare\/#primaryimage\"},\"datePublished\":\"2015-10-14T12:16:21+00:00\",\"dateModified\":\"2022-05-09T08:56:25+00:00\",\"breadcrumb\":{\"@id\":\"https:\/\/astos.cz\/de\/poptavkove-formulare\/#breadcrumb\"},\"inLanguage\":\"de\",\"potentialAction\":[{\"@type\":\"ReadAction\",\"target\":[\"https:\/\/astos.cz\/de\/poptavkove-formulare\/\"]}]},{\"@type\":\"BreadcrumbList\",\"@id\":\"https:\/\/astos.cz\/de\/poptavkove-formulare\/#breadcrumb\",\"itemListElement\":[{\"@type\":\"ListItem\",\"position\":1,\"name\":\"Dom\u016f\",\"item\":\"https:\/\/astos.cz\/de\/\"},{\"@type\":\"ListItem\",\"position\":2,\"name\":\"Anfrageformular\"}]}]}<\/script>\n<!-- \/ Yoast SEO plugin. -->","yoast_head_json":{"title":"Anfrageformular | ASTOS Machinery","robots":{"index":"index","follow":"follow","max-snippet":"max-snippet:-1","max-image-preview":"max-image-preview:large","max-video-preview":"max-video-preview:-1"},"canonical":"https:\/\/astos.cz\/de\/poptavkove-formulare\/","og_locale":"de_DE","og_type":"article","og_title":"Anfrageformular | ASTOS Machinery","og_description":"Anfrageformular f\u00fcr&nbsp;Sp\u00e4nenf\u00f6rderer Anfrageformular f\u00fcr Schrottf\u00f6rderer zur Pressen Anfrageformular f\u00fcr&nbsp;Filtrationsanlagen","og_url":"https:\/\/astos.cz\/de\/poptavkove-formulare\/","og_site_name":"ASTOS Machinery","article_modified_time":"2022-05-09T08:56:25+00:00","og_image":[{"width":1140,"height":640,"url":"https:\/\/astos.cz\/wp-content\/uploads\/2015\/10\/nahledovy-obrazek-formulare.jpg","type":"image\/jpeg"}],"twitter_card":"summary","schema":{"@context":"https:\/\/schema.org","@graph":[{"@type":"WebSite","@id":"https:\/\/astos.cz\/#website","url":"https:\/\/astos.cz\/","name":"ASTOS Machinery","description":"Specialista na dopravn\u00edkov\u00e9 syst\u00e9my a krytov\u00e1n\u00ed stroj\u016f","potentialAction":[{"@type":"SearchAction","target":{"@type":"EntryPoint","urlTemplate":"https:\/\/astos.cz\/?s={search_term_string}"},"query-input":"required name=search_term_string"}],"inLanguage":"de"},{"@type":"ImageObject","@id":"https:\/\/astos.cz\/de\/poptavkove-formulare\/#primaryimage","inLanguage":"de","url":"https:\/\/astos.cz\/wp-content\/uploads\/2015\/10\/nahledovy-obrazek-formulare.jpg","contentUrl":"https:\/\/astos.cz\/wp-content\/uploads\/2015\/10\/nahledovy-obrazek-formulare.jpg","width":1140,"height":640,"caption":"A variety of United States tax forms with a pencil"},{"@type":"WebPage","@id":"https:\/\/astos.cz\/de\/poptavkove-formulare\/#webpage","url":"https:\/\/astos.cz\/de\/poptavkove-formulare\/","name":"Anfrageformular | ASTOS Machinery","isPartOf":{"@id":"https:\/\/astos.cz\/#website"},"primaryImageOfPage":{"@id":"https:\/\/astos.cz\/de\/poptavkove-formulare\/#primaryimage"},"datePublished":"2015-10-14T12:16:21+00:00","dateModified":"2022-05-09T08:56:25+00:00","breadcrumb":{"@id":"https:\/\/astos.cz\/de\/poptavkove-formulare\/#breadcrumb"},"inLanguage":"de","potentialAction":[{"@type":"ReadAction","target":["https:\/\/astos.cz\/de\/poptavkove-formulare\/"]}]},{"@type":"BreadcrumbList","@id":"https:\/\/astos.cz\/de\/poptavkove-formulare\/#breadcrumb","itemListElement":[{"@type":"ListItem","position":1,"name":"Dom\u016f","item":"https:\/\/astos.cz\/de\/"},{"@type":"ListItem","position":2,"name":"Anfrageformular"}]}]}},"_links":{"self":[{"href":"https:\/\/astos.cz\/de\/wp-json\/wp\/v2\/pages\/4963"}],"collection":[{"href":"https:\/\/astos.cz\/de\/wp-json\/wp\/v2\/pages"}],"about":[{"href":"https:\/\/astos.cz\/de\/wp-json\/wp\/v2\/types\/page"}],"author":[{"embeddable":true,"href":"https:\/\/astos.cz\/de\/wp-json\/wp\/v2\/users\/6"}],"replies":[{"embeddable":true,"href":"https:\/\/astos.cz\/de\/wp-json\/wp\/v2\/comments?post=4963"}],"version-history":[{"count":10,"href":"https:\/\/astos.cz\/de\/wp-json\/wp\/v2\/pages\/4963\/revisions"}],"predecessor-version":[{"id":9853,"href":"https:\/\/astos.cz\/de\/wp-json\/wp\/v2\/pages\/4963\/revisions\/9853"}],"wp:featuredmedia":[{"embeddable":true,"href":"https:\/\/astos.cz\/de\/wp-json\/wp\/v2\/media\/5733"}],"wp:attachment":[{"href":"https:\/\/astos.cz\/de\/wp-json\/wp\/v2\/media?parent=4963"}],"wp:term":[{"taxonomy":"category","embeddable":true,"href":"https:\/\/astos.cz\/de\/wp-json\/wp\/v2\/categories?post=4963"},{"taxonomy":"post_tag","embeddable":true,"href":"https:\/\/astos.cz\/de\/wp-json\/wp\/v2\/tags?post=4963"}],"curies":[{"name":"wp","href":"https:\/\/api.w.org\/{rel}","templated":true}]}}