{"id":4941,"date":"2015-10-13T14:38:39","date_gmt":"2015-10-13T13:38:39","guid":{"rendered":"https:\/\/astos.cz\/de\/priklady-zakaznickych-reseni\/aplikace-pro-obrabeni\/"},"modified":"2022-05-09T09:37:51","modified_gmt":"2022-05-09T08:37:51","slug":"aplikace-pro-obrabeni","status":"publish","type":"page","link":"https:\/\/astos.cz\/de\/priklady-zakaznickych-reseni\/aplikace-pro-obrabeni\/","title":{"rendered":"Applikationen f\u00fcr Bearbeitung"},"content":{"rendered":"<div id=\"pl-4941\"  class=\"panel-layout\" ><div id=\"pg-4941-0\"  class=\"panel-grid panel-no-style\" ><div id=\"pgc-4941-0-0\"  class=\"panel-grid-cell\" ><div id=\"panel-4941-0-0-0\" class=\"so-panel widget widget_black-studio-tinymce widget_black_studio_tinymce panel-first-child\" data-index=\"0\" ><div class=\"textwidget\"><div id=\"image-map-pro-6661\"><\/div><\/div><\/div><div id=\"panel-4941-0-0-1\" class=\"so-panel widget widget_siteorigin-panels-builder panel-last-child\" data-index=\"1\" ><div id=\"pl-w6278d2d4ba997\"  class=\"panel-layout\" ><div id=\"pg-w6278d2d4ba997-0\"  class=\"panel-grid panel-no-style\" ><div id=\"pgc-w6278d2d4ba997-0-0\"  class=\"panel-grid-cell\" ><div id=\"panel-w6278d2d4ba997-0-0-0\" class=\"so-panel widget widget_black-studio-tinymce widget_black_studio_tinymce panel-first-child panel-last-child\" data-index=\"0\" ><div class=\"textwidget\"><ul>\n<li style=\"list-style: none; background: url(https:\/\/astos.cz\/wp-content\/uploads\/2015\/10\/ico-1-Blue-20px.png) left center no-repeat; padding-left: 2em; margin-left: -1.8em; margin-top: .5em;\">Scharnierbandf\u00f6rderer CDT 063<\/li>\n<li style=\"list-style: none; background: url(https:\/\/astos.cz\/wp-content\/uploads\/2015\/10\/ico-2-Blue-20px.png) left center no-repeat; padding-left: 2em; margin-left: -1.8em; margin-top: .5em;\">Scharnierbandf\u00f6rderer CDT 100<\/li>\n<li style=\"list-style: none; background: url(https:\/\/astos.cz\/wp-content\/uploads\/2015\/10\/ico-3-Blue-20px.png) left center no-repeat; padding-left: 2em; margin-left: -1.8em; margin-top: .5em;\">Die Magnetbandf\u00f6rderer<\/li>\n<li style=\"list-style: none; background: url(https:\/\/astos.cz\/wp-content\/uploads\/2015\/10\/ico-4-Blue-20px.png) left center no-repeat; padding-left: 2em; margin-left: -1.8em; margin-top: .5em;\">Die Kratzbandf\u00f6rderer<\/li>\n<li style=\"list-style: none; background: url(https:\/\/astos.cz\/wp-content\/uploads\/2015\/10\/ico-5-Blue-20px.png) left center no-repeat; padding-left: 2em; margin-left: -1.8em; margin-top: .5em;\">Sp\u00e4nebrecher und Zentrifugen<\/li>\n<\/ul>\n<\/div><\/div><\/div><div id=\"pgc-w6278d2d4ba997-0-1\"  class=\"panel-grid-cell\" ><div id=\"panel-w6278d2d4ba997-0-1-0\" class=\"so-panel widget widget_black-studio-tinymce widget_black_studio_tinymce panel-first-child panel-last-child\" data-index=\"1\" ><div class=\"textwidget\"><ul>\n<li style=\"list-style: none; background: url(https:\/\/astos.cz\/wp-content\/uploads\/2015\/10\/ico-6-Blue-20px.png) left center no-repeat; padding-left: 2em; margin-left: -1.8em; margin-top: .5em;\">Bandfilter<\/li>\n<li style=\"list-style: none; background: url(https:\/\/astos.cz\/wp-content\/uploads\/2015\/10\/ico-7-Blue-20px.png) left center no-repeat; padding-left: 2em; margin-left: -1.8em; margin-top: .5em;\">Maschinenumhausung- Kabinen<\/li>\n<li style=\"list-style: none; background: url(https:\/\/astos.cz\/wp-content\/uploads\/2015\/10\/ico-8-Blue-20px.png) left center no-repeat; padding-left: 2em; margin-left: -1.8em; margin-top: .5em;\">Machineneinhausung<\/li>\n<li style=\"list-style: none; background: url(https:\/\/astos.cz\/wp-content\/uploads\/2015\/10\/ico-9-Blue-20px.png) left center no-repeat; padding-left: 2em; margin-left: -1.8em; margin-top: .5em;\">Maschinenverschalungen<\/li>\n<li style=\"list-style: none; background: url(https:\/\/astos.cz\/wp-content\/uploads\/2015\/10\/ico-10-Blue-20px.png) left center no-repeat; padding-left: 2em; margin-left: -1.8em; margin-top: .5em;\">Sp\u00e4necontainer<\/li>\n<\/ul>\n<\/div><\/div><\/div><\/div><\/div><\/div><\/div><\/div><\/div>","protected":false},"excerpt":{"rendered":"<p>Scharnierbandf\u00f6rderer CDT 063 Scharnierbandf\u00f6rderer CDT 100 Die Magnetbandf\u00f6rderer Die Kratzbandf\u00f6rderer Sp\u00e4nebrecher und Zentrifugen Bandfilter Maschinenumhausung- Kabinen Machineneinhausung Maschinenverschalungen Sp\u00e4necontainer<\/p>\n","protected":false},"author":6,"featured_media":4944,"parent":4934,"menu_order":0,"comment_status":"closed","ping_status":"closed","template":"","meta":[],"categories":[],"tags":[],"yoast_head":"<!-- This site is optimized with the Yoast SEO plugin v18.5.1 - https:\/\/yoast.com\/wordpress\/plugins\/seo\/ -->\n<title>Applikationen f\u00fcr Bearbeitung | ASTOS Machinery<\/title>\n<meta name=\"robots\" content=\"index, follow, max-snippet:-1, max-image-preview:large, max-video-preview:-1\" \/>\n<link rel=\"canonical\" href=\"https:\/\/astos.cz\/de\/priklady-zakaznickych-reseni\/aplikace-pro-obrabeni\/\" \/>\n<meta property=\"og:locale\" content=\"de_DE\" \/>\n<meta property=\"og:type\" content=\"article\" \/>\n<meta property=\"og:title\" content=\"Applikationen f\u00fcr Bearbeitung | ASTOS Machinery\" \/>\n<meta property=\"og:description\" content=\"Scharnierbandf\u00f6rderer CDT 063 Scharnierbandf\u00f6rderer CDT 100 Die Magnetbandf\u00f6rderer Die Kratzbandf\u00f6rderer Sp\u00e4nebrecher und Zentrifugen Bandfilter Maschinenumhausung- Kabinen Machineneinhausung Maschinenverschalungen Sp\u00e4necontainer\" \/>\n<meta property=\"og:url\" content=\"https:\/\/astos.cz\/de\/priklady-zakaznickych-reseni\/aplikace-pro-obrabeni\/\" \/>\n<meta property=\"og:site_name\" content=\"ASTOS Machinery\" \/>\n<meta property=\"article:modified_time\" content=\"2022-05-09T08:37:51+00:00\" \/>\n<meta property=\"og:image\" content=\"https:\/\/astos.cz\/wp-content\/uploads\/2015\/10\/Featured-img-Aplikace-Obrabeni.jpg\" \/>\n\t<meta property=\"og:image:width\" content=\"360\" \/>\n\t<meta property=\"og:image:height\" content=\"240\" \/>\n\t<meta property=\"og:image:type\" content=\"image\/jpeg\" \/>\n<meta name=\"twitter:card\" content=\"summary\" \/>\n<script type=\"application\/ld+json\" class=\"yoast-schema-graph\">{\"@context\":\"https:\/\/schema.org\",\"@graph\":[{\"@type\":\"WebSite\",\"@id\":\"https:\/\/astos.cz\/#website\",\"url\":\"https:\/\/astos.cz\/\",\"name\":\"ASTOS Machinery\",\"description\":\"Specialista na dopravn\u00edkov\u00e9 syst\u00e9my a krytov\u00e1n\u00ed stroj\u016f\",\"potentialAction\":[{\"@type\":\"SearchAction\",\"target\":{\"@type\":\"EntryPoint\",\"urlTemplate\":\"https:\/\/astos.cz\/?s={search_term_string}\"},\"query-input\":\"required name=search_term_string\"}],\"inLanguage\":\"de\"},{\"@type\":\"ImageObject\",\"@id\":\"https:\/\/astos.cz\/de\/priklady-zakaznickych-reseni\/aplikace-pro-obrabeni\/#primaryimage\",\"inLanguage\":\"de\",\"url\":\"https:\/\/astos.cz\/wp-content\/uploads\/2015\/10\/Featured-img-Aplikace-Obrabeni.jpg\",\"contentUrl\":\"https:\/\/astos.cz\/wp-content\/uploads\/2015\/10\/Featured-img-Aplikace-Obrabeni.jpg\",\"width\":360,\"height\":240},{\"@type\":\"WebPage\",\"@id\":\"https:\/\/astos.cz\/de\/priklady-zakaznickych-reseni\/aplikace-pro-obrabeni\/#webpage\",\"url\":\"https:\/\/astos.cz\/de\/priklady-zakaznickych-reseni\/aplikace-pro-obrabeni\/\",\"name\":\"Applikationen f\u00fcr Bearbeitung | ASTOS Machinery\",\"isPartOf\":{\"@id\":\"https:\/\/astos.cz\/#website\"},\"primaryImageOfPage\":{\"@id\":\"https:\/\/astos.cz\/de\/priklady-zakaznickych-reseni\/aplikace-pro-obrabeni\/#primaryimage\"},\"datePublished\":\"2015-10-13T13:38:39+00:00\",\"dateModified\":\"2022-05-09T08:37:51+00:00\",\"breadcrumb\":{\"@id\":\"https:\/\/astos.cz\/de\/priklady-zakaznickych-reseni\/aplikace-pro-obrabeni\/#breadcrumb\"},\"inLanguage\":\"de\",\"potentialAction\":[{\"@type\":\"ReadAction\",\"target\":[\"https:\/\/astos.cz\/de\/priklady-zakaznickych-reseni\/aplikace-pro-obrabeni\/\"]}]},{\"@type\":\"BreadcrumbList\",\"@id\":\"https:\/\/astos.cz\/de\/priklady-zakaznickych-reseni\/aplikace-pro-obrabeni\/#breadcrumb\",\"itemListElement\":[{\"@type\":\"ListItem\",\"position\":1,\"name\":\"Dom\u016f\",\"item\":\"https:\/\/astos.cz\/de\/\"},{\"@type\":\"ListItem\",\"position\":2,\"name\":\"Beispiele der Individuelle Kundenl\u00f6sungen\",\"item\":\"https:\/\/astos.cz\/de\/priklady-zakaznickych-reseni\/\"},{\"@type\":\"ListItem\",\"position\":3,\"name\":\"Applikationen f\u00fcr Bearbeitung\"}]}]}<\/script>\n<!-- \/ Yoast SEO plugin. -->","yoast_head_json":{"title":"Applikationen f\u00fcr Bearbeitung | ASTOS Machinery","robots":{"index":"index","follow":"follow","max-snippet":"max-snippet:-1","max-image-preview":"max-image-preview:large","max-video-preview":"max-video-preview:-1"},"canonical":"https:\/\/astos.cz\/de\/priklady-zakaznickych-reseni\/aplikace-pro-obrabeni\/","og_locale":"de_DE","og_type":"article","og_title":"Applikationen f\u00fcr Bearbeitung | ASTOS Machinery","og_description":"Scharnierbandf\u00f6rderer CDT 063 Scharnierbandf\u00f6rderer CDT 100 Die Magnetbandf\u00f6rderer Die Kratzbandf\u00f6rderer Sp\u00e4nebrecher und Zentrifugen Bandfilter Maschinenumhausung- Kabinen Machineneinhausung Maschinenverschalungen Sp\u00e4necontainer","og_url":"https:\/\/astos.cz\/de\/priklady-zakaznickych-reseni\/aplikace-pro-obrabeni\/","og_site_name":"ASTOS Machinery","article_modified_time":"2022-05-09T08:37:51+00:00","og_image":[{"width":360,"height":240,"url":"https:\/\/astos.cz\/wp-content\/uploads\/2015\/10\/Featured-img-Aplikace-Obrabeni.jpg","type":"image\/jpeg"}],"twitter_card":"summary","schema":{"@context":"https:\/\/schema.org","@graph":[{"@type":"WebSite","@id":"https:\/\/astos.cz\/#website","url":"https:\/\/astos.cz\/","name":"ASTOS Machinery","description":"Specialista na dopravn\u00edkov\u00e9 syst\u00e9my a krytov\u00e1n\u00ed stroj\u016f","potentialAction":[{"@type":"SearchAction","target":{"@type":"EntryPoint","urlTemplate":"https:\/\/astos.cz\/?s={search_term_string}"},"query-input":"required name=search_term_string"}],"inLanguage":"de"},{"@type":"ImageObject","@id":"https:\/\/astos.cz\/de\/priklady-zakaznickych-reseni\/aplikace-pro-obrabeni\/#primaryimage","inLanguage":"de","url":"https:\/\/astos.cz\/wp-content\/uploads\/2015\/10\/Featured-img-Aplikace-Obrabeni.jpg","contentUrl":"https:\/\/astos.cz\/wp-content\/uploads\/2015\/10\/Featured-img-Aplikace-Obrabeni.jpg","width":360,"height":240},{"@type":"WebPage","@id":"https:\/\/astos.cz\/de\/priklady-zakaznickych-reseni\/aplikace-pro-obrabeni\/#webpage","url":"https:\/\/astos.cz\/de\/priklady-zakaznickych-reseni\/aplikace-pro-obrabeni\/","name":"Applikationen f\u00fcr Bearbeitung | ASTOS Machinery","isPartOf":{"@id":"https:\/\/astos.cz\/#website"},"primaryImageOfPage":{"@id":"https:\/\/astos.cz\/de\/priklady-zakaznickych-reseni\/aplikace-pro-obrabeni\/#primaryimage"},"datePublished":"2015-10-13T13:38:39+00:00","dateModified":"2022-05-09T08:37:51+00:00","breadcrumb":{"@id":"https:\/\/astos.cz\/de\/priklady-zakaznickych-reseni\/aplikace-pro-obrabeni\/#breadcrumb"},"inLanguage":"de","potentialAction":[{"@type":"ReadAction","target":["https:\/\/astos.cz\/de\/priklady-zakaznickych-reseni\/aplikace-pro-obrabeni\/"]}]},{"@type":"BreadcrumbList","@id":"https:\/\/astos.cz\/de\/priklady-zakaznickych-reseni\/aplikace-pro-obrabeni\/#breadcrumb","itemListElement":[{"@type":"ListItem","position":1,"name":"Dom\u016f","item":"https:\/\/astos.cz\/de\/"},{"@type":"ListItem","position":2,"name":"Beispiele der Individuelle Kundenl\u00f6sungen","item":"https:\/\/astos.cz\/de\/priklady-zakaznickych-reseni\/"},{"@type":"ListItem","position":3,"name":"Applikationen f\u00fcr Bearbeitung"}]}]}},"_links":{"self":[{"href":"https:\/\/astos.cz\/de\/wp-json\/wp\/v2\/pages\/4941"}],"collection":[{"href":"https:\/\/astos.cz\/de\/wp-json\/wp\/v2\/pages"}],"about":[{"href":"https:\/\/astos.cz\/de\/wp-json\/wp\/v2\/types\/page"}],"author":[{"embeddable":true,"href":"https:\/\/astos.cz\/de\/wp-json\/wp\/v2\/users\/6"}],"replies":[{"embeddable":true,"href":"https:\/\/astos.cz\/de\/wp-json\/wp\/v2\/comments?post=4941"}],"version-history":[{"count":15,"href":"https:\/\/astos.cz\/de\/wp-json\/wp\/v2\/pages\/4941\/revisions"}],"predecessor-version":[{"id":9839,"href":"https:\/\/astos.cz\/de\/wp-json\/wp\/v2\/pages\/4941\/revisions\/9839"}],"up":[{"embeddable":true,"href":"https:\/\/astos.cz\/de\/wp-json\/wp\/v2\/pages\/4934"}],"wp:featuredmedia":[{"embeddable":true,"href":"https:\/\/astos.cz\/de\/wp-json\/wp\/v2\/media\/4944"}],"wp:attachment":[{"href":"https:\/\/astos.cz\/de\/wp-json\/wp\/v2\/media?parent=4941"}],"wp:term":[{"taxonomy":"category","embeddable":true,"href":"https:\/\/astos.cz\/de\/wp-json\/wp\/v2\/categories?post=4941"},{"taxonomy":"post_tag","embeddable":true,"href":"https:\/\/astos.cz\/de\/wp-json\/wp\/v2\/tags?post=4941"}],"curies":[{"name":"wp","href":"https:\/\/api.w.org\/{rel}","templated":true}]}}