{"id":4909,"date":"2015-10-13T14:31:03","date_gmt":"2015-10-13T13:31:03","guid":{"rendered":"https:\/\/astos.cz\/de\/o-nas\/vyvojove-projekty\/"},"modified":"2022-06-15T08:33:42","modified_gmt":"2022-06-15T07:33:42","slug":"vyvojove-projekty","status":"publish","type":"page","link":"https:\/\/astos.cz\/de\/o-nas\/vyvojove-projekty\/","title":{"rendered":"R&#038;D L\u00f6sungen"},"content":{"rendered":"<div id=\"pl-4909\"  class=\"panel-layout\" ><div id=\"pg-4909-0\"  class=\"panel-grid panel-no-style\" ><div id=\"pgc-4909-0-0\"  class=\"panel-grid-cell\" ><div id=\"panel-4909-0-0-0\" class=\"so-panel widget widget_black-studio-tinymce widget_black_studio_tinymce panel-first-child\" data-index=\"0\" ><div class=\"panel-widget-style panel-widget-style-for-4909-0-0-0\" ><div class=\"textwidget\"><p>Bei Maschinenbenutzer ist hoch gesch\u00e4tzt die breite Fachkenntnis der Problematik von Anwendung der F\u00f6rdertechnik und die F\u00e4higkeit, eine effiziente und zuverl\u00e4ssige<br \/>\nL\u00f6sung zu realisieren. Dies st\u00fctzt sich auf der langj\u00e4hrigen Erfahrung und das tiefe Know-how unserer Konstrukteure von ASTOS Machinery und unserer Tochtergesellschaft Machinery Design.<\/p>\n<h4 class=\"alternative-heading\">Erfolgreiche Projekte<\/h4>\n<h5 class=\"sub-heading\">Automatische F\u00f6rderlinie f\u00fcr Toyota Motor Company - Rusland<\/h5>\n<p>ASTOS Machinery wurde im Jahr 2013 in der Europaweit ausgeschriebene Auswahlverfahren als der beste Lieferant der automatischen F\u00f6rderlinie f\u00fcr neuen Presswerk Toyota Motor Company in russischen St. Petersburg gew\u00e4hlt. An dieser Presswerklinie sind alle Teile f\u00fcr Fahrzeugs Karosserie des Modelles Toyota Camry verfertigt.<\/p>\n<\/div><\/div><\/div><div id=\"panel-4909-0-0-1\" class=\"so-panel widget widget_pt_brochure_box widget-brochure-box\" data-index=\"1\" >\t\t\t<a class=\"brochure-box\" href=\"https:\/\/astos.cz\/wp-content\/uploads\/2015\/10\/astos_leaflet_10_2015_de.pdf\" >\n\t\t\t\t<i class=\"fa  fa-file-pdf-o\"><\/i>\n\t\t\t\t<h5 class=\"brochure-box__text\">Astos leaflet 2016<\/h5>\n\t\t\t<\/a>\n\n\t\t\t<\/div><div id=\"panel-4909-0-0-2\" class=\"so-panel widget widget_black-studio-tinymce widget_black_studio_tinymce panel-last-child\" data-index=\"2\" ><div class=\"textwidget\"><h5 class=\"sub-heading\">Filtrationsanlagen f\u00fcr die Automobilindustrie<\/h5>\n<p>Unser langj\u00e4hriger Kunde-Firma aus Auto Motive Industrie t\u00e4tig in mittlere Deutschland, hat uns am Ende des Jahres 2015 Herstellung von zwei F\u00f6rderlinien in Auftrag gegeben. Diese F\u00f6rderlinie f\u00fcr Schrottsortierung von zwei Schuler Pressen (Formungskraft 1600t) besteht aus sieben Scharnierbandf\u00f6rderer und von zwei Schwenkrutschen mit Linearantrieb. F\u00f6rderer von der Breite 600 mm mit der Gliedteilung 100 mm bew\u00e4ltigen eine F\u00f6rdermenge von 7,5 t. Der ganze Prozess der Schrottsortierung ist durch PLC Siemens gesteuert.<\/p>\n<\/div><\/div><\/div><div id=\"pgc-4909-0-1\"  class=\"panel-grid-cell\" ><div id=\"panel-4909-0-1-0\" class=\"so-panel widget widget_black-studio-tinymce widget_black_studio_tinymce panel-first-child\" data-index=\"3\" ><div class=\"textwidget\"><p><a href=\"https:\/\/astos.cz\/wp-content\/uploads\/2015\/10\/toyota-vykres-cele-linky.jpg\" rel=\"lightbox[4909]\"><img class=\"alignnone wp-image-3024\" src=\"https:\/\/astos.cz\/wp-content\/uploads\/2015\/10\/toyota-vykres-cele-linky.jpg\" alt=\"toyota-vykres-cele-linky\" width=\"410\" height=\"504\" style=\"margin-bottom: 0px\" \/><\/a><\/p>\n<p><a href=\"https:\/\/astos.cz\/wp-content\/uploads\/2015\/10\/Toyota_vysypka.jpg\" rel=\"lightbox[4909]\"><img class=\"alignnone wp-image-3006\" src=\"https:\/\/astos.cz\/wp-content\/uploads\/2015\/10\/Toyota_vysypka-1024x575.jpg\" alt=\"Toyota obr\u00e1zek v\u00fdsypka\" width=\"410\" height=\"230\" \/><\/a><\/p>\n<\/div><\/div><div id=\"panel-4909-0-1-1\" class=\"so-panel widget widget_black-studio-tinymce widget_black_studio_tinymce panel-last-child\" data-index=\"4\" ><div class=\"textwidget\"><p><a href=\"https:\/\/astos.cz\/wp-content\/uploads\/2015\/10\/z-dokumentu-astos_leaflet_2016-Ahlen.jpg\" rel=\"lightbox[4909]\"><img class=\"alignnone wp-image-3008\" src=\"https:\/\/astos.cz\/wp-content\/uploads\/2015\/10\/z-dokumentu-astos_leaflet_2016-Ahlen.jpg\" alt=\"Dopravn\u00edkov\u00e1 linka vizualizace\" width=\"410\" height=\"230\" \/><\/a><\/p>\n<\/div><\/div><\/div><\/div><\/div>","protected":false},"excerpt":{"rendered":"<p>Bei Maschinenbenutzer ist hoch gesch\u00e4tzt die breite Fachkenntnis der Problematik von Anwendung <\/p>\n","protected":false},"author":6,"featured_media":4916,"parent":4883,"menu_order":0,"comment_status":"closed","ping_status":"closed","template":"","meta":[],"categories":[],"tags":[],"yoast_head":"<!-- This site is optimized with the Yoast SEO plugin v18.5.1 - https:\/\/yoast.com\/wordpress\/plugins\/seo\/ -->\n<title>R&amp;D L\u00f6sungen | ASTOS Machinery<\/title>\n<meta name=\"robots\" content=\"index, follow, max-snippet:-1, max-image-preview:large, max-video-preview:-1\" \/>\n<link rel=\"canonical\" href=\"https:\/\/astos.cz\/de\/o-nas\/vyvojove-projekty\/\" \/>\n<meta property=\"og:locale\" content=\"de_DE\" \/>\n<meta property=\"og:type\" content=\"article\" \/>\n<meta property=\"og:title\" content=\"R&amp;D L\u00f6sungen | ASTOS Machinery\" \/>\n<meta property=\"og:description\" content=\"Bei Maschinenbenutzer ist hoch gesch\u00e4tzt die breite Fachkenntnis der Problematik von Anwendung\" \/>\n<meta property=\"og:url\" content=\"https:\/\/astos.cz\/de\/o-nas\/vyvojove-projekty\/\" \/>\n<meta property=\"og:site_name\" content=\"ASTOS Machinery\" \/>\n<meta property=\"article:modified_time\" content=\"2022-06-15T07:33:42+00:00\" \/>\n<meta property=\"og:image\" content=\"https:\/\/astos.cz\/wp-content\/uploads\/2015\/10\/Toyota_vysypka.jpg\" \/>\n\t<meta property=\"og:image:width\" content=\"1140\" \/>\n\t<meta property=\"og:image:height\" content=\"640\" \/>\n\t<meta property=\"og:image:type\" content=\"image\/jpeg\" \/>\n<meta name=\"twitter:card\" content=\"summary\" \/>\n<meta name=\"twitter:label1\" content=\"Gesch\u00e4tzte Lesezeit\" \/>\n\t<meta name=\"twitter:data1\" content=\"1\u00a0Minute\" \/>\n<script type=\"application\/ld+json\" class=\"yoast-schema-graph\">{\"@context\":\"https:\/\/schema.org\",\"@graph\":[{\"@type\":\"WebSite\",\"@id\":\"https:\/\/astos.cz\/#website\",\"url\":\"https:\/\/astos.cz\/\",\"name\":\"ASTOS Machinery\",\"description\":\"Specialista na dopravn\u00edkov\u00e9 syst\u00e9my a krytov\u00e1n\u00ed stroj\u016f\",\"potentialAction\":[{\"@type\":\"SearchAction\",\"target\":{\"@type\":\"EntryPoint\",\"urlTemplate\":\"https:\/\/astos.cz\/?s={search_term_string}\"},\"query-input\":\"required name=search_term_string\"}],\"inLanguage\":\"de\"},{\"@type\":\"ImageObject\",\"@id\":\"https:\/\/astos.cz\/de\/o-nas\/vyvojove-projekty\/#primaryimage\",\"inLanguage\":\"de\",\"url\":\"https:\/\/astos.cz\/wp-content\/uploads\/2015\/10\/Toyota_vysypka.jpg\",\"contentUrl\":\"https:\/\/astos.cz\/wp-content\/uploads\/2015\/10\/Toyota_vysypka.jpg\",\"width\":1140,\"height\":640},{\"@type\":\"WebPage\",\"@id\":\"https:\/\/astos.cz\/de\/o-nas\/vyvojove-projekty\/#webpage\",\"url\":\"https:\/\/astos.cz\/de\/o-nas\/vyvojove-projekty\/\",\"name\":\"R&D L\u00f6sungen | ASTOS Machinery\",\"isPartOf\":{\"@id\":\"https:\/\/astos.cz\/#website\"},\"primaryImageOfPage\":{\"@id\":\"https:\/\/astos.cz\/de\/o-nas\/vyvojove-projekty\/#primaryimage\"},\"datePublished\":\"2015-10-13T13:31:03+00:00\",\"dateModified\":\"2022-06-15T07:33:42+00:00\",\"breadcrumb\":{\"@id\":\"https:\/\/astos.cz\/de\/o-nas\/vyvojove-projekty\/#breadcrumb\"},\"inLanguage\":\"de\",\"potentialAction\":[{\"@type\":\"ReadAction\",\"target\":[\"https:\/\/astos.cz\/de\/o-nas\/vyvojove-projekty\/\"]}]},{\"@type\":\"BreadcrumbList\",\"@id\":\"https:\/\/astos.cz\/de\/o-nas\/vyvojove-projekty\/#breadcrumb\",\"itemListElement\":[{\"@type\":\"ListItem\",\"position\":1,\"name\":\"Dom\u016f\",\"item\":\"https:\/\/astos.cz\/de\/\"},{\"@type\":\"ListItem\",\"position\":2,\"name\":\"Firmenprofil\",\"item\":\"https:\/\/astos.cz\/de\/o-nas\/\"},{\"@type\":\"ListItem\",\"position\":3,\"name\":\"R&#038;D L\u00f6sungen\"}]}]}<\/script>\n<!-- \/ Yoast SEO plugin. -->","yoast_head_json":{"title":"R&D L\u00f6sungen | ASTOS Machinery","robots":{"index":"index","follow":"follow","max-snippet":"max-snippet:-1","max-image-preview":"max-image-preview:large","max-video-preview":"max-video-preview:-1"},"canonical":"https:\/\/astos.cz\/de\/o-nas\/vyvojove-projekty\/","og_locale":"de_DE","og_type":"article","og_title":"R&D L\u00f6sungen | ASTOS Machinery","og_description":"Bei Maschinenbenutzer ist hoch gesch\u00e4tzt die breite Fachkenntnis der Problematik von Anwendung","og_url":"https:\/\/astos.cz\/de\/o-nas\/vyvojove-projekty\/","og_site_name":"ASTOS Machinery","article_modified_time":"2022-06-15T07:33:42+00:00","og_image":[{"width":1140,"height":640,"url":"https:\/\/astos.cz\/wp-content\/uploads\/2015\/10\/Toyota_vysypka.jpg","type":"image\/jpeg"}],"twitter_card":"summary","twitter_misc":{"Gesch\u00e4tzte Lesezeit":"1\u00a0Minute"},"schema":{"@context":"https:\/\/schema.org","@graph":[{"@type":"WebSite","@id":"https:\/\/astos.cz\/#website","url":"https:\/\/astos.cz\/","name":"ASTOS Machinery","description":"Specialista na dopravn\u00edkov\u00e9 syst\u00e9my a krytov\u00e1n\u00ed stroj\u016f","potentialAction":[{"@type":"SearchAction","target":{"@type":"EntryPoint","urlTemplate":"https:\/\/astos.cz\/?s={search_term_string}"},"query-input":"required name=search_term_string"}],"inLanguage":"de"},{"@type":"ImageObject","@id":"https:\/\/astos.cz\/de\/o-nas\/vyvojove-projekty\/#primaryimage","inLanguage":"de","url":"https:\/\/astos.cz\/wp-content\/uploads\/2015\/10\/Toyota_vysypka.jpg","contentUrl":"https:\/\/astos.cz\/wp-content\/uploads\/2015\/10\/Toyota_vysypka.jpg","width":1140,"height":640},{"@type":"WebPage","@id":"https:\/\/astos.cz\/de\/o-nas\/vyvojove-projekty\/#webpage","url":"https:\/\/astos.cz\/de\/o-nas\/vyvojove-projekty\/","name":"R&D L\u00f6sungen | ASTOS Machinery","isPartOf":{"@id":"https:\/\/astos.cz\/#website"},"primaryImageOfPage":{"@id":"https:\/\/astos.cz\/de\/o-nas\/vyvojove-projekty\/#primaryimage"},"datePublished":"2015-10-13T13:31:03+00:00","dateModified":"2022-06-15T07:33:42+00:00","breadcrumb":{"@id":"https:\/\/astos.cz\/de\/o-nas\/vyvojove-projekty\/#breadcrumb"},"inLanguage":"de","potentialAction":[{"@type":"ReadAction","target":["https:\/\/astos.cz\/de\/o-nas\/vyvojove-projekty\/"]}]},{"@type":"BreadcrumbList","@id":"https:\/\/astos.cz\/de\/o-nas\/vyvojove-projekty\/#breadcrumb","itemListElement":[{"@type":"ListItem","position":1,"name":"Dom\u016f","item":"https:\/\/astos.cz\/de\/"},{"@type":"ListItem","position":2,"name":"Firmenprofil","item":"https:\/\/astos.cz\/de\/o-nas\/"},{"@type":"ListItem","position":3,"name":"R&#038;D L\u00f6sungen"}]}]}},"_links":{"self":[{"href":"https:\/\/astos.cz\/de\/wp-json\/wp\/v2\/pages\/4909"}],"collection":[{"href":"https:\/\/astos.cz\/de\/wp-json\/wp\/v2\/pages"}],"about":[{"href":"https:\/\/astos.cz\/de\/wp-json\/wp\/v2\/types\/page"}],"author":[{"embeddable":true,"href":"https:\/\/astos.cz\/de\/wp-json\/wp\/v2\/users\/6"}],"replies":[{"embeddable":true,"href":"https:\/\/astos.cz\/de\/wp-json\/wp\/v2\/comments?post=4909"}],"version-history":[{"count":15,"href":"https:\/\/astos.cz\/de\/wp-json\/wp\/v2\/pages\/4909\/revisions"}],"predecessor-version":[{"id":9879,"href":"https:\/\/astos.cz\/de\/wp-json\/wp\/v2\/pages\/4909\/revisions\/9879"}],"up":[{"embeddable":true,"href":"https:\/\/astos.cz\/de\/wp-json\/wp\/v2\/pages\/4883"}],"wp:featuredmedia":[{"embeddable":true,"href":"https:\/\/astos.cz\/de\/wp-json\/wp\/v2\/media\/4916"}],"wp:attachment":[{"href":"https:\/\/astos.cz\/de\/wp-json\/wp\/v2\/media?parent=4909"}],"wp:term":[{"taxonomy":"category","embeddable":true,"href":"https:\/\/astos.cz\/de\/wp-json\/wp\/v2\/categories?post=4909"},{"taxonomy":"post_tag","embeddable":true,"href":"https:\/\/astos.cz\/de\/wp-json\/wp\/v2\/tags?post=4909"}],"curies":[{"name":"wp","href":"https:\/\/api.w.org\/{rel}","templated":true}]}}