{"id":4889,"date":"2015-10-13T14:29:29","date_gmt":"2015-10-13T13:29:29","guid":{"rendered":"https:\/\/astos.cz\/de\/o-nas\/napsali-o-nas\/"},"modified":"2022-06-15T08:25:44","modified_gmt":"2022-06-15T07:25:44","slug":"napsali-o-nas","status":"publish","type":"page","link":"https:\/\/astos.cz\/de\/o-nas\/napsali-o-nas\/","title":{"rendered":"Pressemitteilungen"},"content":{"rendered":"<div id=\"pl-4889\"  class=\"panel-layout\" ><div id=\"pg-4889-0\"  class=\"panel-grid panel-no-style\" ><div id=\"pgc-4889-0-0\"  class=\"panel-grid-cell\" ><div id=\"panel-4889-0-0-0\" class=\"so-panel widget widget_black-studio-tinymce widget_black_studio_tinymce panel-first-child\" data-index=\"0\" ><div class=\"panel-widget-style panel-widget-style-for-4889-0-0-0\" ><div class=\"textwidget\"><p>In 25 Jahre der Existenz  haben wir \u00fcber 3500 zufriedene Kunden erworben. Zwischen denen sind nicht nur gro\u00dfe und bedeutende Konzerne, aber auch mittlere und kleine Unternehmen. Gerade diese Diversit\u00e4t verlangt von unseren technischen Experten die F\u00e4higkeit an Anforderungen von unterschiedlicher Kompliziertheit  zu reagieren.   Wir kommen den Bed\u00fcrfnissen unseren Kunden entgegen und keine Aufgabe ist f\u00fcr uns unaufl\u00f6sbar.<\/p>\n<h4 class=\"alternative-heading\">Presseberichte:<\/h4>\n<\/div><\/div><\/div><div id=\"panel-4889-0-0-1\" class=\"so-panel widget widget_siteorigin-panels-builder panel-last-child\" data-index=\"1\" ><div id=\"pl-w62a9896d0c2a0\"  class=\"panel-layout\" ><div id=\"pg-w62a9896d0c2a0-0\"  class=\"panel-grid panel-no-style\" ><div id=\"pgc-w62a9896d0c2a0-0-0\"  class=\"panel-grid-cell\" ><div id=\"panel-w62a9896d0c2a0-0-0-0\" class=\"so-panel widget widget_black-studio-tinymce widget_black_studio_tinymce panel-first-child panel-last-child\" data-index=\"0\" ><div class=\"textwidget\"><p><a href=\"https:\/\/astos.cz\/wp-content\/uploads\/2015\/10\/Industry-Europe-nahledovy-obrazek.jpg\" rel=\"lightbox[4889]\"><img class=\"alignleft wp-image-5468 size-full\" src=\"https:\/\/astos.cz\/wp-content\/uploads\/2015\/10\/Industry-Europe-nahledovy-obrazek.jpg\" alt=\"\" width=\"410\" height=\"350\" \/><\/a><\/p>\n<h5>INDUSTRY EUROPE<\/h5>\n<p><a href=\"https:\/\/astos.cz\/wp-content\/uploads\/2015\/10\/Industry-Europe-Speciman.pdf\"rel=\"\">Zum Downloaden in PDF<\/a><\/p>\n<\/div><\/div><\/div><div id=\"pgc-w62a9896d0c2a0-0-1\"  class=\"panel-grid-cell panel-grid-cell-empty panel-grid-cell-mobile-last\" ><\/div><div id=\"pgc-w62a9896d0c2a0-0-2\"  class=\"panel-grid-cell panel-grid-cell-empty\" ><\/div><\/div><\/div><\/div><\/div><\/div><\/div>","protected":false},"excerpt":{"rendered":"<p>In 25 Jahre der Existenz  haben wir \u00fcber 3500 zufriedene Kunden erworben<\/p>\n","protected":false},"author":6,"featured_media":4891,"parent":4883,"menu_order":0,"comment_status":"closed","ping_status":"closed","template":"","meta":[],"categories":[],"tags":[],"yoast_head":"<!-- This site is optimized with the Yoast SEO plugin v18.5.1 - https:\/\/yoast.com\/wordpress\/plugins\/seo\/ -->\n<title>Pressemitteilungen | ASTOS Machinery<\/title>\n<meta name=\"robots\" content=\"index, follow, max-snippet:-1, max-image-preview:large, max-video-preview:-1\" \/>\n<link rel=\"canonical\" href=\"https:\/\/astos.cz\/de\/o-nas\/napsali-o-nas\/\" \/>\n<meta property=\"og:locale\" content=\"de_DE\" \/>\n<meta property=\"og:type\" content=\"article\" \/>\n<meta property=\"og:title\" content=\"Pressemitteilungen | ASTOS Machinery\" \/>\n<meta property=\"og:description\" content=\"In 25 Jahre der Existenz haben wir \u00fcber 3500 zufriedene Kunden erworben\" \/>\n<meta property=\"og:url\" content=\"https:\/\/astos.cz\/de\/o-nas\/napsali-o-nas\/\" \/>\n<meta property=\"og:site_name\" content=\"ASTOS Machinery\" \/>\n<meta property=\"article:modified_time\" content=\"2022-06-15T07:25:44+00:00\" \/>\n<meta property=\"og:image\" content=\"https:\/\/astos.cz\/wp-content\/uploads\/2015\/10\/nahledovy-obrazek.jpg\" \/>\n\t<meta property=\"og:image:width\" content=\"700\" \/>\n\t<meta property=\"og:image:height\" content=\"450\" \/>\n\t<meta property=\"og:image:type\" content=\"image\/jpeg\" \/>\n<meta name=\"twitter:card\" content=\"summary\" \/>\n<script type=\"application\/ld+json\" class=\"yoast-schema-graph\">{\"@context\":\"https:\/\/schema.org\",\"@graph\":[{\"@type\":\"WebSite\",\"@id\":\"https:\/\/astos.cz\/#website\",\"url\":\"https:\/\/astos.cz\/\",\"name\":\"ASTOS Machinery\",\"description\":\"Specialista na dopravn\u00edkov\u00e9 syst\u00e9my a krytov\u00e1n\u00ed stroj\u016f\",\"potentialAction\":[{\"@type\":\"SearchAction\",\"target\":{\"@type\":\"EntryPoint\",\"urlTemplate\":\"https:\/\/astos.cz\/?s={search_term_string}\"},\"query-input\":\"required name=search_term_string\"}],\"inLanguage\":\"de\"},{\"@type\":\"ImageObject\",\"@id\":\"https:\/\/astos.cz\/de\/o-nas\/napsali-o-nas\/#primaryimage\",\"inLanguage\":\"de\",\"url\":\"https:\/\/astos.cz\/wp-content\/uploads\/2015\/10\/nahledovy-obrazek.jpg\",\"contentUrl\":\"https:\/\/astos.cz\/wp-content\/uploads\/2015\/10\/nahledovy-obrazek.jpg\",\"width\":700,\"height\":450},{\"@type\":\"WebPage\",\"@id\":\"https:\/\/astos.cz\/de\/o-nas\/napsali-o-nas\/#webpage\",\"url\":\"https:\/\/astos.cz\/de\/o-nas\/napsali-o-nas\/\",\"name\":\"Pressemitteilungen | ASTOS Machinery\",\"isPartOf\":{\"@id\":\"https:\/\/astos.cz\/#website\"},\"primaryImageOfPage\":{\"@id\":\"https:\/\/astos.cz\/de\/o-nas\/napsali-o-nas\/#primaryimage\"},\"datePublished\":\"2015-10-13T13:29:29+00:00\",\"dateModified\":\"2022-06-15T07:25:44+00:00\",\"breadcrumb\":{\"@id\":\"https:\/\/astos.cz\/de\/o-nas\/napsali-o-nas\/#breadcrumb\"},\"inLanguage\":\"de\",\"potentialAction\":[{\"@type\":\"ReadAction\",\"target\":[\"https:\/\/astos.cz\/de\/o-nas\/napsali-o-nas\/\"]}]},{\"@type\":\"BreadcrumbList\",\"@id\":\"https:\/\/astos.cz\/de\/o-nas\/napsali-o-nas\/#breadcrumb\",\"itemListElement\":[{\"@type\":\"ListItem\",\"position\":1,\"name\":\"Dom\u016f\",\"item\":\"https:\/\/astos.cz\/de\/\"},{\"@type\":\"ListItem\",\"position\":2,\"name\":\"Firmenprofil\",\"item\":\"https:\/\/astos.cz\/de\/o-nas\/\"},{\"@type\":\"ListItem\",\"position\":3,\"name\":\"Pressemitteilungen\"}]}]}<\/script>\n<!-- \/ Yoast SEO plugin. -->","yoast_head_json":{"title":"Pressemitteilungen | ASTOS Machinery","robots":{"index":"index","follow":"follow","max-snippet":"max-snippet:-1","max-image-preview":"max-image-preview:large","max-video-preview":"max-video-preview:-1"},"canonical":"https:\/\/astos.cz\/de\/o-nas\/napsali-o-nas\/","og_locale":"de_DE","og_type":"article","og_title":"Pressemitteilungen | ASTOS Machinery","og_description":"In 25 Jahre der Existenz haben wir \u00fcber 3500 zufriedene Kunden erworben","og_url":"https:\/\/astos.cz\/de\/o-nas\/napsali-o-nas\/","og_site_name":"ASTOS Machinery","article_modified_time":"2022-06-15T07:25:44+00:00","og_image":[{"width":700,"height":450,"url":"https:\/\/astos.cz\/wp-content\/uploads\/2015\/10\/nahledovy-obrazek.jpg","type":"image\/jpeg"}],"twitter_card":"summary","schema":{"@context":"https:\/\/schema.org","@graph":[{"@type":"WebSite","@id":"https:\/\/astos.cz\/#website","url":"https:\/\/astos.cz\/","name":"ASTOS Machinery","description":"Specialista na dopravn\u00edkov\u00e9 syst\u00e9my a krytov\u00e1n\u00ed stroj\u016f","potentialAction":[{"@type":"SearchAction","target":{"@type":"EntryPoint","urlTemplate":"https:\/\/astos.cz\/?s={search_term_string}"},"query-input":"required name=search_term_string"}],"inLanguage":"de"},{"@type":"ImageObject","@id":"https:\/\/astos.cz\/de\/o-nas\/napsali-o-nas\/#primaryimage","inLanguage":"de","url":"https:\/\/astos.cz\/wp-content\/uploads\/2015\/10\/nahledovy-obrazek.jpg","contentUrl":"https:\/\/astos.cz\/wp-content\/uploads\/2015\/10\/nahledovy-obrazek.jpg","width":700,"height":450},{"@type":"WebPage","@id":"https:\/\/astos.cz\/de\/o-nas\/napsali-o-nas\/#webpage","url":"https:\/\/astos.cz\/de\/o-nas\/napsali-o-nas\/","name":"Pressemitteilungen | ASTOS Machinery","isPartOf":{"@id":"https:\/\/astos.cz\/#website"},"primaryImageOfPage":{"@id":"https:\/\/astos.cz\/de\/o-nas\/napsali-o-nas\/#primaryimage"},"datePublished":"2015-10-13T13:29:29+00:00","dateModified":"2022-06-15T07:25:44+00:00","breadcrumb":{"@id":"https:\/\/astos.cz\/de\/o-nas\/napsali-o-nas\/#breadcrumb"},"inLanguage":"de","potentialAction":[{"@type":"ReadAction","target":["https:\/\/astos.cz\/de\/o-nas\/napsali-o-nas\/"]}]},{"@type":"BreadcrumbList","@id":"https:\/\/astos.cz\/de\/o-nas\/napsali-o-nas\/#breadcrumb","itemListElement":[{"@type":"ListItem","position":1,"name":"Dom\u016f","item":"https:\/\/astos.cz\/de\/"},{"@type":"ListItem","position":2,"name":"Firmenprofil","item":"https:\/\/astos.cz\/de\/o-nas\/"},{"@type":"ListItem","position":3,"name":"Pressemitteilungen"}]}]}},"_links":{"self":[{"href":"https:\/\/astos.cz\/de\/wp-json\/wp\/v2\/pages\/4889"}],"collection":[{"href":"https:\/\/astos.cz\/de\/wp-json\/wp\/v2\/pages"}],"about":[{"href":"https:\/\/astos.cz\/de\/wp-json\/wp\/v2\/types\/page"}],"author":[{"embeddable":true,"href":"https:\/\/astos.cz\/de\/wp-json\/wp\/v2\/users\/6"}],"replies":[{"embeddable":true,"href":"https:\/\/astos.cz\/de\/wp-json\/wp\/v2\/comments?post=4889"}],"version-history":[{"count":12,"href":"https:\/\/astos.cz\/de\/wp-json\/wp\/v2\/pages\/4889\/revisions"}],"predecessor-version":[{"id":9875,"href":"https:\/\/astos.cz\/de\/wp-json\/wp\/v2\/pages\/4889\/revisions\/9875"}],"up":[{"embeddable":true,"href":"https:\/\/astos.cz\/de\/wp-json\/wp\/v2\/pages\/4883"}],"wp:featuredmedia":[{"embeddable":true,"href":"https:\/\/astos.cz\/de\/wp-json\/wp\/v2\/media\/4891"}],"wp:attachment":[{"href":"https:\/\/astos.cz\/de\/wp-json\/wp\/v2\/media?parent=4889"}],"wp:term":[{"taxonomy":"category","embeddable":true,"href":"https:\/\/astos.cz\/de\/wp-json\/wp\/v2\/categories?post=4889"},{"taxonomy":"post_tag","embeddable":true,"href":"https:\/\/astos.cz\/de\/wp-json\/wp\/v2\/tags?post=4889"}],"curies":[{"name":"wp","href":"https:\/\/api.w.org\/{rel}","templated":true}]}}