{"id":4874,"date":"2016-03-04T11:14:14","date_gmt":"2016-03-04T10:14:14","guid":{"rendered":"https:\/\/astos.cz\/de\/nase-vyrobky\/doplnkovy-program\/kt-kontejnery\/"},"modified":"2022-05-09T07:40:29","modified_gmt":"2022-05-09T06:40:29","slug":"kt-kontejnery","status":"publish","type":"page","link":"https:\/\/astos.cz\/de\/nase-vyrobky\/doplnkovy-program\/kt-kontejnery\/","title":{"rendered":"KT &#8211; Sp\u00e4nebeh\u00e4lter"},"content":{"rendered":"<div id=\"pl-4874\"  class=\"panel-layout\" ><div id=\"pg-4874-0\"  class=\"panel-grid panel-no-style\" ><div id=\"pgc-4874-0-0\"  class=\"panel-grid-cell\" ><div id=\"panel-4874-0-0-0\" class=\"so-panel widget widget_black-studio-tinymce widget_black_studio_tinymce panel-first-child panel-last-child\" data-index=\"0\" ><div class=\"textwidget\"><h3 style=\"margin-top: 0px\">Sp\u00e4necontainer<\/h3>\n<p>Die Sp\u00e4necontainer geh\u00f6ren zum Zusatzprogram von ASTOS Machinery. Sie sind f\u00fcr die Anwendung bei Bearbeitungsmaschinen geeignet oder dort, wo die Sp\u00e4newirtschaft nicht zentral gel\u00f6st wird.<\/p>\n<p>Kippcontainer k\u00f6nnen auch f\u00fcr andere Materialien wie Glas, Schlacke u.\u00e4. verwendet werden. Wir stellen Sp\u00e4necontainer mit einfachem Boden her, bei Anforderung an die Trennung der festen Teile von der Restfl\u00fcssigkeit k\u00f6nnen wir Sp\u00e4necontainer mit Doppelboden liefern, der mit Sieben und mit Auslasshahn ausgestattet ist. Alle Typen der Sp\u00e4necontainer sind mit Polyamid Rollen \u2300 100 mm (H =150 mm) oder \u2300 160 mm ( H =216 mm) ausstattet  und f\u00fcr Staplerbetrieb bestimmt.<\/p>\n<\/div><\/div><\/div><div id=\"pgc-4874-0-1\"  class=\"panel-grid-cell\" ><div id=\"panel-4874-0-1-0\" class=\"so-panel widget widget_black-studio-tinymce widget_black_studio_tinymce panel-first-child panel-last-child\" data-index=\"1\" ><div class=\"textwidget\"><p><a href=\"https:\/\/astos.cz\/wp-content\/uploads\/2016\/03\/obrazek-kontejneru-Astos.jpg\"  rel=\"lightbox[4874] attachment wp-att-3529\"><img class=\"alignnone wp-image-3529\" src=\"https:\/\/astos.cz\/wp-content\/uploads\/2016\/03\/obrazek-kontejneru-Astos.jpg\" alt=\"obrazek-kontejneru-Astos\" width=\"410\" height=\"264\" \/><\/a> <a href=\"https:\/\/astos.cz\/wp-content\/uploads\/2016\/03\/KT-schema.jpg\"  rel=\"lightbox[4874] attachment wp-att-3406\"><img class=\"alignnone size-full wp-image-3406\" src=\"https:\/\/astos.cz\/wp-content\/uploads\/2016\/03\/KT-schema.jpg\" alt=\"KT-schema\" width=\"700\" height=\"450\" \/><\/a><\/p>\n<\/div><\/div><\/div><\/div><\/div>","protected":false},"excerpt":{"rendered":"<p>Die Sp\u00e4necontainer geh\u00f6ren zum Zusatzprogram von ASTOS Machinery. Sie sind f\u00fcr die Anwendung <\/p>\n","protected":false},"author":6,"featured_media":6800,"parent":4843,"menu_order":0,"comment_status":"closed","ping_status":"closed","template":"","meta":[],"categories":[102],"tags":[],"yoast_head":"<!-- This site is optimized with the Yoast SEO plugin v18.5.1 - https:\/\/yoast.com\/wordpress\/plugins\/seo\/ -->\n<title>KT - Sp\u00e4nebeh\u00e4lter | ASTOS Machinery<\/title>\n<meta name=\"robots\" content=\"index, follow, max-snippet:-1, max-image-preview:large, max-video-preview:-1\" \/>\n<link rel=\"canonical\" href=\"https:\/\/astos.cz\/de\/nase-vyrobky\/doplnkovy-program\/kt-kontejnery\/\" \/>\n<meta property=\"og:locale\" content=\"de_DE\" \/>\n<meta property=\"og:type\" content=\"article\" \/>\n<meta property=\"og:title\" content=\"KT - Sp\u00e4nebeh\u00e4lter | ASTOS Machinery\" \/>\n<meta property=\"og:description\" content=\"Die Sp\u00e4necontainer geh\u00f6ren zum Zusatzprogram von ASTOS Machinery. Sie sind f\u00fcr die Anwendung\" \/>\n<meta property=\"og:url\" content=\"https:\/\/astos.cz\/de\/nase-vyrobky\/doplnkovy-program\/kt-kontejnery\/\" \/>\n<meta property=\"og:site_name\" content=\"ASTOS Machinery\" \/>\n<meta property=\"article:modified_time\" content=\"2022-05-09T06:40:29+00:00\" \/>\n<meta property=\"og:image\" content=\"https:\/\/astos.cz\/wp-content\/uploads\/2016\/03\/KT-Kontejnery_01.jpg\" \/>\n\t<meta property=\"og:image:width\" content=\"670\" \/>\n\t<meta property=\"og:image:height\" content=\"530\" \/>\n\t<meta property=\"og:image:type\" content=\"image\/jpeg\" \/>\n<meta name=\"twitter:card\" content=\"summary\" \/>\n<meta name=\"twitter:label1\" content=\"Gesch\u00e4tzte Lesezeit\" \/>\n\t<meta name=\"twitter:data1\" content=\"1\u00a0Minute\" \/>\n<script type=\"application\/ld+json\" class=\"yoast-schema-graph\">{\"@context\":\"https:\/\/schema.org\",\"@graph\":[{\"@type\":\"WebSite\",\"@id\":\"https:\/\/astos.cz\/#website\",\"url\":\"https:\/\/astos.cz\/\",\"name\":\"ASTOS Machinery\",\"description\":\"Specialista na dopravn\u00edkov\u00e9 syst\u00e9my a krytov\u00e1n\u00ed stroj\u016f\",\"potentialAction\":[{\"@type\":\"SearchAction\",\"target\":{\"@type\":\"EntryPoint\",\"urlTemplate\":\"https:\/\/astos.cz\/?s={search_term_string}\"},\"query-input\":\"required name=search_term_string\"}],\"inLanguage\":\"de\"},{\"@type\":\"ImageObject\",\"@id\":\"https:\/\/astos.cz\/de\/nase-vyrobky\/doplnkovy-program\/kt-kontejnery\/#primaryimage\",\"inLanguage\":\"de\",\"url\":\"https:\/\/astos.cz\/wp-content\/uploads\/2016\/03\/KT-Kontejnery_01.jpg\",\"contentUrl\":\"https:\/\/astos.cz\/wp-content\/uploads\/2016\/03\/KT-Kontejnery_01.jpg\",\"width\":670,\"height\":530},{\"@type\":\"WebPage\",\"@id\":\"https:\/\/astos.cz\/de\/nase-vyrobky\/doplnkovy-program\/kt-kontejnery\/#webpage\",\"url\":\"https:\/\/astos.cz\/de\/nase-vyrobky\/doplnkovy-program\/kt-kontejnery\/\",\"name\":\"KT - Sp\u00e4nebeh\u00e4lter | ASTOS Machinery\",\"isPartOf\":{\"@id\":\"https:\/\/astos.cz\/#website\"},\"primaryImageOfPage\":{\"@id\":\"https:\/\/astos.cz\/de\/nase-vyrobky\/doplnkovy-program\/kt-kontejnery\/#primaryimage\"},\"datePublished\":\"2016-03-04T10:14:14+00:00\",\"dateModified\":\"2022-05-09T06:40:29+00:00\",\"breadcrumb\":{\"@id\":\"https:\/\/astos.cz\/de\/nase-vyrobky\/doplnkovy-program\/kt-kontejnery\/#breadcrumb\"},\"inLanguage\":\"de\",\"potentialAction\":[{\"@type\":\"ReadAction\",\"target\":[\"https:\/\/astos.cz\/de\/nase-vyrobky\/doplnkovy-program\/kt-kontejnery\/\"]}]},{\"@type\":\"BreadcrumbList\",\"@id\":\"https:\/\/astos.cz\/de\/nase-vyrobky\/doplnkovy-program\/kt-kontejnery\/#breadcrumb\",\"itemListElement\":[{\"@type\":\"ListItem\",\"position\":1,\"name\":\"Dom\u016f\",\"item\":\"https:\/\/astos.cz\/de\/\"},{\"@type\":\"ListItem\",\"position\":2,\"name\":\"Produkte\",\"item\":\"https:\/\/astos.cz\/de\/nase-vyrobky\/\"},{\"@type\":\"ListItem\",\"position\":3,\"name\":\"Zusatzprogramm\",\"item\":\"https:\/\/astos.cz\/de\/nase-vyrobky\/doplnkovy-program\/\"},{\"@type\":\"ListItem\",\"position\":4,\"name\":\"KT &#8211; Sp\u00e4nebeh\u00e4lter\"}]}]}<\/script>\n<!-- \/ Yoast SEO plugin. -->","yoast_head_json":{"title":"KT - Sp\u00e4nebeh\u00e4lter | ASTOS Machinery","robots":{"index":"index","follow":"follow","max-snippet":"max-snippet:-1","max-image-preview":"max-image-preview:large","max-video-preview":"max-video-preview:-1"},"canonical":"https:\/\/astos.cz\/de\/nase-vyrobky\/doplnkovy-program\/kt-kontejnery\/","og_locale":"de_DE","og_type":"article","og_title":"KT - Sp\u00e4nebeh\u00e4lter | ASTOS Machinery","og_description":"Die Sp\u00e4necontainer geh\u00f6ren zum Zusatzprogram von ASTOS Machinery. Sie sind f\u00fcr die Anwendung","og_url":"https:\/\/astos.cz\/de\/nase-vyrobky\/doplnkovy-program\/kt-kontejnery\/","og_site_name":"ASTOS Machinery","article_modified_time":"2022-05-09T06:40:29+00:00","og_image":[{"width":670,"height":530,"url":"https:\/\/astos.cz\/wp-content\/uploads\/2016\/03\/KT-Kontejnery_01.jpg","type":"image\/jpeg"}],"twitter_card":"summary","twitter_misc":{"Gesch\u00e4tzte Lesezeit":"1\u00a0Minute"},"schema":{"@context":"https:\/\/schema.org","@graph":[{"@type":"WebSite","@id":"https:\/\/astos.cz\/#website","url":"https:\/\/astos.cz\/","name":"ASTOS Machinery","description":"Specialista na dopravn\u00edkov\u00e9 syst\u00e9my a krytov\u00e1n\u00ed stroj\u016f","potentialAction":[{"@type":"SearchAction","target":{"@type":"EntryPoint","urlTemplate":"https:\/\/astos.cz\/?s={search_term_string}"},"query-input":"required name=search_term_string"}],"inLanguage":"de"},{"@type":"ImageObject","@id":"https:\/\/astos.cz\/de\/nase-vyrobky\/doplnkovy-program\/kt-kontejnery\/#primaryimage","inLanguage":"de","url":"https:\/\/astos.cz\/wp-content\/uploads\/2016\/03\/KT-Kontejnery_01.jpg","contentUrl":"https:\/\/astos.cz\/wp-content\/uploads\/2016\/03\/KT-Kontejnery_01.jpg","width":670,"height":530},{"@type":"WebPage","@id":"https:\/\/astos.cz\/de\/nase-vyrobky\/doplnkovy-program\/kt-kontejnery\/#webpage","url":"https:\/\/astos.cz\/de\/nase-vyrobky\/doplnkovy-program\/kt-kontejnery\/","name":"KT - Sp\u00e4nebeh\u00e4lter | ASTOS Machinery","isPartOf":{"@id":"https:\/\/astos.cz\/#website"},"primaryImageOfPage":{"@id":"https:\/\/astos.cz\/de\/nase-vyrobky\/doplnkovy-program\/kt-kontejnery\/#primaryimage"},"datePublished":"2016-03-04T10:14:14+00:00","dateModified":"2022-05-09T06:40:29+00:00","breadcrumb":{"@id":"https:\/\/astos.cz\/de\/nase-vyrobky\/doplnkovy-program\/kt-kontejnery\/#breadcrumb"},"inLanguage":"de","potentialAction":[{"@type":"ReadAction","target":["https:\/\/astos.cz\/de\/nase-vyrobky\/doplnkovy-program\/kt-kontejnery\/"]}]},{"@type":"BreadcrumbList","@id":"https:\/\/astos.cz\/de\/nase-vyrobky\/doplnkovy-program\/kt-kontejnery\/#breadcrumb","itemListElement":[{"@type":"ListItem","position":1,"name":"Dom\u016f","item":"https:\/\/astos.cz\/de\/"},{"@type":"ListItem","position":2,"name":"Produkte","item":"https:\/\/astos.cz\/de\/nase-vyrobky\/"},{"@type":"ListItem","position":3,"name":"Zusatzprogramm","item":"https:\/\/astos.cz\/de\/nase-vyrobky\/doplnkovy-program\/"},{"@type":"ListItem","position":4,"name":"KT &#8211; Sp\u00e4nebeh\u00e4lter"}]}]}},"_links":{"self":[{"href":"https:\/\/astos.cz\/de\/wp-json\/wp\/v2\/pages\/4874"}],"collection":[{"href":"https:\/\/astos.cz\/de\/wp-json\/wp\/v2\/pages"}],"about":[{"href":"https:\/\/astos.cz\/de\/wp-json\/wp\/v2\/types\/page"}],"author":[{"embeddable":true,"href":"https:\/\/astos.cz\/de\/wp-json\/wp\/v2\/users\/6"}],"replies":[{"embeddable":true,"href":"https:\/\/astos.cz\/de\/wp-json\/wp\/v2\/comments?post=4874"}],"version-history":[{"count":8,"href":"https:\/\/astos.cz\/de\/wp-json\/wp\/v2\/pages\/4874\/revisions"}],"predecessor-version":[{"id":9796,"href":"https:\/\/astos.cz\/de\/wp-json\/wp\/v2\/pages\/4874\/revisions\/9796"}],"up":[{"embeddable":true,"href":"https:\/\/astos.cz\/de\/wp-json\/wp\/v2\/pages\/4843"}],"wp:featuredmedia":[{"embeddable":true,"href":"https:\/\/astos.cz\/de\/wp-json\/wp\/v2\/media\/6800"}],"wp:attachment":[{"href":"https:\/\/astos.cz\/de\/wp-json\/wp\/v2\/media?parent=4874"}],"wp:term":[{"taxonomy":"category","embeddable":true,"href":"https:\/\/astos.cz\/de\/wp-json\/wp\/v2\/categories?post=4874"},{"taxonomy":"post_tag","embeddable":true,"href":"https:\/\/astos.cz\/de\/wp-json\/wp\/v2\/tags?post=4874"}],"curies":[{"name":"wp","href":"https:\/\/api.w.org\/{rel}","templated":true}]}}