{"id":4853,"date":"2016-02-29T14:28:13","date_gmt":"2016-02-29T13:28:13","guid":{"rendered":"https:\/\/astos.cz\/de\/nase-vyrobky\/sluzby\/"},"modified":"2024-09-12T11:31:41","modified_gmt":"2024-09-12T10:31:41","slug":"sluzby","status":"publish","type":"page","link":"https:\/\/astos.cz\/de\/nase-vyrobky\/sluzby\/","title":{"rendered":"Dienstleistungen"},"content":{"rendered":"<div id=\"pl-4853\"  class=\"panel-layout\" ><div id=\"pg-4853-0\"  class=\"panel-grid panel-has-style\" ><div class=\"panel-row-style panel-row-style-for-4853-0\" ><div id=\"pgc-4853-0-0\"  class=\"panel-grid-cell\" ><div id=\"panel-4853-0-0-0\" class=\"so-panel widget widget_black-studio-tinymce widget_black_studio_tinymce panel-first-child panel-last-child\" data-index=\"0\" ><div class=\"panel-widget-style panel-widget-style-for-4853-0-0-0\" ><div class=\"textwidget\"><h3>Warum ASTOS Machinery w\u00e4hlen?<\/h3>\n<p>Bei ASTOS Machinery a.s. bieten wir Ihnen zuverl\u00e4ssigen und <strong>professionellen Service f\u00fcr F\u00f6rderer an CNC-Maschinen von verschiedenen Herstellern<\/strong>. Unsere Dienstleistungen umfassen auch die L\u00f6sung von Problemen mit K\u00fchlschmiermittel-Filtrationssystemen. Mit langj\u00e4hriger Erfahrung und einem spezialisierten Team gew\u00e4hrleisten wir h\u00f6chste Qualit\u00e4t und Zufriedenheit.<\/p>\n<h3>Unsere Dienstleistungen:<\/h3>\n<ul>\n<li><strong>Umfassender F\u00f6rderer-Service:<\/strong> Wir bieten schnelle und zuverl\u00e4ssige Reparaturen f\u00fcr alle Arten von F\u00f6rderern an CNC-Maschinen an.<\/li>\n<li><strong>L\u00f6sungen f\u00fcr Filtrationsprobleme:<\/strong> Wir bieten fachkundige Hilfe und L\u00f6sungen f\u00fcr Ihre K\u00fchlschmiermittel-Filtrationssysteme.<\/li>\n<li><strong>Pr\u00e4ventive Wartung:<\/strong> Wir helfen Ihnen, Ausf\u00e4lle zu vermeiden und die Lebensdauer Ihrer Anlagen zu verl\u00e4ngern.<\/li>\n<\/ul>\n<h3>Vorteile unserer Dienstleistungen:<\/h3>\n<ul>\n<li><strong>Langj\u00e4hrige Erfahrung:<\/strong> Mehr als 60 Jahre in der Branche.<\/li>\n<li><strong>Spezialisiertes Team:<\/strong> Qualifizierte Fachkr\u00e4fte, die bereit sind, Ihnen zu helfen.<\/li>\n<li><strong>Zufriedenheit garantiert:<\/strong> Unsere Arbeit spricht f\u00fcr sich.<\/li>\n<\/ul>\n<\/div><\/div><\/div><\/div><div id=\"pgc-4853-0-1\"  class=\"panel-grid-cell\" ><div id=\"panel-4853-0-1-0\" class=\"so-panel widget widget_black-studio-tinymce widget_black_studio_tinymce panel-first-child panel-last-child\" data-index=\"1\" ><div class=\"panel-widget-style panel-widget-style-for-4853-0-1-0\" ><div class=\"textwidget\"><p><a href=\"https:\/\/astos.cz\/wp-content\/uploads\/2024\/09\/Proffesionelles-service-von-Spaneforderer_ASTOS.jpg\" rel=\"lightbox[4853]\"><img class=\"alignnone size-large wp-image-12264\" src=\"https:\/\/astos.cz\/wp-content\/uploads\/2024\/09\/Proffesionelles-service-von-Spaneforderer_ASTOS-1024x1024.jpg\" alt=\"\" width=\"1024\" height=\"1024\" \/><\/a><\/p>\n<\/div><\/div><\/div><\/div><\/div><\/div><div id=\"pg-4853-1\"  class=\"panel-grid panel-no-style\" ><div id=\"pgc-4853-1-0\"  class=\"panel-grid-cell\" ><div id=\"panel-4853-1-0-0\" class=\"so-panel widget widget_black-studio-tinymce widget_black_studio_tinymce panel-first-child panel-last-child\" data-index=\"2\" ><div class=\"textwidget\"><p>&nbsp;<\/p>\n<p>&nbsp;<\/p>\n<p>Kontaktieren Sie uns \u00fcber unsere <a href=\"https:\/\/astos.cz\/de\/kontakty\/dulezite-kontakty\/\">Kontaktdaten<\/a> und werden Sie einer unserer zufriedenen Kunden.<\/p>\n<\/div><\/div><\/div><\/div><\/div>","protected":false},"excerpt":{"rendered":"<p>Warum ASTOS Machinery w\u00e4hlen? Bei ASTOS Machinery a.s. bieten wir Ihnen zuverl\u00e4ssigen und professionellen Service f\u00fcr F\u00f6rderer an CNC-Maschinen von verschiedenen Herstellern. Unsere Dienstleistungen umfassen auch die L\u00f6sung von Problemen mit K\u00fchlschmiermittel-Filtrationssystemen. Mit langj\u00e4hriger Erfahrung und einem spezialisierten Team gew\u00e4hrleisten wir h\u00f6chste Qualit\u00e4t und Zufriedenheit. Unsere Dienstleistungen: Umfassender F\u00f6rderer-Service: Wir bieten schnelle und zuverl\u00e4ssige Reparaturen &hellip;<\/p>\n","protected":false},"author":6,"featured_media":0,"parent":4655,"menu_order":0,"comment_status":"closed","ping_status":"closed","template":"","meta":[],"categories":[],"tags":[],"yoast_head":"<!-- This site is optimized with the Yoast SEO plugin v18.5.1 - https:\/\/yoast.com\/wordpress\/plugins\/seo\/ -->\n<title>Dienstleistungen | ASTOS Machinery<\/title>\n<meta name=\"robots\" content=\"index, follow, max-snippet:-1, max-image-preview:large, max-video-preview:-1\" \/>\n<link rel=\"canonical\" href=\"https:\/\/astos.cz\/de\/nase-vyrobky\/sluzby\/\" \/>\n<meta property=\"og:locale\" content=\"de_DE\" \/>\n<meta property=\"og:type\" content=\"article\" \/>\n<meta property=\"og:title\" content=\"Dienstleistungen | ASTOS Machinery\" \/>\n<meta property=\"og:description\" content=\"Warum ASTOS Machinery w\u00e4hlen? Bei ASTOS Machinery a.s. bieten wir Ihnen zuverl\u00e4ssigen und professionellen Service f\u00fcr F\u00f6rderer an CNC-Maschinen von verschiedenen Herstellern. Unsere Dienstleistungen umfassen auch die L\u00f6sung von Problemen mit K\u00fchlschmiermittel-Filtrationssystemen. Mit langj\u00e4hriger Erfahrung und einem spezialisierten Team gew\u00e4hrleisten wir h\u00f6chste Qualit\u00e4t und Zufriedenheit. Unsere Dienstleistungen: Umfassender F\u00f6rderer-Service: Wir bieten schnelle und zuverl\u00e4ssige Reparaturen &hellip;\" \/>\n<meta property=\"og:url\" content=\"https:\/\/astos.cz\/de\/nase-vyrobky\/sluzby\/\" \/>\n<meta property=\"og:site_name\" content=\"ASTOS Machinery\" \/>\n<meta property=\"article:modified_time\" content=\"2024-09-12T10:31:41+00:00\" \/>\n<meta property=\"og:image\" content=\"https:\/\/astos.cz\/wp-content\/uploads\/2024\/09\/Proffesionelles-service-von-Spaneforderer_ASTOS-1024x1024.jpg\" \/>\n<meta name=\"twitter:card\" content=\"summary\" \/>\n<meta name=\"twitter:label1\" content=\"Gesch\u00e4tzte Lesezeit\" \/>\n\t<meta name=\"twitter:data1\" content=\"1\u00a0Minute\" \/>\n<script type=\"application\/ld+json\" class=\"yoast-schema-graph\">{\"@context\":\"https:\/\/schema.org\",\"@graph\":[{\"@type\":\"WebSite\",\"@id\":\"https:\/\/astos.cz\/#website\",\"url\":\"https:\/\/astos.cz\/\",\"name\":\"ASTOS Machinery\",\"description\":\"Specialista na dopravn\u00edkov\u00e9 syst\u00e9my a krytov\u00e1n\u00ed stroj\u016f\",\"potentialAction\":[{\"@type\":\"SearchAction\",\"target\":{\"@type\":\"EntryPoint\",\"urlTemplate\":\"https:\/\/astos.cz\/?s={search_term_string}\"},\"query-input\":\"required name=search_term_string\"}],\"inLanguage\":\"de\"},{\"@type\":\"ImageObject\",\"@id\":\"https:\/\/astos.cz\/de\/nase-vyrobky\/sluzby\/#primaryimage\",\"inLanguage\":\"de\",\"url\":\"https:\/\/astos.cz\/wp-content\/uploads\/2024\/09\/Proffesionelles-service-von-Spaneforderer_ASTOS.jpg\",\"contentUrl\":\"https:\/\/astos.cz\/wp-content\/uploads\/2024\/09\/Proffesionelles-service-von-Spaneforderer_ASTOS.jpg\",\"width\":1080,\"height\":1080},{\"@type\":\"WebPage\",\"@id\":\"https:\/\/astos.cz\/de\/nase-vyrobky\/sluzby\/#webpage\",\"url\":\"https:\/\/astos.cz\/de\/nase-vyrobky\/sluzby\/\",\"name\":\"Dienstleistungen | ASTOS Machinery\",\"isPartOf\":{\"@id\":\"https:\/\/astos.cz\/#website\"},\"primaryImageOfPage\":{\"@id\":\"https:\/\/astos.cz\/de\/nase-vyrobky\/sluzby\/#primaryimage\"},\"datePublished\":\"2016-02-29T13:28:13+00:00\",\"dateModified\":\"2024-09-12T10:31:41+00:00\",\"breadcrumb\":{\"@id\":\"https:\/\/astos.cz\/de\/nase-vyrobky\/sluzby\/#breadcrumb\"},\"inLanguage\":\"de\",\"potentialAction\":[{\"@type\":\"ReadAction\",\"target\":[\"https:\/\/astos.cz\/de\/nase-vyrobky\/sluzby\/\"]}]},{\"@type\":\"BreadcrumbList\",\"@id\":\"https:\/\/astos.cz\/de\/nase-vyrobky\/sluzby\/#breadcrumb\",\"itemListElement\":[{\"@type\":\"ListItem\",\"position\":1,\"name\":\"Dom\u016f\",\"item\":\"https:\/\/astos.cz\/de\/\"},{\"@type\":\"ListItem\",\"position\":2,\"name\":\"Produkte\",\"item\":\"https:\/\/astos.cz\/de\/nase-vyrobky\/\"},{\"@type\":\"ListItem\",\"position\":3,\"name\":\"Dienstleistungen\"}]}]}<\/script>\n<!-- \/ Yoast SEO plugin. -->","yoast_head_json":{"title":"Dienstleistungen | ASTOS Machinery","robots":{"index":"index","follow":"follow","max-snippet":"max-snippet:-1","max-image-preview":"max-image-preview:large","max-video-preview":"max-video-preview:-1"},"canonical":"https:\/\/astos.cz\/de\/nase-vyrobky\/sluzby\/","og_locale":"de_DE","og_type":"article","og_title":"Dienstleistungen | ASTOS Machinery","og_description":"Warum ASTOS Machinery w\u00e4hlen? Bei ASTOS Machinery a.s. bieten wir Ihnen zuverl\u00e4ssigen und professionellen Service f\u00fcr F\u00f6rderer an CNC-Maschinen von verschiedenen Herstellern. Unsere Dienstleistungen umfassen auch die L\u00f6sung von Problemen mit K\u00fchlschmiermittel-Filtrationssystemen. Mit langj\u00e4hriger Erfahrung und einem spezialisierten Team gew\u00e4hrleisten wir h\u00f6chste Qualit\u00e4t und Zufriedenheit. Unsere Dienstleistungen: Umfassender F\u00f6rderer-Service: Wir bieten schnelle und zuverl\u00e4ssige Reparaturen &hellip;","og_url":"https:\/\/astos.cz\/de\/nase-vyrobky\/sluzby\/","og_site_name":"ASTOS Machinery","article_modified_time":"2024-09-12T10:31:41+00:00","og_image":[{"url":"https:\/\/astos.cz\/wp-content\/uploads\/2024\/09\/Proffesionelles-service-von-Spaneforderer_ASTOS-1024x1024.jpg"}],"twitter_card":"summary","twitter_misc":{"Gesch\u00e4tzte Lesezeit":"1\u00a0Minute"},"schema":{"@context":"https:\/\/schema.org","@graph":[{"@type":"WebSite","@id":"https:\/\/astos.cz\/#website","url":"https:\/\/astos.cz\/","name":"ASTOS Machinery","description":"Specialista na dopravn\u00edkov\u00e9 syst\u00e9my a krytov\u00e1n\u00ed stroj\u016f","potentialAction":[{"@type":"SearchAction","target":{"@type":"EntryPoint","urlTemplate":"https:\/\/astos.cz\/?s={search_term_string}"},"query-input":"required name=search_term_string"}],"inLanguage":"de"},{"@type":"ImageObject","@id":"https:\/\/astos.cz\/de\/nase-vyrobky\/sluzby\/#primaryimage","inLanguage":"de","url":"https:\/\/astos.cz\/wp-content\/uploads\/2024\/09\/Proffesionelles-service-von-Spaneforderer_ASTOS.jpg","contentUrl":"https:\/\/astos.cz\/wp-content\/uploads\/2024\/09\/Proffesionelles-service-von-Spaneforderer_ASTOS.jpg","width":1080,"height":1080},{"@type":"WebPage","@id":"https:\/\/astos.cz\/de\/nase-vyrobky\/sluzby\/#webpage","url":"https:\/\/astos.cz\/de\/nase-vyrobky\/sluzby\/","name":"Dienstleistungen | ASTOS Machinery","isPartOf":{"@id":"https:\/\/astos.cz\/#website"},"primaryImageOfPage":{"@id":"https:\/\/astos.cz\/de\/nase-vyrobky\/sluzby\/#primaryimage"},"datePublished":"2016-02-29T13:28:13+00:00","dateModified":"2024-09-12T10:31:41+00:00","breadcrumb":{"@id":"https:\/\/astos.cz\/de\/nase-vyrobky\/sluzby\/#breadcrumb"},"inLanguage":"de","potentialAction":[{"@type":"ReadAction","target":["https:\/\/astos.cz\/de\/nase-vyrobky\/sluzby\/"]}]},{"@type":"BreadcrumbList","@id":"https:\/\/astos.cz\/de\/nase-vyrobky\/sluzby\/#breadcrumb","itemListElement":[{"@type":"ListItem","position":1,"name":"Dom\u016f","item":"https:\/\/astos.cz\/de\/"},{"@type":"ListItem","position":2,"name":"Produkte","item":"https:\/\/astos.cz\/de\/nase-vyrobky\/"},{"@type":"ListItem","position":3,"name":"Dienstleistungen"}]}]}},"_links":{"self":[{"href":"https:\/\/astos.cz\/de\/wp-json\/wp\/v2\/pages\/4853"}],"collection":[{"href":"https:\/\/astos.cz\/de\/wp-json\/wp\/v2\/pages"}],"about":[{"href":"https:\/\/astos.cz\/de\/wp-json\/wp\/v2\/types\/page"}],"author":[{"embeddable":true,"href":"https:\/\/astos.cz\/de\/wp-json\/wp\/v2\/users\/6"}],"replies":[{"embeddable":true,"href":"https:\/\/astos.cz\/de\/wp-json\/wp\/v2\/comments?post=4853"}],"version-history":[{"count":7,"href":"https:\/\/astos.cz\/de\/wp-json\/wp\/v2\/pages\/4853\/revisions"}],"predecessor-version":[{"id":12268,"href":"https:\/\/astos.cz\/de\/wp-json\/wp\/v2\/pages\/4853\/revisions\/12268"}],"up":[{"embeddable":true,"href":"https:\/\/astos.cz\/de\/wp-json\/wp\/v2\/pages\/4655"}],"wp:attachment":[{"href":"https:\/\/astos.cz\/de\/wp-json\/wp\/v2\/media?parent=4853"}],"wp:term":[{"taxonomy":"category","embeddable":true,"href":"https:\/\/astos.cz\/de\/wp-json\/wp\/v2\/categories?post=4853"},{"taxonomy":"post_tag","embeddable":true,"href":"https:\/\/astos.cz\/de\/wp-json\/wp\/v2\/tags?post=4853"}],"curies":[{"name":"wp","href":"https:\/\/api.w.org\/{rel}","templated":true}]}}