{"id":4848,"date":"2016-02-29T14:27:50","date_gmt":"2016-02-29T13:27:50","guid":{"rendered":"https:\/\/astos.cz\/de\/nase-vyrobky\/nahradni-dily\/"},"modified":"2024-11-14T10:22:01","modified_gmt":"2024-11-14T09:22:01","slug":"nahradni-dily","status":"publish","type":"page","link":"https:\/\/astos.cz\/de\/nase-vyrobky\/nahradni-dily\/","title":{"rendered":"Ersatzteile"},"content":{"rendered":"<div id=\"pl-4848\"  class=\"panel-layout\" ><div id=\"pg-4848-0\"  class=\"panel-grid panel-no-style\" ><div id=\"pgc-4848-0-0\"  class=\"panel-grid-cell\" ><div id=\"panel-4848-0-0-0\" class=\"so-panel widget widget_sow-editor panel-first-child panel-last-child\" data-index=\"0\" ><div class=\"so-widget-sow-editor so-widget-sow-editor-base\">\n<div class=\"siteorigin-widget-tinymce textwidget\">\n\t<h4>Wir bieten Ersatzteile f\u00fcr F\u00f6rderer aller Hersteller, einschl. asiatischer Hersteller, an.<\/h4>\n<\/div>\n<\/div><\/div><\/div><\/div><div id=\"pg-4848-1\"  class=\"panel-grid panel-no-style\" ><div id=\"pgc-4848-1-0\"  class=\"panel-grid-cell\" ><div id=\"panel-4848-1-0-0\" class=\"so-panel widget widget_black-studio-tinymce widget_black_studio_tinymce panel-first-child panel-last-child\" data-index=\"1\" ><div class=\"textwidget\"><h4 class=\"alternative-heading\">Liste der am h\u00e4ufigsten bestellten Ersatzteile:<\/h4>\n<p><strong>Scharnierband<\/strong><br \/>\nWeite t40: gelocht-ungelocht<br \/>\nWeite t63: gelocht-ungelocht<br \/>\nWeite t100: -ungelocht<\/p>\n<p><strong>Kratzerband<\/strong><br \/>\nWeite t 40<br \/>\nWeite t 63<\/p>\n<p><strong>Bandglied<\/strong><br \/>\nWeite t 40, t 63, t 100<\/p>\n<p><strong>Komplettes Verbindungsglied Weite t 40, t 63, t 100<\/strong><\/p>\n<p><strong>Kette<\/strong><\/p>\n<p><strong>Kettenrad<\/strong><br \/>\ntreibende und getriebene<\/p>\n<p><strong>Welle<\/strong><br \/>\ntreibende und getriebene<\/p>\n<p><strong>Lager<\/strong><br \/>\nklassische und UCP (Spannstation)<\/p>\n<p><strong>Antrieb, Getriebe<\/strong><\/p>\n<p><strong>Sonstige Zubeh\u00f6r : Pumpe, Niveauschalter usw.<\/strong><\/p>\n<p>Ein Bestandsteil der Leistungen ASTOS Machinery sind auch die Ersatzteile. Es ist n\u00f6tig der Typ des Produktes, Baujahr und Herstellungsnummer anzugeben, wodurch die R\u00fcckverfolgbarkeit des Produktes m\u00f6glich ist. Die Angaben finden Sie an dem Typenschild oder in der Gebrauchsanweisung und  zugestellte technischer Dokumentation des Produktes.<\/p>\n<p><strong>Beispiel:<\/strong><br \/>\nCDT 200 \u2013 1999 \u2013 Herstellungsnummer 0025 (alte Bezeichnung, verwendet bis Mitte 2007)<\/p>\n<p>CDT 450 \u2013 2008 \u2013 Herstellungsnummer 081401241 (neue Bezeichnung, verwendet seit Mitte 2007)<\/p>\n<\/div><\/div><\/div><div id=\"pgc-4848-1-1\"  class=\"panel-grid-cell\" ><div id=\"panel-4848-1-1-0\" class=\"so-panel widget widget_black-studio-tinymce widget_black_studio_tinymce panel-first-child panel-last-child\" data-index=\"2\" ><div class=\"textwidget\"><p><a href=\"https:\/\/astos.cz\/wp-content\/uploads\/2016\/03\/cdt_63.jpg\"  rel=\"lightbox[4848] attachment wp-att-5110\"><img class=\"alignnone wp-image-5110\" src=\"https:\/\/astos.cz\/wp-content\/uploads\/2016\/03\/cdt_63.jpg\" alt=\"cdt_63\" width=\"410\" height=\"232\" \/><\/a><\/p>\n<p><a href=\"https:\/\/astos.cz\/wp-content\/uploads\/2016\/02\/img-Nahradni-dily-hrabla-DE.jpg\"  rel=\"lightbox[4848] attachment wp-att-5698\"><img class=\"alignnone wp-image-6033\" src=\"https:\/\/astos.cz\/wp-content\/uploads\/2016\/02\/img-Nahradni-dily-hrabla-DE.jpg\" alt=\"\" width=\"410\" height=\"232\" \/><\/a><\/p>\n<p><a href=\"https:\/\/astos.cz\/wp-content\/uploads\/2016\/02\/img-Nahradni-dily-spojovaci-clanek-DE.jpg\"  rel=\"lightbox[4848] attachment wp-att-5701\"><img class=\"alignnone wp-image-6036\" src=\"https:\/\/astos.cz\/wp-content\/uploads\/2016\/02\/img-Nahradni-dily-spojovaci-clanek-DE.jpg\" alt=\"\" width=\"410\" height=\"232\" \/><\/a><\/p>\n<\/div><\/div><\/div><\/div><div id=\"pg-4848-2\"  class=\"panel-grid panel-no-style\" ><div id=\"pgc-4848-2-0\"  class=\"panel-grid-cell\" ><div id=\"panel-4848-2-0-0\" class=\"so-panel widget widget_sow-editor panel-first-child panel-last-child\" data-index=\"3\" ><div class=\"so-widget-sow-editor so-widget-sow-editor-base\">\n<div class=\"siteorigin-widget-tinymce textwidget\">\n\t<h4 class=\"alternative-heading\">F\u00fcllen Sie unser Online-Formular aus, und wir werden uns bei Ihnen melden!<\/h4>\n<div class=\"wpforms-container wpforms-container-full wpforms-render-modern\" id=\"wpforms-12486\"><form id=\"wpforms-form-12486\" class=\"wpforms-validate wpforms-form wpforms-ajax-form\" data-formid=\"12486\" method=\"post\" enctype=\"multipart\/form-data\" action=\"\/de\/wp-json\/wp\/v2\/pages\/4848\" data-token=\"4b5cfa91bb3db6b395c17788c125fc27\" data-token-time=\"1778067112\"><noscript class=\"wpforms-error-noscript\">Bitte aktiviere JavaScript in deinem Browser, um dieses Formular fertigzustellen.<\/noscript><div class=\"wpforms-hidden\" id=\"wpforms-error-noscript\">Bitte aktiviere JavaScript in deinem Browser, um dieses Formular fertigzustellen.<\/div><div class=\"wpforms-field-container\"><div id=\"wpforms-12486-field_1-container\" class=\"wpforms-field wpforms-field-name\" data-field-id=\"1\"><label class=\"wpforms-field-label\" for=\"wpforms-12486-field_1\">Name <span class=\"wpforms-required-label\" aria-hidden=\"true\">*<\/span><\/label><input type=\"text\" id=\"wpforms-12486-field_1\" class=\"wpforms-field-medium wpforms-field-required\" name=\"wpforms[fields][1]\" aria-errormessage=\"wpforms-12486-field_1-error\" required><\/div>\t\t<div id=\"wpforms-12486-field_3-container\"\n\t\t\tclass=\"wpforms-field wpforms-field-text\"\n\t\t\tdata-field-type=\"text\"\n\t\t\tdata-field-id=\"3\"\n\t\t\t>\n\t\t\t<label class=\"wpforms-field-label\" for=\"wpforms-12486-field_3\" >Sie beschreiben Sie<\/label>\n\t\t\t<input type=\"text\" id=\"wpforms-12486-field_3\" class=\"wpforms-field-medium\" name=\"wpforms[fields][3]\" >\n\t\t<\/div>\n\t\t<div id=\"wpforms-12486-field_2-container\" class=\"wpforms-field wpforms-field-email\" data-field-id=\"2\"><label class=\"wpforms-field-label\" for=\"wpforms-12486-field_2\">E-mail <span class=\"wpforms-required-label\" aria-hidden=\"true\">*<\/span><\/label><input type=\"email\" id=\"wpforms-12486-field_2\" class=\"wpforms-field-medium wpforms-field-required\" name=\"wpforms[fields][2]\" spellcheck=\"false\" aria-errormessage=\"wpforms-12486-field_2-error\" required><\/div><div id=\"wpforms-12486-field_6-container\" class=\"wpforms-field wpforms-field-text\" data-field-id=\"6\"><label class=\"wpforms-field-label\" for=\"wpforms-12486-field_6\">Hersteller des F\u00f6rderers<\/label><input type=\"text\" id=\"wpforms-12486-field_6\" class=\"wpforms-field-medium\" name=\"wpforms[fields][6]\" aria-errormessage=\"wpforms-12486-field_6-error\" ><\/div><div id=\"wpforms-12486-field_4-container\" class=\"wpforms-field wpforms-field-textarea\" data-field-id=\"4\"><label class=\"wpforms-field-label\" for=\"wpforms-12486-field_4\">Bitte beschreiben Sie das Ersatzteil, das Sie ben\u00f6tigen.<\/label><textarea id=\"wpforms-12486-field_4\" class=\"wpforms-field-medium\" name=\"wpforms[fields][4]\" aria-errormessage=\"wpforms-12486-field_4-error\" ><\/textarea><\/div><script>\n\t\t\t\t( function() {\n\t\t\t\t\tconst style = document.createElement( 'style' );\n\t\t\t\t\tstyle.appendChild( document.createTextNode( '#wpforms-12486-field_3-container { position: absolute !important; overflow: hidden !important; display: inline !important; height: 1px !important; width: 1px !important; z-index: -1000 !important; padding: 0 !important; } #wpforms-12486-field_3-container input { visibility: hidden; } #wpforms-conversational-form-page #wpforms-12486-field_3-container label { counter-increment: none; }' ) );\n\t\t\t\t\tdocument.head.appendChild( style );\n\t\t\t\t\tdocument.currentScript?.remove();\n\t\t\t\t} )();\n\t\t\t<\/script><\/div><!-- .wpforms-field-container --><div class=\"wpforms-submit-container\" ><input type=\"hidden\" name=\"wpforms[id]\" value=\"12486\"><input type=\"hidden\" name=\"page_title\" value=\"\"><input type=\"hidden\" name=\"page_url\" value=\"https:\/\/astos.cz\/de\/wp-json\/wp\/v2\/pages\/4848\"><button type=\"submit\" name=\"wpforms[submit]\" id=\"wpforms-submit-12486\" class=\"wpforms-submit\" data-alt-text=\"Wird gesendet...\" data-submit-text=\"Senden\" aria-live=\"assertive\" value=\"wpforms-submit\">Senden<\/button><img src=\"https:\/\/astos.cz\/wp-content\/plugins\/wpforms-lite\/assets\/images\/submit-spin.svg\" class=\"wpforms-submit-spinner\" style=\"display: none;\" width=\"26\" height=\"26\" alt=\"Wird geladen\"><\/div><\/form><\/div>  <!-- .wpforms-container -->\n<\/div>\n<\/div><\/div><\/div><\/div><\/div>","protected":false},"excerpt":{"rendered":"<p>Wir bieten Ersatzteile f\u00fcr F\u00f6rderer aller Hersteller, einschl. asiatischer Hersteller, an. Liste der am h\u00e4ufigsten bestellten Ersatzteile: Scharnierband Weite t40: gelocht-ungelocht Weite t63: gelocht-ungelocht Weite t100: -ungelocht Kratzerband Weite t 40 Weite t 63 Bandglied Weite t 40, t 63, t 100 Komplettes Verbindungsglied Weite t 40, t 63, t 100 Kette Kettenrad treibende und &hellip;<\/p>\n","protected":false},"author":6,"featured_media":0,"parent":4655,"menu_order":0,"comment_status":"closed","ping_status":"closed","template":"","meta":[],"categories":[],"tags":[],"yoast_head":"<!-- This site is optimized with the Yoast SEO plugin v18.5.1 - https:\/\/yoast.com\/wordpress\/plugins\/seo\/ -->\n<title>Ersatzteile | ASTOS Machinery<\/title>\n<meta name=\"robots\" content=\"index, follow, max-snippet:-1, max-image-preview:large, max-video-preview:-1\" \/>\n<link rel=\"canonical\" href=\"https:\/\/astos.cz\/de\/nase-vyrobky\/nahradni-dily\/\" \/>\n<meta property=\"og:locale\" content=\"de_DE\" \/>\n<meta property=\"og:type\" content=\"article\" \/>\n<meta property=\"og:title\" content=\"Ersatzteile | ASTOS Machinery\" \/>\n<meta property=\"og:description\" content=\"Wir bieten Ersatzteile f\u00fcr F\u00f6rderer aller Hersteller, einschl. asiatischer Hersteller, an. Liste der am h\u00e4ufigsten bestellten Ersatzteile: Scharnierband Weite t40: gelocht-ungelocht Weite t63: gelocht-ungelocht Weite t100: -ungelocht Kratzerband Weite t 40 Weite t 63 Bandglied Weite t 40, t 63, t 100 Komplettes Verbindungsglied Weite t 40, t 63, t 100 Kette Kettenrad treibende und &hellip;\" \/>\n<meta property=\"og:url\" content=\"https:\/\/astos.cz\/de\/nase-vyrobky\/nahradni-dily\/\" \/>\n<meta property=\"og:site_name\" content=\"ASTOS Machinery\" \/>\n<meta property=\"article:modified_time\" content=\"2024-11-14T09:22:01+00:00\" \/>\n<meta property=\"og:image\" content=\"https:\/\/astos.cz\/wp-content\/uploads\/2016\/03\/cdt_63.jpg\" \/>\n<meta name=\"twitter:card\" content=\"summary\" \/>\n<meta name=\"twitter:label1\" content=\"Gesch\u00e4tzte Lesezeit\" \/>\n\t<meta name=\"twitter:data1\" content=\"2\u00a0Minuten\" \/>\n<script type=\"application\/ld+json\" class=\"yoast-schema-graph\">{\"@context\":\"https:\/\/schema.org\",\"@graph\":[{\"@type\":\"WebSite\",\"@id\":\"https:\/\/astos.cz\/#website\",\"url\":\"https:\/\/astos.cz\/\",\"name\":\"ASTOS Machinery\",\"description\":\"Specialista na dopravn\u00edkov\u00e9 syst\u00e9my a krytov\u00e1n\u00ed stroj\u016f\",\"potentialAction\":[{\"@type\":\"SearchAction\",\"target\":{\"@type\":\"EntryPoint\",\"urlTemplate\":\"https:\/\/astos.cz\/?s={search_term_string}\"},\"query-input\":\"required name=search_term_string\"}],\"inLanguage\":\"de\"},{\"@type\":\"ImageObject\",\"@id\":\"https:\/\/astos.cz\/de\/nase-vyrobky\/nahradni-dily\/#primaryimage\",\"inLanguage\":\"de\",\"url\":\"https:\/\/astos.cz\/wp-content\/uploads\/2016\/03\/cdt_63.jpg\",\"contentUrl\":\"https:\/\/astos.cz\/wp-content\/uploads\/2016\/03\/cdt_63.jpg\",\"width\":848,\"height\":480},{\"@type\":\"WebPage\",\"@id\":\"https:\/\/astos.cz\/de\/nase-vyrobky\/nahradni-dily\/#webpage\",\"url\":\"https:\/\/astos.cz\/de\/nase-vyrobky\/nahradni-dily\/\",\"name\":\"Ersatzteile | ASTOS Machinery\",\"isPartOf\":{\"@id\":\"https:\/\/astos.cz\/#website\"},\"primaryImageOfPage\":{\"@id\":\"https:\/\/astos.cz\/de\/nase-vyrobky\/nahradni-dily\/#primaryimage\"},\"datePublished\":\"2016-02-29T13:27:50+00:00\",\"dateModified\":\"2024-11-14T09:22:01+00:00\",\"breadcrumb\":{\"@id\":\"https:\/\/astos.cz\/de\/nase-vyrobky\/nahradni-dily\/#breadcrumb\"},\"inLanguage\":\"de\",\"potentialAction\":[{\"@type\":\"ReadAction\",\"target\":[\"https:\/\/astos.cz\/de\/nase-vyrobky\/nahradni-dily\/\"]}]},{\"@type\":\"BreadcrumbList\",\"@id\":\"https:\/\/astos.cz\/de\/nase-vyrobky\/nahradni-dily\/#breadcrumb\",\"itemListElement\":[{\"@type\":\"ListItem\",\"position\":1,\"name\":\"Dom\u016f\",\"item\":\"https:\/\/astos.cz\/de\/\"},{\"@type\":\"ListItem\",\"position\":2,\"name\":\"Produkte\",\"item\":\"https:\/\/astos.cz\/de\/nase-vyrobky\/\"},{\"@type\":\"ListItem\",\"position\":3,\"name\":\"Ersatzteile\"}]}]}<\/script>\n<!-- \/ Yoast SEO plugin. -->","yoast_head_json":{"title":"Ersatzteile | ASTOS Machinery","robots":{"index":"index","follow":"follow","max-snippet":"max-snippet:-1","max-image-preview":"max-image-preview:large","max-video-preview":"max-video-preview:-1"},"canonical":"https:\/\/astos.cz\/de\/nase-vyrobky\/nahradni-dily\/","og_locale":"de_DE","og_type":"article","og_title":"Ersatzteile | ASTOS Machinery","og_description":"Wir bieten Ersatzteile f\u00fcr F\u00f6rderer aller Hersteller, einschl. asiatischer Hersteller, an. Liste der am h\u00e4ufigsten bestellten Ersatzteile: Scharnierband Weite t40: gelocht-ungelocht Weite t63: gelocht-ungelocht Weite t100: -ungelocht Kratzerband Weite t 40 Weite t 63 Bandglied Weite t 40, t 63, t 100 Komplettes Verbindungsglied Weite t 40, t 63, t 100 Kette Kettenrad treibende und &hellip;","og_url":"https:\/\/astos.cz\/de\/nase-vyrobky\/nahradni-dily\/","og_site_name":"ASTOS Machinery","article_modified_time":"2024-11-14T09:22:01+00:00","og_image":[{"url":"https:\/\/astos.cz\/wp-content\/uploads\/2016\/03\/cdt_63.jpg"}],"twitter_card":"summary","twitter_misc":{"Gesch\u00e4tzte Lesezeit":"2\u00a0Minuten"},"schema":{"@context":"https:\/\/schema.org","@graph":[{"@type":"WebSite","@id":"https:\/\/astos.cz\/#website","url":"https:\/\/astos.cz\/","name":"ASTOS Machinery","description":"Specialista na dopravn\u00edkov\u00e9 syst\u00e9my a krytov\u00e1n\u00ed stroj\u016f","potentialAction":[{"@type":"SearchAction","target":{"@type":"EntryPoint","urlTemplate":"https:\/\/astos.cz\/?s={search_term_string}"},"query-input":"required name=search_term_string"}],"inLanguage":"de"},{"@type":"ImageObject","@id":"https:\/\/astos.cz\/de\/nase-vyrobky\/nahradni-dily\/#primaryimage","inLanguage":"de","url":"https:\/\/astos.cz\/wp-content\/uploads\/2016\/03\/cdt_63.jpg","contentUrl":"https:\/\/astos.cz\/wp-content\/uploads\/2016\/03\/cdt_63.jpg","width":848,"height":480},{"@type":"WebPage","@id":"https:\/\/astos.cz\/de\/nase-vyrobky\/nahradni-dily\/#webpage","url":"https:\/\/astos.cz\/de\/nase-vyrobky\/nahradni-dily\/","name":"Ersatzteile | ASTOS Machinery","isPartOf":{"@id":"https:\/\/astos.cz\/#website"},"primaryImageOfPage":{"@id":"https:\/\/astos.cz\/de\/nase-vyrobky\/nahradni-dily\/#primaryimage"},"datePublished":"2016-02-29T13:27:50+00:00","dateModified":"2024-11-14T09:22:01+00:00","breadcrumb":{"@id":"https:\/\/astos.cz\/de\/nase-vyrobky\/nahradni-dily\/#breadcrumb"},"inLanguage":"de","potentialAction":[{"@type":"ReadAction","target":["https:\/\/astos.cz\/de\/nase-vyrobky\/nahradni-dily\/"]}]},{"@type":"BreadcrumbList","@id":"https:\/\/astos.cz\/de\/nase-vyrobky\/nahradni-dily\/#breadcrumb","itemListElement":[{"@type":"ListItem","position":1,"name":"Dom\u016f","item":"https:\/\/astos.cz\/de\/"},{"@type":"ListItem","position":2,"name":"Produkte","item":"https:\/\/astos.cz\/de\/nase-vyrobky\/"},{"@type":"ListItem","position":3,"name":"Ersatzteile"}]}]}},"_links":{"self":[{"href":"https:\/\/astos.cz\/de\/wp-json\/wp\/v2\/pages\/4848"}],"collection":[{"href":"https:\/\/astos.cz\/de\/wp-json\/wp\/v2\/pages"}],"about":[{"href":"https:\/\/astos.cz\/de\/wp-json\/wp\/v2\/types\/page"}],"author":[{"embeddable":true,"href":"https:\/\/astos.cz\/de\/wp-json\/wp\/v2\/users\/6"}],"replies":[{"embeddable":true,"href":"https:\/\/astos.cz\/de\/wp-json\/wp\/v2\/comments?post=4848"}],"version-history":[{"count":23,"href":"https:\/\/astos.cz\/de\/wp-json\/wp\/v2\/pages\/4848\/revisions"}],"predecessor-version":[{"id":12499,"href":"https:\/\/astos.cz\/de\/wp-json\/wp\/v2\/pages\/4848\/revisions\/12499"}],"up":[{"embeddable":true,"href":"https:\/\/astos.cz\/de\/wp-json\/wp\/v2\/pages\/4655"}],"wp:attachment":[{"href":"https:\/\/astos.cz\/de\/wp-json\/wp\/v2\/media?parent=4848"}],"wp:term":[{"taxonomy":"category","embeddable":true,"href":"https:\/\/astos.cz\/de\/wp-json\/wp\/v2\/categories?post=4848"},{"taxonomy":"post_tag","embeddable":true,"href":"https:\/\/astos.cz\/de\/wp-json\/wp\/v2\/tags?post=4848"}],"curies":[{"name":"wp","href":"https:\/\/api.w.org\/{rel}","templated":true}]}}