{"id":4835,"date":"2016-03-04T11:03:09","date_gmt":"2016-03-04T10:03:09","guid":{"rendered":"https:\/\/astos.cz\/de\/nase-vyrobky\/krytovani-stroju\/kb-kabiny-a-krytovani-vyrobnich-linek\/"},"modified":"2022-04-20T12:06:45","modified_gmt":"2022-04-20T11:06:45","slug":"kb-kabiny-a-krytovani-vyrobnich-linek","status":"publish","type":"page","link":"https:\/\/astos.cz\/de\/nase-vyrobky\/krytovani-stroju\/kb-kabiny-a-krytovani-vyrobnich-linek\/","title":{"rendered":"KB &#8211; Kabinen &#038; Einhausungen von Fertigungslinien"},"content":{"rendered":"<div id=\"pl-4835\"  class=\"panel-layout\" ><div id=\"pg-4835-0\"  class=\"panel-grid panel-no-style\" ><div id=\"pgc-4835-0-0\"  class=\"panel-grid-cell\" ><div id=\"panel-4835-0-0-0\" class=\"so-panel widget widget_black-studio-tinymce widget_black_studio_tinymce panel-first-child\" data-index=\"0\" ><div class=\"textwidget\"><h3 style=\"margin-top: 0px\">Kabinen und Absperrung<\/h3>\n<p>ASTOS  Machinery verf\u00fcgt \u00fcber reiche Erfahrungen und Kenntnisse zur Erarbeitung schwieriger und technisch anspruchsvoller L\u00f6sungen, nicht nur f\u00fcr Verkleidung von Arbeitsraum, sondern auch der gesamten Maschinenanlage, d. h. von ganzen Kabinen.<\/p>\n<p>Wir bieten nicht nur Kabinen f\u00fcr Maschinen an, wir erarbeiten auch Konstruktionsl\u00f6sungen und stellen Bedienerkabinen f\u00fcr das Personal her. Alle Typen unserer Kabinen erf\u00fcllen s\u00e4mtliche Arbeitssicherheitsanforderungen, auch die an die Verglasung der Kabinen. Des Weiteren werden im Bedarfsfall Anforderungen an Absaugung und \/ oder Klimatisierung des Raumes eingearbeitet.  Selbstverst\u00e4ndlich sind die stetige Verbesserung der Ergonomie und die Erstellung von attraktivem Design. Als Bestandteil des Gesamtl\u00f6sungkonzepts f\u00fcr ger\u00e4umige Maschinenanlagen oder ganze Maschinenlinien bieten wir auch die Konstruktion und die Fertigung einer Absperrung der gesamten Anlage an.<\/p>\n<p>Falls Sie konkrete Anforderungen haben verwenden Sie die angegebene <a href=\"https:\/\/astos.cz\/de\/kontakty\/dulezite-kontakty\">Kontaktliste<\/a>.<\/p>\n<\/div><\/div><div id=\"panel-4835-0-0-1\" class=\"so-panel widget widget_black-studio-tinymce widget_black_studio_tinymce\" data-index=\"1\" ><div class=\"panel-widget-style panel-widget-style-for-4835-0-0-1\" ><div class=\"textwidget\"><p><strong><em>Konstruktionsl\u00f6sung<\/em><\/strong><br \/>\n<a href=\"https:\/\/astos.cz\/wp-content\/uploads\/2016\/03\/KB-Kabiny-Junker-Konstrukcni-reseni.jpg\"  rel=\"lightbox[4835] attachment wp-att-5397\"><img class=\"alignnone wp-image-5397\" src=\"https:\/\/astos.cz\/wp-content\/uploads\/2016\/03\/KB-Kabiny-Junker-Konstrukcni-reseni.jpg\" alt=\"KB-Kabiny-Junker-Konstrukcni-reseni\" width=\"819\" height=\"460\" \/><\/a><\/p>\n<\/div><\/div><\/div><div id=\"panel-4835-0-0-2\" class=\"so-panel widget widget_black-studio-tinymce widget_black_studio_tinymce panel-last-child\" data-index=\"2\" ><div class=\"textwidget\"><p><strong><em>Realisierung<\/em><\/strong><br \/>\n<a href=\"https:\/\/astos.cz\/wp-content\/uploads\/2016\/03\/KB-Kabiny-Junker-Realizace.jpg\"  rel=\"lightbox[4835] attachment wp-att-5397\"><img class=\"alignnone wp-image-5403\" src=\"https:\/\/astos.cz\/wp-content\/uploads\/2016\/03\/KB-Kabiny-Junker-Realizace.jpg\" alt=\"Junker realizace\" width=\"819\" height=\"460\" \/><\/a><\/p>\n<\/div><\/div><\/div><\/div><\/div>","protected":false},"excerpt":{"rendered":"<p>ASTOS  Machinery verf\u00fcgt \u00fcber reiche Erfahrungen und Kenntnisse zur Erarbeitung schwieriger und technisch<\/p>\n","protected":false},"author":6,"featured_media":4838,"parent":4800,"menu_order":0,"comment_status":"closed","ping_status":"closed","template":"","meta":[],"categories":[105],"tags":[],"yoast_head":"<!-- This site is optimized with the Yoast SEO plugin v18.5.1 - https:\/\/yoast.com\/wordpress\/plugins\/seo\/ -->\n<title>KB - Kabinen &amp; Einhausungen von Fertigungslinien | ASTOS Machinery<\/title>\n<meta name=\"robots\" content=\"index, follow, max-snippet:-1, max-image-preview:large, max-video-preview:-1\" \/>\n<link rel=\"canonical\" href=\"https:\/\/astos.cz\/de\/nase-vyrobky\/krytovani-stroju\/kb-kabiny-a-krytovani-vyrobnich-linek\/\" \/>\n<meta property=\"og:locale\" content=\"de_DE\" \/>\n<meta property=\"og:type\" content=\"article\" \/>\n<meta property=\"og:title\" content=\"KB - Kabinen &amp; Einhausungen von Fertigungslinien | ASTOS Machinery\" \/>\n<meta property=\"og:description\" content=\"ASTOS Machinery verf\u00fcgt \u00fcber reiche Erfahrungen und Kenntnisse zur Erarbeitung schwieriger und technisch\" \/>\n<meta property=\"og:url\" content=\"https:\/\/astos.cz\/de\/nase-vyrobky\/krytovani-stroju\/kb-kabiny-a-krytovani-vyrobnich-linek\/\" \/>\n<meta property=\"og:site_name\" content=\"ASTOS Machinery\" \/>\n<meta property=\"article:modified_time\" content=\"2022-04-20T11:06:45+00:00\" \/>\n<meta property=\"og:image\" content=\"https:\/\/astos.cz\/wp-content\/uploads\/2016\/03\/KB-Kabiny-vyrobnich-linek.jpg\" \/>\n\t<meta property=\"og:image:width\" content=\"700\" \/>\n\t<meta property=\"og:image:height\" content=\"450\" \/>\n\t<meta property=\"og:image:type\" content=\"image\/jpeg\" \/>\n<meta name=\"twitter:card\" content=\"summary\" \/>\n<meta name=\"twitter:label1\" content=\"Gesch\u00e4tzte Lesezeit\" \/>\n\t<meta name=\"twitter:data1\" content=\"1\u00a0Minute\" \/>\n<script type=\"application\/ld+json\" class=\"yoast-schema-graph\">{\"@context\":\"https:\/\/schema.org\",\"@graph\":[{\"@type\":\"WebSite\",\"@id\":\"https:\/\/astos.cz\/#website\",\"url\":\"https:\/\/astos.cz\/\",\"name\":\"ASTOS Machinery\",\"description\":\"Specialista na dopravn\u00edkov\u00e9 syst\u00e9my a krytov\u00e1n\u00ed stroj\u016f\",\"potentialAction\":[{\"@type\":\"SearchAction\",\"target\":{\"@type\":\"EntryPoint\",\"urlTemplate\":\"https:\/\/astos.cz\/?s={search_term_string}\"},\"query-input\":\"required name=search_term_string\"}],\"inLanguage\":\"de\"},{\"@type\":\"ImageObject\",\"@id\":\"https:\/\/astos.cz\/de\/nase-vyrobky\/krytovani-stroju\/kb-kabiny-a-krytovani-vyrobnich-linek\/#primaryimage\",\"inLanguage\":\"de\",\"url\":\"https:\/\/astos.cz\/wp-content\/uploads\/2016\/03\/KB-Kabiny-vyrobnich-linek.jpg\",\"contentUrl\":\"https:\/\/astos.cz\/wp-content\/uploads\/2016\/03\/KB-Kabiny-vyrobnich-linek.jpg\",\"width\":700,\"height\":450},{\"@type\":\"WebPage\",\"@id\":\"https:\/\/astos.cz\/de\/nase-vyrobky\/krytovani-stroju\/kb-kabiny-a-krytovani-vyrobnich-linek\/#webpage\",\"url\":\"https:\/\/astos.cz\/de\/nase-vyrobky\/krytovani-stroju\/kb-kabiny-a-krytovani-vyrobnich-linek\/\",\"name\":\"KB - Kabinen & Einhausungen von Fertigungslinien | ASTOS Machinery\",\"isPartOf\":{\"@id\":\"https:\/\/astos.cz\/#website\"},\"primaryImageOfPage\":{\"@id\":\"https:\/\/astos.cz\/de\/nase-vyrobky\/krytovani-stroju\/kb-kabiny-a-krytovani-vyrobnich-linek\/#primaryimage\"},\"datePublished\":\"2016-03-04T10:03:09+00:00\",\"dateModified\":\"2022-04-20T11:06:45+00:00\",\"breadcrumb\":{\"@id\":\"https:\/\/astos.cz\/de\/nase-vyrobky\/krytovani-stroju\/kb-kabiny-a-krytovani-vyrobnich-linek\/#breadcrumb\"},\"inLanguage\":\"de\",\"potentialAction\":[{\"@type\":\"ReadAction\",\"target\":[\"https:\/\/astos.cz\/de\/nase-vyrobky\/krytovani-stroju\/kb-kabiny-a-krytovani-vyrobnich-linek\/\"]}]},{\"@type\":\"BreadcrumbList\",\"@id\":\"https:\/\/astos.cz\/de\/nase-vyrobky\/krytovani-stroju\/kb-kabiny-a-krytovani-vyrobnich-linek\/#breadcrumb\",\"itemListElement\":[{\"@type\":\"ListItem\",\"position\":1,\"name\":\"Dom\u016f\",\"item\":\"https:\/\/astos.cz\/de\/\"},{\"@type\":\"ListItem\",\"position\":2,\"name\":\"Produkte\",\"item\":\"https:\/\/astos.cz\/de\/nase-vyrobky\/\"},{\"@type\":\"ListItem\",\"position\":3,\"name\":\"Maschineneinhausungen\",\"item\":\"https:\/\/astos.cz\/de\/nase-vyrobky\/krytovani-stroju\/\"},{\"@type\":\"ListItem\",\"position\":4,\"name\":\"KB &#8211; Kabinen &#038; Einhausungen von Fertigungslinien\"}]}]}<\/script>\n<!-- \/ Yoast SEO plugin. -->","yoast_head_json":{"title":"KB - Kabinen & Einhausungen von Fertigungslinien | ASTOS Machinery","robots":{"index":"index","follow":"follow","max-snippet":"max-snippet:-1","max-image-preview":"max-image-preview:large","max-video-preview":"max-video-preview:-1"},"canonical":"https:\/\/astos.cz\/de\/nase-vyrobky\/krytovani-stroju\/kb-kabiny-a-krytovani-vyrobnich-linek\/","og_locale":"de_DE","og_type":"article","og_title":"KB - Kabinen & Einhausungen von Fertigungslinien | ASTOS Machinery","og_description":"ASTOS Machinery verf\u00fcgt \u00fcber reiche Erfahrungen und Kenntnisse zur Erarbeitung schwieriger und technisch","og_url":"https:\/\/astos.cz\/de\/nase-vyrobky\/krytovani-stroju\/kb-kabiny-a-krytovani-vyrobnich-linek\/","og_site_name":"ASTOS Machinery","article_modified_time":"2022-04-20T11:06:45+00:00","og_image":[{"width":700,"height":450,"url":"https:\/\/astos.cz\/wp-content\/uploads\/2016\/03\/KB-Kabiny-vyrobnich-linek.jpg","type":"image\/jpeg"}],"twitter_card":"summary","twitter_misc":{"Gesch\u00e4tzte Lesezeit":"1\u00a0Minute"},"schema":{"@context":"https:\/\/schema.org","@graph":[{"@type":"WebSite","@id":"https:\/\/astos.cz\/#website","url":"https:\/\/astos.cz\/","name":"ASTOS Machinery","description":"Specialista na dopravn\u00edkov\u00e9 syst\u00e9my a krytov\u00e1n\u00ed stroj\u016f","potentialAction":[{"@type":"SearchAction","target":{"@type":"EntryPoint","urlTemplate":"https:\/\/astos.cz\/?s={search_term_string}"},"query-input":"required name=search_term_string"}],"inLanguage":"de"},{"@type":"ImageObject","@id":"https:\/\/astos.cz\/de\/nase-vyrobky\/krytovani-stroju\/kb-kabiny-a-krytovani-vyrobnich-linek\/#primaryimage","inLanguage":"de","url":"https:\/\/astos.cz\/wp-content\/uploads\/2016\/03\/KB-Kabiny-vyrobnich-linek.jpg","contentUrl":"https:\/\/astos.cz\/wp-content\/uploads\/2016\/03\/KB-Kabiny-vyrobnich-linek.jpg","width":700,"height":450},{"@type":"WebPage","@id":"https:\/\/astos.cz\/de\/nase-vyrobky\/krytovani-stroju\/kb-kabiny-a-krytovani-vyrobnich-linek\/#webpage","url":"https:\/\/astos.cz\/de\/nase-vyrobky\/krytovani-stroju\/kb-kabiny-a-krytovani-vyrobnich-linek\/","name":"KB - Kabinen & Einhausungen von Fertigungslinien | ASTOS Machinery","isPartOf":{"@id":"https:\/\/astos.cz\/#website"},"primaryImageOfPage":{"@id":"https:\/\/astos.cz\/de\/nase-vyrobky\/krytovani-stroju\/kb-kabiny-a-krytovani-vyrobnich-linek\/#primaryimage"},"datePublished":"2016-03-04T10:03:09+00:00","dateModified":"2022-04-20T11:06:45+00:00","breadcrumb":{"@id":"https:\/\/astos.cz\/de\/nase-vyrobky\/krytovani-stroju\/kb-kabiny-a-krytovani-vyrobnich-linek\/#breadcrumb"},"inLanguage":"de","potentialAction":[{"@type":"ReadAction","target":["https:\/\/astos.cz\/de\/nase-vyrobky\/krytovani-stroju\/kb-kabiny-a-krytovani-vyrobnich-linek\/"]}]},{"@type":"BreadcrumbList","@id":"https:\/\/astos.cz\/de\/nase-vyrobky\/krytovani-stroju\/kb-kabiny-a-krytovani-vyrobnich-linek\/#breadcrumb","itemListElement":[{"@type":"ListItem","position":1,"name":"Dom\u016f","item":"https:\/\/astos.cz\/de\/"},{"@type":"ListItem","position":2,"name":"Produkte","item":"https:\/\/astos.cz\/de\/nase-vyrobky\/"},{"@type":"ListItem","position":3,"name":"Maschineneinhausungen","item":"https:\/\/astos.cz\/de\/nase-vyrobky\/krytovani-stroju\/"},{"@type":"ListItem","position":4,"name":"KB &#8211; Kabinen &#038; Einhausungen von Fertigungslinien"}]}]}},"_links":{"self":[{"href":"https:\/\/astos.cz\/de\/wp-json\/wp\/v2\/pages\/4835"}],"collection":[{"href":"https:\/\/astos.cz\/de\/wp-json\/wp\/v2\/pages"}],"about":[{"href":"https:\/\/astos.cz\/de\/wp-json\/wp\/v2\/types\/page"}],"author":[{"embeddable":true,"href":"https:\/\/astos.cz\/de\/wp-json\/wp\/v2\/users\/6"}],"replies":[{"embeddable":true,"href":"https:\/\/astos.cz\/de\/wp-json\/wp\/v2\/comments?post=4835"}],"version-history":[{"count":12,"href":"https:\/\/astos.cz\/de\/wp-json\/wp\/v2\/pages\/4835\/revisions"}],"predecessor-version":[{"id":9787,"href":"https:\/\/astos.cz\/de\/wp-json\/wp\/v2\/pages\/4835\/revisions\/9787"}],"up":[{"embeddable":true,"href":"https:\/\/astos.cz\/de\/wp-json\/wp\/v2\/pages\/4800"}],"wp:featuredmedia":[{"embeddable":true,"href":"https:\/\/astos.cz\/de\/wp-json\/wp\/v2\/media\/4838"}],"wp:attachment":[{"href":"https:\/\/astos.cz\/de\/wp-json\/wp\/v2\/media?parent=4835"}],"wp:term":[{"taxonomy":"category","embeddable":true,"href":"https:\/\/astos.cz\/de\/wp-json\/wp\/v2\/categories?post=4835"},{"taxonomy":"post_tag","embeddable":true,"href":"https:\/\/astos.cz\/de\/wp-json\/wp\/v2\/tags?post=4835"}],"curies":[{"name":"wp","href":"https:\/\/api.w.org\/{rel}","templated":true}]}}