{"id":4827,"date":"2016-03-04T10:58:51","date_gmt":"2016-03-04T09:58:51","guid":{"rendered":"https:\/\/astos.cz\/de\/nase-vyrobky\/krytovani-stroju\/ks-oplasteni-obrabecich-stroju\/"},"modified":"2022-04-20T12:06:01","modified_gmt":"2022-04-20T11:06:01","slug":"ks-oplasteni-obrabecich-stroju","status":"publish","type":"page","link":"https:\/\/astos.cz\/de\/nase-vyrobky\/krytovani-stroju\/ks-oplasteni-obrabecich-stroju\/","title":{"rendered":"KS &#8211; Maschinenverschalung"},"content":{"rendered":"<div id=\"pl-4827\"  class=\"panel-layout\" ><div id=\"pg-4827-0\"  class=\"panel-grid panel-no-style\" ><div id=\"pgc-4827-0-0\"  class=\"panel-grid-cell\" ><div id=\"panel-4827-0-0-0\" class=\"so-panel widget widget_siteorigin-panels-builder panel-first-child\" data-index=\"0\" ><div class=\"panel-widget-style panel-widget-style-for-4827-0-0-0\" ><div id=\"pl-w625fe91321c8e\"  class=\"panel-layout\" ><div id=\"pg-w625fe91321c8e-0\"  class=\"panel-grid panel-no-style\" ><div id=\"pgc-w625fe91321c8e-0-0\"  class=\"panel-grid-cell\" ><div id=\"panel-w625fe91321c8e-0-0-0\" class=\"so-panel widget widget_black-studio-tinymce widget_black_studio_tinymce panel-first-child panel-last-child\" data-index=\"0\" ><div class=\"textwidget\"><h3 style=\"margin-top: 0px\">Maschinenverschalungen<\/h3>\n<p>Verschalungen geh\u00f6ren zu den h\u00e4ufigsten Maschinenverkleidungen und sind der Grundtyp der Verkleidung von Maschinen.  Sehr wichtig dabei ist der Zugang zu den Einstellungselementen der Maschine, einfacher und schneller Ausbau von einzelnen Teilen der Maschinenverkleidung f\u00fcr Servicezwecke. Modernes Design der Maschinenverschalungen unterstreicht  die Einzigartigkeit der Maschinen, auch m\u00fcssen dabei die Anforderungen an die Arbeitssicherheit gew\u00e4hrleistet sein. ASTOS Machinery gelingt es, alle diese anspruchsvollen Kriterien zu erf\u00fcllen, was die steigende Anzahl realisierter Auftr\u00e4ge verschiedenster Arten von Verschalungen beweist.<\/p>\n<p>Falls Sie konkrete Anforderungen haben verwenden Sie die angegebene <a href=\"https:\/\/astos.cz\/de\/kontakty\/dulezite-kontakty\">Kontaktliste<\/a>.<\/p>\n<\/div><\/div><\/div><div id=\"pgc-w625fe91321c8e-0-1\"  class=\"panel-grid-cell\" ><div id=\"panel-w625fe91321c8e-0-1-0\" class=\"so-panel widget widget_black-studio-tinymce widget_black_studio_tinymce panel-first-child panel-last-child\" data-index=\"1\" ><div class=\"textwidget\"><p><a href=\"https:\/\/astos.cz\/wp-content\/uploads\/2016\/03\/WHN-Realizace.jpg\"  rel=\"lightbox[4827] attachment wp-att-5340\"><img class=\"alignleft size-full wp-image-5340\" src=\"https:\/\/astos.cz\/wp-content\/uploads\/2016\/03\/WHN-Realizace.jpg\" alt=\"WHN-Realizace\" width=\"410\" height=\"230\" \/><\/a><\/p>\n<\/div><\/div><\/div><\/div><\/div><\/div><\/div><div id=\"panel-4827-0-0-1\" class=\"so-panel widget widget_black-studio-tinymce widget_black_studio_tinymce panel-last-child\" data-index=\"1\" ><div class=\"textwidget\"><p><a href=\"https:\/\/astos.cz\/wp-content\/uploads\/2016\/03\/WHN-render.jpg\"  rel=\"lightbox[4827] attachment wp-att-5334\"><img class=\"alignleft wp-image-5334\" src=\"https:\/\/astos.cz\/wp-content\/uploads\/2016\/03\/WHN-render.jpg\" alt=\"WHN-render\" width=\"820\" height=\"460\" \/><\/a><\/p>\n<\/div><\/div><\/div><\/div><\/div>","protected":false},"excerpt":{"rendered":"<p>Verschalungen geh\u00f6ren zu den h\u00e4ufigsten Maschinenverkleidungen und sind der Grundtyp<\/p>\n","protected":false},"author":6,"featured_media":5336,"parent":4800,"menu_order":0,"comment_status":"closed","ping_status":"closed","template":"","meta":[],"categories":[105],"tags":[],"yoast_head":"<!-- This site is optimized with the Yoast SEO plugin v18.5.1 - https:\/\/yoast.com\/wordpress\/plugins\/seo\/ -->\n<title>KS - Maschinenverschalung | ASTOS Machinery<\/title>\n<meta name=\"robots\" content=\"index, follow, max-snippet:-1, max-image-preview:large, max-video-preview:-1\" \/>\n<link rel=\"canonical\" href=\"https:\/\/astos.cz\/de\/nase-vyrobky\/krytovani-stroju\/ks-oplasteni-obrabecich-stroju\/\" \/>\n<meta property=\"og:locale\" content=\"de_DE\" \/>\n<meta property=\"og:type\" content=\"article\" \/>\n<meta property=\"og:title\" content=\"KS - Maschinenverschalung | ASTOS Machinery\" \/>\n<meta property=\"og:description\" content=\"Verschalungen geh\u00f6ren zu den h\u00e4ufigsten Maschinenverkleidungen und sind der Grundtyp\" \/>\n<meta property=\"og:url\" content=\"https:\/\/astos.cz\/de\/nase-vyrobky\/krytovani-stroju\/ks-oplasteni-obrabecich-stroju\/\" \/>\n<meta property=\"og:site_name\" content=\"ASTOS Machinery\" \/>\n<meta property=\"article:modified_time\" content=\"2022-04-20T11:06:01+00:00\" \/>\n<meta property=\"og:image\" content=\"https:\/\/astos.cz\/wp-content\/uploads\/2016\/03\/WHN-render.jpg\" \/>\n\t<meta property=\"og:image:width\" content=\"1140\" \/>\n\t<meta property=\"og:image:height\" content=\"640\" \/>\n\t<meta property=\"og:image:type\" content=\"image\/jpeg\" \/>\n<meta name=\"twitter:card\" content=\"summary\" \/>\n<script type=\"application\/ld+json\" class=\"yoast-schema-graph\">{\"@context\":\"https:\/\/schema.org\",\"@graph\":[{\"@type\":\"WebSite\",\"@id\":\"https:\/\/astos.cz\/#website\",\"url\":\"https:\/\/astos.cz\/\",\"name\":\"ASTOS Machinery\",\"description\":\"Specialista na dopravn\u00edkov\u00e9 syst\u00e9my a krytov\u00e1n\u00ed stroj\u016f\",\"potentialAction\":[{\"@type\":\"SearchAction\",\"target\":{\"@type\":\"EntryPoint\",\"urlTemplate\":\"https:\/\/astos.cz\/?s={search_term_string}\"},\"query-input\":\"required name=search_term_string\"}],\"inLanguage\":\"de\"},{\"@type\":\"ImageObject\",\"@id\":\"https:\/\/astos.cz\/de\/nase-vyrobky\/krytovani-stroju\/ks-oplasteni-obrabecich-stroju\/#primaryimage\",\"inLanguage\":\"de\",\"url\":\"https:\/\/astos.cz\/wp-content\/uploads\/2016\/03\/WHN-render.jpg\",\"contentUrl\":\"https:\/\/astos.cz\/wp-content\/uploads\/2016\/03\/WHN-render.jpg\",\"width\":1140,\"height\":640},{\"@type\":\"WebPage\",\"@id\":\"https:\/\/astos.cz\/de\/nase-vyrobky\/krytovani-stroju\/ks-oplasteni-obrabecich-stroju\/#webpage\",\"url\":\"https:\/\/astos.cz\/de\/nase-vyrobky\/krytovani-stroju\/ks-oplasteni-obrabecich-stroju\/\",\"name\":\"KS - Maschinenverschalung | ASTOS Machinery\",\"isPartOf\":{\"@id\":\"https:\/\/astos.cz\/#website\"},\"primaryImageOfPage\":{\"@id\":\"https:\/\/astos.cz\/de\/nase-vyrobky\/krytovani-stroju\/ks-oplasteni-obrabecich-stroju\/#primaryimage\"},\"datePublished\":\"2016-03-04T09:58:51+00:00\",\"dateModified\":\"2022-04-20T11:06:01+00:00\",\"breadcrumb\":{\"@id\":\"https:\/\/astos.cz\/de\/nase-vyrobky\/krytovani-stroju\/ks-oplasteni-obrabecich-stroju\/#breadcrumb\"},\"inLanguage\":\"de\",\"potentialAction\":[{\"@type\":\"ReadAction\",\"target\":[\"https:\/\/astos.cz\/de\/nase-vyrobky\/krytovani-stroju\/ks-oplasteni-obrabecich-stroju\/\"]}]},{\"@type\":\"BreadcrumbList\",\"@id\":\"https:\/\/astos.cz\/de\/nase-vyrobky\/krytovani-stroju\/ks-oplasteni-obrabecich-stroju\/#breadcrumb\",\"itemListElement\":[{\"@type\":\"ListItem\",\"position\":1,\"name\":\"Dom\u016f\",\"item\":\"https:\/\/astos.cz\/de\/\"},{\"@type\":\"ListItem\",\"position\":2,\"name\":\"Produkte\",\"item\":\"https:\/\/astos.cz\/de\/nase-vyrobky\/\"},{\"@type\":\"ListItem\",\"position\":3,\"name\":\"Maschineneinhausungen\",\"item\":\"https:\/\/astos.cz\/de\/nase-vyrobky\/krytovani-stroju\/\"},{\"@type\":\"ListItem\",\"position\":4,\"name\":\"KS &#8211; Maschinenverschalung\"}]}]}<\/script>\n<!-- \/ Yoast SEO plugin. -->","yoast_head_json":{"title":"KS - Maschinenverschalung | ASTOS Machinery","robots":{"index":"index","follow":"follow","max-snippet":"max-snippet:-1","max-image-preview":"max-image-preview:large","max-video-preview":"max-video-preview:-1"},"canonical":"https:\/\/astos.cz\/de\/nase-vyrobky\/krytovani-stroju\/ks-oplasteni-obrabecich-stroju\/","og_locale":"de_DE","og_type":"article","og_title":"KS - Maschinenverschalung | ASTOS Machinery","og_description":"Verschalungen geh\u00f6ren zu den h\u00e4ufigsten Maschinenverkleidungen und sind der Grundtyp","og_url":"https:\/\/astos.cz\/de\/nase-vyrobky\/krytovani-stroju\/ks-oplasteni-obrabecich-stroju\/","og_site_name":"ASTOS Machinery","article_modified_time":"2022-04-20T11:06:01+00:00","og_image":[{"width":1140,"height":640,"url":"https:\/\/astos.cz\/wp-content\/uploads\/2016\/03\/WHN-render.jpg","type":"image\/jpeg"}],"twitter_card":"summary","schema":{"@context":"https:\/\/schema.org","@graph":[{"@type":"WebSite","@id":"https:\/\/astos.cz\/#website","url":"https:\/\/astos.cz\/","name":"ASTOS Machinery","description":"Specialista na dopravn\u00edkov\u00e9 syst\u00e9my a krytov\u00e1n\u00ed stroj\u016f","potentialAction":[{"@type":"SearchAction","target":{"@type":"EntryPoint","urlTemplate":"https:\/\/astos.cz\/?s={search_term_string}"},"query-input":"required name=search_term_string"}],"inLanguage":"de"},{"@type":"ImageObject","@id":"https:\/\/astos.cz\/de\/nase-vyrobky\/krytovani-stroju\/ks-oplasteni-obrabecich-stroju\/#primaryimage","inLanguage":"de","url":"https:\/\/astos.cz\/wp-content\/uploads\/2016\/03\/WHN-render.jpg","contentUrl":"https:\/\/astos.cz\/wp-content\/uploads\/2016\/03\/WHN-render.jpg","width":1140,"height":640},{"@type":"WebPage","@id":"https:\/\/astos.cz\/de\/nase-vyrobky\/krytovani-stroju\/ks-oplasteni-obrabecich-stroju\/#webpage","url":"https:\/\/astos.cz\/de\/nase-vyrobky\/krytovani-stroju\/ks-oplasteni-obrabecich-stroju\/","name":"KS - Maschinenverschalung | ASTOS Machinery","isPartOf":{"@id":"https:\/\/astos.cz\/#website"},"primaryImageOfPage":{"@id":"https:\/\/astos.cz\/de\/nase-vyrobky\/krytovani-stroju\/ks-oplasteni-obrabecich-stroju\/#primaryimage"},"datePublished":"2016-03-04T09:58:51+00:00","dateModified":"2022-04-20T11:06:01+00:00","breadcrumb":{"@id":"https:\/\/astos.cz\/de\/nase-vyrobky\/krytovani-stroju\/ks-oplasteni-obrabecich-stroju\/#breadcrumb"},"inLanguage":"de","potentialAction":[{"@type":"ReadAction","target":["https:\/\/astos.cz\/de\/nase-vyrobky\/krytovani-stroju\/ks-oplasteni-obrabecich-stroju\/"]}]},{"@type":"BreadcrumbList","@id":"https:\/\/astos.cz\/de\/nase-vyrobky\/krytovani-stroju\/ks-oplasteni-obrabecich-stroju\/#breadcrumb","itemListElement":[{"@type":"ListItem","position":1,"name":"Dom\u016f","item":"https:\/\/astos.cz\/de\/"},{"@type":"ListItem","position":2,"name":"Produkte","item":"https:\/\/astos.cz\/de\/nase-vyrobky\/"},{"@type":"ListItem","position":3,"name":"Maschineneinhausungen","item":"https:\/\/astos.cz\/de\/nase-vyrobky\/krytovani-stroju\/"},{"@type":"ListItem","position":4,"name":"KS &#8211; Maschinenverschalung"}]}]}},"_links":{"self":[{"href":"https:\/\/astos.cz\/de\/wp-json\/wp\/v2\/pages\/4827"}],"collection":[{"href":"https:\/\/astos.cz\/de\/wp-json\/wp\/v2\/pages"}],"about":[{"href":"https:\/\/astos.cz\/de\/wp-json\/wp\/v2\/types\/page"}],"author":[{"embeddable":true,"href":"https:\/\/astos.cz\/de\/wp-json\/wp\/v2\/users\/6"}],"replies":[{"embeddable":true,"href":"https:\/\/astos.cz\/de\/wp-json\/wp\/v2\/comments?post=4827"}],"version-history":[{"count":10,"href":"https:\/\/astos.cz\/de\/wp-json\/wp\/v2\/pages\/4827\/revisions"}],"predecessor-version":[{"id":9786,"href":"https:\/\/astos.cz\/de\/wp-json\/wp\/v2\/pages\/4827\/revisions\/9786"}],"up":[{"embeddable":true,"href":"https:\/\/astos.cz\/de\/wp-json\/wp\/v2\/pages\/4800"}],"wp:featuredmedia":[{"embeddable":true,"href":"https:\/\/astos.cz\/de\/wp-json\/wp\/v2\/media\/5336"}],"wp:attachment":[{"href":"https:\/\/astos.cz\/de\/wp-json\/wp\/v2\/media?parent=4827"}],"wp:term":[{"taxonomy":"category","embeddable":true,"href":"https:\/\/astos.cz\/de\/wp-json\/wp\/v2\/categories?post=4827"},{"taxonomy":"post_tag","embeddable":true,"href":"https:\/\/astos.cz\/de\/wp-json\/wp\/v2\/tags?post=4827"}],"curies":[{"name":"wp","href":"https:\/\/api.w.org\/{rel}","templated":true}]}}