{"id":4812,"date":"2016-03-04T10:39:44","date_gmt":"2016-03-04T09:39:44","guid":{"rendered":"https:\/\/astos.cz\/de\/nase-vyrobky\/krytovani-stroju\/kk-krytovani-obrabecich-stroju\/"},"modified":"2022-04-20T12:05:15","modified_gmt":"2022-04-20T11:05:15","slug":"kk-krytovani-obrabecich-stroju","status":"publish","type":"page","link":"https:\/\/astos.cz\/de\/nase-vyrobky\/krytovani-stroju\/kk-krytovani-obrabecich-stroju\/","title":{"rendered":"KK &#8211; Einhausung von Bearbeitungsmaschinen"},"content":{"rendered":"<div id=\"pl-4812\"  class=\"panel-layout\" ><div id=\"pg-4812-0\"  class=\"panel-grid panel-no-style\" ><div id=\"pgc-4812-0-0\"  class=\"panel-grid-cell\" ><div id=\"panel-4812-0-0-0\" class=\"so-panel widget widget_black-studio-tinymce widget_black_studio_tinymce panel-first-child panel-last-child\" data-index=\"0\" ><div class=\"panel-widget-style panel-widget-style-for-4812-0-0-0\" ><div class=\"textwidget\"><h3 style=\"margin-top: 0px;\">Maschinenumhausungen<\/h3>\n<p>Dank der einzigartigen Kombination von reichen Konstruktionserfahrungen und Fertigungs- Know \u2013 How im Bereich Maschinenumhausungen bietet ASTOS Machinery L\u00f6sungen auch f\u00fcr sehr spezifische Bedingungen an. Das Spektrum von Konstruktion und Herstellung von Maschinenumhausungen beinhaltet alle Arten von Fertigungsmaschinen und \u2013 Linien. Man kann differenzieren in:<\/p>\n<ul>\n<li><strong>Umhausungen von CNC Maschinen<\/strong><\/li>\n<li><strong>Herstellung von Kabinen<\/strong> (station\u00e4re und bewegliche)<\/li>\n<li><strong>Umhausungen von ganzen Fertigungslinien<\/strong><\/li>\n<li><strong>Maschinenverschalungen<\/strong> und individuelle L\u00f6sungen. (Am  h\u00e4ufigsten sind es kleine bis mittelgro\u00dfe mehrachsige CNC Maschinen, gr\u00f6\u00dfere vertikale Drehmaschinen, horizontale Bohrmaschinen, Schleifmaschinen und Fertigungslinien- immer handelt es sich um individuelle technische L\u00f6sungen.)<\/li>\n<\/ul>\n<p>Wir bieten individuelle Konstruktionsl\u00f6sungen mit modernem Design (inklusive Designstudie) und mit integrierten Peripherieger\u00e4ten (Sp\u00e4nenf\u00f6rderer, Filtrationsanlagen, Hydraulikaggregaten, etc.). Durch  diese komplexen L\u00f6sungen erreichen wir Kostensenkungen f\u00fcr das gesamte System und ber\u00fccksichtigen dabei auch Kundenforderungen um Minimierung  der Maschinenstandfl\u00e4che.<\/p>\n<p><a href=\"https:\/\/astos.cz\/wp-content\/uploads\/2016\/03\/Realizace-krytovani-Hulin-orez.jpg\"  rel=\"lightbox[4812] attachment wp-att-5312\"><img class=\"alignnone wp-image-5312\" src=\"https:\/\/astos.cz\/wp-content\/uploads\/2016\/03\/Realizace-krytovani-Hulin-orez.jpg\" alt=\"Realizace-krytovani-Hulin-orez\" width=\"820\" height=\"460\" \/><\/a><\/p>\n<p>Individuelle und spezielle L\u00f6sungen ASTOS Machinery verf\u00fcgt \u00fcber reiche Erfahrungen bei Konstruktion von sehr spezifischen Fertigungstechnologien (zum Beispiel Elektroerodierungsmaschine). Diese Anforderungen betreffen vor allem die Dichtheit der Maschinenverschalungen und Kabinen, Arbeitssicherheit (Sicherheitselemente: verschiedene Sicherheitsschalter, selbstschlie\u00dfende T\u00fcren, Verglasung, optoelektronischeGeber, usw.), mechanische Best\u00e4ndigkeit, Schalld\u00e4mpfung, Dampfabsaugung aus dem Arbeitsraum, Raumklimatisierung und vieles andere. Anspr\u00fcche und Bedarf unserer Kunden an L\u00f6sungsans\u00e4tzen bei Machinenverschalungen sind sehr hoch und spezifisch. Jeder Antrag  stellt deswegen eine originelle technische L\u00f6sung vor und ist den Anforderungen unserer Kunden derart angepasst.<\/p>\n<\/div><\/div><\/div><\/div><\/div><div id=\"pg-4812-1\"  class=\"panel-grid panel-no-style\" ><div id=\"pgc-4812-1-0\"  class=\"panel-grid-cell\" ><div id=\"panel-4812-1-0-0\" class=\"so-panel widget widget_black-studio-tinymce widget_black_studio_tinymce panel-first-child\" data-index=\"1\" ><div class=\"panel-widget-style panel-widget-style-for-4812-1-0-0\" ><div class=\"textwidget\"><h4 class=\"alternative-heading\">Beispiele der realisierten Projekte<\/h4>\n<\/div><\/div><\/div><div id=\"panel-4812-1-0-1\" class=\"so-panel widget widget_siteorigin-panels-builder panel-last-child\" data-index=\"2\" ><div id=\"pl-w625fe8e61c027\"  class=\"panel-layout\" ><div id=\"pg-w625fe8e61c027-0\"  class=\"panel-grid panel-no-style\" ><div id=\"pgc-w625fe8e61c027-0-0\"  class=\"panel-grid-cell\" ><div id=\"panel-w625fe8e61c027-0-0-0\" class=\"so-panel widget widget_black-studio-tinymce widget_black_studio_tinymce panel-first-child panel-last-child\" data-index=\"0\" ><div class=\"panel-widget-style panel-widget-style-for-w625fe8e61c027-0-0-0\" ><div class=\"textwidget\"><p><strong><em>von einer Studie\u2026<\/em><\/strong><\/p>\n<p><a href=\"https:\/\/astos.cz\/wp-content\/uploads\/2016\/03\/KK-Krytovani-obrabecich-stroju-2.jpg\"  rel=\"lightbox[4812] attachment wp-att-3374\"><img class=\"alignnone wp-image-3374\" src=\"https:\/\/astos.cz\/wp-content\/uploads\/2016\/03\/KK-Krytovani-obrabecich-stroju-2.jpg\" alt=\"KK-Krytovani-obrabecich-stroju-2\" width=\"410\" height=\"264\" \/><\/a><\/p>\n<\/div><\/div><\/div><\/div><div id=\"pgc-w625fe8e61c027-0-1\"  class=\"panel-grid-cell\" ><div id=\"panel-w625fe8e61c027-0-1-0\" class=\"so-panel widget widget_black-studio-tinymce widget_black_studio_tinymce panel-first-child panel-last-child\" data-index=\"1\" ><div class=\"panel-widget-style panel-widget-style-for-w625fe8e61c027-0-1-0\" ><div class=\"textwidget\"><p style=\"text-align: right;\"><strong><em>\u2026bis zur Realisierung<\/em><\/strong><br \/>\n<a href=\"https:\/\/astos.cz\/wp-content\/uploads\/2016\/03\/KK-Krytovani-obrabecich-stroju.jpg\"  rel=\"lightbox[4812] attachment wp-att-3373\"><img class=\"alignnone wp-image-3373\" src=\"https:\/\/astos.cz\/wp-content\/uploads\/2016\/03\/KK-Krytovani-obrabecich-stroju.jpg\" alt=\"KK-Krytovani-obrabecich-stroju\" width=\"410\" height=\"264\" \/><\/a><\/p>\n<\/div><\/div><\/div><\/div><\/div><div id=\"pg-w625fe8e61c027-1\"  class=\"panel-grid panel-no-style\" ><div id=\"pgc-w625fe8e61c027-1-0\"  class=\"panel-grid-cell\" ><div id=\"panel-w625fe8e61c027-1-0-0\" class=\"so-panel widget widget_black-studio-tinymce widget_black_studio_tinymce panel-first-child panel-last-child\" data-index=\"2\" ><div class=\"textwidget\"><p><strong>a. Anforderungen an die Maschine<\/strong><br \/>\nDichtheit des Arbeitsraums  ( bei Durchfluss 200 L\/min.) Doppelwandige Ausf\u00fchrung aus Sicherheitsgr\u00fcnden, Sicherheitsglas,<br \/>\nAbdeckung und einfacher Zugang zur Elektroinstalation, Abdeckung des automatischen Werkzeugwechselmagazin, Integration<br \/>\nder Peripheriekomponenten, Hindernisfreie Manipulation mit dem Werkst\u00fcck \/ mit einem Kran von oben, oder mit<br \/>\neinem Gabelstapler von vorne \/, Vek\u00fcrzung von Montage- und Demontagearbeiten, Aufwertung  der Maschinenumhausung durch<br \/>\nein modernes Design.<\/p>\n<\/div><\/div><\/div><\/div><\/div><\/div><\/div><\/div><div id=\"pg-4812-2\"  class=\"panel-grid panel-no-style\" ><div id=\"pgc-4812-2-0\"  class=\"panel-grid-cell\" ><div id=\"panel-4812-2-0-0\" class=\"so-panel widget widget_black-studio-tinymce widget_black_studio_tinymce panel-first-child panel-last-child\" data-index=\"3\" ><div class=\"textwidget\"><p><a href=\"https:\/\/astos.cz\/wp-content\/uploads\/2016\/03\/KK-Krytovani-obrabecich-stroju-3.jpg\"  rel=\"lightbox[4812] attachment wp-att-3375\"><img class=\"alignnone wp-image-3375\" src=\"https:\/\/astos.cz\/wp-content\/uploads\/2016\/03\/KK-Krytovani-obrabecich-stroju-3.jpg\" alt=\"KK-Krytovani-obrabecich-stroju-3\" width=\"410\" height=\"264\" \/><\/a><\/p>\n<\/div><\/div><\/div><div id=\"pgc-4812-2-1\"  class=\"panel-grid-cell\" ><div id=\"panel-4812-2-1-0\" class=\"so-panel widget widget_black-studio-tinymce widget_black_studio_tinymce panel-first-child panel-last-child\" data-index=\"4\" ><div class=\"textwidget\"><p><strong>b. Realisierung der zus\u00e4tzlichen Sonderanforderungen<br \/>\n(BT 1250 SIEMENS)<\/strong><br \/>\nDemontierbares Dach des Arbeitsbereiches, freier Zugang zum Arbeitstisch f\u00fcr Ladung des Werkst\u00fcckes mit einem Kran von oben. Anschlussvorbereitung f\u00fcr zwei  \u00d6lnebelabsauganlagen f\u00fcr R\u00fcckgewinnung vom Schmier\u00f6l.<\/p>\n<p>Falls Sie konkrete Anforderungen haben verwenden Sie die angegebene <a href=\"https:\/\/astos.cz\/de\/kontakty\/dulezite-kontakty\">Kontaktliste<\/a>.<\/p>\n<\/div><\/div><\/div><\/div><\/div>","protected":false},"excerpt":{"rendered":"<p>Dank der einzigartigen Kombination von reichen Konstruktionserfahrungen und Fertigungs- Know \u2013 How<\/p>\n","protected":false},"author":6,"featured_media":4819,"parent":4800,"menu_order":0,"comment_status":"closed","ping_status":"closed","template":"","meta":[],"categories":[105],"tags":[],"yoast_head":"<!-- This site is optimized with the Yoast SEO plugin v18.5.1 - https:\/\/yoast.com\/wordpress\/plugins\/seo\/ -->\n<title>KK - Einhausung von Bearbeitungsmaschinen | ASTOS Machinery<\/title>\n<meta name=\"robots\" content=\"index, follow, max-snippet:-1, max-image-preview:large, max-video-preview:-1\" \/>\n<link rel=\"canonical\" href=\"https:\/\/astos.cz\/de\/nase-vyrobky\/krytovani-stroju\/kk-krytovani-obrabecich-stroju\/\" \/>\n<meta property=\"og:locale\" content=\"de_DE\" \/>\n<meta property=\"og:type\" content=\"article\" \/>\n<meta property=\"og:title\" content=\"KK - Einhausung von Bearbeitungsmaschinen | ASTOS Machinery\" \/>\n<meta property=\"og:description\" content=\"Dank der einzigartigen Kombination von reichen Konstruktionserfahrungen und Fertigungs- Know \u2013 How\" \/>\n<meta property=\"og:url\" content=\"https:\/\/astos.cz\/de\/nase-vyrobky\/krytovani-stroju\/kk-krytovani-obrabecich-stroju\/\" \/>\n<meta property=\"og:site_name\" content=\"ASTOS Machinery\" \/>\n<meta property=\"article:modified_time\" content=\"2022-04-20T11:05:15+00:00\" \/>\n<meta property=\"og:image\" content=\"https:\/\/astos.cz\/wp-content\/uploads\/2016\/03\/KK-Krytovani-obrabecich-stroju-3.jpg\" \/>\n\t<meta property=\"og:image:width\" content=\"700\" \/>\n\t<meta property=\"og:image:height\" content=\"450\" \/>\n\t<meta property=\"og:image:type\" content=\"image\/jpeg\" \/>\n<meta name=\"twitter:card\" content=\"summary\" \/>\n<meta name=\"twitter:label1\" content=\"Gesch\u00e4tzte Lesezeit\" \/>\n\t<meta name=\"twitter:data1\" content=\"2\u00a0Minuten\" \/>\n<script type=\"application\/ld+json\" class=\"yoast-schema-graph\">{\"@context\":\"https:\/\/schema.org\",\"@graph\":[{\"@type\":\"WebSite\",\"@id\":\"https:\/\/astos.cz\/#website\",\"url\":\"https:\/\/astos.cz\/\",\"name\":\"ASTOS Machinery\",\"description\":\"Specialista na dopravn\u00edkov\u00e9 syst\u00e9my a krytov\u00e1n\u00ed stroj\u016f\",\"potentialAction\":[{\"@type\":\"SearchAction\",\"target\":{\"@type\":\"EntryPoint\",\"urlTemplate\":\"https:\/\/astos.cz\/?s={search_term_string}\"},\"query-input\":\"required name=search_term_string\"}],\"inLanguage\":\"de\"},{\"@type\":\"ImageObject\",\"@id\":\"https:\/\/astos.cz\/de\/nase-vyrobky\/krytovani-stroju\/kk-krytovani-obrabecich-stroju\/#primaryimage\",\"inLanguage\":\"de\",\"url\":\"https:\/\/astos.cz\/wp-content\/uploads\/2016\/03\/KK-Krytovani-obrabecich-stroju-3.jpg\",\"contentUrl\":\"https:\/\/astos.cz\/wp-content\/uploads\/2016\/03\/KK-Krytovani-obrabecich-stroju-3.jpg\",\"width\":700,\"height\":450},{\"@type\":\"WebPage\",\"@id\":\"https:\/\/astos.cz\/de\/nase-vyrobky\/krytovani-stroju\/kk-krytovani-obrabecich-stroju\/#webpage\",\"url\":\"https:\/\/astos.cz\/de\/nase-vyrobky\/krytovani-stroju\/kk-krytovani-obrabecich-stroju\/\",\"name\":\"KK - Einhausung von Bearbeitungsmaschinen | ASTOS Machinery\",\"isPartOf\":{\"@id\":\"https:\/\/astos.cz\/#website\"},\"primaryImageOfPage\":{\"@id\":\"https:\/\/astos.cz\/de\/nase-vyrobky\/krytovani-stroju\/kk-krytovani-obrabecich-stroju\/#primaryimage\"},\"datePublished\":\"2016-03-04T09:39:44+00:00\",\"dateModified\":\"2022-04-20T11:05:15+00:00\",\"breadcrumb\":{\"@id\":\"https:\/\/astos.cz\/de\/nase-vyrobky\/krytovani-stroju\/kk-krytovani-obrabecich-stroju\/#breadcrumb\"},\"inLanguage\":\"de\",\"potentialAction\":[{\"@type\":\"ReadAction\",\"target\":[\"https:\/\/astos.cz\/de\/nase-vyrobky\/krytovani-stroju\/kk-krytovani-obrabecich-stroju\/\"]}]},{\"@type\":\"BreadcrumbList\",\"@id\":\"https:\/\/astos.cz\/de\/nase-vyrobky\/krytovani-stroju\/kk-krytovani-obrabecich-stroju\/#breadcrumb\",\"itemListElement\":[{\"@type\":\"ListItem\",\"position\":1,\"name\":\"Dom\u016f\",\"item\":\"https:\/\/astos.cz\/de\/\"},{\"@type\":\"ListItem\",\"position\":2,\"name\":\"Produkte\",\"item\":\"https:\/\/astos.cz\/de\/nase-vyrobky\/\"},{\"@type\":\"ListItem\",\"position\":3,\"name\":\"Maschineneinhausungen\",\"item\":\"https:\/\/astos.cz\/de\/nase-vyrobky\/krytovani-stroju\/\"},{\"@type\":\"ListItem\",\"position\":4,\"name\":\"KK &#8211; Einhausung von Bearbeitungsmaschinen\"}]}]}<\/script>\n<!-- \/ Yoast SEO plugin. -->","yoast_head_json":{"title":"KK - Einhausung von Bearbeitungsmaschinen | ASTOS Machinery","robots":{"index":"index","follow":"follow","max-snippet":"max-snippet:-1","max-image-preview":"max-image-preview:large","max-video-preview":"max-video-preview:-1"},"canonical":"https:\/\/astos.cz\/de\/nase-vyrobky\/krytovani-stroju\/kk-krytovani-obrabecich-stroju\/","og_locale":"de_DE","og_type":"article","og_title":"KK - Einhausung von Bearbeitungsmaschinen | ASTOS Machinery","og_description":"Dank der einzigartigen Kombination von reichen Konstruktionserfahrungen und Fertigungs- Know \u2013 How","og_url":"https:\/\/astos.cz\/de\/nase-vyrobky\/krytovani-stroju\/kk-krytovani-obrabecich-stroju\/","og_site_name":"ASTOS Machinery","article_modified_time":"2022-04-20T11:05:15+00:00","og_image":[{"width":700,"height":450,"url":"https:\/\/astos.cz\/wp-content\/uploads\/2016\/03\/KK-Krytovani-obrabecich-stroju-3.jpg","type":"image\/jpeg"}],"twitter_card":"summary","twitter_misc":{"Gesch\u00e4tzte Lesezeit":"2\u00a0Minuten"},"schema":{"@context":"https:\/\/schema.org","@graph":[{"@type":"WebSite","@id":"https:\/\/astos.cz\/#website","url":"https:\/\/astos.cz\/","name":"ASTOS Machinery","description":"Specialista na dopravn\u00edkov\u00e9 syst\u00e9my a krytov\u00e1n\u00ed stroj\u016f","potentialAction":[{"@type":"SearchAction","target":{"@type":"EntryPoint","urlTemplate":"https:\/\/astos.cz\/?s={search_term_string}"},"query-input":"required name=search_term_string"}],"inLanguage":"de"},{"@type":"ImageObject","@id":"https:\/\/astos.cz\/de\/nase-vyrobky\/krytovani-stroju\/kk-krytovani-obrabecich-stroju\/#primaryimage","inLanguage":"de","url":"https:\/\/astos.cz\/wp-content\/uploads\/2016\/03\/KK-Krytovani-obrabecich-stroju-3.jpg","contentUrl":"https:\/\/astos.cz\/wp-content\/uploads\/2016\/03\/KK-Krytovani-obrabecich-stroju-3.jpg","width":700,"height":450},{"@type":"WebPage","@id":"https:\/\/astos.cz\/de\/nase-vyrobky\/krytovani-stroju\/kk-krytovani-obrabecich-stroju\/#webpage","url":"https:\/\/astos.cz\/de\/nase-vyrobky\/krytovani-stroju\/kk-krytovani-obrabecich-stroju\/","name":"KK - Einhausung von Bearbeitungsmaschinen | ASTOS Machinery","isPartOf":{"@id":"https:\/\/astos.cz\/#website"},"primaryImageOfPage":{"@id":"https:\/\/astos.cz\/de\/nase-vyrobky\/krytovani-stroju\/kk-krytovani-obrabecich-stroju\/#primaryimage"},"datePublished":"2016-03-04T09:39:44+00:00","dateModified":"2022-04-20T11:05:15+00:00","breadcrumb":{"@id":"https:\/\/astos.cz\/de\/nase-vyrobky\/krytovani-stroju\/kk-krytovani-obrabecich-stroju\/#breadcrumb"},"inLanguage":"de","potentialAction":[{"@type":"ReadAction","target":["https:\/\/astos.cz\/de\/nase-vyrobky\/krytovani-stroju\/kk-krytovani-obrabecich-stroju\/"]}]},{"@type":"BreadcrumbList","@id":"https:\/\/astos.cz\/de\/nase-vyrobky\/krytovani-stroju\/kk-krytovani-obrabecich-stroju\/#breadcrumb","itemListElement":[{"@type":"ListItem","position":1,"name":"Dom\u016f","item":"https:\/\/astos.cz\/de\/"},{"@type":"ListItem","position":2,"name":"Produkte","item":"https:\/\/astos.cz\/de\/nase-vyrobky\/"},{"@type":"ListItem","position":3,"name":"Maschineneinhausungen","item":"https:\/\/astos.cz\/de\/nase-vyrobky\/krytovani-stroju\/"},{"@type":"ListItem","position":4,"name":"KK &#8211; Einhausung von Bearbeitungsmaschinen"}]}]}},"_links":{"self":[{"href":"https:\/\/astos.cz\/de\/wp-json\/wp\/v2\/pages\/4812"}],"collection":[{"href":"https:\/\/astos.cz\/de\/wp-json\/wp\/v2\/pages"}],"about":[{"href":"https:\/\/astos.cz\/de\/wp-json\/wp\/v2\/types\/page"}],"author":[{"embeddable":true,"href":"https:\/\/astos.cz\/de\/wp-json\/wp\/v2\/users\/6"}],"replies":[{"embeddable":true,"href":"https:\/\/astos.cz\/de\/wp-json\/wp\/v2\/comments?post=4812"}],"version-history":[{"count":19,"href":"https:\/\/astos.cz\/de\/wp-json\/wp\/v2\/pages\/4812\/revisions"}],"predecessor-version":[{"id":9785,"href":"https:\/\/astos.cz\/de\/wp-json\/wp\/v2\/pages\/4812\/revisions\/9785"}],"up":[{"embeddable":true,"href":"https:\/\/astos.cz\/de\/wp-json\/wp\/v2\/pages\/4800"}],"wp:featuredmedia":[{"embeddable":true,"href":"https:\/\/astos.cz\/de\/wp-json\/wp\/v2\/media\/4819"}],"wp:attachment":[{"href":"https:\/\/astos.cz\/de\/wp-json\/wp\/v2\/media?parent=4812"}],"wp:term":[{"taxonomy":"category","embeddable":true,"href":"https:\/\/astos.cz\/de\/wp-json\/wp\/v2\/categories?post=4812"},{"taxonomy":"post_tag","embeddable":true,"href":"https:\/\/astos.cz\/de\/wp-json\/wp\/v2\/tags?post=4812"}],"curies":[{"name":"wp","href":"https:\/\/api.w.org\/{rel}","templated":true}]}}