{"id":4787,"date":"2016-03-04T10:10:34","date_gmt":"2016-03-04T09:10:34","guid":{"rendered":"https:\/\/astos.cz\/de\/nase-vyrobky\/filtracni-zarizeni\/pfb-bubnove-filtrace\/"},"modified":"2022-04-19T14:08:15","modified_gmt":"2022-04-19T13:08:15","slug":"pfb-pasovy-filtr-bubnovy","status":"publish","type":"page","link":"https:\/\/astos.cz\/de\/nase-vyrobky\/filtracni-zarizeni\/pfb-pasovy-filtr-bubnovy\/","title":{"rendered":"PFB &#8211; Trommelbandfilter"},"content":{"rendered":"<div id=\"pl-4787\"  class=\"panel-layout\" ><div id=\"pg-4787-0\"  class=\"panel-grid panel-no-style\" ><div id=\"pgc-4787-0-0\"  class=\"panel-grid-cell\" ><div id=\"panel-4787-0-0-0\" class=\"so-panel widget widget_black-studio-tinymce widget_black_studio_tinymce panel-first-child panel-last-child\" data-index=\"0\" ><div class=\"panel-widget-style panel-widget-style-for-4787-0-0-0\" ><div class=\"textwidget\"><h3 style=\"margin-top: 0px;\">Trommelbandfilter<\/h3>\n<p>Der Trommelbandfilter (PFB) ist eine Anlage, die f\u00fcr Filtration von verschiedenen, mit Festpartikeln (wie Schleifstaub, Sp\u00e4ne aus der Bearbeitung, Zunder aus der Umformung, Schlamm aus Reinigungsund H\u00e4rteprozessen, usw.) verunreinigten Fl\u00fcssigkeiten verwendet wird. Bei dieser Filtration flie\u00dft die verunreinigte Fl\u00fcssigkeit durch das Filtergewebe, an dem Schmutzpartikel abgefangen werden. Das Filtergewebe wird aus einer Vorratsrolle abgewickelt und wird von einem Maschenband mitgenommen. Auf dieses Maschenband wird das Filtergewebe mit zwei Andruckrollen gedr\u00fcckt, die gleichzeitig auch das Auslaufen von Fl\u00fcssigkeit aus dem Filter verhindern. Die Verunreinigungen aus der Fl\u00fcssigkeit lagern sich auf dem Filtergewebe ab und bilden so eine Schlammschicht, die als Filterkuchen (FK) bezeichnet wird.<a href=\"https:\/\/www.astos.cz\/wp-content\/uploads\/2019\/09\/Bubnova-filtrace-1.jpg\" rel=\"lightbox[4787]\"><img class=\"aligncenter wp-image-8644\" src=\"https:\/\/www.astos.cz\/wp-content\/uploads\/2019\/09\/Bubnova-filtrace-1.jpg\" alt=\"Bubnova-filtrace\" width=\"472\" height=\"265\" \/><\/a><strong>PFB-Vorteile:<\/strong><\/p>\n<ul>\n<li>Durch fortschreitende Verschlammung von Poren des Filtergewebes und durch Verdickung von Verunreinigungen k\u00f6nnen auch Partikel abgefiltert werden, die kleiner als Poren des Filtergewebes sind.<\/li>\n<li>Im Moment, wenn der FK so ges\u00e4ttigt ist, dass er die zugef\u00fchrte Fl\u00fcssigkeit nicht mehr durchlassen kann, beginnt die Fl\u00fcssigkeit im Beh\u00e4lter zu steigen. Damit steigt auch der hydrostatische Druck, weshalb die Fl\u00fcssigkeit weiter durch das Filtergewebe durchgehen kann. Erst dann, wenn der FK v\u00f6llig undurchl\u00e4ssig wird, steigt das Fl\u00fcssigkeitsniveau so, dass der Niveauschalter aktiviert wird. Damit wird der Vorschub des Maschenbandes gestartet und automatisch die notwendige Menge des reinen Filtergewebes bereitgestellt wird. Dadurch wird der Durchfluss erneuert und es bildet sich wieder ein neuer FK. Das verunreinigte Filtergewebe mit dem FK wird aus dem PFB geschoben und f\u00e4llt in einen Abfallbeh\u00e4lter.<\/li>\n<li>Die Vorratsrolle mit dem Gewebe wird mit einem Sensor \u00fcberwacht.<\/li>\n<li>Die Anlage kann man mit einem Abstreifer ausr\u00fcsten, der dann aus dem Filtergewebe grobe Verunreinigungen beseitigt.<\/li>\n<\/ul>\n<p>\u00a0<\/p>\n<\/div><\/div><\/div><\/div><\/div><div id=\"pg-4787-1\"  class=\"panel-grid panel-no-style\" ><div id=\"pgc-4787-1-0\"  class=\"panel-grid-cell\" ><div id=\"panel-4787-1-0-0\" class=\"so-panel widget widget_black-studio-tinymce widget_black_studio_tinymce panel-first-child panel-last-child\" data-index=\"1\" ><div class=\"textwidget\"><h4 class=\"alternative-heading\">Technische Beschreibung<\/h4>\n<div style=\"text-align: center;\"><a href=\"https:\/\/www.astos.cz\/wp-content\/uploads\/2016\/03\/Pasovy_filtr_bubnovy_rozmery.jpg\" rel=\"lightbox[4787]\"><img class=\"aligncenter size-full wp-image-8695\" src=\"https:\/\/www.astos.cz\/wp-content\/uploads\/2016\/03\/Pasovy_filtr_bubnovy_rozmery.jpg\" alt=\"Pasovy_filtr_bubnovy_rozmery\" width=\"899\" height=\"288\" \/><\/a><\/div>\n<div style=\"text-align: center;\"><strong>Wir stellen eine umfangreiche Palette von Trommelbandfiltern f\u00fcr den Durchfluss der verunreinigten Fl\u00fcssigkeit von 100 l\/min bis 2200 l\/min her.\u00a0<\/strong><\/div>\n<div style=\"text-align: center;\">\u00a0<\/div>\n<table class=\"table\">\n<thead>\n<tr>\n<th class=\"align-center\">FILTER TYP<\/th>\n<th class=\"align-center\">\n<p>Durchflussmenge VG5*<\/p>\n<\/th>\n<th class=\"align-center\">\n<p>A<\/p>\n<\/th>\n<th class=\"align-center\">\n<p>B<\/p>\n<\/th>\n<th class=\"align-center\">\n<p>C<\/p>\n<\/th>\n<th class=\"align-center\">\n<p>D<\/p>\n<\/th>\n<th class=\"align-center\">\n<p>E<\/p>\n<\/th>\n<th class=\"align-center\">\n<p>F<\/p>\n<\/th>\n<th class=\"align-center\">\n<p>G<\/p>\n<\/th>\n<\/tr>\n<\/thead>\n<tbody>\n<tr>\n<td class=\"align-center\">\u00a0<\/td>\n<td class=\"align-center\">[l\/min]<\/td>\n<td class=\"align-center\">[mm]<\/td>\n<td class=\"align-center\">[mm]<\/td>\n<td class=\"align-center\">[mm]<\/td>\n<td class=\"align-center\">[mm]<\/td>\n<td class=\"align-center\">[mm]<\/td>\n<td class=\"align-center\">[mm]<\/td>\n<td class=\"align-center\">[coul]<\/td>\n<\/tr>\n<tr>\n<td class=\"align-center\">PFB100.04<\/td>\n<td class=\"align-center\">100<\/td>\n<td class=\"align-center\">400<\/td>\n<td class=\"align-center\">568<\/td>\n<td class=\"align-center\">522<\/td>\n<td class=\"align-center\">698<\/td>\n<td class=\"align-center\">611<\/td>\n<td class=\"align-center\">860<\/td>\n<td class=\"align-center\">1 1\/2\"<\/td>\n<\/tr>\n<tr>\n<td class=\"align-center\">PFB150.06<\/td>\n<td class=\"align-center\">150<\/td>\n<td class=\"align-center\">600<\/td>\n<td class=\"align-center\">768<\/td>\n<td class=\"align-center\">522<\/td>\n<td class=\"align-center\">698<\/td>\n<td class=\"align-center\">611<\/td>\n<td class=\"align-center\">1060<\/td>\n<td class=\"align-center\">1 1\/2\"<\/td>\n<\/tr>\n<tr>\n<td class=\"align-center\">PFB250.06<\/td>\n<td class=\"align-center\">250<\/td>\n<td class=\"align-center\">600<\/td>\n<td class=\"align-center\">788<\/td>\n<td class=\"align-center\">762<\/td>\n<td class=\"align-center\">998<\/td>\n<td class=\"align-center\">901<\/td>\n<td class=\"align-center\">1060<\/td>\n<td class=\"align-center\">1 1\/2\"<\/td>\n<\/tr>\n<tr>\n<td class=\"align-center\">PFB450.10<\/td>\n<td class=\"align-center\">450<\/td>\n<td class=\"align-center\">1000<\/td>\n<td class=\"align-center\">1168<\/td>\n<td class=\"align-center\">762<\/td>\n<td class=\"align-center\">998<\/td>\n<td class=\"align-center\">901<\/td>\n<td class=\"align-center\">1460<\/td>\n<td class=\"align-center\">1 1\/2\"<\/td>\n<\/tr>\n<tr>\n<td class=\"align-center\">PFB700.10<\/td>\n<td class=\"align-center\">700<\/td>\n<td class=\"align-center\">800<\/td>\n<td class=\"align-center\">968<\/td>\n<td class=\"align-center\">1165<\/td>\n<td class=\"align-center\">1470<\/td>\n<td class=\"align-center\">1320<\/td>\n<td class=\"align-center\">1260<\/td>\n<td class=\"align-center\">3\"<\/td>\n<\/tr>\n<tr>\n<td class=\"align-center\">PFB1000.10<\/td>\n<td class=\"align-center\">1000<\/td>\n<td class=\"align-center\">1000<\/td>\n<td class=\"align-center\">1168<\/td>\n<td class=\"align-center\">1165<\/td>\n<td class=\"align-center\">1470<\/td>\n<td class=\"align-center\">1320<\/td>\n<td class=\"align-center\">1460<\/td>\n<td class=\"align-center\">3\"<\/td>\n<\/tr>\n<tr>\n<td class=\"align-center\">PFB1600.15<\/td>\n<td class=\"align-center\">1600<\/td>\n<td class=\"align-center\">1500<\/td>\n<td class=\"align-center\">1668<\/td>\n<td class=\"align-center\">1165<\/td>\n<td class=\"align-center\">1470<\/td>\n<td class=\"align-center\">1320<\/td>\n<td class=\"align-center\">1820<\/td>\n<td class=\"align-center\">3\"<\/td>\n<\/tr>\n<tr>\n<td class=\"align-center\">PFB2200.20<\/td>\n<td class=\"align-center\">2200<\/td>\n<td class=\"align-center\">2000<\/td>\n<td class=\"align-center\">2168<\/td>\n<td class=\"align-center\">1165<\/td>\n<td class=\"align-center\">1470<\/td>\n<td class=\"align-center\">1320<\/td>\n<td class=\"align-center\">2460<\/td>\n<td class=\"align-center\">3\"<\/td>\n<\/tr>\n<\/tbody>\n<\/table>\n<p>*Filtertextilien 70g\/qm, Filtrationstiefe 35\u00a0\u03bcm<\/p>\n<ul>\n<li>Hauptparameter f\u00fcr die Bestimmung des Filterund Filterbandtyps sind folgende: gefilterte Fl\u00fcssigkeit, Eingangskonzentration, Abmessungen und Form der verunreinigenden Partikel, Durchl\u00e4ssigkeit des Filterbandes und Filterfeinheit.<\/li>\n<li>Die Nenndurchflussmenge in der Tabelle wurde als Mittelwert f\u00fcr w\u00e4ssrige Fl\u00fcssigkeiten berechnet.<\/li>\n<li>Wir sind bereit, eine f\u00fcr Sie optimale L\u00f6sung zu bestimmen, und zwar aufgrund von \u00fcbergebenen Parametern oder Schlamm- und Fl\u00fcssigkeitsproben f\u00fcr eine Filtrationsanalyse in unserem Pr\u00fcflabor.<\/li>\n<\/ul>\n<p>Falls Sie konkrete Anforderungen haben verwenden Sie die angegebene <a href=\"https:\/\/astos.cz\/de\/kontakty\/dulezite-kontakty\">Kontaktliste<\/a>.<\/p>\n<p>Anfrage Formular <a href=\"https:\/\/astos.cz\/de\/ke-stazeni\/poptavkove-formulare\">zum Download<\/a>.<\/p>\n<\/div><\/div><\/div><\/div><\/div>","protected":false},"excerpt":{"rendered":"<p>Bandtrommelfilter sind f\u00fcr die feine Filtration von K\u00fchl-und Schmiermitteln f\u00fcr Werkzeugmaschinen konzipiert<\/p>\n","protected":false},"author":6,"featured_media":8644,"parent":4727,"menu_order":0,"comment_status":"closed","ping_status":"closed","template":"","meta":[],"categories":[104],"tags":[],"yoast_head":"<!-- This site is optimized with the Yoast SEO plugin v18.5.1 - https:\/\/yoast.com\/wordpress\/plugins\/seo\/ -->\n<title>PFB - Trommelbandfilter | ASTOS Machinery<\/title>\n<meta name=\"robots\" content=\"index, follow, max-snippet:-1, max-image-preview:large, max-video-preview:-1\" \/>\n<link rel=\"canonical\" href=\"https:\/\/astos.cz\/de\/nase-vyrobky\/filtracni-zarizeni\/pfb-pasovy-filtr-bubnovy\/\" \/>\n<meta property=\"og:locale\" content=\"de_DE\" \/>\n<meta property=\"og:type\" content=\"article\" \/>\n<meta property=\"og:title\" content=\"PFB - Trommelbandfilter | ASTOS Machinery\" \/>\n<meta property=\"og:description\" content=\"Bandtrommelfilter sind f\u00fcr die feine Filtration von K\u00fchl-und Schmiermitteln f\u00fcr Werkzeugmaschinen konzipiert\" \/>\n<meta property=\"og:url\" content=\"https:\/\/astos.cz\/de\/nase-vyrobky\/filtracni-zarizeni\/pfb-pasovy-filtr-bubnovy\/\" \/>\n<meta property=\"og:site_name\" content=\"ASTOS Machinery\" \/>\n<meta property=\"article:modified_time\" content=\"2022-04-19T13:08:15+00:00\" \/>\n<meta property=\"og:image\" content=\"https:\/\/astos.cz\/wp-content\/uploads\/2019\/09\/Bubnova-filtrace-1.jpg\" \/>\n\t<meta property=\"og:image:width\" content=\"1140\" \/>\n\t<meta property=\"og:image:height\" content=\"640\" \/>\n\t<meta property=\"og:image:type\" content=\"image\/jpeg\" \/>\n<meta name=\"twitter:card\" content=\"summary\" \/>\n<meta name=\"twitter:label1\" content=\"Gesch\u00e4tzte Lesezeit\" \/>\n\t<meta name=\"twitter:data1\" content=\"2\u00a0Minuten\" \/>\n<script type=\"application\/ld+json\" class=\"yoast-schema-graph\">{\"@context\":\"https:\/\/schema.org\",\"@graph\":[{\"@type\":\"WebSite\",\"@id\":\"https:\/\/astos.cz\/#website\",\"url\":\"https:\/\/astos.cz\/\",\"name\":\"ASTOS Machinery\",\"description\":\"Specialista na dopravn\u00edkov\u00e9 syst\u00e9my a krytov\u00e1n\u00ed stroj\u016f\",\"potentialAction\":[{\"@type\":\"SearchAction\",\"target\":{\"@type\":\"EntryPoint\",\"urlTemplate\":\"https:\/\/astos.cz\/?s={search_term_string}\"},\"query-input\":\"required name=search_term_string\"}],\"inLanguage\":\"de\"},{\"@type\":\"ImageObject\",\"@id\":\"https:\/\/astos.cz\/de\/nase-vyrobky\/filtracni-zarizeni\/pfb-pasovy-filtr-bubnovy\/#primaryimage\",\"inLanguage\":\"de\",\"url\":\"https:\/\/astos.cz\/wp-content\/uploads\/2019\/09\/Bubnova-filtrace-1.jpg\",\"contentUrl\":\"https:\/\/astos.cz\/wp-content\/uploads\/2019\/09\/Bubnova-filtrace-1.jpg\",\"width\":1140,\"height\":640},{\"@type\":\"WebPage\",\"@id\":\"https:\/\/astos.cz\/de\/nase-vyrobky\/filtracni-zarizeni\/pfb-pasovy-filtr-bubnovy\/#webpage\",\"url\":\"https:\/\/astos.cz\/de\/nase-vyrobky\/filtracni-zarizeni\/pfb-pasovy-filtr-bubnovy\/\",\"name\":\"PFB - Trommelbandfilter | ASTOS Machinery\",\"isPartOf\":{\"@id\":\"https:\/\/astos.cz\/#website\"},\"primaryImageOfPage\":{\"@id\":\"https:\/\/astos.cz\/de\/nase-vyrobky\/filtracni-zarizeni\/pfb-pasovy-filtr-bubnovy\/#primaryimage\"},\"datePublished\":\"2016-03-04T09:10:34+00:00\",\"dateModified\":\"2022-04-19T13:08:15+00:00\",\"breadcrumb\":{\"@id\":\"https:\/\/astos.cz\/de\/nase-vyrobky\/filtracni-zarizeni\/pfb-pasovy-filtr-bubnovy\/#breadcrumb\"},\"inLanguage\":\"de\",\"potentialAction\":[{\"@type\":\"ReadAction\",\"target\":[\"https:\/\/astos.cz\/de\/nase-vyrobky\/filtracni-zarizeni\/pfb-pasovy-filtr-bubnovy\/\"]}]},{\"@type\":\"BreadcrumbList\",\"@id\":\"https:\/\/astos.cz\/de\/nase-vyrobky\/filtracni-zarizeni\/pfb-pasovy-filtr-bubnovy\/#breadcrumb\",\"itemListElement\":[{\"@type\":\"ListItem\",\"position\":1,\"name\":\"Dom\u016f\",\"item\":\"https:\/\/astos.cz\/de\/\"},{\"@type\":\"ListItem\",\"position\":2,\"name\":\"Produkte\",\"item\":\"https:\/\/astos.cz\/de\/nase-vyrobky\/\"},{\"@type\":\"ListItem\",\"position\":3,\"name\":\"Filtrationen\",\"item\":\"https:\/\/astos.cz\/de\/nase-vyrobky\/filtracni-zarizeni\/\"},{\"@type\":\"ListItem\",\"position\":4,\"name\":\"PFB &#8211; Trommelbandfilter\"}]}]}<\/script>\n<!-- \/ Yoast SEO plugin. -->","yoast_head_json":{"title":"PFB - Trommelbandfilter | ASTOS Machinery","robots":{"index":"index","follow":"follow","max-snippet":"max-snippet:-1","max-image-preview":"max-image-preview:large","max-video-preview":"max-video-preview:-1"},"canonical":"https:\/\/astos.cz\/de\/nase-vyrobky\/filtracni-zarizeni\/pfb-pasovy-filtr-bubnovy\/","og_locale":"de_DE","og_type":"article","og_title":"PFB - Trommelbandfilter | ASTOS Machinery","og_description":"Bandtrommelfilter sind f\u00fcr die feine Filtration von K\u00fchl-und Schmiermitteln f\u00fcr Werkzeugmaschinen konzipiert","og_url":"https:\/\/astos.cz\/de\/nase-vyrobky\/filtracni-zarizeni\/pfb-pasovy-filtr-bubnovy\/","og_site_name":"ASTOS Machinery","article_modified_time":"2022-04-19T13:08:15+00:00","og_image":[{"width":1140,"height":640,"url":"https:\/\/astos.cz\/wp-content\/uploads\/2019\/09\/Bubnova-filtrace-1.jpg","type":"image\/jpeg"}],"twitter_card":"summary","twitter_misc":{"Gesch\u00e4tzte Lesezeit":"2\u00a0Minuten"},"schema":{"@context":"https:\/\/schema.org","@graph":[{"@type":"WebSite","@id":"https:\/\/astos.cz\/#website","url":"https:\/\/astos.cz\/","name":"ASTOS Machinery","description":"Specialista na dopravn\u00edkov\u00e9 syst\u00e9my a krytov\u00e1n\u00ed stroj\u016f","potentialAction":[{"@type":"SearchAction","target":{"@type":"EntryPoint","urlTemplate":"https:\/\/astos.cz\/?s={search_term_string}"},"query-input":"required name=search_term_string"}],"inLanguage":"de"},{"@type":"ImageObject","@id":"https:\/\/astos.cz\/de\/nase-vyrobky\/filtracni-zarizeni\/pfb-pasovy-filtr-bubnovy\/#primaryimage","inLanguage":"de","url":"https:\/\/astos.cz\/wp-content\/uploads\/2019\/09\/Bubnova-filtrace-1.jpg","contentUrl":"https:\/\/astos.cz\/wp-content\/uploads\/2019\/09\/Bubnova-filtrace-1.jpg","width":1140,"height":640},{"@type":"WebPage","@id":"https:\/\/astos.cz\/de\/nase-vyrobky\/filtracni-zarizeni\/pfb-pasovy-filtr-bubnovy\/#webpage","url":"https:\/\/astos.cz\/de\/nase-vyrobky\/filtracni-zarizeni\/pfb-pasovy-filtr-bubnovy\/","name":"PFB - Trommelbandfilter | ASTOS Machinery","isPartOf":{"@id":"https:\/\/astos.cz\/#website"},"primaryImageOfPage":{"@id":"https:\/\/astos.cz\/de\/nase-vyrobky\/filtracni-zarizeni\/pfb-pasovy-filtr-bubnovy\/#primaryimage"},"datePublished":"2016-03-04T09:10:34+00:00","dateModified":"2022-04-19T13:08:15+00:00","breadcrumb":{"@id":"https:\/\/astos.cz\/de\/nase-vyrobky\/filtracni-zarizeni\/pfb-pasovy-filtr-bubnovy\/#breadcrumb"},"inLanguage":"de","potentialAction":[{"@type":"ReadAction","target":["https:\/\/astos.cz\/de\/nase-vyrobky\/filtracni-zarizeni\/pfb-pasovy-filtr-bubnovy\/"]}]},{"@type":"BreadcrumbList","@id":"https:\/\/astos.cz\/de\/nase-vyrobky\/filtracni-zarizeni\/pfb-pasovy-filtr-bubnovy\/#breadcrumb","itemListElement":[{"@type":"ListItem","position":1,"name":"Dom\u016f","item":"https:\/\/astos.cz\/de\/"},{"@type":"ListItem","position":2,"name":"Produkte","item":"https:\/\/astos.cz\/de\/nase-vyrobky\/"},{"@type":"ListItem","position":3,"name":"Filtrationen","item":"https:\/\/astos.cz\/de\/nase-vyrobky\/filtracni-zarizeni\/"},{"@type":"ListItem","position":4,"name":"PFB &#8211; Trommelbandfilter"}]}]}},"_links":{"self":[{"href":"https:\/\/astos.cz\/de\/wp-json\/wp\/v2\/pages\/4787"}],"collection":[{"href":"https:\/\/astos.cz\/de\/wp-json\/wp\/v2\/pages"}],"about":[{"href":"https:\/\/astos.cz\/de\/wp-json\/wp\/v2\/types\/page"}],"author":[{"embeddable":true,"href":"https:\/\/astos.cz\/de\/wp-json\/wp\/v2\/users\/6"}],"replies":[{"embeddable":true,"href":"https:\/\/astos.cz\/de\/wp-json\/wp\/v2\/comments?post=4787"}],"version-history":[{"count":25,"href":"https:\/\/astos.cz\/de\/wp-json\/wp\/v2\/pages\/4787\/revisions"}],"predecessor-version":[{"id":9765,"href":"https:\/\/astos.cz\/de\/wp-json\/wp\/v2\/pages\/4787\/revisions\/9765"}],"up":[{"embeddable":true,"href":"https:\/\/astos.cz\/de\/wp-json\/wp\/v2\/pages\/4727"}],"wp:featuredmedia":[{"embeddable":true,"href":"https:\/\/astos.cz\/de\/wp-json\/wp\/v2\/media\/8644"}],"wp:attachment":[{"href":"https:\/\/astos.cz\/de\/wp-json\/wp\/v2\/media?parent=4787"}],"wp:term":[{"taxonomy":"category","embeddable":true,"href":"https:\/\/astos.cz\/de\/wp-json\/wp\/v2\/categories?post=4787"},{"taxonomy":"post_tag","embeddable":true,"href":"https:\/\/astos.cz\/de\/wp-json\/wp\/v2\/tags?post=4787"}],"curies":[{"name":"wp","href":"https:\/\/api.w.org\/{rel}","templated":true}]}}