{"id":4772,"date":"2016-03-04T10:03:06","date_gmt":"2016-03-04T09:03:06","guid":{"rendered":"https:\/\/astos.cz\/de\/nase-vyrobky\/filtracni-zarizeni\/fs-filtracni-stanice\/"},"modified":"2022-04-19T14:06:21","modified_gmt":"2022-04-19T13:06:21","slug":"fs-filtracni-stanice","status":"publish","type":"page","link":"https:\/\/astos.cz\/de\/nase-vyrobky\/filtracni-zarizeni\/fs-filtracni-stanice\/","title":{"rendered":"FS &#8211; Filtrationsanlage"},"content":{"rendered":"<div id=\"pl-4772\"  class=\"panel-layout\" ><div id=\"pg-4772-0\"  class=\"panel-grid panel-no-style\" ><div id=\"pgc-4772-0-0\"  class=\"panel-grid-cell\" ><div id=\"panel-4772-0-0-0\" class=\"so-panel widget widget_black-studio-tinymce widget_black_studio_tinymce panel-first-child panel-last-child\" data-index=\"0\" ><div class=\"textwidget\"><h3 style=\"margin-top: 0px;\">Filtrationsanlage<\/h3>\n<p>Die Filtrationsanlagen bestehen aus dem Bandfilter, dem Magnetischen Separator und dem Beh\u00e4lter. Sie dienen zur Filtration des K\u00fchlschmierstoffes bei feiner Bearbeitung oder bei Abschlussarbeiten in der Fertigung. Die Form, der Umfang und die Art der Anbringung des Beh\u00e4lters werden individuell nach den Bed\u00fcrfnissen unserer Kunden gel\u00f6st.  Die Filtrationsanlagen haben eine Durchflusskapazit\u00e4t bis zu 200l bei Partikelgr\u00f6\u00dfe von 35 Mikron.  Durch Filtrationsgewebe und Beschr\u00e4nkung von dem Durchfluss kann die Feinheit von 20 Mikron erreicht sein.<\/p>\n<p><a href=\"https:\/\/astos.cz\/wp-content\/uploads\/2016\/03\/FS-Filtracni-stanice-vizualizace.jpg\"  rel=\"lightbox[4772] attachment wp-att-3512\"><img class=\"alignnone wp-image-3512\" src=\"https:\/\/astos.cz\/wp-content\/uploads\/2016\/03\/FS-Filtracni-stanice-vizualizace.jpg\" alt=\"FS-Filtracni-stanice-vizualizace\" width=\"820\" height=\"460\" \/><\/a><\/p>\n<\/div><\/div><\/div><\/div><div id=\"pg-4772-1\"  class=\"panel-grid panel-no-style\" ><div id=\"pgc-4772-1-0\"  class=\"panel-grid-cell\" ><div id=\"panel-4772-1-0-0\" class=\"so-panel widget widget_black-studio-tinymce widget_black_studio_tinymce panel-first-child panel-last-child\" data-index=\"1\" ><div class=\"textwidget\"><h4 class=\"alternative-heading\" style=\"margin-top: 0px\">Klassifizierung nach Durchflussmenge<\/h4>\n<p>Filtrationsanlagen werden in zwei Standardabmessungsgr\u00f6\u00dfen hergestellt. Nach der Position des Antriebes ist rechte und linke Ausf\u00fchrung m\u00f6glich.<\/p>\n<ul>\n<li>max. Durchfluss 63 l\/min \u2013 FS 63<\/li>\n<li>max. Durchfluss 200 l\/min \u2013 FS 200<\/li>\n<\/ul>\n<p>Wir erstellen die Filtrationsanlage mit Ausstattung nach individuellen Bed\u00fcrfnissen des Kunden (Pumpen, \u00d6labscheider, Niveauschalter, usw.) Das Elektroschaltbild kann den Bed\u00fcrfnissen unserer Kunden angepasst werden. Wir liefern standardm\u00e4\u00dfig zu allem Filtrationsanlagen zwei St\u00fcck Filtrationsgewebe von Feinheit 50 Mikron.<\/p>\n<p>Abmessungen von Standard-Filtrationsanlagen FS 63 \u2013 FS 200<\/p>\n<p>Falls Sie konkrete Anforderungen haben verwenden Sie die angegebene <a href=\"https:\/\/astos.cz\/de\/kontakty\/dulezite-kontakty\">Kontaktliste<\/a>.<\/p>\n<p>Anfrage Formular <a href=\"https:\/\/astos.cz\/de\/ke-stazeni\/poptavkove-formulare\">zum Download<\/a>.<\/p>\n<\/div><\/div><\/div><div id=\"pgc-4772-1-1\"  class=\"panel-grid-cell\" ><div id=\"panel-4772-1-1-0\" class=\"so-panel widget widget_black-studio-tinymce widget_black_studio_tinymce panel-first-child panel-last-child\" data-index=\"2\" ><div class=\"textwidget\"><p> <a href=\"https:\/\/astos.cz\/wp-content\/uploads\/2016\/03\/FS-schema.jpg\"  rel=\"lightbox[4772] attachment wp-att-3348\"><img class=\"alignnone wp-image-3348\" src=\"https:\/\/astos.cz\/wp-content\/uploads\/2016\/03\/FS-schema.jpg\" alt=\"FS-schema\" width=\"410\" height=\"264\" \/><\/a><\/p>\n<\/div><\/div><\/div><\/div><\/div>","protected":false},"excerpt":{"rendered":"<p>Die Filtrationsanlagen bestehen aus dem Bandfilter, dem Magnetischen Separator und dem Beh\u00e4lter<\/p>\n","protected":false},"author":6,"featured_media":4777,"parent":4727,"menu_order":0,"comment_status":"closed","ping_status":"closed","template":"","meta":[],"categories":[104],"tags":[],"yoast_head":"<!-- This site is optimized with the Yoast SEO plugin v18.5.1 - https:\/\/yoast.com\/wordpress\/plugins\/seo\/ -->\n<title>FS - Filtrationsanlage | ASTOS Machinery<\/title>\n<meta name=\"robots\" content=\"index, follow, max-snippet:-1, max-image-preview:large, max-video-preview:-1\" \/>\n<link rel=\"canonical\" href=\"https:\/\/astos.cz\/de\/nase-vyrobky\/filtracni-zarizeni\/fs-filtracni-stanice\/\" \/>\n<meta property=\"og:locale\" content=\"de_DE\" \/>\n<meta property=\"og:type\" content=\"article\" \/>\n<meta property=\"og:title\" content=\"FS - Filtrationsanlage | ASTOS Machinery\" \/>\n<meta property=\"og:description\" content=\"Die Filtrationsanlagen bestehen aus dem Bandfilter, dem Magnetischen Separator und dem Beh\u00e4lter\" \/>\n<meta property=\"og:url\" content=\"https:\/\/astos.cz\/de\/nase-vyrobky\/filtracni-zarizeni\/fs-filtracni-stanice\/\" \/>\n<meta property=\"og:site_name\" content=\"ASTOS Machinery\" \/>\n<meta property=\"article:modified_time\" content=\"2022-04-19T13:06:21+00:00\" \/>\n<meta property=\"og:image\" content=\"https:\/\/astos.cz\/wp-content\/uploads\/2016\/03\/FS-Filtracni-stanice.jpg\" \/>\n\t<meta property=\"og:image:width\" content=\"1140\" \/>\n\t<meta property=\"og:image:height\" content=\"640\" \/>\n\t<meta property=\"og:image:type\" content=\"image\/jpeg\" \/>\n<meta name=\"twitter:card\" content=\"summary\" \/>\n<meta name=\"twitter:label1\" content=\"Gesch\u00e4tzte Lesezeit\" \/>\n\t<meta name=\"twitter:data1\" content=\"1\u00a0Minute\" \/>\n<script type=\"application\/ld+json\" class=\"yoast-schema-graph\">{\"@context\":\"https:\/\/schema.org\",\"@graph\":[{\"@type\":\"WebSite\",\"@id\":\"https:\/\/astos.cz\/#website\",\"url\":\"https:\/\/astos.cz\/\",\"name\":\"ASTOS Machinery\",\"description\":\"Specialista na dopravn\u00edkov\u00e9 syst\u00e9my a krytov\u00e1n\u00ed stroj\u016f\",\"potentialAction\":[{\"@type\":\"SearchAction\",\"target\":{\"@type\":\"EntryPoint\",\"urlTemplate\":\"https:\/\/astos.cz\/?s={search_term_string}\"},\"query-input\":\"required name=search_term_string\"}],\"inLanguage\":\"de\"},{\"@type\":\"ImageObject\",\"@id\":\"https:\/\/astos.cz\/de\/nase-vyrobky\/filtracni-zarizeni\/fs-filtracni-stanice\/#primaryimage\",\"inLanguage\":\"de\",\"url\":\"https:\/\/astos.cz\/wp-content\/uploads\/2016\/03\/FS-Filtracni-stanice.jpg\",\"contentUrl\":\"https:\/\/astos.cz\/wp-content\/uploads\/2016\/03\/FS-Filtracni-stanice.jpg\",\"width\":1140,\"height\":640},{\"@type\":\"WebPage\",\"@id\":\"https:\/\/astos.cz\/de\/nase-vyrobky\/filtracni-zarizeni\/fs-filtracni-stanice\/#webpage\",\"url\":\"https:\/\/astos.cz\/de\/nase-vyrobky\/filtracni-zarizeni\/fs-filtracni-stanice\/\",\"name\":\"FS - Filtrationsanlage | ASTOS Machinery\",\"isPartOf\":{\"@id\":\"https:\/\/astos.cz\/#website\"},\"primaryImageOfPage\":{\"@id\":\"https:\/\/astos.cz\/de\/nase-vyrobky\/filtracni-zarizeni\/fs-filtracni-stanice\/#primaryimage\"},\"datePublished\":\"2016-03-04T09:03:06+00:00\",\"dateModified\":\"2022-04-19T13:06:21+00:00\",\"breadcrumb\":{\"@id\":\"https:\/\/astos.cz\/de\/nase-vyrobky\/filtracni-zarizeni\/fs-filtracni-stanice\/#breadcrumb\"},\"inLanguage\":\"de\",\"potentialAction\":[{\"@type\":\"ReadAction\",\"target\":[\"https:\/\/astos.cz\/de\/nase-vyrobky\/filtracni-zarizeni\/fs-filtracni-stanice\/\"]}]},{\"@type\":\"BreadcrumbList\",\"@id\":\"https:\/\/astos.cz\/de\/nase-vyrobky\/filtracni-zarizeni\/fs-filtracni-stanice\/#breadcrumb\",\"itemListElement\":[{\"@type\":\"ListItem\",\"position\":1,\"name\":\"Dom\u016f\",\"item\":\"https:\/\/astos.cz\/de\/\"},{\"@type\":\"ListItem\",\"position\":2,\"name\":\"Produkte\",\"item\":\"https:\/\/astos.cz\/de\/nase-vyrobky\/\"},{\"@type\":\"ListItem\",\"position\":3,\"name\":\"Filtrationen\",\"item\":\"https:\/\/astos.cz\/de\/nase-vyrobky\/filtracni-zarizeni\/\"},{\"@type\":\"ListItem\",\"position\":4,\"name\":\"FS &#8211; Filtrationsanlage\"}]}]}<\/script>\n<!-- \/ Yoast SEO plugin. -->","yoast_head_json":{"title":"FS - Filtrationsanlage | ASTOS Machinery","robots":{"index":"index","follow":"follow","max-snippet":"max-snippet:-1","max-image-preview":"max-image-preview:large","max-video-preview":"max-video-preview:-1"},"canonical":"https:\/\/astos.cz\/de\/nase-vyrobky\/filtracni-zarizeni\/fs-filtracni-stanice\/","og_locale":"de_DE","og_type":"article","og_title":"FS - Filtrationsanlage | ASTOS Machinery","og_description":"Die Filtrationsanlagen bestehen aus dem Bandfilter, dem Magnetischen Separator und dem Beh\u00e4lter","og_url":"https:\/\/astos.cz\/de\/nase-vyrobky\/filtracni-zarizeni\/fs-filtracni-stanice\/","og_site_name":"ASTOS Machinery","article_modified_time":"2022-04-19T13:06:21+00:00","og_image":[{"width":1140,"height":640,"url":"https:\/\/astos.cz\/wp-content\/uploads\/2016\/03\/FS-Filtracni-stanice.jpg","type":"image\/jpeg"}],"twitter_card":"summary","twitter_misc":{"Gesch\u00e4tzte Lesezeit":"1\u00a0Minute"},"schema":{"@context":"https:\/\/schema.org","@graph":[{"@type":"WebSite","@id":"https:\/\/astos.cz\/#website","url":"https:\/\/astos.cz\/","name":"ASTOS Machinery","description":"Specialista na dopravn\u00edkov\u00e9 syst\u00e9my a krytov\u00e1n\u00ed stroj\u016f","potentialAction":[{"@type":"SearchAction","target":{"@type":"EntryPoint","urlTemplate":"https:\/\/astos.cz\/?s={search_term_string}"},"query-input":"required name=search_term_string"}],"inLanguage":"de"},{"@type":"ImageObject","@id":"https:\/\/astos.cz\/de\/nase-vyrobky\/filtracni-zarizeni\/fs-filtracni-stanice\/#primaryimage","inLanguage":"de","url":"https:\/\/astos.cz\/wp-content\/uploads\/2016\/03\/FS-Filtracni-stanice.jpg","contentUrl":"https:\/\/astos.cz\/wp-content\/uploads\/2016\/03\/FS-Filtracni-stanice.jpg","width":1140,"height":640},{"@type":"WebPage","@id":"https:\/\/astos.cz\/de\/nase-vyrobky\/filtracni-zarizeni\/fs-filtracni-stanice\/#webpage","url":"https:\/\/astos.cz\/de\/nase-vyrobky\/filtracni-zarizeni\/fs-filtracni-stanice\/","name":"FS - Filtrationsanlage | ASTOS Machinery","isPartOf":{"@id":"https:\/\/astos.cz\/#website"},"primaryImageOfPage":{"@id":"https:\/\/astos.cz\/de\/nase-vyrobky\/filtracni-zarizeni\/fs-filtracni-stanice\/#primaryimage"},"datePublished":"2016-03-04T09:03:06+00:00","dateModified":"2022-04-19T13:06:21+00:00","breadcrumb":{"@id":"https:\/\/astos.cz\/de\/nase-vyrobky\/filtracni-zarizeni\/fs-filtracni-stanice\/#breadcrumb"},"inLanguage":"de","potentialAction":[{"@type":"ReadAction","target":["https:\/\/astos.cz\/de\/nase-vyrobky\/filtracni-zarizeni\/fs-filtracni-stanice\/"]}]},{"@type":"BreadcrumbList","@id":"https:\/\/astos.cz\/de\/nase-vyrobky\/filtracni-zarizeni\/fs-filtracni-stanice\/#breadcrumb","itemListElement":[{"@type":"ListItem","position":1,"name":"Dom\u016f","item":"https:\/\/astos.cz\/de\/"},{"@type":"ListItem","position":2,"name":"Produkte","item":"https:\/\/astos.cz\/de\/nase-vyrobky\/"},{"@type":"ListItem","position":3,"name":"Filtrationen","item":"https:\/\/astos.cz\/de\/nase-vyrobky\/filtracni-zarizeni\/"},{"@type":"ListItem","position":4,"name":"FS &#8211; Filtrationsanlage"}]}]}},"_links":{"self":[{"href":"https:\/\/astos.cz\/de\/wp-json\/wp\/v2\/pages\/4772"}],"collection":[{"href":"https:\/\/astos.cz\/de\/wp-json\/wp\/v2\/pages"}],"about":[{"href":"https:\/\/astos.cz\/de\/wp-json\/wp\/v2\/types\/page"}],"author":[{"embeddable":true,"href":"https:\/\/astos.cz\/de\/wp-json\/wp\/v2\/users\/6"}],"replies":[{"embeddable":true,"href":"https:\/\/astos.cz\/de\/wp-json\/wp\/v2\/comments?post=4772"}],"version-history":[{"count":7,"href":"https:\/\/astos.cz\/de\/wp-json\/wp\/v2\/pages\/4772\/revisions"}],"predecessor-version":[{"id":10286,"href":"https:\/\/astos.cz\/de\/wp-json\/wp\/v2\/pages\/4772\/revisions\/10286"}],"up":[{"embeddable":true,"href":"https:\/\/astos.cz\/de\/wp-json\/wp\/v2\/pages\/4727"}],"wp:featuredmedia":[{"embeddable":true,"href":"https:\/\/astos.cz\/de\/wp-json\/wp\/v2\/media\/4777"}],"wp:attachment":[{"href":"https:\/\/astos.cz\/de\/wp-json\/wp\/v2\/media?parent=4772"}],"wp:term":[{"taxonomy":"category","embeddable":true,"href":"https:\/\/astos.cz\/de\/wp-json\/wp\/v2\/categories?post=4772"},{"taxonomy":"post_tag","embeddable":true,"href":"https:\/\/astos.cz\/de\/wp-json\/wp\/v2\/tags?post=4772"}],"curies":[{"name":"wp","href":"https:\/\/api.w.org\/{rel}","templated":true}]}}