{"id":4755,"date":"2016-03-04T09:49:55","date_gmt":"2016-03-04T08:49:55","guid":{"rendered":"https:\/\/astos.cz\/de\/nase-vyrobky\/filtracni-zarizeni\/ms-magneticke-separatory\/"},"modified":"2022-04-19T14:04:58","modified_gmt":"2022-04-19T13:04:58","slug":"ms-magneticke-separatory","status":"publish","type":"page","link":"https:\/\/astos.cz\/de\/nase-vyrobky\/filtracni-zarizeni\/ms-magneticke-separatory\/","title":{"rendered":"MS &#8211; Magnetische Separatoren"},"content":{"rendered":"<div id=\"pl-4755\"  class=\"panel-layout\" ><div id=\"pg-4755-0\"  class=\"panel-grid panel-no-style\" ><div id=\"pgc-4755-0-0\"  class=\"panel-grid-cell\" ><div id=\"panel-4755-0-0-0\" class=\"so-panel widget widget_black-studio-tinymce widget_black_studio_tinymce panel-first-child panel-last-child\" data-index=\"0\" ><div class=\"textwidget\"><h3 style=\"margin-top: 0px;\">Magnetabscheider<\/h3>\n<p>Magnetische Separatoren sind vor allem f\u00fcr die grobe Reinigung der K\u00fchlmittelfl\u00fcssigkeit von ferromagnetischen Verunreinigungen bestimmt. Die Konstruktion von magnetischem Separator macht der kontinuierliche Ablauf der K\u00fchlmittelreinigung m\u00f6glich.<\/p>\n<p><a href=\"https:\/\/astos.cz\/wp-content\/uploads\/2016\/03\/MS-Magneticky-separator.jpg\"  rel=\"lightbox[4755] attachment wp-att-3505\"><img class=\"alignnone wp-image-3505\" src=\"https:\/\/astos.cz\/wp-content\/uploads\/2016\/03\/MS-Magneticky-separator.jpg\" alt=\"MS-Magneticky-separator\" width=\"820\" height=\"460\" \/><\/a><\/p>\n<h4 class=\"alternative-heading\">Klassifizierung nach Durchflussmenge<\/h4>\n<p>Magnetische Separatoren werden in zwei Standardabmessungsgr\u00f6\u00dfen hergestellt., bestimmt durch die Durchflussmenge<\/p>\n<ul>\n<li>max. Durchfluss 63 l\/min - MS 63<\/li>\n<li>max. Durchfluss 100 l\/min - MS 100<\/li>\n<\/ul>\n<p>Ideale Funktion des magnetischen Separators ist in Kombination mit einem Bandfilter gegeben. Wir bieten die M\u00f6glichkeit der Herstellung in linker und rechter Ausf\u00fchrung. Auf Wunsch des Kunden k\u00f6nnen wir den magnetischen Separator mit dem Beh\u00e4lter herstellen.<\/p>\n<p>Wir bitten die M\u00f6glichkeit der Herstellung auch gr\u00f6\u00dferer Separatoren nach individuellen Bed\u00fcrfnissen.<\/p>\n<p>Abmessungen von Standard Magnetischen Separatoren MS63 und MS 100.<\/p>\n<p>Falls Sie konkrete Anforderungen haben verwenden Sie die angegebene <a href=\"https:\/\/astos.cz\/de\/kontakty\/dulezite-kontakty\">Kontaktliste<\/a>.<\/p>\n<p>Anfrage Formular <a href=\"https:\/\/astos.cz\/de\/ke-stazeni\/poptavkove-formulare\">zum Download<\/a>.<\/p>\n<\/div><\/div><\/div><\/div><div id=\"pg-4755-1\"  class=\"panel-grid panel-no-style\" ><div id=\"pgc-4755-1-0\"  class=\"panel-grid-cell\" ><div id=\"panel-4755-1-0-0\" class=\"so-panel widget widget_black-studio-tinymce widget_black_studio_tinymce panel-first-child panel-last-child\" data-index=\"1\" ><div class=\"textwidget\"><p><div id='gallery-1' class='gallery galleryid-4755 gallery-columns-3 gallery-size-medium'><figure class='gallery-item'>\n\t\t\t<div class='gallery-icon landscape'>\n\t\t\t\t<a href='https:\/\/astos.cz\/wp-content\/uploads\/2016\/03\/MS-schema-1-1.jpg' rel=\"lightbox[4755]\"><img width=\"300\" height=\"193\" src=\"https:\/\/astos.cz\/wp-content\/uploads\/2016\/03\/MS-schema-1-1-300x193.jpg\" class=\"attachment-medium size-medium\" alt=\"\" loading=\"lazy\" srcset=\"https:\/\/astos.cz\/wp-content\/uploads\/2016\/03\/MS-schema-1-1-300x193.jpg 300w, https:\/\/astos.cz\/wp-content\/uploads\/2016\/03\/MS-schema-1-1-555x357.jpg 555w, https:\/\/astos.cz\/wp-content\/uploads\/2016\/03\/MS-schema-1-1.jpg 700w\" sizes=\"(max-width: 300px) 100vw, 300px\" \/><\/a>\n\t\t\t<\/div><\/figure><figure class='gallery-item'>\n\t\t\t<div class='gallery-icon landscape'>\n\t\t\t\t<a href='https:\/\/astos.cz\/wp-content\/uploads\/2016\/03\/MS-schema-2-1.jpg' rel=\"lightbox[4755]\"><img width=\"300\" height=\"193\" src=\"https:\/\/astos.cz\/wp-content\/uploads\/2016\/03\/MS-schema-2-1-300x193.jpg\" class=\"attachment-medium size-medium\" alt=\"\" loading=\"lazy\" srcset=\"https:\/\/astos.cz\/wp-content\/uploads\/2016\/03\/MS-schema-2-1-300x193.jpg 300w, https:\/\/astos.cz\/wp-content\/uploads\/2016\/03\/MS-schema-2-1-555x357.jpg 555w, https:\/\/astos.cz\/wp-content\/uploads\/2016\/03\/MS-schema-2-1.jpg 700w\" sizes=\"(max-width: 300px) 100vw, 300px\" \/><\/a>\n\t\t\t<\/div><\/figure><figure class='gallery-item'>\n\t\t\t<div class='gallery-icon landscape'>\n\t\t\t\t<a href='https:\/\/astos.cz\/wp-content\/uploads\/2016\/03\/MS-schema-3-1.jpg' rel=\"lightbox[4755]\"><img width=\"300\" height=\"193\" src=\"https:\/\/astos.cz\/wp-content\/uploads\/2016\/03\/MS-schema-3-1-300x193.jpg\" class=\"attachment-medium size-medium\" alt=\"\" loading=\"lazy\" srcset=\"https:\/\/astos.cz\/wp-content\/uploads\/2016\/03\/MS-schema-3-1-300x193.jpg 300w, https:\/\/astos.cz\/wp-content\/uploads\/2016\/03\/MS-schema-3-1-555x357.jpg 555w, https:\/\/astos.cz\/wp-content\/uploads\/2016\/03\/MS-schema-3-1.jpg 700w\" sizes=\"(max-width: 300px) 100vw, 300px\" \/><\/a>\n\t\t\t<\/div><\/figure>\n\t\t<\/div>\n<\/p>\n<\/div><\/div><\/div><\/div><\/div>","protected":false},"excerpt":{"rendered":"<p>Magnetische Separatoren sind vor allem f\u00fcr die grobe Reinigung der K\u00fchlmittelfl\u00fcssigkeit<\/p>\n","protected":false},"author":6,"featured_media":4765,"parent":4727,"menu_order":0,"comment_status":"closed","ping_status":"closed","template":"","meta":[],"categories":[104],"tags":[],"yoast_head":"<!-- This site is optimized with the Yoast SEO plugin v18.5.1 - https:\/\/yoast.com\/wordpress\/plugins\/seo\/ -->\n<title>MS - Magnetische Separatoren | ASTOS Machinery<\/title>\n<meta name=\"robots\" content=\"index, follow, max-snippet:-1, max-image-preview:large, max-video-preview:-1\" \/>\n<link rel=\"canonical\" href=\"https:\/\/astos.cz\/de\/nase-vyrobky\/filtracni-zarizeni\/ms-magneticke-separatory\/\" \/>\n<meta property=\"og:locale\" content=\"de_DE\" \/>\n<meta property=\"og:type\" content=\"article\" \/>\n<meta property=\"og:title\" content=\"MS - Magnetische Separatoren | ASTOS Machinery\" \/>\n<meta property=\"og:description\" content=\"Magnetische Separatoren sind vor allem f\u00fcr die grobe Reinigung der K\u00fchlmittelfl\u00fcssigkeit\" \/>\n<meta property=\"og:url\" content=\"https:\/\/astos.cz\/de\/nase-vyrobky\/filtracni-zarizeni\/ms-magneticke-separatory\/\" \/>\n<meta property=\"og:site_name\" content=\"ASTOS Machinery\" \/>\n<meta property=\"article:modified_time\" content=\"2022-04-19T13:04:58+00:00\" \/>\n<meta property=\"og:image\" content=\"https:\/\/astos.cz\/wp-content\/uploads\/2016\/03\/MS-Magneticke-separatory.jpg\" \/>\n\t<meta property=\"og:image:width\" content=\"1140\" \/>\n\t<meta property=\"og:image:height\" content=\"640\" \/>\n\t<meta property=\"og:image:type\" content=\"image\/jpeg\" \/>\n<meta name=\"twitter:card\" content=\"summary\" \/>\n<meta name=\"twitter:label1\" content=\"Gesch\u00e4tzte Lesezeit\" \/>\n\t<meta name=\"twitter:data1\" content=\"1\u00a0Minute\" \/>\n<script type=\"application\/ld+json\" class=\"yoast-schema-graph\">{\"@context\":\"https:\/\/schema.org\",\"@graph\":[{\"@type\":\"WebSite\",\"@id\":\"https:\/\/astos.cz\/#website\",\"url\":\"https:\/\/astos.cz\/\",\"name\":\"ASTOS Machinery\",\"description\":\"Specialista na dopravn\u00edkov\u00e9 syst\u00e9my a krytov\u00e1n\u00ed stroj\u016f\",\"potentialAction\":[{\"@type\":\"SearchAction\",\"target\":{\"@type\":\"EntryPoint\",\"urlTemplate\":\"https:\/\/astos.cz\/?s={search_term_string}\"},\"query-input\":\"required name=search_term_string\"}],\"inLanguage\":\"de\"},{\"@type\":\"ImageObject\",\"@id\":\"https:\/\/astos.cz\/de\/nase-vyrobky\/filtracni-zarizeni\/ms-magneticke-separatory\/#primaryimage\",\"inLanguage\":\"de\",\"url\":\"https:\/\/astos.cz\/wp-content\/uploads\/2016\/03\/MS-Magneticke-separatory.jpg\",\"contentUrl\":\"https:\/\/astos.cz\/wp-content\/uploads\/2016\/03\/MS-Magneticke-separatory.jpg\",\"width\":1140,\"height\":640},{\"@type\":\"WebPage\",\"@id\":\"https:\/\/astos.cz\/de\/nase-vyrobky\/filtracni-zarizeni\/ms-magneticke-separatory\/#webpage\",\"url\":\"https:\/\/astos.cz\/de\/nase-vyrobky\/filtracni-zarizeni\/ms-magneticke-separatory\/\",\"name\":\"MS - Magnetische Separatoren | ASTOS Machinery\",\"isPartOf\":{\"@id\":\"https:\/\/astos.cz\/#website\"},\"primaryImageOfPage\":{\"@id\":\"https:\/\/astos.cz\/de\/nase-vyrobky\/filtracni-zarizeni\/ms-magneticke-separatory\/#primaryimage\"},\"datePublished\":\"2016-03-04T08:49:55+00:00\",\"dateModified\":\"2022-04-19T13:04:58+00:00\",\"breadcrumb\":{\"@id\":\"https:\/\/astos.cz\/de\/nase-vyrobky\/filtracni-zarizeni\/ms-magneticke-separatory\/#breadcrumb\"},\"inLanguage\":\"de\",\"potentialAction\":[{\"@type\":\"ReadAction\",\"target\":[\"https:\/\/astos.cz\/de\/nase-vyrobky\/filtracni-zarizeni\/ms-magneticke-separatory\/\"]}]},{\"@type\":\"BreadcrumbList\",\"@id\":\"https:\/\/astos.cz\/de\/nase-vyrobky\/filtracni-zarizeni\/ms-magneticke-separatory\/#breadcrumb\",\"itemListElement\":[{\"@type\":\"ListItem\",\"position\":1,\"name\":\"Dom\u016f\",\"item\":\"https:\/\/astos.cz\/de\/\"},{\"@type\":\"ListItem\",\"position\":2,\"name\":\"Produkte\",\"item\":\"https:\/\/astos.cz\/de\/nase-vyrobky\/\"},{\"@type\":\"ListItem\",\"position\":3,\"name\":\"Filtrationen\",\"item\":\"https:\/\/astos.cz\/de\/nase-vyrobky\/filtracni-zarizeni\/\"},{\"@type\":\"ListItem\",\"position\":4,\"name\":\"MS &#8211; Magnetische Separatoren\"}]}]}<\/script>\n<!-- \/ Yoast SEO plugin. -->","yoast_head_json":{"title":"MS - Magnetische Separatoren | ASTOS Machinery","robots":{"index":"index","follow":"follow","max-snippet":"max-snippet:-1","max-image-preview":"max-image-preview:large","max-video-preview":"max-video-preview:-1"},"canonical":"https:\/\/astos.cz\/de\/nase-vyrobky\/filtracni-zarizeni\/ms-magneticke-separatory\/","og_locale":"de_DE","og_type":"article","og_title":"MS - Magnetische Separatoren | ASTOS Machinery","og_description":"Magnetische Separatoren sind vor allem f\u00fcr die grobe Reinigung der K\u00fchlmittelfl\u00fcssigkeit","og_url":"https:\/\/astos.cz\/de\/nase-vyrobky\/filtracni-zarizeni\/ms-magneticke-separatory\/","og_site_name":"ASTOS Machinery","article_modified_time":"2022-04-19T13:04:58+00:00","og_image":[{"width":1140,"height":640,"url":"https:\/\/astos.cz\/wp-content\/uploads\/2016\/03\/MS-Magneticke-separatory.jpg","type":"image\/jpeg"}],"twitter_card":"summary","twitter_misc":{"Gesch\u00e4tzte Lesezeit":"1\u00a0Minute"},"schema":{"@context":"https:\/\/schema.org","@graph":[{"@type":"WebSite","@id":"https:\/\/astos.cz\/#website","url":"https:\/\/astos.cz\/","name":"ASTOS Machinery","description":"Specialista na dopravn\u00edkov\u00e9 syst\u00e9my a krytov\u00e1n\u00ed stroj\u016f","potentialAction":[{"@type":"SearchAction","target":{"@type":"EntryPoint","urlTemplate":"https:\/\/astos.cz\/?s={search_term_string}"},"query-input":"required name=search_term_string"}],"inLanguage":"de"},{"@type":"ImageObject","@id":"https:\/\/astos.cz\/de\/nase-vyrobky\/filtracni-zarizeni\/ms-magneticke-separatory\/#primaryimage","inLanguage":"de","url":"https:\/\/astos.cz\/wp-content\/uploads\/2016\/03\/MS-Magneticke-separatory.jpg","contentUrl":"https:\/\/astos.cz\/wp-content\/uploads\/2016\/03\/MS-Magneticke-separatory.jpg","width":1140,"height":640},{"@type":"WebPage","@id":"https:\/\/astos.cz\/de\/nase-vyrobky\/filtracni-zarizeni\/ms-magneticke-separatory\/#webpage","url":"https:\/\/astos.cz\/de\/nase-vyrobky\/filtracni-zarizeni\/ms-magneticke-separatory\/","name":"MS - Magnetische Separatoren | ASTOS Machinery","isPartOf":{"@id":"https:\/\/astos.cz\/#website"},"primaryImageOfPage":{"@id":"https:\/\/astos.cz\/de\/nase-vyrobky\/filtracni-zarizeni\/ms-magneticke-separatory\/#primaryimage"},"datePublished":"2016-03-04T08:49:55+00:00","dateModified":"2022-04-19T13:04:58+00:00","breadcrumb":{"@id":"https:\/\/astos.cz\/de\/nase-vyrobky\/filtracni-zarizeni\/ms-magneticke-separatory\/#breadcrumb"},"inLanguage":"de","potentialAction":[{"@type":"ReadAction","target":["https:\/\/astos.cz\/de\/nase-vyrobky\/filtracni-zarizeni\/ms-magneticke-separatory\/"]}]},{"@type":"BreadcrumbList","@id":"https:\/\/astos.cz\/de\/nase-vyrobky\/filtracni-zarizeni\/ms-magneticke-separatory\/#breadcrumb","itemListElement":[{"@type":"ListItem","position":1,"name":"Dom\u016f","item":"https:\/\/astos.cz\/de\/"},{"@type":"ListItem","position":2,"name":"Produkte","item":"https:\/\/astos.cz\/de\/nase-vyrobky\/"},{"@type":"ListItem","position":3,"name":"Filtrationen","item":"https:\/\/astos.cz\/de\/nase-vyrobky\/filtracni-zarizeni\/"},{"@type":"ListItem","position":4,"name":"MS &#8211; Magnetische Separatoren"}]}]}},"_links":{"self":[{"href":"https:\/\/astos.cz\/de\/wp-json\/wp\/v2\/pages\/4755"}],"collection":[{"href":"https:\/\/astos.cz\/de\/wp-json\/wp\/v2\/pages"}],"about":[{"href":"https:\/\/astos.cz\/de\/wp-json\/wp\/v2\/types\/page"}],"author":[{"embeddable":true,"href":"https:\/\/astos.cz\/de\/wp-json\/wp\/v2\/users\/6"}],"replies":[{"embeddable":true,"href":"https:\/\/astos.cz\/de\/wp-json\/wp\/v2\/comments?post=4755"}],"version-history":[{"count":7,"href":"https:\/\/astos.cz\/de\/wp-json\/wp\/v2\/pages\/4755\/revisions"}],"predecessor-version":[{"id":9763,"href":"https:\/\/astos.cz\/de\/wp-json\/wp\/v2\/pages\/4755\/revisions\/9763"}],"up":[{"embeddable":true,"href":"https:\/\/astos.cz\/de\/wp-json\/wp\/v2\/pages\/4727"}],"wp:featuredmedia":[{"embeddable":true,"href":"https:\/\/astos.cz\/de\/wp-json\/wp\/v2\/media\/4765"}],"wp:attachment":[{"href":"https:\/\/astos.cz\/de\/wp-json\/wp\/v2\/media?parent=4755"}],"wp:term":[{"taxonomy":"category","embeddable":true,"href":"https:\/\/astos.cz\/de\/wp-json\/wp\/v2\/categories?post=4755"},{"taxonomy":"post_tag","embeddable":true,"href":"https:\/\/astos.cz\/de\/wp-json\/wp\/v2\/tags?post=4755"}],"curies":[{"name":"wp","href":"https:\/\/api.w.org\/{rel}","templated":true}]}}