{"id":4736,"date":"2016-03-04T09:23:50","date_gmt":"2016-03-04T08:23:50","guid":{"rendered":"https:\/\/astos.cz\/de\/nase-vyrobky\/filtracni-zarizeni\/pf-pasove-filtry\/"},"modified":"2022-04-19T13:55:42","modified_gmt":"2022-04-19T12:55:42","slug":"pf-pasove-filtry","status":"publish","type":"page","link":"https:\/\/astos.cz\/de\/nase-vyrobky\/filtracni-zarizeni\/pf-pasove-filtry\/","title":{"rendered":"PF &#8211; Bandfilter"},"content":{"rendered":"<div id=\"pl-4736\"  class=\"panel-layout\" ><div id=\"pg-4736-0\"  class=\"panel-grid panel-no-style\" ><div id=\"pgc-4736-0-0\"  class=\"panel-grid-cell\" ><div id=\"panel-4736-0-0-0\" class=\"so-panel widget widget_black-studio-tinymce widget_black_studio_tinymce panel-first-child panel-last-child\" data-index=\"0\" ><div class=\"textwidget\"><h3 style=\"margin-top: 0px;\">Bandfilter<\/h3>\n<p>Die Bandfilter sind f\u00fcr feine Filtration des Schneid \u2013 oder K\u00fchlschmierstoffes bestimmt. Die Feinheit der Filtration ist durch den verwendeten Typ des Filtrationsgewebes gegeben. Die Filtration verl\u00e4uft in automatischen Zyklen. Die Bandfilter sind geeignet f\u00fcr die Montage zum K\u00fchlmittel-Sammelbeh\u00e4lter und k\u00f6nnen einfach mit einem Magnetabscheider kombiniert werden.<\/p>\n<p><a href=\"https:\/\/astos.cz\/wp-content\/uploads\/2016\/02\/PF-Pasove-filtry.jpg\"  rel=\"lightbox[4736] attachment wp-att-2921\"><img class=\"alignnone wp-image-2921\" src=\"https:\/\/astos.cz\/wp-content\/uploads\/2016\/02\/PF-Pasove-filtry.jpg\" alt=\"PF-Pasove-filtry\" width=\"820\" height=\"460\" \/><\/a><\/p>\n<\/div><\/div><\/div><\/div><div id=\"pg-4736-1\"  class=\"panel-grid panel-no-style\" ><div id=\"pgc-4736-1-0\"  class=\"panel-grid-cell\" ><div id=\"panel-4736-1-0-0\" class=\"so-panel widget widget_black-studio-tinymce widget_black_studio_tinymce panel-first-child panel-last-child\" data-index=\"1\" ><div class=\"textwidget\"><h4 class=\"alternative-heading\" style=\"margin-top: 0px\">Aufteilung nach dem Durchflussvolumen<\/h4>\n<p>Sie werden in vier Standardabmessungsgr\u00f6\u00dfen hergestellt, bestimmt durch die Durchflussmenge<\/p>\n<ul>\n<li>max. Durchfluss 63 l\/min - PF 63<\/li>\n<li>max. Durchfluss 100 l\/min - PF 100<\/li>\n<li>max. Durchfluss 150 l\/min - PF 150<\/li>\n<li>max. Durchfluss 200 l\/min - PF 200<\/li>\n<\/ul>\n<p>Beim Bedarf von einem h\u00f6heren Durchfluss, bieten wir  Ihnen gerne eine Individuele L\u00f6sung an.<\/p>\n<p>Abmessungen von Standard Bandfilter <strong>PF 150 und PF 200<\/strong><\/p>\n<p>Falls Sie konkrete Anforderungen haben verwenden Sie die angegebene <a href=\"https:\/\/astos.cz\/de\/kontakty\/dulezite-kontakty\">Kontaktliste<\/a>.<\/p>\n<p>Anfrage Formular <a href=\"https:\/\/astos.cz\/de\/ke-stazeni\/poptavkove-formulare\">zum Download<\/a>.<\/p>\n<\/div><\/div><\/div><div id=\"pgc-4736-1-1\"  class=\"panel-grid-cell\" ><div id=\"panel-4736-1-1-0\" class=\"so-panel widget widget_black-studio-tinymce widget_black_studio_tinymce panel-first-child panel-last-child\" data-index=\"2\" ><div class=\"textwidget\"><p><a href=\"https:\/\/astos.cz\/wp-content\/uploads\/2016\/03\/PF-schema-1-1.jpg\"  rel=\"lightbox[4736] attachment wp-att-3327\"><img class=\"alignnone wp-image-3503\" src=\"https:\/\/astos.cz\/wp-content\/uploads\/2016\/03\/PF-schema-1-1.jpg\" alt=\"\" width=\"410\" height=\"264\" \/><\/a><\/p>\n<\/div><\/div><\/div><\/div><\/div>","protected":false},"excerpt":{"rendered":"<p>Die Bandfilter sind f\u00fcr feine Filtration des Schneid \u2013 oder K\u00fchlschmierstoffes bestimmt<\/p>\n","protected":false},"author":6,"featured_media":4743,"parent":4727,"menu_order":0,"comment_status":"closed","ping_status":"closed","template":"","meta":[],"categories":[104],"tags":[],"yoast_head":"<!-- This site is optimized with the Yoast SEO plugin v18.5.1 - https:\/\/yoast.com\/wordpress\/plugins\/seo\/ -->\n<title>PF - Bandfilter | ASTOS Machinery<\/title>\n<meta name=\"robots\" content=\"index, follow, max-snippet:-1, max-image-preview:large, max-video-preview:-1\" \/>\n<link rel=\"canonical\" href=\"https:\/\/astos.cz\/de\/nase-vyrobky\/filtracni-zarizeni\/pf-pasove-filtry\/\" \/>\n<meta property=\"og:locale\" content=\"de_DE\" \/>\n<meta property=\"og:type\" content=\"article\" \/>\n<meta property=\"og:title\" content=\"PF - Bandfilter | ASTOS Machinery\" \/>\n<meta property=\"og:description\" content=\"Die Bandfilter sind f\u00fcr feine Filtration des Schneid \u2013 oder K\u00fchlschmierstoffes bestimmt\" \/>\n<meta property=\"og:url\" content=\"https:\/\/astos.cz\/de\/nase-vyrobky\/filtracni-zarizeni\/pf-pasove-filtry\/\" \/>\n<meta property=\"og:site_name\" content=\"ASTOS Machinery\" \/>\n<meta property=\"article:modified_time\" content=\"2022-04-19T12:55:42+00:00\" \/>\n<meta property=\"og:image\" content=\"https:\/\/astos.cz\/wp-content\/uploads\/2016\/02\/PF-Pasove-filtry.jpg\" \/>\n\t<meta property=\"og:image:width\" content=\"1140\" \/>\n\t<meta property=\"og:image:height\" content=\"640\" \/>\n\t<meta property=\"og:image:type\" content=\"image\/jpeg\" \/>\n<meta name=\"twitter:card\" content=\"summary\" \/>\n<meta name=\"twitter:label1\" content=\"Gesch\u00e4tzte Lesezeit\" \/>\n\t<meta name=\"twitter:data1\" content=\"1\u00a0Minute\" \/>\n<script type=\"application\/ld+json\" class=\"yoast-schema-graph\">{\"@context\":\"https:\/\/schema.org\",\"@graph\":[{\"@type\":\"WebSite\",\"@id\":\"https:\/\/astos.cz\/#website\",\"url\":\"https:\/\/astos.cz\/\",\"name\":\"ASTOS Machinery\",\"description\":\"Specialista na dopravn\u00edkov\u00e9 syst\u00e9my a krytov\u00e1n\u00ed stroj\u016f\",\"potentialAction\":[{\"@type\":\"SearchAction\",\"target\":{\"@type\":\"EntryPoint\",\"urlTemplate\":\"https:\/\/astos.cz\/?s={search_term_string}\"},\"query-input\":\"required name=search_term_string\"}],\"inLanguage\":\"de\"},{\"@type\":\"ImageObject\",\"@id\":\"https:\/\/astos.cz\/de\/nase-vyrobky\/filtracni-zarizeni\/pf-pasove-filtry\/#primaryimage\",\"inLanguage\":\"de\",\"url\":\"https:\/\/astos.cz\/wp-content\/uploads\/2016\/02\/PF-Pasove-filtry.jpg\",\"contentUrl\":\"https:\/\/astos.cz\/wp-content\/uploads\/2016\/02\/PF-Pasove-filtry.jpg\",\"width\":1140,\"height\":640},{\"@type\":\"WebPage\",\"@id\":\"https:\/\/astos.cz\/de\/nase-vyrobky\/filtracni-zarizeni\/pf-pasove-filtry\/#webpage\",\"url\":\"https:\/\/astos.cz\/de\/nase-vyrobky\/filtracni-zarizeni\/pf-pasove-filtry\/\",\"name\":\"PF - Bandfilter | ASTOS Machinery\",\"isPartOf\":{\"@id\":\"https:\/\/astos.cz\/#website\"},\"primaryImageOfPage\":{\"@id\":\"https:\/\/astos.cz\/de\/nase-vyrobky\/filtracni-zarizeni\/pf-pasove-filtry\/#primaryimage\"},\"datePublished\":\"2016-03-04T08:23:50+00:00\",\"dateModified\":\"2022-04-19T12:55:42+00:00\",\"breadcrumb\":{\"@id\":\"https:\/\/astos.cz\/de\/nase-vyrobky\/filtracni-zarizeni\/pf-pasove-filtry\/#breadcrumb\"},\"inLanguage\":\"de\",\"potentialAction\":[{\"@type\":\"ReadAction\",\"target\":[\"https:\/\/astos.cz\/de\/nase-vyrobky\/filtracni-zarizeni\/pf-pasove-filtry\/\"]}]},{\"@type\":\"BreadcrumbList\",\"@id\":\"https:\/\/astos.cz\/de\/nase-vyrobky\/filtracni-zarizeni\/pf-pasove-filtry\/#breadcrumb\",\"itemListElement\":[{\"@type\":\"ListItem\",\"position\":1,\"name\":\"Dom\u016f\",\"item\":\"https:\/\/astos.cz\/de\/\"},{\"@type\":\"ListItem\",\"position\":2,\"name\":\"Produkte\",\"item\":\"https:\/\/astos.cz\/de\/nase-vyrobky\/\"},{\"@type\":\"ListItem\",\"position\":3,\"name\":\"Filtrationen\",\"item\":\"https:\/\/astos.cz\/de\/nase-vyrobky\/filtracni-zarizeni\/\"},{\"@type\":\"ListItem\",\"position\":4,\"name\":\"PF &#8211; Bandfilter\"}]}]}<\/script>\n<!-- \/ Yoast SEO plugin. -->","yoast_head_json":{"title":"PF - Bandfilter | ASTOS Machinery","robots":{"index":"index","follow":"follow","max-snippet":"max-snippet:-1","max-image-preview":"max-image-preview:large","max-video-preview":"max-video-preview:-1"},"canonical":"https:\/\/astos.cz\/de\/nase-vyrobky\/filtracni-zarizeni\/pf-pasove-filtry\/","og_locale":"de_DE","og_type":"article","og_title":"PF - Bandfilter | ASTOS Machinery","og_description":"Die Bandfilter sind f\u00fcr feine Filtration des Schneid \u2013 oder K\u00fchlschmierstoffes bestimmt","og_url":"https:\/\/astos.cz\/de\/nase-vyrobky\/filtracni-zarizeni\/pf-pasove-filtry\/","og_site_name":"ASTOS Machinery","article_modified_time":"2022-04-19T12:55:42+00:00","og_image":[{"width":1140,"height":640,"url":"https:\/\/astos.cz\/wp-content\/uploads\/2016\/02\/PF-Pasove-filtry.jpg","type":"image\/jpeg"}],"twitter_card":"summary","twitter_misc":{"Gesch\u00e4tzte Lesezeit":"1\u00a0Minute"},"schema":{"@context":"https:\/\/schema.org","@graph":[{"@type":"WebSite","@id":"https:\/\/astos.cz\/#website","url":"https:\/\/astos.cz\/","name":"ASTOS Machinery","description":"Specialista na dopravn\u00edkov\u00e9 syst\u00e9my a krytov\u00e1n\u00ed stroj\u016f","potentialAction":[{"@type":"SearchAction","target":{"@type":"EntryPoint","urlTemplate":"https:\/\/astos.cz\/?s={search_term_string}"},"query-input":"required name=search_term_string"}],"inLanguage":"de"},{"@type":"ImageObject","@id":"https:\/\/astos.cz\/de\/nase-vyrobky\/filtracni-zarizeni\/pf-pasove-filtry\/#primaryimage","inLanguage":"de","url":"https:\/\/astos.cz\/wp-content\/uploads\/2016\/02\/PF-Pasove-filtry.jpg","contentUrl":"https:\/\/astos.cz\/wp-content\/uploads\/2016\/02\/PF-Pasove-filtry.jpg","width":1140,"height":640},{"@type":"WebPage","@id":"https:\/\/astos.cz\/de\/nase-vyrobky\/filtracni-zarizeni\/pf-pasove-filtry\/#webpage","url":"https:\/\/astos.cz\/de\/nase-vyrobky\/filtracni-zarizeni\/pf-pasove-filtry\/","name":"PF - Bandfilter | ASTOS Machinery","isPartOf":{"@id":"https:\/\/astos.cz\/#website"},"primaryImageOfPage":{"@id":"https:\/\/astos.cz\/de\/nase-vyrobky\/filtracni-zarizeni\/pf-pasove-filtry\/#primaryimage"},"datePublished":"2016-03-04T08:23:50+00:00","dateModified":"2022-04-19T12:55:42+00:00","breadcrumb":{"@id":"https:\/\/astos.cz\/de\/nase-vyrobky\/filtracni-zarizeni\/pf-pasove-filtry\/#breadcrumb"},"inLanguage":"de","potentialAction":[{"@type":"ReadAction","target":["https:\/\/astos.cz\/de\/nase-vyrobky\/filtracni-zarizeni\/pf-pasove-filtry\/"]}]},{"@type":"BreadcrumbList","@id":"https:\/\/astos.cz\/de\/nase-vyrobky\/filtracni-zarizeni\/pf-pasove-filtry\/#breadcrumb","itemListElement":[{"@type":"ListItem","position":1,"name":"Dom\u016f","item":"https:\/\/astos.cz\/de\/"},{"@type":"ListItem","position":2,"name":"Produkte","item":"https:\/\/astos.cz\/de\/nase-vyrobky\/"},{"@type":"ListItem","position":3,"name":"Filtrationen","item":"https:\/\/astos.cz\/de\/nase-vyrobky\/filtracni-zarizeni\/"},{"@type":"ListItem","position":4,"name":"PF &#8211; Bandfilter"}]}]}},"_links":{"self":[{"href":"https:\/\/astos.cz\/de\/wp-json\/wp\/v2\/pages\/4736"}],"collection":[{"href":"https:\/\/astos.cz\/de\/wp-json\/wp\/v2\/pages"}],"about":[{"href":"https:\/\/astos.cz\/de\/wp-json\/wp\/v2\/types\/page"}],"author":[{"embeddable":true,"href":"https:\/\/astos.cz\/de\/wp-json\/wp\/v2\/users\/6"}],"replies":[{"embeddable":true,"href":"https:\/\/astos.cz\/de\/wp-json\/wp\/v2\/comments?post=4736"}],"version-history":[{"count":10,"href":"https:\/\/astos.cz\/de\/wp-json\/wp\/v2\/pages\/4736\/revisions"}],"predecessor-version":[{"id":10292,"href":"https:\/\/astos.cz\/de\/wp-json\/wp\/v2\/pages\/4736\/revisions\/10292"}],"up":[{"embeddable":true,"href":"https:\/\/astos.cz\/de\/wp-json\/wp\/v2\/pages\/4727"}],"wp:featuredmedia":[{"embeddable":true,"href":"https:\/\/astos.cz\/de\/wp-json\/wp\/v2\/media\/4743"}],"wp:attachment":[{"href":"https:\/\/astos.cz\/de\/wp-json\/wp\/v2\/media?parent=4736"}],"wp:term":[{"taxonomy":"category","embeddable":true,"href":"https:\/\/astos.cz\/de\/wp-json\/wp\/v2\/categories?post=4736"},{"taxonomy":"post_tag","embeddable":true,"href":"https:\/\/astos.cz\/de\/wp-json\/wp\/v2\/tags?post=4736"}],"curies":[{"name":"wp","href":"https:\/\/api.w.org\/{rel}","templated":true}]}}