{"id":4722,"date":"2016-03-04T09:11:30","date_gmt":"2016-03-04T08:11:30","guid":{"rendered":"https:\/\/astos.cz\/de\/nase-vyrobky\/dopravnikove-systemy\/spd-specialni-reseni\/"},"modified":"2022-04-19T11:50:01","modified_gmt":"2022-04-19T10:50:01","slug":"spd-specialni-reseni","status":"publish","type":"page","link":"https:\/\/astos.cz\/de\/nase-vyrobky\/dopravnikove-systemy\/spd-specialni-reseni\/","title":{"rendered":"SPD &#8211; Spezielle L\u00f6sungen"},"content":{"rendered":"<div id=\"pl-4722\"  class=\"panel-layout\" ><div id=\"pg-4722-0\"  class=\"panel-grid panel-no-style\" ><div id=\"pgc-4722-0-0\"  class=\"panel-grid-cell\" ><div id=\"panel-4722-0-0-0\" class=\"so-panel widget widget_black-studio-tinymce widget_black_studio_tinymce panel-first-child\" data-index=\"0\" ><div class=\"textwidget\"><h3 style=\"margin-top: 0px;\">Bandf\u00f6rderer<\/h3>\n<p>Bandf\u00f6rderer  k\u00f6nnen in allen Bereichen von Industrie und Dienstleistungen eingesetzt werden und  sind besonders f\u00fcr Kleinst\u00fccke, Sch\u00fctt und Splittgut geeignet. Bandf\u00f6rderer verf\u00fcgen \u00fcber  chemische Best\u00e4ndigkeit und sind dem Durchstechen widerstehlig. <\/p>\n<p><a href=\"https:\/\/astos.cz\/wp-content\/uploads\/2016\/03\/pasove-dopravniky-trisek.jpg\"  rel=\"lightbox[4722] attachment wp-att-3465\"><img class=\"alignnone wp-image-3465\" src=\"https:\/\/astos.cz\/wp-content\/uploads\/2016\/03\/pasove-dopravniky-trisek.jpg\" alt=\"pasove-dopravniky-trisek\" width=\"820\" height=\"460\" \/><\/a><\/p>\n<h4 class=\"alternative-heading\">Klassifizierung nach F\u00f6rdererform<\/h4>\n<p>Die Bandf\u00f6rderer  werden  nach der Form in drei  Ausf\u00fchrungsarten hergestellt. Nach der Position des Antriebes ist rechte und linke Ausf\u00fchrung m\u00f6glich.<\/p>\n<p><div id='gallery-1' class='gallery galleryid-4722 gallery-columns-3 gallery-size-medium'><figure class='gallery-item'>\n\t\t\t<div class='gallery-icon landscape'>\n\t\t\t\t<a href='https:\/\/astos.cz\/wp-content\/uploads\/2016\/03\/CDT-prime-DE.jpg' rel=\"lightbox[4722]\"><img width=\"300\" height=\"193\" src=\"https:\/\/astos.cz\/wp-content\/uploads\/2016\/03\/CDT-prime-DE-300x193.jpg\" class=\"attachment-medium size-medium\" alt=\"\" loading=\"lazy\" srcset=\"https:\/\/astos.cz\/wp-content\/uploads\/2016\/03\/CDT-prime-DE-300x193.jpg 300w, https:\/\/astos.cz\/wp-content\/uploads\/2016\/03\/CDT-prime-DE-555x357.jpg 555w, https:\/\/astos.cz\/wp-content\/uploads\/2016\/03\/CDT-prime-DE.jpg 700w\" sizes=\"(max-width: 300px) 100vw, 300px\" \/><\/a>\n\t\t\t<\/div><\/figure><figure class='gallery-item'>\n\t\t\t<div class='gallery-icon landscape'>\n\t\t\t\t<a href='https:\/\/astos.cz\/wp-content\/uploads\/2016\/03\/CDT-1_lomene-DE.jpg' rel=\"lightbox[4722]\"><img width=\"300\" height=\"193\" src=\"https:\/\/astos.cz\/wp-content\/uploads\/2016\/03\/CDT-1_lomene-DE-300x193.jpg\" class=\"attachment-medium size-medium\" alt=\"\" loading=\"lazy\" srcset=\"https:\/\/astos.cz\/wp-content\/uploads\/2016\/03\/CDT-1_lomene-DE-300x193.jpg 300w, https:\/\/astos.cz\/wp-content\/uploads\/2016\/03\/CDT-1_lomene-DE-555x357.jpg 555w, https:\/\/astos.cz\/wp-content\/uploads\/2016\/03\/CDT-1_lomene-DE.jpg 700w\" sizes=\"(max-width: 300px) 100vw, 300px\" \/><\/a>\n\t\t\t<\/div><\/figure><figure class='gallery-item'>\n\t\t\t<div class='gallery-icon landscape'>\n\t\t\t\t<a href='https:\/\/astos.cz\/wp-content\/uploads\/2016\/03\/CDT-2_lomene-DE.jpg' rel=\"lightbox[4722]\"><img width=\"300\" height=\"193\" src=\"https:\/\/astos.cz\/wp-content\/uploads\/2016\/03\/CDT-2_lomene-DE-300x193.jpg\" class=\"attachment-medium size-medium\" alt=\"\" loading=\"lazy\" srcset=\"https:\/\/astos.cz\/wp-content\/uploads\/2016\/03\/CDT-2_lomene-DE-300x193.jpg 300w, https:\/\/astos.cz\/wp-content\/uploads\/2016\/03\/CDT-2_lomene-DE-555x357.jpg 555w, https:\/\/astos.cz\/wp-content\/uploads\/2016\/03\/CDT-2_lomene-DE.jpg 700w\" sizes=\"(max-width: 300px) 100vw, 300px\" \/><\/a>\n\t\t\t<\/div><\/figure>\n\t\t<\/div>\n<\/p>\n<p>Konstruktion von Bandf\u00f6rderern  k\u00f6nnen wir je nach den individuellen Bed\u00fcrfnissen der Kunden entwerfen. <\/p>\n<h4 class=\"alternative-heading\">Vorteile den Bandf\u00f6rderern<\/h4>\n<ul>\n<li>Hohe Variabilit\u00e4t des Ausf\u00fchrung<\/li>\n<li>Vielartige Auswahl den B\u00e4ndern je nach angewendete Produktionstechnologie<\/li>\n<li>Bandf\u00f6rderer kann in anspruchsvollen Bedingungen der Maschinenbau, aber auch in dem Bereich den Dienstleistungen (Post- und Bankbereich, Verkaufsstellen) eigesetzt werden. Geeignet ist es auch f\u00fcr den Bereich des leichten Industrie (Textil, Papier, Glasindustrie und sonstige)<\/li>\n<\/ul>\n<\/div><\/div><div id=\"panel-4722-0-0-1\" class=\"so-panel widget widget_black-studio-tinymce widget_black_studio_tinymce\" data-index=\"1\" ><div class=\"textwidget\"><h3 style=\"margin-top: 0px;\">Kratzerbandf\u00f6rderer - Double Decker<\/h3>\n<p>Dieser spezielle Typ des Sp\u00e4nef\u00f6rderers (sg. Double-Decker) ist f\u00fcr Maschinen und Produktionslinien entwickelt worden, bei denen durch Materialbearbeitung (Fr\u00e4sen, Bohren, Schneiden) Abf\u00e4lle aus kleinen kurzen Sp\u00e4nen und gleichzeitig kleinen St\u00fccken von Material entstehen. Er ist f\u00fcr Sp\u00e4ne und Abf\u00e4lle aus Stahl sowie Aluminium und Buntmetallen anwendbar.<\/p>\n<p><a href=\"https:\/\/astos.cz\/wp-content\/uploads\/2016\/03\/double-decker.jpg\"  rel=\"lightbox[4722] attachment wp-att-3469\"><img class=\"alignnone wp-image-3469\" src=\"https:\/\/astos.cz\/wp-content\/uploads\/2016\/03\/double-decker.jpg\" alt=\"double-decker\" width=\"819\" height=\"460\" \/><\/a><\/p>\n<p>Parameter der F\u00f6rderer k\u00f6nnen individuell nach Kundenwunsch erstellt werden.  Nach der Position des Antriebes ist rechte und linke Ausf\u00fchrung m\u00f6glich.<\/p>\n<\/div><\/div><div id=\"panel-4722-0-0-2\" class=\"so-panel widget widget_black-studio-tinymce widget_black_studio_tinymce panel-last-child\" data-index=\"2\" ><div class=\"textwidget\"><h3 style=\"margin-top: 0px\">Drahtgurtf\u00f6rderer<\/h3>\n<p>Drahtgurtf\u00f6rderer ist f\u00fcr Transport der Erzeugnisse von hohen Temperaturen  geeignet. Die Bandfl\u00e4che aus Drahtgeflecht erm\u00f6glicht eine optimale Luftstr\u00f6mung rundum der gef\u00f6rderten Gegenst\u00e4nden und erzielt die gew\u00fcnschte Abk\u00fchlung, oder Temperierung.<\/p>\n<p><a href=\"https:\/\/astos.cz\/wp-content\/uploads\/2016\/03\/drateny-dopravnik.jpg\"  rel=\"lightbox[4722] attachment wp-att-5228\"><img class=\"alignnone wp-image-5228\" src=\"https:\/\/astos.cz\/wp-content\/uploads\/2016\/03\/drateny-dopravnik.jpg\" alt=\"drateny-dopravnik\" width=\"820\" height=\"460\" \/><\/a><\/strong><\/p>\n<p>Falls Sie konkrete Anforderungen haben verwenden Sie die angegebene <a href=\"https:\/\/astos.cz\/de\/kontakty\/dulezite-kontakty\/\">Kontaktliste<\/a>.<\/p>\n<p>Anfrage Formular <a href=\"https:\/\/astos.cz\/de\/ke-stazeni\/poptavkove-formulare\">zum Download<\/a>.<\/p>\n<\/div><\/div><\/div><\/div><\/div>","protected":false},"excerpt":{"rendered":"<p>Dieser spezielle Typ des Sp\u00e4nef\u00f6rderers (sg. Double-Decker) ist f\u00fcr Maschinen und Produktionslinien entwickelt worden<\/p>\n","protected":false},"author":6,"featured_media":4725,"parent":4657,"menu_order":0,"comment_status":"closed","ping_status":"closed","template":"","meta":[],"categories":[103],"tags":[],"yoast_head":"<!-- This site is optimized with the Yoast SEO plugin v18.5.1 - https:\/\/yoast.com\/wordpress\/plugins\/seo\/ -->\n<title>SPD - Spezielle L\u00f6sungen | ASTOS Machinery<\/title>\n<meta name=\"robots\" content=\"index, follow, max-snippet:-1, max-image-preview:large, max-video-preview:-1\" \/>\n<link rel=\"canonical\" href=\"https:\/\/astos.cz\/de\/nase-vyrobky\/dopravnikove-systemy\/spd-specialni-reseni\/\" \/>\n<meta property=\"og:locale\" content=\"de_DE\" \/>\n<meta property=\"og:type\" content=\"article\" \/>\n<meta property=\"og:title\" content=\"SPD - Spezielle L\u00f6sungen | ASTOS Machinery\" \/>\n<meta property=\"og:description\" content=\"Dieser spezielle Typ des Sp\u00e4nef\u00f6rderers (sg. Double-Decker) ist f\u00fcr Maschinen und Produktionslinien entwickelt worden\" \/>\n<meta property=\"og:url\" content=\"https:\/\/astos.cz\/de\/nase-vyrobky\/dopravnikove-systemy\/spd-specialni-reseni\/\" \/>\n<meta property=\"og:site_name\" content=\"ASTOS Machinery\" \/>\n<meta property=\"article:modified_time\" content=\"2022-04-19T10:50:01+00:00\" \/>\n<meta property=\"og:image\" content=\"https:\/\/astos.cz\/wp-content\/uploads\/2016\/02\/SPD-specialni-reseni1.jpg\" \/>\n\t<meta property=\"og:image:width\" content=\"1140\" \/>\n\t<meta property=\"og:image:height\" content=\"640\" \/>\n\t<meta property=\"og:image:type\" content=\"image\/jpeg\" \/>\n<meta name=\"twitter:card\" content=\"summary\" \/>\n<meta name=\"twitter:label1\" content=\"Gesch\u00e4tzte Lesezeit\" \/>\n\t<meta name=\"twitter:data1\" content=\"1\u00a0Minute\" \/>\n<script type=\"application\/ld+json\" class=\"yoast-schema-graph\">{\"@context\":\"https:\/\/schema.org\",\"@graph\":[{\"@type\":\"WebSite\",\"@id\":\"https:\/\/astos.cz\/#website\",\"url\":\"https:\/\/astos.cz\/\",\"name\":\"ASTOS Machinery\",\"description\":\"Specialista na dopravn\u00edkov\u00e9 syst\u00e9my a krytov\u00e1n\u00ed stroj\u016f\",\"potentialAction\":[{\"@type\":\"SearchAction\",\"target\":{\"@type\":\"EntryPoint\",\"urlTemplate\":\"https:\/\/astos.cz\/?s={search_term_string}\"},\"query-input\":\"required name=search_term_string\"}],\"inLanguage\":\"de\"},{\"@type\":\"ImageObject\",\"@id\":\"https:\/\/astos.cz\/de\/nase-vyrobky\/dopravnikove-systemy\/spd-specialni-reseni\/#primaryimage\",\"inLanguage\":\"de\",\"url\":\"https:\/\/astos.cz\/wp-content\/uploads\/2016\/02\/SPD-specialni-reseni1.jpg\",\"contentUrl\":\"https:\/\/astos.cz\/wp-content\/uploads\/2016\/02\/SPD-specialni-reseni1.jpg\",\"width\":1140,\"height\":640},{\"@type\":\"WebPage\",\"@id\":\"https:\/\/astos.cz\/de\/nase-vyrobky\/dopravnikove-systemy\/spd-specialni-reseni\/#webpage\",\"url\":\"https:\/\/astos.cz\/de\/nase-vyrobky\/dopravnikove-systemy\/spd-specialni-reseni\/\",\"name\":\"SPD - Spezielle L\u00f6sungen | ASTOS Machinery\",\"isPartOf\":{\"@id\":\"https:\/\/astos.cz\/#website\"},\"primaryImageOfPage\":{\"@id\":\"https:\/\/astos.cz\/de\/nase-vyrobky\/dopravnikove-systemy\/spd-specialni-reseni\/#primaryimage\"},\"datePublished\":\"2016-03-04T08:11:30+00:00\",\"dateModified\":\"2022-04-19T10:50:01+00:00\",\"breadcrumb\":{\"@id\":\"https:\/\/astos.cz\/de\/nase-vyrobky\/dopravnikove-systemy\/spd-specialni-reseni\/#breadcrumb\"},\"inLanguage\":\"de\",\"potentialAction\":[{\"@type\":\"ReadAction\",\"target\":[\"https:\/\/astos.cz\/de\/nase-vyrobky\/dopravnikove-systemy\/spd-specialni-reseni\/\"]}]},{\"@type\":\"BreadcrumbList\",\"@id\":\"https:\/\/astos.cz\/de\/nase-vyrobky\/dopravnikove-systemy\/spd-specialni-reseni\/#breadcrumb\",\"itemListElement\":[{\"@type\":\"ListItem\",\"position\":1,\"name\":\"Dom\u016f\",\"item\":\"https:\/\/astos.cz\/de\/\"},{\"@type\":\"ListItem\",\"position\":2,\"name\":\"Produkte\",\"item\":\"https:\/\/astos.cz\/de\/nase-vyrobky\/\"},{\"@type\":\"ListItem\",\"position\":3,\"name\":\"F\u00f6rdersysteme\",\"item\":\"https:\/\/astos.cz\/de\/nase-vyrobky\/dopravnikove-systemy\/\"},{\"@type\":\"ListItem\",\"position\":4,\"name\":\"SPD &#8211; Spezielle L\u00f6sungen\"}]}]}<\/script>\n<!-- \/ Yoast SEO plugin. -->","yoast_head_json":{"title":"SPD - Spezielle L\u00f6sungen | ASTOS Machinery","robots":{"index":"index","follow":"follow","max-snippet":"max-snippet:-1","max-image-preview":"max-image-preview:large","max-video-preview":"max-video-preview:-1"},"canonical":"https:\/\/astos.cz\/de\/nase-vyrobky\/dopravnikove-systemy\/spd-specialni-reseni\/","og_locale":"de_DE","og_type":"article","og_title":"SPD - Spezielle L\u00f6sungen | ASTOS Machinery","og_description":"Dieser spezielle Typ des Sp\u00e4nef\u00f6rderers (sg. Double-Decker) ist f\u00fcr Maschinen und Produktionslinien entwickelt worden","og_url":"https:\/\/astos.cz\/de\/nase-vyrobky\/dopravnikove-systemy\/spd-specialni-reseni\/","og_site_name":"ASTOS Machinery","article_modified_time":"2022-04-19T10:50:01+00:00","og_image":[{"width":1140,"height":640,"url":"https:\/\/astos.cz\/wp-content\/uploads\/2016\/02\/SPD-specialni-reseni1.jpg","type":"image\/jpeg"}],"twitter_card":"summary","twitter_misc":{"Gesch\u00e4tzte Lesezeit":"1\u00a0Minute"},"schema":{"@context":"https:\/\/schema.org","@graph":[{"@type":"WebSite","@id":"https:\/\/astos.cz\/#website","url":"https:\/\/astos.cz\/","name":"ASTOS Machinery","description":"Specialista na dopravn\u00edkov\u00e9 syst\u00e9my a krytov\u00e1n\u00ed stroj\u016f","potentialAction":[{"@type":"SearchAction","target":{"@type":"EntryPoint","urlTemplate":"https:\/\/astos.cz\/?s={search_term_string}"},"query-input":"required name=search_term_string"}],"inLanguage":"de"},{"@type":"ImageObject","@id":"https:\/\/astos.cz\/de\/nase-vyrobky\/dopravnikove-systemy\/spd-specialni-reseni\/#primaryimage","inLanguage":"de","url":"https:\/\/astos.cz\/wp-content\/uploads\/2016\/02\/SPD-specialni-reseni1.jpg","contentUrl":"https:\/\/astos.cz\/wp-content\/uploads\/2016\/02\/SPD-specialni-reseni1.jpg","width":1140,"height":640},{"@type":"WebPage","@id":"https:\/\/astos.cz\/de\/nase-vyrobky\/dopravnikove-systemy\/spd-specialni-reseni\/#webpage","url":"https:\/\/astos.cz\/de\/nase-vyrobky\/dopravnikove-systemy\/spd-specialni-reseni\/","name":"SPD - Spezielle L\u00f6sungen | ASTOS Machinery","isPartOf":{"@id":"https:\/\/astos.cz\/#website"},"primaryImageOfPage":{"@id":"https:\/\/astos.cz\/de\/nase-vyrobky\/dopravnikove-systemy\/spd-specialni-reseni\/#primaryimage"},"datePublished":"2016-03-04T08:11:30+00:00","dateModified":"2022-04-19T10:50:01+00:00","breadcrumb":{"@id":"https:\/\/astos.cz\/de\/nase-vyrobky\/dopravnikove-systemy\/spd-specialni-reseni\/#breadcrumb"},"inLanguage":"de","potentialAction":[{"@type":"ReadAction","target":["https:\/\/astos.cz\/de\/nase-vyrobky\/dopravnikove-systemy\/spd-specialni-reseni\/"]}]},{"@type":"BreadcrumbList","@id":"https:\/\/astos.cz\/de\/nase-vyrobky\/dopravnikove-systemy\/spd-specialni-reseni\/#breadcrumb","itemListElement":[{"@type":"ListItem","position":1,"name":"Dom\u016f","item":"https:\/\/astos.cz\/de\/"},{"@type":"ListItem","position":2,"name":"Produkte","item":"https:\/\/astos.cz\/de\/nase-vyrobky\/"},{"@type":"ListItem","position":3,"name":"F\u00f6rdersysteme","item":"https:\/\/astos.cz\/de\/nase-vyrobky\/dopravnikove-systemy\/"},{"@type":"ListItem","position":4,"name":"SPD &#8211; Spezielle L\u00f6sungen"}]}]}},"_links":{"self":[{"href":"https:\/\/astos.cz\/de\/wp-json\/wp\/v2\/pages\/4722"}],"collection":[{"href":"https:\/\/astos.cz\/de\/wp-json\/wp\/v2\/pages"}],"about":[{"href":"https:\/\/astos.cz\/de\/wp-json\/wp\/v2\/types\/page"}],"author":[{"embeddable":true,"href":"https:\/\/astos.cz\/de\/wp-json\/wp\/v2\/users\/6"}],"replies":[{"embeddable":true,"href":"https:\/\/astos.cz\/de\/wp-json\/wp\/v2\/comments?post=4722"}],"version-history":[{"count":15,"href":"https:\/\/astos.cz\/de\/wp-json\/wp\/v2\/pages\/4722\/revisions"}],"predecessor-version":[{"id":9721,"href":"https:\/\/astos.cz\/de\/wp-json\/wp\/v2\/pages\/4722\/revisions\/9721"}],"up":[{"embeddable":true,"href":"https:\/\/astos.cz\/de\/wp-json\/wp\/v2\/pages\/4657"}],"wp:featuredmedia":[{"embeddable":true,"href":"https:\/\/astos.cz\/de\/wp-json\/wp\/v2\/media\/4725"}],"wp:attachment":[{"href":"https:\/\/astos.cz\/de\/wp-json\/wp\/v2\/media?parent=4722"}],"wp:term":[{"taxonomy":"category","embeddable":true,"href":"https:\/\/astos.cz\/de\/wp-json\/wp\/v2\/categories?post=4722"},{"taxonomy":"post_tag","embeddable":true,"href":"https:\/\/astos.cz\/de\/wp-json\/wp\/v2\/tags?post=4722"}],"curies":[{"name":"wp","href":"https:\/\/api.w.org\/{rel}","templated":true}]}}