{"id":4697,"date":"2016-03-03T15:31:14","date_gmt":"2016-03-03T14:31:14","guid":{"rendered":"https:\/\/astos.cz\/de\/nase-vyrobky\/dopravnikove-systemy\/magneticke-dopravniky\/"},"modified":"2022-04-19T11:47:41","modified_gmt":"2022-04-19T10:47:41","slug":"magneticke-dopravniky","status":"publish","type":"page","link":"https:\/\/astos.cz\/de\/nase-vyrobky\/dopravnikove-systemy\/magneticke-dopravniky\/","title":{"rendered":"DM &#8211; Magnetbandf\u00f6rderer"},"content":{"rendered":"<div id=\"pl-4697\"  class=\"panel-layout\" ><div id=\"pg-4697-0\"  class=\"panel-grid panel-no-style\" ><div id=\"pgc-4697-0-0\"  class=\"panel-grid-cell\" ><div id=\"panel-4697-0-0-0\" class=\"so-panel widget widget_black-studio-tinymce widget_black_studio_tinymce panel-first-child\" data-index=\"0\" ><div class=\"panel-widget-style panel-widget-style-for-4697-0-0-0\" ><div class=\"textwidget\"><h3 style=\"margin-top: 0px\">Magnetbandf\u00f6rderer<\/h3>\n<p>Die Magnetbandf\u00f6rderer sind f\u00fcr den Transport von kurzen Sp\u00e4nen oder St\u00fcckmaterial aus magnetischen Materialien bestimmt mit Fl\u00fcssigkeit oder ohne.<\/p>\n<p><a href=\"https:\/\/astos.cz\/wp-content\/uploads\/2016\/02\/DM-Magneticke.jpg\"  rel=\"lightbox[4697] attachment wp-att-2901\"><img class=\"alignnone wp-image-2901\" src=\"https:\/\/astos.cz\/wp-content\/uploads\/2016\/02\/DM-Magneticke.jpg\" alt=\"DM-Magneticke\" width=\"820\" height=\"460\" \/><\/a><\/p>\n<h4 class=\"alternative-heading\">Klassifizierung nach der Betriebsbedingungen<\/h4>\n<p>Sie werden in drei grundlegenden Standardabmessungsreihen hergestellt, bestimmt durch die Betriebsbedingungen:<\/p>\n<\/div><\/div><\/div><div id=\"panel-4697-0-0-1\" class=\"so-panel widget widget_pt_brochure_box widget-brochure-box\" data-index=\"1\" >\t\t\t<a class=\"brochure-box\" href=\"https:\/\/astos.cz\/wp-content\/uploads\/2016\/03\/schema_DM_125-DE.pdf\" target=\"_blank\">\n\t\t\t\t<i class=\"fa  fa-file-pdf-o\"><\/i>\n\t\t\t\t<h5 class=\"brochure-box__text\">Leichte bis mittlere Betriebsbedingungen (Transportleistung bis 500kg\/Std) \u2013 <strong>DM 97<\/strong><\/h5>\n\t\t\t<\/a>\n\n\t\t\t<\/div><div id=\"panel-4697-0-0-2\" class=\"so-panel widget widget_pt_brochure_box widget-brochure-box\" data-index=\"2\" >\t\t\t<a class=\"brochure-box\" href=\"https:\/\/astos.cz\/wp-content\/uploads\/2016\/03\/schema_DM_125-DE.pdf\" target=\"_blank\">\n\t\t\t\t<i class=\"fa  fa-file-pdf-o\"><\/i>\n\t\t\t\t<h5 class=\"brochure-box__text\">Mittlere bis schwere Betriebsbedingungen (Transportleistung bis 900kg \/Std) \u2013 <strong>DM 125<\/strong><\/h5>\n\t\t\t<\/a>\n\n\t\t\t<\/div><div id=\"panel-4697-0-0-3\" class=\"so-panel widget widget_pt_brochure_box widget-brochure-box\" data-index=\"3\" ><div class=\"panel-widget-style panel-widget-style-for-4697-0-0-3\" >\t\t\t<a class=\"brochure-box\" href=\"https:\/\/astos.cz\/wp-content\/uploads\/2016\/03\/schema_DM_225.pdf\" target=\"_blank\">\n\t\t\t\t<i class=\"fa  fa-file-pdf-o\"><\/i>\n\t\t\t\t<h5 class=\"brochure-box__text\">Schwere Betriebsbedingungen (Transportleistung bis 2 000kg\/Std) \u2013 <strong>DM 225 Magnetbandf\u00f6rderer<\/strong><\/h5>\n\t\t\t<\/a>\n\n\t\t\t<\/div><\/div><div id=\"panel-4697-0-0-4\" class=\"so-panel widget widget_black-studio-tinymce widget_black_studio_tinymce panel-last-child\" data-index=\"4\" ><div class=\"textwidget\"><p>Die F\u00f6rderer k\u00f6nnen mit permanenten Ferrit-Magneten ausgestattet werden, mit permanenten Neodym-Magneten, oder mit speziellen Samariumcobalt -Magneten f\u00fcr erh\u00f6hte thermische Belastung.<\/p>\n<\/div><\/div><\/div><\/div><div id=\"pg-4697-1\"  class=\"panel-grid panel-no-style\" ><div id=\"pgc-4697-1-0\"  class=\"panel-grid-cell\" ><div id=\"panel-4697-1-0-0\" class=\"so-panel widget widget_black-studio-tinymce widget_black_studio_tinymce panel-first-child panel-last-child\" data-index=\"5\" ><div class=\"textwidget\"><h4 class=\"alternative-heading\">Klassifizierung nach F\u00f6rdererform<\/h4>\n<p>Die Magnetbandf\u00f6rderer werden nach der Form in drei Ausf\u00fchrungsarten hergestellt. Nach der Position des Antriebes ist rechte und linke Ausf\u00fchrung m\u00f6glich.<\/p>\n<p><div id='gallery-1' class='gallery galleryid-4697 gallery-columns-3 gallery-size-medium'><figure class='gallery-item'>\n\t\t\t<div class='gallery-icon landscape'>\n\t\t\t\t<a href='https:\/\/astos.cz\/wp-content\/uploads\/2016\/03\/CDT-prime-DE.jpg' rel=\"lightbox[4697]\"><img width=\"300\" height=\"193\" src=\"https:\/\/astos.cz\/wp-content\/uploads\/2016\/03\/CDT-prime-DE-300x193.jpg\" class=\"attachment-medium size-medium\" alt=\"\" loading=\"lazy\" srcset=\"https:\/\/astos.cz\/wp-content\/uploads\/2016\/03\/CDT-prime-DE-300x193.jpg 300w, https:\/\/astos.cz\/wp-content\/uploads\/2016\/03\/CDT-prime-DE-555x357.jpg 555w, https:\/\/astos.cz\/wp-content\/uploads\/2016\/03\/CDT-prime-DE.jpg 700w\" sizes=\"(max-width: 300px) 100vw, 300px\" \/><\/a>\n\t\t\t<\/div><\/figure><figure class='gallery-item'>\n\t\t\t<div class='gallery-icon landscape'>\n\t\t\t\t<a href='https:\/\/astos.cz\/wp-content\/uploads\/2016\/03\/CDT-1_lomene-DE.jpg' rel=\"lightbox[4697]\"><img width=\"300\" height=\"193\" src=\"https:\/\/astos.cz\/wp-content\/uploads\/2016\/03\/CDT-1_lomene-DE-300x193.jpg\" class=\"attachment-medium size-medium\" alt=\"\" loading=\"lazy\" srcset=\"https:\/\/astos.cz\/wp-content\/uploads\/2016\/03\/CDT-1_lomene-DE-300x193.jpg 300w, https:\/\/astos.cz\/wp-content\/uploads\/2016\/03\/CDT-1_lomene-DE-555x357.jpg 555w, https:\/\/astos.cz\/wp-content\/uploads\/2016\/03\/CDT-1_lomene-DE.jpg 700w\" sizes=\"(max-width: 300px) 100vw, 300px\" \/><\/a>\n\t\t\t<\/div><\/figure><figure class='gallery-item'>\n\t\t\t<div class='gallery-icon landscape'>\n\t\t\t\t<a href='https:\/\/astos.cz\/wp-content\/uploads\/2016\/03\/CDT-2_lomene-DE.jpg' rel=\"lightbox[4697]\"><img width=\"300\" height=\"193\" src=\"https:\/\/astos.cz\/wp-content\/uploads\/2016\/03\/CDT-2_lomene-DE-300x193.jpg\" class=\"attachment-medium size-medium\" alt=\"\" loading=\"lazy\" srcset=\"https:\/\/astos.cz\/wp-content\/uploads\/2016\/03\/CDT-2_lomene-DE-300x193.jpg 300w, https:\/\/astos.cz\/wp-content\/uploads\/2016\/03\/CDT-2_lomene-DE-555x357.jpg 555w, https:\/\/astos.cz\/wp-content\/uploads\/2016\/03\/CDT-2_lomene-DE.jpg 700w\" sizes=\"(max-width: 300px) 100vw, 300px\" \/><\/a>\n\t\t\t<\/div><\/figure>\n\t\t<\/div>\n<\/p>\n<p>Falls Sie eine spezielle Ausf\u00fchrung des F\u00f6rderers ben\u00f6tigen verwenden Sie die angegebene <a href=\"https:\/\/astos.cz\/de\/kontakty\/dulezite-kontakty\">Kontaktliste<\/a>.<\/p>\n<p>Anfrage Formular <a href=\"https:\/\/astos.cz\/de\/ke-stazeni\/poptavkove-formulare\">zum Download<\/a>.<\/p>\n<\/div><\/div><\/div><\/div><\/div>","protected":false},"excerpt":{"rendered":"<p>Die Magnetbandf\u00f6rderer sind f\u00fcr den Transport von kurzen Sp\u00e4nen<\/p>\n","protected":false},"author":6,"featured_media":4701,"parent":4657,"menu_order":0,"comment_status":"closed","ping_status":"closed","template":"","meta":[],"categories":[103],"tags":[],"yoast_head":"<!-- This site is optimized with the Yoast SEO plugin v18.5.1 - https:\/\/yoast.com\/wordpress\/plugins\/seo\/ -->\n<title>DM - Magnetbandf\u00f6rderer | ASTOS Machinery<\/title>\n<meta name=\"robots\" content=\"index, follow, max-snippet:-1, max-image-preview:large, max-video-preview:-1\" \/>\n<link rel=\"canonical\" href=\"https:\/\/astos.cz\/de\/nase-vyrobky\/dopravnikove-systemy\/magneticke-dopravniky\/\" \/>\n<meta property=\"og:locale\" content=\"de_DE\" \/>\n<meta property=\"og:type\" content=\"article\" \/>\n<meta property=\"og:title\" content=\"DM - Magnetbandf\u00f6rderer | ASTOS Machinery\" \/>\n<meta property=\"og:description\" content=\"Die Magnetbandf\u00f6rderer sind f\u00fcr den Transport von kurzen Sp\u00e4nen\" \/>\n<meta property=\"og:url\" content=\"https:\/\/astos.cz\/de\/nase-vyrobky\/dopravnikove-systemy\/magneticke-dopravniky\/\" \/>\n<meta property=\"og:site_name\" content=\"ASTOS Machinery\" \/>\n<meta property=\"article:modified_time\" content=\"2022-04-19T10:47:41+00:00\" \/>\n<meta property=\"og:image\" content=\"https:\/\/astos.cz\/wp-content\/uploads\/2016\/02\/DM-Magneticke.jpg\" \/>\n\t<meta property=\"og:image:width\" content=\"1140\" \/>\n\t<meta property=\"og:image:height\" content=\"640\" \/>\n\t<meta property=\"og:image:type\" content=\"image\/jpeg\" \/>\n<meta name=\"twitter:card\" content=\"summary\" \/>\n<meta name=\"twitter:label1\" content=\"Gesch\u00e4tzte Lesezeit\" \/>\n\t<meta name=\"twitter:data1\" content=\"1\u00a0Minute\" \/>\n<script type=\"application\/ld+json\" class=\"yoast-schema-graph\">{\"@context\":\"https:\/\/schema.org\",\"@graph\":[{\"@type\":\"WebSite\",\"@id\":\"https:\/\/astos.cz\/#website\",\"url\":\"https:\/\/astos.cz\/\",\"name\":\"ASTOS Machinery\",\"description\":\"Specialista na dopravn\u00edkov\u00e9 syst\u00e9my a krytov\u00e1n\u00ed stroj\u016f\",\"potentialAction\":[{\"@type\":\"SearchAction\",\"target\":{\"@type\":\"EntryPoint\",\"urlTemplate\":\"https:\/\/astos.cz\/?s={search_term_string}\"},\"query-input\":\"required name=search_term_string\"}],\"inLanguage\":\"de\"},{\"@type\":\"ImageObject\",\"@id\":\"https:\/\/astos.cz\/de\/nase-vyrobky\/dopravnikove-systemy\/magneticke-dopravniky\/#primaryimage\",\"inLanguage\":\"de\",\"url\":\"https:\/\/astos.cz\/wp-content\/uploads\/2016\/02\/DM-Magneticke.jpg\",\"contentUrl\":\"https:\/\/astos.cz\/wp-content\/uploads\/2016\/02\/DM-Magneticke.jpg\",\"width\":1140,\"height\":640},{\"@type\":\"WebPage\",\"@id\":\"https:\/\/astos.cz\/de\/nase-vyrobky\/dopravnikove-systemy\/magneticke-dopravniky\/#webpage\",\"url\":\"https:\/\/astos.cz\/de\/nase-vyrobky\/dopravnikove-systemy\/magneticke-dopravniky\/\",\"name\":\"DM - Magnetbandf\u00f6rderer | ASTOS Machinery\",\"isPartOf\":{\"@id\":\"https:\/\/astos.cz\/#website\"},\"primaryImageOfPage\":{\"@id\":\"https:\/\/astos.cz\/de\/nase-vyrobky\/dopravnikove-systemy\/magneticke-dopravniky\/#primaryimage\"},\"datePublished\":\"2016-03-03T14:31:14+00:00\",\"dateModified\":\"2022-04-19T10:47:41+00:00\",\"breadcrumb\":{\"@id\":\"https:\/\/astos.cz\/de\/nase-vyrobky\/dopravnikove-systemy\/magneticke-dopravniky\/#breadcrumb\"},\"inLanguage\":\"de\",\"potentialAction\":[{\"@type\":\"ReadAction\",\"target\":[\"https:\/\/astos.cz\/de\/nase-vyrobky\/dopravnikove-systemy\/magneticke-dopravniky\/\"]}]},{\"@type\":\"BreadcrumbList\",\"@id\":\"https:\/\/astos.cz\/de\/nase-vyrobky\/dopravnikove-systemy\/magneticke-dopravniky\/#breadcrumb\",\"itemListElement\":[{\"@type\":\"ListItem\",\"position\":1,\"name\":\"Dom\u016f\",\"item\":\"https:\/\/astos.cz\/de\/\"},{\"@type\":\"ListItem\",\"position\":2,\"name\":\"Produkte\",\"item\":\"https:\/\/astos.cz\/de\/nase-vyrobky\/\"},{\"@type\":\"ListItem\",\"position\":3,\"name\":\"F\u00f6rdersysteme\",\"item\":\"https:\/\/astos.cz\/de\/nase-vyrobky\/dopravnikove-systemy\/\"},{\"@type\":\"ListItem\",\"position\":4,\"name\":\"DM &#8211; Magnetbandf\u00f6rderer\"}]}]}<\/script>\n<!-- \/ Yoast SEO plugin. -->","yoast_head_json":{"title":"DM - Magnetbandf\u00f6rderer | ASTOS Machinery","robots":{"index":"index","follow":"follow","max-snippet":"max-snippet:-1","max-image-preview":"max-image-preview:large","max-video-preview":"max-video-preview:-1"},"canonical":"https:\/\/astos.cz\/de\/nase-vyrobky\/dopravnikove-systemy\/magneticke-dopravniky\/","og_locale":"de_DE","og_type":"article","og_title":"DM - Magnetbandf\u00f6rderer | ASTOS Machinery","og_description":"Die Magnetbandf\u00f6rderer sind f\u00fcr den Transport von kurzen Sp\u00e4nen","og_url":"https:\/\/astos.cz\/de\/nase-vyrobky\/dopravnikove-systemy\/magneticke-dopravniky\/","og_site_name":"ASTOS Machinery","article_modified_time":"2022-04-19T10:47:41+00:00","og_image":[{"width":1140,"height":640,"url":"https:\/\/astos.cz\/wp-content\/uploads\/2016\/02\/DM-Magneticke.jpg","type":"image\/jpeg"}],"twitter_card":"summary","twitter_misc":{"Gesch\u00e4tzte Lesezeit":"1\u00a0Minute"},"schema":{"@context":"https:\/\/schema.org","@graph":[{"@type":"WebSite","@id":"https:\/\/astos.cz\/#website","url":"https:\/\/astos.cz\/","name":"ASTOS Machinery","description":"Specialista na dopravn\u00edkov\u00e9 syst\u00e9my a krytov\u00e1n\u00ed stroj\u016f","potentialAction":[{"@type":"SearchAction","target":{"@type":"EntryPoint","urlTemplate":"https:\/\/astos.cz\/?s={search_term_string}"},"query-input":"required name=search_term_string"}],"inLanguage":"de"},{"@type":"ImageObject","@id":"https:\/\/astos.cz\/de\/nase-vyrobky\/dopravnikove-systemy\/magneticke-dopravniky\/#primaryimage","inLanguage":"de","url":"https:\/\/astos.cz\/wp-content\/uploads\/2016\/02\/DM-Magneticke.jpg","contentUrl":"https:\/\/astos.cz\/wp-content\/uploads\/2016\/02\/DM-Magneticke.jpg","width":1140,"height":640},{"@type":"WebPage","@id":"https:\/\/astos.cz\/de\/nase-vyrobky\/dopravnikove-systemy\/magneticke-dopravniky\/#webpage","url":"https:\/\/astos.cz\/de\/nase-vyrobky\/dopravnikove-systemy\/magneticke-dopravniky\/","name":"DM - Magnetbandf\u00f6rderer | ASTOS Machinery","isPartOf":{"@id":"https:\/\/astos.cz\/#website"},"primaryImageOfPage":{"@id":"https:\/\/astos.cz\/de\/nase-vyrobky\/dopravnikove-systemy\/magneticke-dopravniky\/#primaryimage"},"datePublished":"2016-03-03T14:31:14+00:00","dateModified":"2022-04-19T10:47:41+00:00","breadcrumb":{"@id":"https:\/\/astos.cz\/de\/nase-vyrobky\/dopravnikove-systemy\/magneticke-dopravniky\/#breadcrumb"},"inLanguage":"de","potentialAction":[{"@type":"ReadAction","target":["https:\/\/astos.cz\/de\/nase-vyrobky\/dopravnikove-systemy\/magneticke-dopravniky\/"]}]},{"@type":"BreadcrumbList","@id":"https:\/\/astos.cz\/de\/nase-vyrobky\/dopravnikove-systemy\/magneticke-dopravniky\/#breadcrumb","itemListElement":[{"@type":"ListItem","position":1,"name":"Dom\u016f","item":"https:\/\/astos.cz\/de\/"},{"@type":"ListItem","position":2,"name":"Produkte","item":"https:\/\/astos.cz\/de\/nase-vyrobky\/"},{"@type":"ListItem","position":3,"name":"F\u00f6rdersysteme","item":"https:\/\/astos.cz\/de\/nase-vyrobky\/dopravnikove-systemy\/"},{"@type":"ListItem","position":4,"name":"DM &#8211; Magnetbandf\u00f6rderer"}]}]}},"_links":{"self":[{"href":"https:\/\/astos.cz\/de\/wp-json\/wp\/v2\/pages\/4697"}],"collection":[{"href":"https:\/\/astos.cz\/de\/wp-json\/wp\/v2\/pages"}],"about":[{"href":"https:\/\/astos.cz\/de\/wp-json\/wp\/v2\/types\/page"}],"author":[{"embeddable":true,"href":"https:\/\/astos.cz\/de\/wp-json\/wp\/v2\/users\/6"}],"replies":[{"embeddable":true,"href":"https:\/\/astos.cz\/de\/wp-json\/wp\/v2\/comments?post=4697"}],"version-history":[{"count":11,"href":"https:\/\/astos.cz\/de\/wp-json\/wp\/v2\/pages\/4697\/revisions"}],"predecessor-version":[{"id":9718,"href":"https:\/\/astos.cz\/de\/wp-json\/wp\/v2\/pages\/4697\/revisions\/9718"}],"up":[{"embeddable":true,"href":"https:\/\/astos.cz\/de\/wp-json\/wp\/v2\/pages\/4657"}],"wp:featuredmedia":[{"embeddable":true,"href":"https:\/\/astos.cz\/de\/wp-json\/wp\/v2\/media\/4701"}],"wp:attachment":[{"href":"https:\/\/astos.cz\/de\/wp-json\/wp\/v2\/media?parent=4697"}],"wp:term":[{"taxonomy":"category","embeddable":true,"href":"https:\/\/astos.cz\/de\/wp-json\/wp\/v2\/categories?post=4697"},{"taxonomy":"post_tag","embeddable":true,"href":"https:\/\/astos.cz\/de\/wp-json\/wp\/v2\/tags?post=4697"}],"curies":[{"name":"wp","href":"https:\/\/api.w.org\/{rel}","templated":true}]}}