{"id":4683,"date":"2016-03-03T15:09:21","date_gmt":"2016-03-03T14:09:21","guid":{"rendered":"https:\/\/astos.cz\/de\/nase-vyrobky\/dopravnikove-systemy\/hrablove-dopravniky\/"},"modified":"2022-04-19T11:21:46","modified_gmt":"2022-04-19T10:21:46","slug":"hrablove-dopravniky","status":"publish","type":"page","link":"https:\/\/astos.cz\/de\/nase-vyrobky\/dopravnikove-systemy\/hrablove-dopravniky\/","title":{"rendered":"DHR &#8211; Kratzbandf\u00f6rderer f\u00fcr CNC Maschinen"},"content":{"rendered":"<div id=\"pl-4683\"  class=\"panel-layout\" ><div id=\"pg-4683-0\"  class=\"panel-grid panel-no-style\" ><div id=\"pgc-4683-0-0\"  class=\"panel-grid-cell\" ><div id=\"panel-4683-0-0-0\" class=\"so-panel widget widget_black-studio-tinymce widget_black_studio_tinymce panel-first-child panel-last-child\" data-index=\"0\" ><div class=\"textwidget\"><h3 style=\"margin-top: 0px;\">Kratzerbandf\u00f6rderer<\/h3>\n<p>Die Kratzbandf\u00f6rderer sind f\u00fcr den Transport von kleinen und kurzen Sp\u00e4nen geeignet, sie werden von uns auch f\u00fcr den Transport von Sp\u00e4nen aus Aluminium und Buntmetallen empfohlen. Die Kratzbandf\u00f6rderer sind f\u00fcr die nasse Bearbeitung (mit KSS) von Aluminiumlegierungen mit Spaltfilter oder integrierten Trommel-Filter ausger\u00fcstet. Sie k\u00f6nnen auch f\u00fcr den Transport von Sch\u00fcttmaterialien verwendet werden. Sie sind nicht geeignet f\u00fcr den Transport von Sp\u00e4neklumpen. F\u00fcr die Verbesserung der Lebensdauer empfehlen wir die Verst\u00e4rkung des Geh\u00e4uses und des Bandes mi einem speziellen verschlei\u00dffesten Blech \u2013 Material HARDOX.<\/p>\n<p><a href=\"https:\/\/astos.cz\/wp-content\/uploads\/2016\/03\/dopravnik-doubledecker.jpg\"  rel=\"lightbox[4683] attachment wp-att-3262\"><img class=\"alignnone wp-image-3262\" src=\"https:\/\/astos.cz\/wp-content\/uploads\/2016\/03\/dopravnik-doubledecker.jpg\" alt=\"dopravnik-doubledecker\" width=\"820\" height=\"527\" \/><\/a><\/p>\n<\/div><\/div><\/div><\/div><div id=\"pg-4683-1\"  class=\"panel-grid panel-no-style\" ><div id=\"pgc-4683-1-0\"  class=\"panel-grid-cell\" ><div id=\"panel-4683-1-0-0\" class=\"so-panel widget widget_black-studio-tinymce widget_black_studio_tinymce panel-first-child\" data-index=\"1\" ><div class=\"panel-widget-style panel-widget-style-for-4683-1-0-0\" ><div class=\"textwidget\"><h4 class=\"alternative-heading\" style=\"margin-top: 0px\">Klassifizierung nach der Weite der Bandglieder<\/h4>\n<p>Scharnierbandf\u00f6rderer werden in drei Standardabmessungsgr\u00f6\u00dfen hergestellt: <\/p>\n<\/div><\/div><\/div><div id=\"panel-4683-1-0-1\" class=\"so-panel widget widget_pt_brochure_box widget-brochure-box\" data-index=\"2\" >\t\t\t<a class=\"brochure-box\" href=\"https:\/\/astos.cz\/wp-content\/uploads\/2016\/03\/schema_DHR_40-DE.pdf\" target=\"_blank\">\n\t\t\t\t<i class=\"fa  fa-file-pdf-o\"><\/i>\n\t\t\t\t<h5 class=\"brochure-box__text\">F\u00fcr leichten Arbeitsbedingungen -  t=40<\/h5>\n\t\t\t<\/a>\n\n\t\t\t<\/div><div id=\"panel-4683-1-0-2\" class=\"so-panel widget widget_pt_brochure_box widget-brochure-box panel-last-child\" data-index=\"3\" >\t\t\t<a class=\"brochure-box\" href=\"https:\/\/astos.cz\/wp-content\/uploads\/2016\/03\/schema_DHR_63.pdf\" target=\"_blank\">\n\t\t\t\t<i class=\"fa  fa-file-pdf-o\"><\/i>\n\t\t\t\t<h5 class=\"brochure-box__text\">F\u00fcr mittelschwere Arbeitsbedingungen - t=63<\/h5>\n\t\t\t<\/a>\n\n\t\t\t<\/div><\/div><div id=\"pgc-4683-1-1\"  class=\"panel-grid-cell\" ><div id=\"panel-4683-1-1-0\" class=\"so-panel widget widget_black-studio-tinymce widget_black_studio_tinymce panel-first-child panel-last-child\" data-index=\"4\" ><div class=\"textwidget\"><p><a href=\"https:\/\/astos.cz\/wp-content\/uploads\/2016\/03\/detail-dopravniku-doubledecker.jpg\"  rel=\"lightbox[4683] attachment wp-att-3261\"><img class=\"alignnone wp-image-3261\" src=\"https:\/\/astos.cz\/wp-content\/uploads\/2016\/03\/detail-dopravniku-doubledecker.jpg\" alt=\"detail-dopravniku-doubledecker\" width=\"410\" height=\"264\" \/><\/a><\/p>\n<\/div><\/div><\/div><\/div><div id=\"pg-4683-2\"  class=\"panel-grid panel-no-style\" ><div id=\"pgc-4683-2-0\"  class=\"panel-grid-cell\" ><div id=\"panel-4683-2-0-0\" class=\"so-panel widget widget_black-studio-tinymce widget_black_studio_tinymce panel-first-child panel-last-child\" data-index=\"5\" ><div class=\"textwidget\"><h4 class=\"alternative-heading\" style=\"margin-top: 10px;\">Klasifizierung nach F\u00f6rdererform<\/h4>\n<p>Die Magnetbandf\u00f6rderer werden nach der Form in drei Ausf\u00fchrungsarten hergestellt. Nach der Position des Antriebes ist rechte und linke Ausf\u00fchrung m\u00f6glich.<\/p>\n<p><div id='gallery-1' class='gallery galleryid-4683 gallery-columns-3 gallery-size-medium'><figure class='gallery-item'>\n\t\t\t<div class='gallery-icon landscape'>\n\t\t\t\t<a href='https:\/\/astos.cz\/wp-content\/uploads\/2016\/03\/CDT-prime-DE.jpg' rel=\"lightbox[4683]\"><img width=\"300\" height=\"193\" src=\"https:\/\/astos.cz\/wp-content\/uploads\/2016\/03\/CDT-prime-DE-300x193.jpg\" class=\"attachment-medium size-medium\" alt=\"\" loading=\"lazy\" srcset=\"https:\/\/astos.cz\/wp-content\/uploads\/2016\/03\/CDT-prime-DE-300x193.jpg 300w, https:\/\/astos.cz\/wp-content\/uploads\/2016\/03\/CDT-prime-DE-555x357.jpg 555w, https:\/\/astos.cz\/wp-content\/uploads\/2016\/03\/CDT-prime-DE.jpg 700w\" sizes=\"(max-width: 300px) 100vw, 300px\" \/><\/a>\n\t\t\t<\/div><\/figure><figure class='gallery-item'>\n\t\t\t<div class='gallery-icon landscape'>\n\t\t\t\t<a href='https:\/\/astos.cz\/wp-content\/uploads\/2016\/03\/CDT-1_lomene-DE.jpg' rel=\"lightbox[4683]\"><img width=\"300\" height=\"193\" src=\"https:\/\/astos.cz\/wp-content\/uploads\/2016\/03\/CDT-1_lomene-DE-300x193.jpg\" class=\"attachment-medium size-medium\" alt=\"\" loading=\"lazy\" srcset=\"https:\/\/astos.cz\/wp-content\/uploads\/2016\/03\/CDT-1_lomene-DE-300x193.jpg 300w, https:\/\/astos.cz\/wp-content\/uploads\/2016\/03\/CDT-1_lomene-DE-555x357.jpg 555w, https:\/\/astos.cz\/wp-content\/uploads\/2016\/03\/CDT-1_lomene-DE.jpg 700w\" sizes=\"(max-width: 300px) 100vw, 300px\" \/><\/a>\n\t\t\t<\/div><\/figure><figure class='gallery-item'>\n\t\t\t<div class='gallery-icon landscape'>\n\t\t\t\t<a href='https:\/\/astos.cz\/wp-content\/uploads\/2016\/03\/CDT-2_lomene-DE.jpg' rel=\"lightbox[4683]\"><img width=\"300\" height=\"193\" src=\"https:\/\/astos.cz\/wp-content\/uploads\/2016\/03\/CDT-2_lomene-DE-300x193.jpg\" class=\"attachment-medium size-medium\" alt=\"\" loading=\"lazy\" srcset=\"https:\/\/astos.cz\/wp-content\/uploads\/2016\/03\/CDT-2_lomene-DE-300x193.jpg 300w, https:\/\/astos.cz\/wp-content\/uploads\/2016\/03\/CDT-2_lomene-DE-555x357.jpg 555w, https:\/\/astos.cz\/wp-content\/uploads\/2016\/03\/CDT-2_lomene-DE.jpg 700w\" sizes=\"(max-width: 300px) 100vw, 300px\" \/><\/a>\n\t\t\t<\/div><\/figure>\n\t\t<\/div>\n<\/p>\n<p>Die schematischen Darstellungen im Produktenkatalog zeigen die wichtigsten Ma\u00dfe. Der Kunde kann w\u00e4hlen zwischen L1, L2 und L3. F\u00fcr einen optimalen Konstruktionsentwurf wird empfohlen das <a href=\"https:\/\/astos.cz\/de\/ke-stazeni\/poptavkove-formulare\">Anfrageformular auszuf\u00fcllen<\/a>.<\/p>\n<\/div><\/div><\/div><\/div><div id=\"pg-4683-3\"  class=\"panel-grid panel-no-style\" ><div id=\"pgc-4683-3-0\"  class=\"panel-grid-cell\" ><div id=\"panel-4683-3-0-0\" class=\"so-panel widget widget_black-studio-tinymce widget_black_studio_tinymce panel-first-child panel-last-child\" data-index=\"6\" ><div class=\"textwidget\"><h4 class=\"alternative-heading\">Technische Beschreibung<\/h4>\n<p><div id='gallery-2' class='gallery galleryid-4683 gallery-columns-3 gallery-size-medium'><figure class='gallery-item'>\n\t\t\t<div class='gallery-icon landscape'>\n\t\t\t\t<a href='https:\/\/astos.cz\/wp-content\/uploads\/2016\/03\/schema_DHR_40.jpg' rel=\"lightbox[4683]\"><img width=\"300\" height=\"193\" src=\"https:\/\/astos.cz\/wp-content\/uploads\/2016\/03\/schema_DHR_40-300x193.jpg\" class=\"attachment-medium size-medium\" alt=\"\" loading=\"lazy\" srcset=\"https:\/\/astos.cz\/wp-content\/uploads\/2016\/03\/schema_DHR_40-300x193.jpg 300w, https:\/\/astos.cz\/wp-content\/uploads\/2016\/03\/schema_DHR_40-555x357.jpg 555w, https:\/\/astos.cz\/wp-content\/uploads\/2016\/03\/schema_DHR_40.jpg 700w\" sizes=\"(max-width: 300px) 100vw, 300px\" \/><\/a>\n\t\t\t<\/div><\/figure><figure class='gallery-item'>\n\t\t\t<div class='gallery-icon landscape'>\n\t\t\t\t<a href='https:\/\/astos.cz\/wp-content\/uploads\/2016\/03\/schema_DHR_63.jpg' rel=\"lightbox[4683]\"><img width=\"300\" height=\"193\" src=\"https:\/\/astos.cz\/wp-content\/uploads\/2016\/03\/schema_DHR_63-300x193.jpg\" class=\"attachment-medium size-medium\" alt=\"\" loading=\"lazy\" srcset=\"https:\/\/astos.cz\/wp-content\/uploads\/2016\/03\/schema_DHR_63-300x193.jpg 300w, https:\/\/astos.cz\/wp-content\/uploads\/2016\/03\/schema_DHR_63-555x357.jpg 555w, https:\/\/astos.cz\/wp-content\/uploads\/2016\/03\/schema_DHR_63.jpg 700w\" sizes=\"(max-width: 300px) 100vw, 300px\" \/><\/a>\n\t\t\t<\/div><\/figure>\n\t\t<\/div>\n<\/p>\n<p><strong>Kommentar:<\/strong> Die H\u00f6he des Geh\u00e4uses  ist festgelegt und muss eingehalten werden. Parameter A ist optional.<\/p>\n<p>Falls Sie eine spezielle Ausf\u00fchrung des F\u00f6rderers ben\u00f6tigen verwenden Sie die angegebene <a href=\"https:\/\/astos.cz\/de\/kontakty\/dulezite-kontakty\">Kontaktliste<\/a>.<\/p>\n<\/div><\/div><\/div><\/div><\/div>","protected":false},"excerpt":{"rendered":"<p>Die Kratzbandf\u00f6rderer sind f\u00fcr den Transport von kleinen und kurzen Sp\u00e4nen geeignet<\/p>\n","protected":false},"author":6,"featured_media":4691,"parent":4657,"menu_order":0,"comment_status":"closed","ping_status":"closed","template":"","meta":[],"categories":[103],"tags":[],"yoast_head":"<!-- This site is optimized with the Yoast SEO plugin v18.5.1 - https:\/\/yoast.com\/wordpress\/plugins\/seo\/ -->\n<title>DHR - Kratzbandf\u00f6rderer f\u00fcr CNC Maschinen | ASTOS Machinery<\/title>\n<meta name=\"robots\" content=\"index, follow, max-snippet:-1, max-image-preview:large, max-video-preview:-1\" \/>\n<link rel=\"canonical\" href=\"https:\/\/astos.cz\/de\/nase-vyrobky\/dopravnikove-systemy\/hrablove-dopravniky\/\" \/>\n<meta property=\"og:locale\" content=\"de_DE\" \/>\n<meta property=\"og:type\" content=\"article\" \/>\n<meta property=\"og:title\" content=\"DHR - Kratzbandf\u00f6rderer f\u00fcr CNC Maschinen | ASTOS Machinery\" \/>\n<meta property=\"og:description\" content=\"Die Kratzbandf\u00f6rderer sind f\u00fcr den Transport von kleinen und kurzen Sp\u00e4nen geeignet\" \/>\n<meta property=\"og:url\" content=\"https:\/\/astos.cz\/de\/nase-vyrobky\/dopravnikove-systemy\/hrablove-dopravniky\/\" \/>\n<meta property=\"og:site_name\" content=\"ASTOS Machinery\" \/>\n<meta property=\"article:modified_time\" content=\"2022-04-19T10:21:46+00:00\" \/>\n<meta property=\"og:image\" content=\"https:\/\/astos.cz\/wp-content\/uploads\/2016\/02\/DHR-Hrablove.jpg\" \/>\n\t<meta property=\"og:image:width\" content=\"1140\" \/>\n\t<meta property=\"og:image:height\" content=\"640\" \/>\n\t<meta property=\"og:image:type\" content=\"image\/jpeg\" \/>\n<meta name=\"twitter:card\" content=\"summary\" \/>\n<meta name=\"twitter:label1\" content=\"Gesch\u00e4tzte Lesezeit\" \/>\n\t<meta name=\"twitter:data1\" content=\"1\u00a0Minute\" \/>\n<script type=\"application\/ld+json\" class=\"yoast-schema-graph\">{\"@context\":\"https:\/\/schema.org\",\"@graph\":[{\"@type\":\"WebSite\",\"@id\":\"https:\/\/astos.cz\/#website\",\"url\":\"https:\/\/astos.cz\/\",\"name\":\"ASTOS Machinery\",\"description\":\"Specialista na dopravn\u00edkov\u00e9 syst\u00e9my a krytov\u00e1n\u00ed stroj\u016f\",\"potentialAction\":[{\"@type\":\"SearchAction\",\"target\":{\"@type\":\"EntryPoint\",\"urlTemplate\":\"https:\/\/astos.cz\/?s={search_term_string}\"},\"query-input\":\"required name=search_term_string\"}],\"inLanguage\":\"de\"},{\"@type\":\"ImageObject\",\"@id\":\"https:\/\/astos.cz\/de\/nase-vyrobky\/dopravnikove-systemy\/hrablove-dopravniky\/#primaryimage\",\"inLanguage\":\"de\",\"url\":\"https:\/\/astos.cz\/wp-content\/uploads\/2016\/02\/DHR-Hrablove.jpg\",\"contentUrl\":\"https:\/\/astos.cz\/wp-content\/uploads\/2016\/02\/DHR-Hrablove.jpg\",\"width\":1140,\"height\":640},{\"@type\":\"WebPage\",\"@id\":\"https:\/\/astos.cz\/de\/nase-vyrobky\/dopravnikove-systemy\/hrablove-dopravniky\/#webpage\",\"url\":\"https:\/\/astos.cz\/de\/nase-vyrobky\/dopravnikove-systemy\/hrablove-dopravniky\/\",\"name\":\"DHR - Kratzbandf\u00f6rderer f\u00fcr CNC Maschinen | ASTOS Machinery\",\"isPartOf\":{\"@id\":\"https:\/\/astos.cz\/#website\"},\"primaryImageOfPage\":{\"@id\":\"https:\/\/astos.cz\/de\/nase-vyrobky\/dopravnikove-systemy\/hrablove-dopravniky\/#primaryimage\"},\"datePublished\":\"2016-03-03T14:09:21+00:00\",\"dateModified\":\"2022-04-19T10:21:46+00:00\",\"breadcrumb\":{\"@id\":\"https:\/\/astos.cz\/de\/nase-vyrobky\/dopravnikove-systemy\/hrablove-dopravniky\/#breadcrumb\"},\"inLanguage\":\"de\",\"potentialAction\":[{\"@type\":\"ReadAction\",\"target\":[\"https:\/\/astos.cz\/de\/nase-vyrobky\/dopravnikove-systemy\/hrablove-dopravniky\/\"]}]},{\"@type\":\"BreadcrumbList\",\"@id\":\"https:\/\/astos.cz\/de\/nase-vyrobky\/dopravnikove-systemy\/hrablove-dopravniky\/#breadcrumb\",\"itemListElement\":[{\"@type\":\"ListItem\",\"position\":1,\"name\":\"Dom\u016f\",\"item\":\"https:\/\/astos.cz\/de\/\"},{\"@type\":\"ListItem\",\"position\":2,\"name\":\"Produkte\",\"item\":\"https:\/\/astos.cz\/de\/nase-vyrobky\/\"},{\"@type\":\"ListItem\",\"position\":3,\"name\":\"F\u00f6rdersysteme\",\"item\":\"https:\/\/astos.cz\/de\/nase-vyrobky\/dopravnikove-systemy\/\"},{\"@type\":\"ListItem\",\"position\":4,\"name\":\"DHR &#8211; Kratzbandf\u00f6rderer f\u00fcr CNC Maschinen\"}]}]}<\/script>\n<!-- \/ Yoast SEO plugin. -->","yoast_head_json":{"title":"DHR - Kratzbandf\u00f6rderer f\u00fcr CNC Maschinen | ASTOS Machinery","robots":{"index":"index","follow":"follow","max-snippet":"max-snippet:-1","max-image-preview":"max-image-preview:large","max-video-preview":"max-video-preview:-1"},"canonical":"https:\/\/astos.cz\/de\/nase-vyrobky\/dopravnikove-systemy\/hrablove-dopravniky\/","og_locale":"de_DE","og_type":"article","og_title":"DHR - Kratzbandf\u00f6rderer f\u00fcr CNC Maschinen | ASTOS Machinery","og_description":"Die Kratzbandf\u00f6rderer sind f\u00fcr den Transport von kleinen und kurzen Sp\u00e4nen geeignet","og_url":"https:\/\/astos.cz\/de\/nase-vyrobky\/dopravnikove-systemy\/hrablove-dopravniky\/","og_site_name":"ASTOS Machinery","article_modified_time":"2022-04-19T10:21:46+00:00","og_image":[{"width":1140,"height":640,"url":"https:\/\/astos.cz\/wp-content\/uploads\/2016\/02\/DHR-Hrablove.jpg","type":"image\/jpeg"}],"twitter_card":"summary","twitter_misc":{"Gesch\u00e4tzte Lesezeit":"1\u00a0Minute"},"schema":{"@context":"https:\/\/schema.org","@graph":[{"@type":"WebSite","@id":"https:\/\/astos.cz\/#website","url":"https:\/\/astos.cz\/","name":"ASTOS Machinery","description":"Specialista na dopravn\u00edkov\u00e9 syst\u00e9my a krytov\u00e1n\u00ed stroj\u016f","potentialAction":[{"@type":"SearchAction","target":{"@type":"EntryPoint","urlTemplate":"https:\/\/astos.cz\/?s={search_term_string}"},"query-input":"required name=search_term_string"}],"inLanguage":"de"},{"@type":"ImageObject","@id":"https:\/\/astos.cz\/de\/nase-vyrobky\/dopravnikove-systemy\/hrablove-dopravniky\/#primaryimage","inLanguage":"de","url":"https:\/\/astos.cz\/wp-content\/uploads\/2016\/02\/DHR-Hrablove.jpg","contentUrl":"https:\/\/astos.cz\/wp-content\/uploads\/2016\/02\/DHR-Hrablove.jpg","width":1140,"height":640},{"@type":"WebPage","@id":"https:\/\/astos.cz\/de\/nase-vyrobky\/dopravnikove-systemy\/hrablove-dopravniky\/#webpage","url":"https:\/\/astos.cz\/de\/nase-vyrobky\/dopravnikove-systemy\/hrablove-dopravniky\/","name":"DHR - Kratzbandf\u00f6rderer f\u00fcr CNC Maschinen | ASTOS Machinery","isPartOf":{"@id":"https:\/\/astos.cz\/#website"},"primaryImageOfPage":{"@id":"https:\/\/astos.cz\/de\/nase-vyrobky\/dopravnikove-systemy\/hrablove-dopravniky\/#primaryimage"},"datePublished":"2016-03-03T14:09:21+00:00","dateModified":"2022-04-19T10:21:46+00:00","breadcrumb":{"@id":"https:\/\/astos.cz\/de\/nase-vyrobky\/dopravnikove-systemy\/hrablove-dopravniky\/#breadcrumb"},"inLanguage":"de","potentialAction":[{"@type":"ReadAction","target":["https:\/\/astos.cz\/de\/nase-vyrobky\/dopravnikove-systemy\/hrablove-dopravniky\/"]}]},{"@type":"BreadcrumbList","@id":"https:\/\/astos.cz\/de\/nase-vyrobky\/dopravnikove-systemy\/hrablove-dopravniky\/#breadcrumb","itemListElement":[{"@type":"ListItem","position":1,"name":"Dom\u016f","item":"https:\/\/astos.cz\/de\/"},{"@type":"ListItem","position":2,"name":"Produkte","item":"https:\/\/astos.cz\/de\/nase-vyrobky\/"},{"@type":"ListItem","position":3,"name":"F\u00f6rdersysteme","item":"https:\/\/astos.cz\/de\/nase-vyrobky\/dopravnikove-systemy\/"},{"@type":"ListItem","position":4,"name":"DHR &#8211; Kratzbandf\u00f6rderer f\u00fcr CNC Maschinen"}]}]}},"_links":{"self":[{"href":"https:\/\/astos.cz\/de\/wp-json\/wp\/v2\/pages\/4683"}],"collection":[{"href":"https:\/\/astos.cz\/de\/wp-json\/wp\/v2\/pages"}],"about":[{"href":"https:\/\/astos.cz\/de\/wp-json\/wp\/v2\/types\/page"}],"author":[{"embeddable":true,"href":"https:\/\/astos.cz\/de\/wp-json\/wp\/v2\/users\/6"}],"replies":[{"embeddable":true,"href":"https:\/\/astos.cz\/de\/wp-json\/wp\/v2\/comments?post=4683"}],"version-history":[{"count":19,"href":"https:\/\/astos.cz\/de\/wp-json\/wp\/v2\/pages\/4683\/revisions"}],"predecessor-version":[{"id":9714,"href":"https:\/\/astos.cz\/de\/wp-json\/wp\/v2\/pages\/4683\/revisions\/9714"}],"up":[{"embeddable":true,"href":"https:\/\/astos.cz\/de\/wp-json\/wp\/v2\/pages\/4657"}],"wp:featuredmedia":[{"embeddable":true,"href":"https:\/\/astos.cz\/de\/wp-json\/wp\/v2\/media\/4691"}],"wp:attachment":[{"href":"https:\/\/astos.cz\/de\/wp-json\/wp\/v2\/media?parent=4683"}],"wp:term":[{"taxonomy":"category","embeddable":true,"href":"https:\/\/astos.cz\/de\/wp-json\/wp\/v2\/categories?post=4683"},{"taxonomy":"post_tag","embeddable":true,"href":"https:\/\/astos.cz\/de\/wp-json\/wp\/v2\/tags?post=4683"}],"curies":[{"name":"wp","href":"https:\/\/api.w.org\/{rel}","templated":true}]}}