{"id":4670,"date":"2016-03-03T14:50:15","date_gmt":"2016-03-03T13:50:15","guid":{"rendered":"https:\/\/astos.cz\/de\/nase-vyrobky\/dopravnikove-systemy\/dopravniky-k-lisum\/"},"modified":"2023-02-21T10:23:53","modified_gmt":"2023-02-21T09:23:53","slug":"dopravniky-k-lisum","status":"publish","type":"page","link":"https:\/\/astos.cz\/de\/nase-vyrobky\/dopravnikove-systemy\/dopravniky-k-lisum\/","title":{"rendered":"CDT &#8211; Sp\u00e4nef\u00f6rderer &#8211; Scharnierbandf\u00f6rderer f\u00fcr Pressmaschinen"},"content":{"rendered":"<div id=\"pl-4670\"  class=\"panel-layout\" ><div id=\"pg-4670-0\"  class=\"panel-grid panel-no-style\" ><div id=\"pgc-4670-0-0\"  class=\"panel-grid-cell\" ><div id=\"panel-4670-0-0-0\" class=\"so-panel widget widget_black-studio-tinymce widget_black_studio_tinymce panel-first-child\" data-index=\"0\" ><div class=\"panel-widget-style panel-widget-style-for-4670-0-0-0\" ><div class=\"textwidget\"><h3 style=\"margin-top: 0px\">F\u00f6rderer f\u00fcr Umformsysteme - Pressmaschinen<\/h3>\nBeim Pressen werden F\u00f6rderer verwendet um den Transport des Mettalabfalls beim Pressen zu organisieren. F\u00fcr eine l\u00e4ngere Benutzungsdauer der Sp\u00e4nenf\u00f6rderer empfehlen wir die Verst\u00e4rkung des Geh\u00e4uses und des Bandes mit einem speziellen verschlei\u00dffesten Blech (Material HARDOX)\n\n<a href=\"https:\/\/astos.cz\/wp-content\/uploads\/2016\/02\/CDT-clankove-lisum.jpg\"  rel=\"lightbox[4670] attachment wp-att-2899\"><img class=\"alignnone wp-image-2899\" src=\"https:\/\/astos.cz\/wp-content\/uploads\/2016\/02\/CDT-clankove-lisum.jpg\" alt=\"CDT-clankove-lisum\" width=\"820\" height=\"460\" \/><\/a><\/div><\/div><\/div><div id=\"panel-4670-0-0-1\" class=\"so-panel widget widget_black-studio-tinymce widget_black_studio_tinymce\" data-index=\"1\" ><div class=\"textwidget\"><h4 class=\"alternative-heading\">Klassifizierung nach der Weite der Bandglieder<\/h4>\n<p>Scharnierbandf\u00f6rderer werden in drei Standardabmessungsgr\u00f6\u00dfen hergestellt:<\/p>\n<ul>\n<li>Kleine Schuttst\u00fccke, Teile (bis 0,5m) <strong>mit Weite t=63<\/strong><\/li>\n<li>F\u00fcr Metallschrott von mittlere Gr\u00f6\u00dfe (bis 1m) <strong>mit Weite t=100<\/strong><\/li>\n<li>F\u00fcr Metallschrott von den gro\u00dfen Abmessungen (ab 1m) <strong>mit Weite t=160<\/strong><\/li>\n<\/ul>\n<h4 class=\"alternative-heading\">Klassifizierung nach F\u00f6rdererform<\/h4>\n<p>Die Sp\u00e4nenf\u00f6rderer werden nach der Form in drei Ausf\u00fchrungsarten hergestellt. Nach der Position des Antriebes ist rechte und linke Ausf\u00fchrung m\u00f6glich.<\/p>\n<p><div id='gallery-1' class='gallery galleryid-4670 gallery-columns-3 gallery-size-medium'><figure class='gallery-item'>\n\t\t\t<div class='gallery-icon landscape'>\n\t\t\t\t<a href='https:\/\/astos.cz\/wp-content\/uploads\/2016\/03\/CDT-prime-DE.jpg' rel=\"lightbox[4670]\"><img width=\"300\" height=\"193\" src=\"https:\/\/astos.cz\/wp-content\/uploads\/2016\/03\/CDT-prime-DE-300x193.jpg\" class=\"attachment-medium size-medium\" alt=\"\" loading=\"lazy\" srcset=\"https:\/\/astos.cz\/wp-content\/uploads\/2016\/03\/CDT-prime-DE-300x193.jpg 300w, https:\/\/astos.cz\/wp-content\/uploads\/2016\/03\/CDT-prime-DE-555x357.jpg 555w, https:\/\/astos.cz\/wp-content\/uploads\/2016\/03\/CDT-prime-DE.jpg 700w\" sizes=\"(max-width: 300px) 100vw, 300px\" \/><\/a>\n\t\t\t<\/div><\/figure><figure class='gallery-item'>\n\t\t\t<div class='gallery-icon landscape'>\n\t\t\t\t<a href='https:\/\/astos.cz\/wp-content\/uploads\/2016\/03\/CDT-1_lomene-DE.jpg' rel=\"lightbox[4670]\"><img width=\"300\" height=\"193\" src=\"https:\/\/astos.cz\/wp-content\/uploads\/2016\/03\/CDT-1_lomene-DE-300x193.jpg\" class=\"attachment-medium size-medium\" alt=\"\" loading=\"lazy\" srcset=\"https:\/\/astos.cz\/wp-content\/uploads\/2016\/03\/CDT-1_lomene-DE-300x193.jpg 300w, https:\/\/astos.cz\/wp-content\/uploads\/2016\/03\/CDT-1_lomene-DE-555x357.jpg 555w, https:\/\/astos.cz\/wp-content\/uploads\/2016\/03\/CDT-1_lomene-DE.jpg 700w\" sizes=\"(max-width: 300px) 100vw, 300px\" \/><\/a>\n\t\t\t<\/div><\/figure><figure class='gallery-item'>\n\t\t\t<div class='gallery-icon landscape'>\n\t\t\t\t<a href='https:\/\/astos.cz\/wp-content\/uploads\/2016\/03\/CDT-2_lomene-DE.jpg' rel=\"lightbox[4670]\"><img width=\"300\" height=\"193\" src=\"https:\/\/astos.cz\/wp-content\/uploads\/2016\/03\/CDT-2_lomene-DE-300x193.jpg\" class=\"attachment-medium size-medium\" alt=\"\" loading=\"lazy\" srcset=\"https:\/\/astos.cz\/wp-content\/uploads\/2016\/03\/CDT-2_lomene-DE-300x193.jpg 300w, https:\/\/astos.cz\/wp-content\/uploads\/2016\/03\/CDT-2_lomene-DE-555x357.jpg 555w, https:\/\/astos.cz\/wp-content\/uploads\/2016\/03\/CDT-2_lomene-DE.jpg 700w\" sizes=\"(max-width: 300px) 100vw, 300px\" \/><\/a>\n\t\t\t<\/div><\/figure>\n\t\t<\/div>\n<\/p>\n<p>Sp\u00e4nenf\u00f6rderer zur Presse kann man in automatisch gesteuerte Linien einbauen. Die Sp\u00e4nenf\u00f6rderer kommunizieren dabei mit der Presse und mit anderen Peripherieger\u00e4ten. Zur Kontrolle des F\u00fcllens der  Container gibt es zwei M\u00f6glichkeiten: Entweder mit Dreh- \/ Pendeltrichter, die mit Sensoren ausger\u00fcstet sind und st\u00e4ndig die H\u00f6he des Wasserspiegels im Container scannen,  dabei muss eine gleichm\u00e4\u00dfige Auff\u00fcllung des Containers gew\u00e4hrleistet werden oder das Gewicht der Abfallmenge wird  mit Sensoren kontrolliert. Durch die automatische Steuerung  des  gesamten  Systems kann man auch unbeaufsichtigte Betriebslinien erreichen  und anschlie\u00dfen.<\/p>\n<p>Falls Sie eine spezielle Ausf\u00fchrung des F\u00f6rderers ben\u00f6tigen verwenden Sie die angegebene <a href=\"https:\/\/www.astos.cz\/de\/ke-stazeni\/poptavkove-formulare\/\">Kontaktliste<\/a>.<\/p>\n<p>Bild des Bedienfelds SIEMENS:<\/p>\n<\/div><\/div><div id=\"panel-4670-0-0-2\" class=\"so-panel widget widget_siteorigin-panels-builder panel-last-child\" data-index=\"2\" ><div class=\"panel-widget-style panel-widget-style-for-4670-0-0-2\" ><div id=\"pl-w625e8be3297cd\"  class=\"panel-layout\" ><div id=\"pg-w625e8be3297cd-0\"  class=\"panel-grid panel-no-style\" ><div id=\"pgc-w625e8be3297cd-0-0\"  class=\"panel-grid-cell\" ><div id=\"panel-w625e8be3297cd-0-0-0\" class=\"so-panel widget widget_black-studio-tinymce widget_black_studio_tinymce panel-first-child panel-last-child\" data-index=\"0\" ><div class=\"textwidget\"><a href=\"https:\/\/astos.cz\/wp-content\/uploads\/2016\/03\/CDT-panel_siemens_2.jpg\"  rel=\"lightbox[4670] attachment wp-att-3248\"><img class=\"alignnone wp-image-3248\" src=\"https:\/\/astos.cz\/wp-content\/uploads\/2016\/03\/CDT-panel_siemens_2.jpg\" alt=\"CDT-panel_siemens_2\" width=\"410\" height=\"264\" \/><\/a><\/div><\/div><\/div><div id=\"pgc-w625e8be3297cd-0-1\"  class=\"panel-grid-cell\" ><div id=\"panel-w625e8be3297cd-0-1-0\" class=\"so-panel widget widget_black-studio-tinymce widget_black_studio_tinymce panel-first-child panel-last-child\" data-index=\"1\" ><div class=\"textwidget\"><a href=\"https:\/\/astos.cz\/wp-content\/uploads\/2016\/03\/CDT-panel_siemens.jpg\"  rel=\"lightbox[4670] attachment wp-att-3247\"><img class=\"alignnone wp-image-3247\" src=\"https:\/\/astos.cz\/wp-content\/uploads\/2016\/03\/CDT-panel_siemens.jpg\" alt=\"CDT-panel_siemens\" width=\"410\" height=\"264\" \/><\/a><\/div><\/div><\/div><\/div><\/div><\/div><\/div><\/div><\/div><\/div>","protected":false},"excerpt":{"rendered":"<p>Beim Pressen werden F\u00f6rderer verwendet um den Transport des Mettalabfalls beim Pressen<\/p>\n","protected":false},"author":6,"featured_media":4673,"parent":4657,"menu_order":0,"comment_status":"closed","ping_status":"closed","template":"","meta":[],"categories":[103],"tags":[],"yoast_head":"<!-- This site is optimized with the Yoast SEO plugin v18.5.1 - https:\/\/yoast.com\/wordpress\/plugins\/seo\/ -->\n<title>CDT - Sp\u00e4nef\u00f6rderer - Scharnierbandf\u00f6rderer f\u00fcr Pressmaschinen | ASTOS Machinery<\/title>\n<meta name=\"robots\" content=\"index, follow, max-snippet:-1, max-image-preview:large, max-video-preview:-1\" \/>\n<link rel=\"canonical\" href=\"https:\/\/astos.cz\/de\/nase-vyrobky\/dopravnikove-systemy\/dopravniky-k-lisum\/\" \/>\n<meta property=\"og:locale\" content=\"de_DE\" \/>\n<meta property=\"og:type\" content=\"article\" \/>\n<meta property=\"og:title\" content=\"CDT - Sp\u00e4nef\u00f6rderer - Scharnierbandf\u00f6rderer f\u00fcr Pressmaschinen | ASTOS Machinery\" \/>\n<meta property=\"og:description\" content=\"Beim Pressen werden F\u00f6rderer verwendet um den Transport des Mettalabfalls beim Pressen\" \/>\n<meta property=\"og:url\" content=\"https:\/\/astos.cz\/de\/nase-vyrobky\/dopravnikove-systemy\/dopravniky-k-lisum\/\" \/>\n<meta property=\"og:site_name\" content=\"ASTOS Machinery\" \/>\n<meta property=\"article:modified_time\" content=\"2023-02-21T09:23:53+00:00\" \/>\n<meta property=\"og:image\" content=\"https:\/\/astos.cz\/wp-content\/uploads\/2016\/02\/CDT-clankove-lisum.jpg\" \/>\n\t<meta property=\"og:image:width\" content=\"1140\" \/>\n\t<meta property=\"og:image:height\" content=\"640\" \/>\n\t<meta property=\"og:image:type\" content=\"image\/jpeg\" \/>\n<meta name=\"twitter:card\" content=\"summary\" \/>\n<meta name=\"twitter:label1\" content=\"Gesch\u00e4tzte Lesezeit\" \/>\n\t<meta name=\"twitter:data1\" content=\"1\u00a0Minute\" \/>\n<script type=\"application\/ld+json\" class=\"yoast-schema-graph\">{\"@context\":\"https:\/\/schema.org\",\"@graph\":[{\"@type\":\"WebSite\",\"@id\":\"https:\/\/astos.cz\/#website\",\"url\":\"https:\/\/astos.cz\/\",\"name\":\"ASTOS Machinery\",\"description\":\"Specialista na dopravn\u00edkov\u00e9 syst\u00e9my a krytov\u00e1n\u00ed stroj\u016f\",\"potentialAction\":[{\"@type\":\"SearchAction\",\"target\":{\"@type\":\"EntryPoint\",\"urlTemplate\":\"https:\/\/astos.cz\/?s={search_term_string}\"},\"query-input\":\"required name=search_term_string\"}],\"inLanguage\":\"de\"},{\"@type\":\"ImageObject\",\"@id\":\"https:\/\/astos.cz\/de\/nase-vyrobky\/dopravnikove-systemy\/dopravniky-k-lisum\/#primaryimage\",\"inLanguage\":\"de\",\"url\":\"https:\/\/astos.cz\/wp-content\/uploads\/2016\/02\/CDT-clankove-lisum.jpg\",\"contentUrl\":\"https:\/\/astos.cz\/wp-content\/uploads\/2016\/02\/CDT-clankove-lisum.jpg\",\"width\":1140,\"height\":640},{\"@type\":\"WebPage\",\"@id\":\"https:\/\/astos.cz\/de\/nase-vyrobky\/dopravnikove-systemy\/dopravniky-k-lisum\/#webpage\",\"url\":\"https:\/\/astos.cz\/de\/nase-vyrobky\/dopravnikove-systemy\/dopravniky-k-lisum\/\",\"name\":\"CDT - Sp\u00e4nef\u00f6rderer - Scharnierbandf\u00f6rderer f\u00fcr Pressmaschinen | ASTOS Machinery\",\"isPartOf\":{\"@id\":\"https:\/\/astos.cz\/#website\"},\"primaryImageOfPage\":{\"@id\":\"https:\/\/astos.cz\/de\/nase-vyrobky\/dopravnikove-systemy\/dopravniky-k-lisum\/#primaryimage\"},\"datePublished\":\"2016-03-03T13:50:15+00:00\",\"dateModified\":\"2023-02-21T09:23:53+00:00\",\"breadcrumb\":{\"@id\":\"https:\/\/astos.cz\/de\/nase-vyrobky\/dopravnikove-systemy\/dopravniky-k-lisum\/#breadcrumb\"},\"inLanguage\":\"de\",\"potentialAction\":[{\"@type\":\"ReadAction\",\"target\":[\"https:\/\/astos.cz\/de\/nase-vyrobky\/dopravnikove-systemy\/dopravniky-k-lisum\/\"]}]},{\"@type\":\"BreadcrumbList\",\"@id\":\"https:\/\/astos.cz\/de\/nase-vyrobky\/dopravnikove-systemy\/dopravniky-k-lisum\/#breadcrumb\",\"itemListElement\":[{\"@type\":\"ListItem\",\"position\":1,\"name\":\"Dom\u016f\",\"item\":\"https:\/\/astos.cz\/de\/\"},{\"@type\":\"ListItem\",\"position\":2,\"name\":\"Produkte\",\"item\":\"https:\/\/astos.cz\/de\/nase-vyrobky\/\"},{\"@type\":\"ListItem\",\"position\":3,\"name\":\"F\u00f6rdersysteme\",\"item\":\"https:\/\/astos.cz\/de\/nase-vyrobky\/dopravnikove-systemy\/\"},{\"@type\":\"ListItem\",\"position\":4,\"name\":\"CDT &#8211; Sp\u00e4nef\u00f6rderer &#8211; Scharnierbandf\u00f6rderer f\u00fcr Pressmaschinen\"}]}]}<\/script>\n<!-- \/ Yoast SEO plugin. -->","yoast_head_json":{"title":"CDT - Sp\u00e4nef\u00f6rderer - Scharnierbandf\u00f6rderer f\u00fcr Pressmaschinen | ASTOS Machinery","robots":{"index":"index","follow":"follow","max-snippet":"max-snippet:-1","max-image-preview":"max-image-preview:large","max-video-preview":"max-video-preview:-1"},"canonical":"https:\/\/astos.cz\/de\/nase-vyrobky\/dopravnikove-systemy\/dopravniky-k-lisum\/","og_locale":"de_DE","og_type":"article","og_title":"CDT - Sp\u00e4nef\u00f6rderer - Scharnierbandf\u00f6rderer f\u00fcr Pressmaschinen | ASTOS Machinery","og_description":"Beim Pressen werden F\u00f6rderer verwendet um den Transport des Mettalabfalls beim Pressen","og_url":"https:\/\/astos.cz\/de\/nase-vyrobky\/dopravnikove-systemy\/dopravniky-k-lisum\/","og_site_name":"ASTOS Machinery","article_modified_time":"2023-02-21T09:23:53+00:00","og_image":[{"width":1140,"height":640,"url":"https:\/\/astos.cz\/wp-content\/uploads\/2016\/02\/CDT-clankove-lisum.jpg","type":"image\/jpeg"}],"twitter_card":"summary","twitter_misc":{"Gesch\u00e4tzte Lesezeit":"1\u00a0Minute"},"schema":{"@context":"https:\/\/schema.org","@graph":[{"@type":"WebSite","@id":"https:\/\/astos.cz\/#website","url":"https:\/\/astos.cz\/","name":"ASTOS Machinery","description":"Specialista na dopravn\u00edkov\u00e9 syst\u00e9my a krytov\u00e1n\u00ed stroj\u016f","potentialAction":[{"@type":"SearchAction","target":{"@type":"EntryPoint","urlTemplate":"https:\/\/astos.cz\/?s={search_term_string}"},"query-input":"required name=search_term_string"}],"inLanguage":"de"},{"@type":"ImageObject","@id":"https:\/\/astos.cz\/de\/nase-vyrobky\/dopravnikove-systemy\/dopravniky-k-lisum\/#primaryimage","inLanguage":"de","url":"https:\/\/astos.cz\/wp-content\/uploads\/2016\/02\/CDT-clankove-lisum.jpg","contentUrl":"https:\/\/astos.cz\/wp-content\/uploads\/2016\/02\/CDT-clankove-lisum.jpg","width":1140,"height":640},{"@type":"WebPage","@id":"https:\/\/astos.cz\/de\/nase-vyrobky\/dopravnikove-systemy\/dopravniky-k-lisum\/#webpage","url":"https:\/\/astos.cz\/de\/nase-vyrobky\/dopravnikove-systemy\/dopravniky-k-lisum\/","name":"CDT - Sp\u00e4nef\u00f6rderer - Scharnierbandf\u00f6rderer f\u00fcr Pressmaschinen | ASTOS Machinery","isPartOf":{"@id":"https:\/\/astos.cz\/#website"},"primaryImageOfPage":{"@id":"https:\/\/astos.cz\/de\/nase-vyrobky\/dopravnikove-systemy\/dopravniky-k-lisum\/#primaryimage"},"datePublished":"2016-03-03T13:50:15+00:00","dateModified":"2023-02-21T09:23:53+00:00","breadcrumb":{"@id":"https:\/\/astos.cz\/de\/nase-vyrobky\/dopravnikove-systemy\/dopravniky-k-lisum\/#breadcrumb"},"inLanguage":"de","potentialAction":[{"@type":"ReadAction","target":["https:\/\/astos.cz\/de\/nase-vyrobky\/dopravnikove-systemy\/dopravniky-k-lisum\/"]}]},{"@type":"BreadcrumbList","@id":"https:\/\/astos.cz\/de\/nase-vyrobky\/dopravnikove-systemy\/dopravniky-k-lisum\/#breadcrumb","itemListElement":[{"@type":"ListItem","position":1,"name":"Dom\u016f","item":"https:\/\/astos.cz\/de\/"},{"@type":"ListItem","position":2,"name":"Produkte","item":"https:\/\/astos.cz\/de\/nase-vyrobky\/"},{"@type":"ListItem","position":3,"name":"F\u00f6rdersysteme","item":"https:\/\/astos.cz\/de\/nase-vyrobky\/dopravnikove-systemy\/"},{"@type":"ListItem","position":4,"name":"CDT &#8211; Sp\u00e4nef\u00f6rderer &#8211; Scharnierbandf\u00f6rderer f\u00fcr Pressmaschinen"}]}]}},"_links":{"self":[{"href":"https:\/\/astos.cz\/de\/wp-json\/wp\/v2\/pages\/4670"}],"collection":[{"href":"https:\/\/astos.cz\/de\/wp-json\/wp\/v2\/pages"}],"about":[{"href":"https:\/\/astos.cz\/de\/wp-json\/wp\/v2\/types\/page"}],"author":[{"embeddable":true,"href":"https:\/\/astos.cz\/de\/wp-json\/wp\/v2\/users\/6"}],"replies":[{"embeddable":true,"href":"https:\/\/astos.cz\/de\/wp-json\/wp\/v2\/comments?post=4670"}],"version-history":[{"count":11,"href":"https:\/\/astos.cz\/de\/wp-json\/wp\/v2\/pages\/4670\/revisions"}],"predecessor-version":[{"id":10062,"href":"https:\/\/astos.cz\/de\/wp-json\/wp\/v2\/pages\/4670\/revisions\/10062"}],"up":[{"embeddable":true,"href":"https:\/\/astos.cz\/de\/wp-json\/wp\/v2\/pages\/4657"}],"wp:featuredmedia":[{"embeddable":true,"href":"https:\/\/astos.cz\/de\/wp-json\/wp\/v2\/media\/4673"}],"wp:attachment":[{"href":"https:\/\/astos.cz\/de\/wp-json\/wp\/v2\/media?parent=4670"}],"wp:term":[{"taxonomy":"category","embeddable":true,"href":"https:\/\/astos.cz\/de\/wp-json\/wp\/v2\/categories?post=4670"},{"taxonomy":"post_tag","embeddable":true,"href":"https:\/\/astos.cz\/de\/wp-json\/wp\/v2\/tags?post=4670"}],"curies":[{"name":"wp","href":"https:\/\/api.w.org\/{rel}","templated":true}]}}