{"id":4662,"date":"2016-03-03T13:34:02","date_gmt":"2016-03-03T12:34:02","guid":{"rendered":"https:\/\/astos.cz\/de\/nase-vyrobky\/dopravnikove-systemy\/dopravniky-trisek\/"},"modified":"2023-02-21T10:23:09","modified_gmt":"2023-02-21T09:23:09","slug":"dopravniky-trisek","status":"publish","type":"page","link":"https:\/\/astos.cz\/de\/nase-vyrobky\/dopravnikove-systemy\/dopravniky-trisek\/","title":{"rendered":"CDT &#8211; Sp\u00e4nef\u00f6rderer &#8211; Scharnierbandf\u00f6rderer f\u00fcr CNC Maschinen"},"content":{"rendered":"<div id=\"pl-4662\"  class=\"panel-layout\" ><div id=\"pg-4662-0\"  class=\"panel-grid panel-no-style\" ><div id=\"pgc-4662-0-0\"  class=\"panel-grid-cell\" ><div id=\"panel-4662-0-0-0\" class=\"so-panel widget widget_sow-editor panel-first-child\" data-index=\"0\" ><div class=\"so-widget-sow-editor so-widget-sow-editor-base\">\n<div class=\"siteorigin-widget-tinymce textwidget\">\n\t<h3 style=\"margin-top: 0px;\">Sp\u00e4nen - St\u00fcckgut-F\u00f6rdererer<\/h3>\n<p>Scharnierbandf\u00f6rderer \/ Sp\u00e4nef\u00f6rderer sind die am h\u00e4ufigsten verwendeten F\u00f6rderer und sind f\u00fcr den Transport der meisten Sp\u00e4ne geeignet: kleine, lange Spiralen, S\u00e4belsp\u00e4ne und f\u00fcr Sp\u00e4neklumpen. Sie sind weniger geeignet f\u00fcr kleine Aluminiumsp\u00e4ne. F\u00fcr die Verbesserung der Lebensdauer empfehlen wir die Verst\u00e4rkung des Geh\u00e4uses und des Bandes mi einem speziellen verschlei\u00dffesten Blech \u2013 Material HARDOX.<\/p>\n<p><a href=\"https:\/\/www.astos.cz\/wp-content\/uploads\/2021\/04\/CDT-spaneforderer-CNC.jpg\" rel=\"lightbox[4662]\"><img loading=\"lazy\" class=\"alignnone wp-image-9574 size-large\" src=\"https:\/\/www.astos.cz\/wp-content\/uploads\/2021\/04\/CDT-spaneforderer-CNC-1024x575.jpg\" alt=\"\" width=\"1024\" height=\"575\" srcset=\"https:\/\/astos.cz\/wp-content\/uploads\/2021\/04\/CDT-spaneforderer-CNC-1024x575.jpg 1024w, https:\/\/astos.cz\/wp-content\/uploads\/2021\/04\/CDT-spaneforderer-CNC-300x168.jpg 300w, https:\/\/astos.cz\/wp-content\/uploads\/2021\/04\/CDT-spaneforderer-CNC-768x431.jpg 768w, https:\/\/astos.cz\/wp-content\/uploads\/2021\/04\/CDT-spaneforderer-CNC-555x312.jpg 555w, https:\/\/astos.cz\/wp-content\/uploads\/2021\/04\/CDT-spaneforderer-CNC.jpg 1140w\" sizes=\"(max-width: 1024px) 100vw, 1024px\" \/><\/a><\/p>\n<\/div>\n<\/div><\/div><div id=\"panel-4662-0-0-1\" class=\"so-panel widget widget_sow-editor panel-last-child\" data-index=\"1\" ><div class=\"so-widget-sow-editor so-widget-sow-editor-base\">\n<div class=\"siteorigin-widget-tinymce textwidget\">\n\t<h4 class=\"alternative-heading\" style=\"margin-top: 0px\">Klassifizierung nach der Weite der Bandglieder<\/h4>\n<p>Scharnierbandf\u00f6rderer werden in drei Standardabmessungsgr\u00f6\u00dfen hergestellt:<\/p>\n<\/div>\n<\/div><\/div><\/div><\/div><div id=\"pg-4662-1\"  class=\"panel-grid panel-no-style\" ><div id=\"pgc-4662-1-0\"  class=\"panel-grid-cell\" ><div id=\"panel-4662-1-0-0\" class=\"so-panel widget widget_pt_brochure_box widget-brochure-box panel-first-child\" data-index=\"2\" ><div class=\"panel-widget-style panel-widget-style-for-4662-1-0-0\" >\t\t\t<a class=\"brochure-box\" href=\"https:\/\/astos.cz\/wp-content\/uploads\/2016\/03\/CDT_40-DE.pdf\" target=\"_blank\">\n\t\t\t\t<i class=\"fa  fa-file-pdf-o\"><\/i>\n\t\t\t\t<h5 class=\"brochure-box__text\">Leichte Arbeitsbedingungen - mit Weite  t=40<\/h5>\n\t\t\t<\/a>\n\n\t\t\t<\/div><\/div><div id=\"panel-4662-1-0-1\" class=\"so-panel widget widget_pt_brochure_box widget-brochure-box\" data-index=\"3\" >\t\t\t<a class=\"brochure-box\" href=\"https:\/\/astos.cz\/wp-content\/uploads\/2016\/03\/CDT_63-DE.pdf\" target=\"_blank\">\n\t\t\t\t<i class=\"fa  fa-file-pdf-o\"><\/i>\n\t\t\t\t<h5 class=\"brochure-box__text\">Mittelschwere Arbeitsbedingungen - mit Weite t=63<\/h5>\n\t\t\t<\/a>\n\n\t\t\t<\/div><div id=\"panel-4662-1-0-2\" class=\"so-panel widget widget_pt_brochure_box widget-brochure-box\" data-index=\"4\" >\t\t\t<a class=\"brochure-box\" href=\"https:\/\/astos.cz\/wp-content\/uploads\/2016\/03\/CDT_100-DE.pdf\" target=\"_blank\">\n\t\t\t\t<i class=\"fa  fa-file-pdf-o\"><\/i>\n\t\t\t\t<h5 class=\"brochure-box__text\">Schwere Arbeitsbedingungen - mit Weite t=100<\/h5>\n\t\t\t<\/a>\n\n\t\t\t<\/div><div id=\"panel-4662-1-0-3\" class=\"so-panel widget widget_sow-editor panel-last-child\" data-index=\"5\" ><div class=\"panel-widget-style panel-widget-style-for-4662-1-0-3\" ><div class=\"so-widget-sow-editor so-widget-sow-editor-base\">\n<div class=\"siteorigin-widget-tinymce textwidget\">\n\t<p><a href=\"https:\/\/astos.cz\/wp-content\/uploads\/2016\/03\/cdt_100.jpg\"  rel=\"lightbox[4662] attachment wp-att-5113\"><img loading=\"lazy\" class=\"alignnone wp-image-5113\" src=\"https:\/\/astos.cz\/wp-content\/uploads\/2016\/03\/cdt_100.jpg\" alt=\"cdt_100\" width=\"410\" height=\"232\" style=\"margin-bottom: 0px; margin-top: 0px\" srcset=\"https:\/\/astos.cz\/wp-content\/uploads\/2016\/03\/cdt_100.jpg 848w, https:\/\/astos.cz\/wp-content\/uploads\/2016\/03\/cdt_100-300x170.jpg 300w, https:\/\/astos.cz\/wp-content\/uploads\/2016\/03\/cdt_100-768x435.jpg 768w, https:\/\/astos.cz\/wp-content\/uploads\/2016\/03\/cdt_100-555x314.jpg 555w\" sizes=\"(max-width: 410px) 100vw, 410px\" \/><\/a><\/p>\n<\/div>\n<\/div><\/div><\/div><\/div><div id=\"pgc-4662-1-1\"  class=\"panel-grid-cell\" ><div id=\"panel-4662-1-1-0\" class=\"so-panel widget widget_sow-editor panel-first-child panel-last-child\" data-index=\"6\" ><div class=\"so-widget-sow-editor so-widget-sow-editor-base\">\n<div class=\"siteorigin-widget-tinymce textwidget\">\n\t<p><a href=\"https:\/\/astos.cz\/wp-content\/uploads\/2016\/03\/cdt_40.jpg\"  rel=\"lightbox[4662] attachment wp-att-5092\"><img loading=\"lazy\" class=\"alignnone wp-image-5092\" src=\"https:\/\/astos.cz\/wp-content\/uploads\/2016\/03\/cdt_40.jpg\" alt=\"cdt_40\" width=\"410\" height=\"232\" srcset=\"https:\/\/astos.cz\/wp-content\/uploads\/2016\/03\/cdt_40.jpg 848w, https:\/\/astos.cz\/wp-content\/uploads\/2016\/03\/cdt_40-300x170.jpg 300w, https:\/\/astos.cz\/wp-content\/uploads\/2016\/03\/cdt_40-768x435.jpg 768w, https:\/\/astos.cz\/wp-content\/uploads\/2016\/03\/cdt_40-555x314.jpg 555w\" sizes=\"(max-width: 410px) 100vw, 410px\" \/><\/a><br \/>\n<a href=\"https:\/\/astos.cz\/wp-content\/uploads\/2016\/03\/cdt_63.jpg\"  rel=\"lightbox[4662] attachment wp-att-5110\"><img loading=\"lazy\" class=\"alignnone wp-image-5110\" src=\"https:\/\/astos.cz\/wp-content\/uploads\/2016\/03\/cdt_63.jpg\" alt=\"cdt_63\" width=\"410\" height=\"232\" style=\"margin-bottom: 0px\" srcset=\"https:\/\/astos.cz\/wp-content\/uploads\/2016\/03\/cdt_63.jpg 848w, https:\/\/astos.cz\/wp-content\/uploads\/2016\/03\/cdt_63-300x170.jpg 300w, https:\/\/astos.cz\/wp-content\/uploads\/2016\/03\/cdt_63-768x435.jpg 768w, https:\/\/astos.cz\/wp-content\/uploads\/2016\/03\/cdt_63-555x314.jpg 555w\" sizes=\"(max-width: 410px) 100vw, 410px\" \/><\/a><\/p>\n<\/div>\n<\/div><\/div><\/div><\/div><div id=\"pg-4662-2\"  class=\"panel-grid panel-no-style\" ><div id=\"pgc-4662-2-0\"  class=\"panel-grid-cell\" ><div id=\"panel-4662-2-0-0\" class=\"so-panel widget widget_black-studio-tinymce widget_black_studio_tinymce panel-first-child panel-last-child\" data-index=\"7\" ><div class=\"textwidget\"><h4 class=\"alternative-heading\">Klassifizierung nach F\u00f6rdererform<\/h4>\n<p>Die Sp\u00e4nenf\u00f6rderer werden nach der Form in drei Ausf\u00fchrungsarten hergestellt. Nach der Position des Antriebes ist rechte und linke Ausf\u00fchrung m\u00f6glich.<\/p>\n<p><div id='gallery-1' class='gallery galleryid-4662 gallery-columns-3 gallery-size-medium'><figure class='gallery-item'>\n\t\t\t<div class='gallery-icon landscape'>\n\t\t\t\t<a href='https:\/\/astos.cz\/wp-content\/uploads\/2016\/03\/CDT-prime-DE.jpg' rel=\"lightbox[4662]\"><img width=\"300\" height=\"193\" src=\"https:\/\/astos.cz\/wp-content\/uploads\/2016\/03\/CDT-prime-DE-300x193.jpg\" class=\"attachment-medium size-medium\" alt=\"\" loading=\"lazy\" srcset=\"https:\/\/astos.cz\/wp-content\/uploads\/2016\/03\/CDT-prime-DE-300x193.jpg 300w, https:\/\/astos.cz\/wp-content\/uploads\/2016\/03\/CDT-prime-DE-555x357.jpg 555w, https:\/\/astos.cz\/wp-content\/uploads\/2016\/03\/CDT-prime-DE.jpg 700w\" sizes=\"(max-width: 300px) 100vw, 300px\" \/><\/a>\n\t\t\t<\/div><\/figure><figure class='gallery-item'>\n\t\t\t<div class='gallery-icon landscape'>\n\t\t\t\t<a href='https:\/\/astos.cz\/wp-content\/uploads\/2016\/03\/CDT-1_lomene-DE.jpg' rel=\"lightbox[4662]\"><img width=\"300\" height=\"193\" src=\"https:\/\/astos.cz\/wp-content\/uploads\/2016\/03\/CDT-1_lomene-DE-300x193.jpg\" class=\"attachment-medium size-medium\" alt=\"\" loading=\"lazy\" srcset=\"https:\/\/astos.cz\/wp-content\/uploads\/2016\/03\/CDT-1_lomene-DE-300x193.jpg 300w, https:\/\/astos.cz\/wp-content\/uploads\/2016\/03\/CDT-1_lomene-DE-555x357.jpg 555w, https:\/\/astos.cz\/wp-content\/uploads\/2016\/03\/CDT-1_lomene-DE.jpg 700w\" sizes=\"(max-width: 300px) 100vw, 300px\" \/><\/a>\n\t\t\t<\/div><\/figure><figure class='gallery-item'>\n\t\t\t<div class='gallery-icon landscape'>\n\t\t\t\t<a href='https:\/\/astos.cz\/wp-content\/uploads\/2016\/03\/CDT-2_lomene-DE.jpg' rel=\"lightbox[4662]\"><img width=\"300\" height=\"193\" src=\"https:\/\/astos.cz\/wp-content\/uploads\/2016\/03\/CDT-2_lomene-DE-300x193.jpg\" class=\"attachment-medium size-medium\" alt=\"\" loading=\"lazy\" srcset=\"https:\/\/astos.cz\/wp-content\/uploads\/2016\/03\/CDT-2_lomene-DE-300x193.jpg 300w, https:\/\/astos.cz\/wp-content\/uploads\/2016\/03\/CDT-2_lomene-DE-555x357.jpg 555w, https:\/\/astos.cz\/wp-content\/uploads\/2016\/03\/CDT-2_lomene-DE.jpg 700w\" sizes=\"(max-width: 300px) 100vw, 300px\" \/><\/a>\n\t\t\t<\/div><\/figure>\n\t\t<\/div>\n<\/p>\n<p>Die schematische Darstellung des Datenblatts zeigt die wichtigsten Ma\u00dfe. Der Kunde kann die Ma\u00dfe L1, L2 und L3 w\u00e4hlen. Dazu wird das Ausf\u00fchlen des <a href=\"https:\/\/astos.cz\/de\/ke-stazeni\/poptavkove-formulare\/\">Anfrageformulars<\/a> ben\u00f6tigt.<\/p>\n<p>Falls Sie eine spezielle Ausf\u00fchrung des F\u00f6rderers ben\u00f6tigen verwenden Sie die angegebene <a href=\"https:\/\/astos.cz\/de\/kontakty\/dulezite-kontakty\">Kontaktliste.<\/a>.<\/p>\n<h4 class=\"alternative-heading\">Abmessungen des Geh\u00e4uses sind w\u00e4hlbar<\/h4>\n<p><div id='gallery-2' class='gallery galleryid-4662 gallery-columns-3 gallery-size-medium'><figure class='gallery-item'>\n\t\t\t<div class='gallery-icon landscape'>\n\t\t\t\t<a href='https:\/\/astos.cz\/wp-content\/uploads\/2016\/02\/cdt_40_rez.jpg' rel=\"lightbox[4662]\"><img width=\"300\" height=\"193\" src=\"https:\/\/astos.cz\/wp-content\/uploads\/2016\/02\/cdt_40_rez-300x193.jpg\" class=\"attachment-medium size-medium\" alt=\"\" loading=\"lazy\" srcset=\"https:\/\/astos.cz\/wp-content\/uploads\/2016\/02\/cdt_40_rez-300x193.jpg 300w, https:\/\/astos.cz\/wp-content\/uploads\/2016\/02\/cdt_40_rez-555x357.jpg 555w, https:\/\/astos.cz\/wp-content\/uploads\/2016\/02\/cdt_40_rez.jpg 700w\" sizes=\"(max-width: 300px) 100vw, 300px\" \/><\/a>\n\t\t\t<\/div><\/figure><figure class='gallery-item'>\n\t\t\t<div class='gallery-icon landscape'>\n\t\t\t\t<a href='https:\/\/astos.cz\/wp-content\/uploads\/2016\/02\/cdt_63_rez.jpg' rel=\"lightbox[4662]\"><img width=\"300\" height=\"193\" src=\"https:\/\/astos.cz\/wp-content\/uploads\/2016\/02\/cdt_63_rez-300x193.jpg\" class=\"attachment-medium size-medium\" alt=\"\" loading=\"lazy\" srcset=\"https:\/\/astos.cz\/wp-content\/uploads\/2016\/02\/cdt_63_rez-300x193.jpg 300w, https:\/\/astos.cz\/wp-content\/uploads\/2016\/02\/cdt_63_rez-555x357.jpg 555w, https:\/\/astos.cz\/wp-content\/uploads\/2016\/02\/cdt_63_rez.jpg 700w\" sizes=\"(max-width: 300px) 100vw, 300px\" \/><\/a>\n\t\t\t<\/div><\/figure><figure class='gallery-item'>\n\t\t\t<div class='gallery-icon landscape'>\n\t\t\t\t<a href='https:\/\/astos.cz\/wp-content\/uploads\/2016\/02\/cdt_100_rez.jpg' rel=\"lightbox[4662]\"><img width=\"300\" height=\"193\" src=\"https:\/\/astos.cz\/wp-content\/uploads\/2016\/02\/cdt_100_rez-300x193.jpg\" class=\"attachment-medium size-medium\" alt=\"\" loading=\"lazy\" srcset=\"https:\/\/astos.cz\/wp-content\/uploads\/2016\/02\/cdt_100_rez-300x193.jpg 300w, https:\/\/astos.cz\/wp-content\/uploads\/2016\/02\/cdt_100_rez-555x357.jpg 555w, https:\/\/astos.cz\/wp-content\/uploads\/2016\/02\/cdt_100_rez.jpg 700w\" sizes=\"(max-width: 300px) 100vw, 300px\" \/><\/a>\n\t\t\t<\/div><\/figure>\n\t\t<\/div>\n<\/p>\n<p><strong>Kommentar:<\/strong> Die H\u00f6he des Geh\u00e4use (140, 213 u. 360mm) ist festgelegt und muss eingehalten werden.<\/p>\n<p>Parameter A (Breite des Geh\u00e4use) ist Optional. Parameter B ist die Nutzbreite des F\u00f6rderers. Rot markierte Forms des Aufgabetrichters wird nach dem Wunsch der Kunden hergestellt.<\/p>\n<p>Anfrage Formular <a href=\"https:\/\/astos.cz\/de\/ke-stazeni\/poptavkove-formulare\/\">zum Download<\/a>.<\/p>\n<\/div><\/div><\/div><\/div><\/div>","protected":false},"excerpt":{"rendered":"<p>Scharnierbandf\u00f6rderer sind die am h\u00e4ufigsten verwendeten F\u00f6rderer und sind f\u00fcr den Transport <\/p>\n","protected":false},"author":6,"featured_media":4665,"parent":4657,"menu_order":0,"comment_status":"closed","ping_status":"closed","template":"","meta":[],"categories":[103],"tags":[],"yoast_head":"<!-- This site is optimized with the Yoast SEO plugin v18.5.1 - https:\/\/yoast.com\/wordpress\/plugins\/seo\/ -->\n<title>CDT - Sp\u00e4nef\u00f6rderer - Scharnierbandf\u00f6rderer f\u00fcr CNC Maschinen | ASTOS Machinery<\/title>\n<meta name=\"robots\" content=\"index, follow, max-snippet:-1, max-image-preview:large, max-video-preview:-1\" \/>\n<link rel=\"canonical\" href=\"https:\/\/astos.cz\/de\/nase-vyrobky\/dopravnikove-systemy\/dopravniky-trisek\/\" \/>\n<meta property=\"og:locale\" content=\"de_DE\" \/>\n<meta property=\"og:type\" content=\"article\" \/>\n<meta property=\"og:title\" content=\"CDT - Sp\u00e4nef\u00f6rderer - Scharnierbandf\u00f6rderer f\u00fcr CNC Maschinen | ASTOS Machinery\" \/>\n<meta property=\"og:description\" content=\"Scharnierbandf\u00f6rderer sind die am h\u00e4ufigsten verwendeten F\u00f6rderer und sind f\u00fcr den Transport\" \/>\n<meta property=\"og:url\" content=\"https:\/\/astos.cz\/de\/nase-vyrobky\/dopravnikove-systemy\/dopravniky-trisek\/\" \/>\n<meta property=\"og:site_name\" content=\"ASTOS Machinery\" \/>\n<meta property=\"article:modified_time\" content=\"2023-02-21T09:23:09+00:00\" \/>\n<meta property=\"og:image\" content=\"https:\/\/astos.cz\/wp-content\/uploads\/2016\/02\/CDT-clankove-CNC.jpg\" \/>\n\t<meta property=\"og:image:width\" content=\"1140\" \/>\n\t<meta property=\"og:image:height\" content=\"640\" \/>\n\t<meta property=\"og:image:type\" content=\"image\/jpeg\" \/>\n<meta name=\"twitter:card\" content=\"summary\" \/>\n<meta name=\"twitter:label1\" content=\"Gesch\u00e4tzte Lesezeit\" \/>\n\t<meta name=\"twitter:data1\" content=\"1\u00a0Minute\" \/>\n<script type=\"application\/ld+json\" class=\"yoast-schema-graph\">{\"@context\":\"https:\/\/schema.org\",\"@graph\":[{\"@type\":\"WebSite\",\"@id\":\"https:\/\/astos.cz\/#website\",\"url\":\"https:\/\/astos.cz\/\",\"name\":\"ASTOS Machinery\",\"description\":\"Specialista na dopravn\u00edkov\u00e9 syst\u00e9my a krytov\u00e1n\u00ed stroj\u016f\",\"potentialAction\":[{\"@type\":\"SearchAction\",\"target\":{\"@type\":\"EntryPoint\",\"urlTemplate\":\"https:\/\/astos.cz\/?s={search_term_string}\"},\"query-input\":\"required name=search_term_string\"}],\"inLanguage\":\"de\"},{\"@type\":\"ImageObject\",\"@id\":\"https:\/\/astos.cz\/de\/nase-vyrobky\/dopravnikove-systemy\/dopravniky-trisek\/#primaryimage\",\"inLanguage\":\"de\",\"url\":\"https:\/\/astos.cz\/wp-content\/uploads\/2016\/02\/CDT-clankove-CNC.jpg\",\"contentUrl\":\"https:\/\/astos.cz\/wp-content\/uploads\/2016\/02\/CDT-clankove-CNC.jpg\",\"width\":1140,\"height\":640},{\"@type\":\"WebPage\",\"@id\":\"https:\/\/astos.cz\/de\/nase-vyrobky\/dopravnikove-systemy\/dopravniky-trisek\/#webpage\",\"url\":\"https:\/\/astos.cz\/de\/nase-vyrobky\/dopravnikove-systemy\/dopravniky-trisek\/\",\"name\":\"CDT - Sp\u00e4nef\u00f6rderer - Scharnierbandf\u00f6rderer f\u00fcr CNC Maschinen | ASTOS Machinery\",\"isPartOf\":{\"@id\":\"https:\/\/astos.cz\/#website\"},\"primaryImageOfPage\":{\"@id\":\"https:\/\/astos.cz\/de\/nase-vyrobky\/dopravnikove-systemy\/dopravniky-trisek\/#primaryimage\"},\"datePublished\":\"2016-03-03T12:34:02+00:00\",\"dateModified\":\"2023-02-21T09:23:09+00:00\",\"breadcrumb\":{\"@id\":\"https:\/\/astos.cz\/de\/nase-vyrobky\/dopravnikove-systemy\/dopravniky-trisek\/#breadcrumb\"},\"inLanguage\":\"de\",\"potentialAction\":[{\"@type\":\"ReadAction\",\"target\":[\"https:\/\/astos.cz\/de\/nase-vyrobky\/dopravnikove-systemy\/dopravniky-trisek\/\"]}]},{\"@type\":\"BreadcrumbList\",\"@id\":\"https:\/\/astos.cz\/de\/nase-vyrobky\/dopravnikove-systemy\/dopravniky-trisek\/#breadcrumb\",\"itemListElement\":[{\"@type\":\"ListItem\",\"position\":1,\"name\":\"Dom\u016f\",\"item\":\"https:\/\/astos.cz\/de\/\"},{\"@type\":\"ListItem\",\"position\":2,\"name\":\"Produkte\",\"item\":\"https:\/\/astos.cz\/de\/nase-vyrobky\/\"},{\"@type\":\"ListItem\",\"position\":3,\"name\":\"F\u00f6rdersysteme\",\"item\":\"https:\/\/astos.cz\/de\/nase-vyrobky\/dopravnikove-systemy\/\"},{\"@type\":\"ListItem\",\"position\":4,\"name\":\"CDT &#8211; Sp\u00e4nef\u00f6rderer &#8211; Scharnierbandf\u00f6rderer f\u00fcr CNC Maschinen\"}]}]}<\/script>\n<!-- \/ Yoast SEO plugin. -->","yoast_head_json":{"title":"CDT - Sp\u00e4nef\u00f6rderer - Scharnierbandf\u00f6rderer f\u00fcr CNC Maschinen | ASTOS Machinery","robots":{"index":"index","follow":"follow","max-snippet":"max-snippet:-1","max-image-preview":"max-image-preview:large","max-video-preview":"max-video-preview:-1"},"canonical":"https:\/\/astos.cz\/de\/nase-vyrobky\/dopravnikove-systemy\/dopravniky-trisek\/","og_locale":"de_DE","og_type":"article","og_title":"CDT - Sp\u00e4nef\u00f6rderer - Scharnierbandf\u00f6rderer f\u00fcr CNC Maschinen | ASTOS Machinery","og_description":"Scharnierbandf\u00f6rderer sind die am h\u00e4ufigsten verwendeten F\u00f6rderer und sind f\u00fcr den Transport","og_url":"https:\/\/astos.cz\/de\/nase-vyrobky\/dopravnikove-systemy\/dopravniky-trisek\/","og_site_name":"ASTOS Machinery","article_modified_time":"2023-02-21T09:23:09+00:00","og_image":[{"width":1140,"height":640,"url":"https:\/\/astos.cz\/wp-content\/uploads\/2016\/02\/CDT-clankove-CNC.jpg","type":"image\/jpeg"}],"twitter_card":"summary","twitter_misc":{"Gesch\u00e4tzte Lesezeit":"1\u00a0Minute"},"schema":{"@context":"https:\/\/schema.org","@graph":[{"@type":"WebSite","@id":"https:\/\/astos.cz\/#website","url":"https:\/\/astos.cz\/","name":"ASTOS Machinery","description":"Specialista na dopravn\u00edkov\u00e9 syst\u00e9my a krytov\u00e1n\u00ed stroj\u016f","potentialAction":[{"@type":"SearchAction","target":{"@type":"EntryPoint","urlTemplate":"https:\/\/astos.cz\/?s={search_term_string}"},"query-input":"required name=search_term_string"}],"inLanguage":"de"},{"@type":"ImageObject","@id":"https:\/\/astos.cz\/de\/nase-vyrobky\/dopravnikove-systemy\/dopravniky-trisek\/#primaryimage","inLanguage":"de","url":"https:\/\/astos.cz\/wp-content\/uploads\/2016\/02\/CDT-clankove-CNC.jpg","contentUrl":"https:\/\/astos.cz\/wp-content\/uploads\/2016\/02\/CDT-clankove-CNC.jpg","width":1140,"height":640},{"@type":"WebPage","@id":"https:\/\/astos.cz\/de\/nase-vyrobky\/dopravnikove-systemy\/dopravniky-trisek\/#webpage","url":"https:\/\/astos.cz\/de\/nase-vyrobky\/dopravnikove-systemy\/dopravniky-trisek\/","name":"CDT - Sp\u00e4nef\u00f6rderer - Scharnierbandf\u00f6rderer f\u00fcr CNC Maschinen | ASTOS Machinery","isPartOf":{"@id":"https:\/\/astos.cz\/#website"},"primaryImageOfPage":{"@id":"https:\/\/astos.cz\/de\/nase-vyrobky\/dopravnikove-systemy\/dopravniky-trisek\/#primaryimage"},"datePublished":"2016-03-03T12:34:02+00:00","dateModified":"2023-02-21T09:23:09+00:00","breadcrumb":{"@id":"https:\/\/astos.cz\/de\/nase-vyrobky\/dopravnikove-systemy\/dopravniky-trisek\/#breadcrumb"},"inLanguage":"de","potentialAction":[{"@type":"ReadAction","target":["https:\/\/astos.cz\/de\/nase-vyrobky\/dopravnikove-systemy\/dopravniky-trisek\/"]}]},{"@type":"BreadcrumbList","@id":"https:\/\/astos.cz\/de\/nase-vyrobky\/dopravnikove-systemy\/dopravniky-trisek\/#breadcrumb","itemListElement":[{"@type":"ListItem","position":1,"name":"Dom\u016f","item":"https:\/\/astos.cz\/de\/"},{"@type":"ListItem","position":2,"name":"Produkte","item":"https:\/\/astos.cz\/de\/nase-vyrobky\/"},{"@type":"ListItem","position":3,"name":"F\u00f6rdersysteme","item":"https:\/\/astos.cz\/de\/nase-vyrobky\/dopravnikove-systemy\/"},{"@type":"ListItem","position":4,"name":"CDT &#8211; Sp\u00e4nef\u00f6rderer &#8211; Scharnierbandf\u00f6rderer f\u00fcr CNC Maschinen"}]}]}},"_links":{"self":[{"href":"https:\/\/astos.cz\/de\/wp-json\/wp\/v2\/pages\/4662"}],"collection":[{"href":"https:\/\/astos.cz\/de\/wp-json\/wp\/v2\/pages"}],"about":[{"href":"https:\/\/astos.cz\/de\/wp-json\/wp\/v2\/types\/page"}],"author":[{"embeddable":true,"href":"https:\/\/astos.cz\/de\/wp-json\/wp\/v2\/users\/6"}],"replies":[{"embeddable":true,"href":"https:\/\/astos.cz\/de\/wp-json\/wp\/v2\/comments?post=4662"}],"version-history":[{"count":56,"href":"https:\/\/astos.cz\/de\/wp-json\/wp\/v2\/pages\/4662\/revisions"}],"predecessor-version":[{"id":10059,"href":"https:\/\/astos.cz\/de\/wp-json\/wp\/v2\/pages\/4662\/revisions\/10059"}],"up":[{"embeddable":true,"href":"https:\/\/astos.cz\/de\/wp-json\/wp\/v2\/pages\/4657"}],"wp:featuredmedia":[{"embeddable":true,"href":"https:\/\/astos.cz\/de\/wp-json\/wp\/v2\/media\/4665"}],"wp:attachment":[{"href":"https:\/\/astos.cz\/de\/wp-json\/wp\/v2\/media?parent=4662"}],"wp:term":[{"taxonomy":"category","embeddable":true,"href":"https:\/\/astos.cz\/de\/wp-json\/wp\/v2\/categories?post=4662"},{"taxonomy":"post_tag","embeddable":true,"href":"https:\/\/astos.cz\/de\/wp-json\/wp\/v2\/tags?post=4662"}],"curies":[{"name":"wp","href":"https:\/\/api.w.org\/{rel}","templated":true}]}}