{"id":4643,"date":"2015-10-13T14:29:05","date_gmt":"2015-10-13T13:29:05","guid":{"rendered":"https:\/\/astos.cz\/de\/predstaveni-spolecnosti\/"},"modified":"2024-06-04T09:25:22","modified_gmt":"2024-06-04T08:25:22","slug":"predstaveni-spolecnosti","status":"publish","type":"page","link":"https:\/\/astos.cz\/de\/o-nas\/predstaveni-spolecnosti\/","title":{"rendered":"Vorstellung der Firma"},"content":{"rendered":"<div id=\"pl-4643\"  class=\"panel-layout\" ><div id=\"pg-4643-0\"  class=\"panel-grid panel-no-style\" ><div id=\"pgc-4643-0-0\"  class=\"panel-grid-cell\" ><div id=\"panel-4643-0-0-0\" class=\"so-panel widget widget_sow-editor panel-first-child\" data-index=\"0\" ><div class=\"so-widget-sow-editor so-widget-sow-editor-base\">\n<div class=\"siteorigin-widget-tinymce textwidget\">\n\t<p>Die Aktiengesellschaft <strong>ASTOS Machinery<\/strong> kann sich mit Stolz zu den europ\u00e4ischen Spitzenunternehmen unserer Branche z\u00e4hlen. Dynamik und Kreativit\u00e4t kombiniert mit langer Tradition und Erfahrung sind Merkmale, die die beste Performance f\u00fcr unsere Kunden hervorbringt. Wir stellen <strong>F\u00f6rderersysteme<\/strong> und <strong>automatisch gesteuerte F\u00f6rderlinien<\/strong> f\u00fcr CNC Maschinen als auch f\u00fcr Pressen her. Weitere Gesch\u00e4ftsfelder sind <strong>Filtrationsanlagen. <\/strong>Durch die langj\u00e4hrige Erfahrung und hohe Fachkenntnis unserer Konstrukteure k\u00f6nnen wir <strong>gesamte Projekte<\/strong> f\u00fcr Maschinenbaubetriebe sowie f\u00fcr die Automobilbranche <strong>entwickeln und realisieren<\/strong>. Unsere Kunden sch\u00e4tzen unsere hohe Fachkompetenz und die F\u00e4higkeit individuelle L\u00f6sungen auch f\u00fcr technisch anspruchsvolle Anwendungen zu entwickeln und erfolgreich umzusetzen.<\/p>\n<\/div>\n<\/div><\/div><div id=\"panel-4643-0-0-1\" class=\"so-panel widget widget_sow-editor panel-last-child\" data-index=\"1\" ><div class=\"so-widget-sow-editor so-widget-sow-editor-base\">\n<div class=\"siteorigin-widget-tinymce textwidget\">\n\t<h4 class=\"alternative-heading\">Warum ASTOS Machinery ausw\u00e4hlen?<\/h4>\n<p><strong>Einzigartige und progressive L\u00f6sungen<\/strong> \u2013 dank vieler Entwicklungsprojekte haben wir mehrere patentierte L\u00f6sungen.<\/p>\n<p><strong>Qualit\u00e4t, Zuverl\u00e4ssigkeit und lange Lebensdauer<\/strong> \u2013  das sind die typischen Charakteristiken unserer Produkte, die auch in schweren Bedingungen bestehen \u2013 all das mit niedrigen Betriebskosten.<\/p>\n<p><strong>Ergonomie, Funktionalit\u00e4t und einwandfreie Ausf\u00fchrung<\/strong> \u2013 durch diese Faktoren haben wir uns die internationale Anerkennung<br \/>\nerarbeitet.<\/p>\n<\/div>\n<\/div><\/div><\/div><div id=\"pgc-4643-0-1\"  class=\"panel-grid-cell\" ><div id=\"panel-4643-0-1-0\" class=\"so-panel widget widget_sow-editor panel-first-child panel-last-child\" data-index=\"2\" ><div class=\"so-widget-sow-editor so-widget-sow-editor-base\">\n<div class=\"siteorigin-widget-tinymce textwidget\">\n\t<p><img loading=\"lazy\" class=\"alignleft wp-image-3671\" src=\"https:\/\/astos.cz\/wp-content\/uploads\/2015\/10\/fotka-vyrobni-haly-A.jpg\" alt=\"fotka v\u00fdrobn\u00ed haly Astos v A\u0161i\" width=\"410\" height=\"230\" srcset=\"https:\/\/astos.cz\/wp-content\/uploads\/2015\/10\/fotka-vyrobni-haly-A.jpg 1140w, https:\/\/astos.cz\/wp-content\/uploads\/2015\/10\/fotka-vyrobni-haly-A-300x168.jpg 300w, https:\/\/astos.cz\/wp-content\/uploads\/2015\/10\/fotka-vyrobni-haly-A-768x431.jpg 768w, https:\/\/astos.cz\/wp-content\/uploads\/2015\/10\/fotka-vyrobni-haly-A-1024x575.jpg 1024w, https:\/\/astos.cz\/wp-content\/uploads\/2015\/10\/fotka-vyrobni-haly-A-555x312.jpg 555w\" sizes=\"(max-width: 410px) 100vw, 410px\" \/><\/p>\n<p><img loading=\"lazy\" class=\"alignleft wp-image-3672\" style=\"margin-bottom: 0px;\" src=\"https:\/\/astos.cz\/wp-content\/uploads\/2015\/10\/fotka-vyrobni-haly-B.jpg\" alt=\"fotka dal\u0161\u00ed v\u00fdrobn\u00ed haly\" width=\"410\" height=\"230\" srcset=\"https:\/\/astos.cz\/wp-content\/uploads\/2015\/10\/fotka-vyrobni-haly-B.jpg 1140w, https:\/\/astos.cz\/wp-content\/uploads\/2015\/10\/fotka-vyrobni-haly-B-300x168.jpg 300w, https:\/\/astos.cz\/wp-content\/uploads\/2015\/10\/fotka-vyrobni-haly-B-768x431.jpg 768w, https:\/\/astos.cz\/wp-content\/uploads\/2015\/10\/fotka-vyrobni-haly-B-1024x575.jpg 1024w, https:\/\/astos.cz\/wp-content\/uploads\/2015\/10\/fotka-vyrobni-haly-B-555x312.jpg 555w\" sizes=\"(max-width: 410px) 100vw, 410px\" \/><\/p>\n<\/div>\n<\/div><\/div><\/div><\/div><div id=\"pg-4643-1\"  class=\"panel-grid panel-no-style\" ><div id=\"pgc-4643-1-0\"  class=\"panel-grid-cell\" ><div id=\"panel-4643-1-0-0\" class=\"so-panel widget widget_sow-editor panel-first-child panel-last-child\" data-index=\"3\" ><div class=\"so-widget-sow-editor so-widget-sow-editor-base\">\n<div class=\"siteorigin-widget-tinymce textwidget\">\n\t<h4 class=\"alternative-heading\">Was kann Sie noch interessieren?<\/h4>\n<p><strong>Automatisch gesteuerte F\u00f6rderlinien<\/strong> \u2013 wir realisieren eine ganze Reihe von Projekten, in denen wir die Bef\u00f6rderung von St\u00fcckgut, Schrottabfall, Pressteilen oder Sp\u00e4nen l\u00f6sen. Dies beinhaltet auch das Sortieren durch ein System von Dreh,- Kipp- und Schwenkrutschen, als auch reversierbare F\u00f6rderer mit diversen Sensoren, Lichtschranken um das Gut in ein Containerbahnhof zu bef\u00f6rdern. All dies ist in die bestehende Technologie und die Produktionsmaschinen des Kunden integriert.<\/p>\n<p><strong>Filtration<\/strong> \u2013 wir bieten eine Vielfalt von Filterklassen an, von einfachen Bandfiltern, die sich durch niedrige Betriebskosten auszeichnen, \u00fcber gesamten Filteraggregate, bis zu gesteuerten Filtersystemen mit K\u00fchlung, Heizung und mehrstufigen Reinigung des KSS.<\/p>\n<p><strong>Service, Wartung, Revision<\/strong> \u2013 und Bedienerschulung \u2013 damit runden wir unsere Gesamtleistung ab.<\/p>\n<h4 class=\"alternative-heading\">Erfolgreiche Firma<\/h4>\n<p><strong>ASTOS Machinery, a. s.,<\/strong> hat nicht nur europaweit zufriedene Kunden, sondern auch in \u00dcbersee.<\/p>\n<p>Eine steigende Anzahl von langj\u00e4hrigen Kunden, die uns als Partner verstehen, motiviert uns zur Weiterentwicklung von unseren Produkten und der gesamten Leistung. Wir leben somit unseres Motto: <strong>durch unsere L\u00f6sungen gewinnen sie technischen Vorsprung!<\/strong><\/p>\n<\/div>\n<\/div><\/div><\/div><\/div><\/div>","protected":false},"excerpt":{"rendered":"<p>Die Aktiengesellschaft ASTOS Machinery kann sich mit Stolz zu den europ\u00e4ischen<\/p>\n","protected":false},"author":6,"featured_media":4649,"parent":4883,"menu_order":0,"comment_status":"closed","ping_status":"closed","template":"","meta":[],"categories":[],"tags":[],"yoast_head":"<!-- This site is optimized with the Yoast SEO plugin v18.5.1 - https:\/\/yoast.com\/wordpress\/plugins\/seo\/ -->\n<title>Vorstellung der Firma | ASTOS Machinery<\/title>\n<meta name=\"robots\" content=\"index, follow, max-snippet:-1, max-image-preview:large, max-video-preview:-1\" \/>\n<link rel=\"canonical\" href=\"https:\/\/astos.cz\/de\/o-nas\/predstaveni-spolecnosti\/\" \/>\n<meta property=\"og:locale\" content=\"de_DE\" \/>\n<meta property=\"og:type\" content=\"article\" \/>\n<meta property=\"og:title\" content=\"Vorstellung der Firma | ASTOS Machinery\" \/>\n<meta property=\"og:description\" content=\"Die Aktiengesellschaft ASTOS Machinery kann sich mit Stolz zu den europ\u00e4ischen\" \/>\n<meta property=\"og:url\" content=\"https:\/\/astos.cz\/de\/o-nas\/predstaveni-spolecnosti\/\" \/>\n<meta property=\"og:site_name\" content=\"ASTOS Machinery\" \/>\n<meta property=\"article:modified_time\" content=\"2024-06-04T08:25:22+00:00\" \/>\n<meta property=\"og:image\" content=\"https:\/\/astos.cz\/wp-content\/uploads\/2015\/10\/Hala_A.jpg\" \/>\n\t<meta property=\"og:image:width\" content=\"1140\" \/>\n\t<meta property=\"og:image:height\" content=\"640\" \/>\n\t<meta property=\"og:image:type\" content=\"image\/jpeg\" \/>\n<meta name=\"twitter:card\" content=\"summary\" \/>\n<meta name=\"twitter:label1\" content=\"Gesch\u00e4tzte Lesezeit\" \/>\n\t<meta name=\"twitter:data1\" content=\"3\u00a0Minuten\" \/>\n<script type=\"application\/ld+json\" class=\"yoast-schema-graph\">{\"@context\":\"https:\/\/schema.org\",\"@graph\":[{\"@type\":\"WebSite\",\"@id\":\"https:\/\/astos.cz\/#website\",\"url\":\"https:\/\/astos.cz\/\",\"name\":\"ASTOS Machinery\",\"description\":\"Specialista na dopravn\u00edkov\u00e9 syst\u00e9my a krytov\u00e1n\u00ed stroj\u016f\",\"potentialAction\":[{\"@type\":\"SearchAction\",\"target\":{\"@type\":\"EntryPoint\",\"urlTemplate\":\"https:\/\/astos.cz\/?s={search_term_string}\"},\"query-input\":\"required name=search_term_string\"}],\"inLanguage\":\"de\"},{\"@type\":\"ImageObject\",\"@id\":\"https:\/\/astos.cz\/de\/o-nas\/predstaveni-spolecnosti\/#primaryimage\",\"inLanguage\":\"de\",\"url\":\"https:\/\/astos.cz\/wp-content\/uploads\/2015\/10\/Hala_A.jpg\",\"contentUrl\":\"https:\/\/astos.cz\/wp-content\/uploads\/2015\/10\/Hala_A.jpg\",\"width\":1140,\"height\":640},{\"@type\":\"WebPage\",\"@id\":\"https:\/\/astos.cz\/de\/o-nas\/predstaveni-spolecnosti\/#webpage\",\"url\":\"https:\/\/astos.cz\/de\/o-nas\/predstaveni-spolecnosti\/\",\"name\":\"Vorstellung der Firma | ASTOS Machinery\",\"isPartOf\":{\"@id\":\"https:\/\/astos.cz\/#website\"},\"primaryImageOfPage\":{\"@id\":\"https:\/\/astos.cz\/de\/o-nas\/predstaveni-spolecnosti\/#primaryimage\"},\"datePublished\":\"2015-10-13T13:29:05+00:00\",\"dateModified\":\"2024-06-04T08:25:22+00:00\",\"breadcrumb\":{\"@id\":\"https:\/\/astos.cz\/de\/o-nas\/predstaveni-spolecnosti\/#breadcrumb\"},\"inLanguage\":\"de\",\"potentialAction\":[{\"@type\":\"ReadAction\",\"target\":[\"https:\/\/astos.cz\/de\/o-nas\/predstaveni-spolecnosti\/\"]}]},{\"@type\":\"BreadcrumbList\",\"@id\":\"https:\/\/astos.cz\/de\/o-nas\/predstaveni-spolecnosti\/#breadcrumb\",\"itemListElement\":[{\"@type\":\"ListItem\",\"position\":1,\"name\":\"Dom\u016f\",\"item\":\"https:\/\/astos.cz\/de\/\"},{\"@type\":\"ListItem\",\"position\":2,\"name\":\"Firmenprofil\",\"item\":\"https:\/\/astos.cz\/de\/o-nas\/\"},{\"@type\":\"ListItem\",\"position\":3,\"name\":\"Vorstellung der Firma\"}]}]}<\/script>\n<!-- \/ Yoast SEO plugin. -->","yoast_head_json":{"title":"Vorstellung der Firma | ASTOS Machinery","robots":{"index":"index","follow":"follow","max-snippet":"max-snippet:-1","max-image-preview":"max-image-preview:large","max-video-preview":"max-video-preview:-1"},"canonical":"https:\/\/astos.cz\/de\/o-nas\/predstaveni-spolecnosti\/","og_locale":"de_DE","og_type":"article","og_title":"Vorstellung der Firma | ASTOS Machinery","og_description":"Die Aktiengesellschaft ASTOS Machinery kann sich mit Stolz zu den europ\u00e4ischen","og_url":"https:\/\/astos.cz\/de\/o-nas\/predstaveni-spolecnosti\/","og_site_name":"ASTOS Machinery","article_modified_time":"2024-06-04T08:25:22+00:00","og_image":[{"width":1140,"height":640,"url":"https:\/\/astos.cz\/wp-content\/uploads\/2015\/10\/Hala_A.jpg","type":"image\/jpeg"}],"twitter_card":"summary","twitter_misc":{"Gesch\u00e4tzte Lesezeit":"3\u00a0Minuten"},"schema":{"@context":"https:\/\/schema.org","@graph":[{"@type":"WebSite","@id":"https:\/\/astos.cz\/#website","url":"https:\/\/astos.cz\/","name":"ASTOS Machinery","description":"Specialista na dopravn\u00edkov\u00e9 syst\u00e9my a krytov\u00e1n\u00ed stroj\u016f","potentialAction":[{"@type":"SearchAction","target":{"@type":"EntryPoint","urlTemplate":"https:\/\/astos.cz\/?s={search_term_string}"},"query-input":"required name=search_term_string"}],"inLanguage":"de"},{"@type":"ImageObject","@id":"https:\/\/astos.cz\/de\/o-nas\/predstaveni-spolecnosti\/#primaryimage","inLanguage":"de","url":"https:\/\/astos.cz\/wp-content\/uploads\/2015\/10\/Hala_A.jpg","contentUrl":"https:\/\/astos.cz\/wp-content\/uploads\/2015\/10\/Hala_A.jpg","width":1140,"height":640},{"@type":"WebPage","@id":"https:\/\/astos.cz\/de\/o-nas\/predstaveni-spolecnosti\/#webpage","url":"https:\/\/astos.cz\/de\/o-nas\/predstaveni-spolecnosti\/","name":"Vorstellung der Firma | ASTOS Machinery","isPartOf":{"@id":"https:\/\/astos.cz\/#website"},"primaryImageOfPage":{"@id":"https:\/\/astos.cz\/de\/o-nas\/predstaveni-spolecnosti\/#primaryimage"},"datePublished":"2015-10-13T13:29:05+00:00","dateModified":"2024-06-04T08:25:22+00:00","breadcrumb":{"@id":"https:\/\/astos.cz\/de\/o-nas\/predstaveni-spolecnosti\/#breadcrumb"},"inLanguage":"de","potentialAction":[{"@type":"ReadAction","target":["https:\/\/astos.cz\/de\/o-nas\/predstaveni-spolecnosti\/"]}]},{"@type":"BreadcrumbList","@id":"https:\/\/astos.cz\/de\/o-nas\/predstaveni-spolecnosti\/#breadcrumb","itemListElement":[{"@type":"ListItem","position":1,"name":"Dom\u016f","item":"https:\/\/astos.cz\/de\/"},{"@type":"ListItem","position":2,"name":"Firmenprofil","item":"https:\/\/astos.cz\/de\/o-nas\/"},{"@type":"ListItem","position":3,"name":"Vorstellung der Firma"}]}]}},"_links":{"self":[{"href":"https:\/\/astos.cz\/de\/wp-json\/wp\/v2\/pages\/4643"}],"collection":[{"href":"https:\/\/astos.cz\/de\/wp-json\/wp\/v2\/pages"}],"about":[{"href":"https:\/\/astos.cz\/de\/wp-json\/wp\/v2\/types\/page"}],"author":[{"embeddable":true,"href":"https:\/\/astos.cz\/de\/wp-json\/wp\/v2\/users\/6"}],"replies":[{"embeddable":true,"href":"https:\/\/astos.cz\/de\/wp-json\/wp\/v2\/comments?post=4643"}],"version-history":[{"count":9,"href":"https:\/\/astos.cz\/de\/wp-json\/wp\/v2\/pages\/4643\/revisions"}],"predecessor-version":[{"id":12124,"href":"https:\/\/astos.cz\/de\/wp-json\/wp\/v2\/pages\/4643\/revisions\/12124"}],"up":[{"embeddable":true,"href":"https:\/\/astos.cz\/de\/wp-json\/wp\/v2\/pages\/4883"}],"wp:featuredmedia":[{"embeddable":true,"href":"https:\/\/astos.cz\/de\/wp-json\/wp\/v2\/media\/4649"}],"wp:attachment":[{"href":"https:\/\/astos.cz\/de\/wp-json\/wp\/v2\/media?parent=4643"}],"wp:term":[{"taxonomy":"category","embeddable":true,"href":"https:\/\/astos.cz\/de\/wp-json\/wp\/v2\/categories?post=4643"},{"taxonomy":"post_tag","embeddable":true,"href":"https:\/\/astos.cz\/de\/wp-json\/wp\/v2\/tags?post=4643"}],"curies":[{"name":"wp","href":"https:\/\/api.w.org\/{rel}","templated":true}]}}