{"id":4617,"date":"2016-02-29T12:09:14","date_gmt":"2016-02-29T11:09:14","guid":{"rendered":"https:\/\/astos.cz\/de\/fakulta-strojni-pri-zcu-v-plzni\/"},"modified":"2016-04-27T10:13:16","modified_gmt":"2016-04-27T09:13:16","slug":"fakulta-strojni-pri-zcu-v-plzni","status":"publish","type":"page","link":"https:\/\/astos.cz\/de\/kariera\/spoluprace-se-skolami\/fakulta-strojni-pri-zcu-v-plzni\/","title":{"rendered":"Westb\u00f6hmische Universit\u00e4t (ZCU)"},"content":{"rendered":"<p><strong>Die Maschinenbaufakult\u00e4t der Westb\u00f6hmische Universit\u00e4t (ZCU) in Pilsen<\/strong> geh\u00f6rt zu den \u00e4ltesten Fakult\u00e4ten der Pilsner Hochschulen. ASTOS Machinery arbeitet bereits seit 2006 auf verschiedenen Ebenen mit dieser Fakult\u00e4t zusammen und ist dadurch zu einem der engsten Industriepartner geworden.<br \/>\nUnsere technischen Experten arbeiten seit langem und wiederholt nicht nur mit den Studenten der technischen Fakult\u00e4t zusammen sondern auch mit Studenten der Designfakult\u00e4t (fr\u00fcher das Institut f\u00fcr technisches Design) der ZCU. Die Zusammenarbeit f\u00fchrt zur Bereicherung um die innovativen und frischen Ideen der Studenten, die wiederum die M\u00f6glichkeit haben praktische Erfahrungen zu sammeln.<br \/>\nAls ein Beispiel f\u00fcr die Wertsch\u00e4tzung der gemeinsamen Zusammenarbeit m\u00f6chten wir die Verleihung des Gedenkblattes dem Vorstandsvorsitzenden von ASTOS Machinery im Jahre 2013 anf\u00fchren.<br \/>\nAus einer ganzen Reihe von Projekten pr\u00e4sentieren wir einige Konzepte und Studien hier.<\/p>\n<p><a href=\"https:\/\/astos.cz\/wp-content\/uploads\/2016\/02\/Fakulta-strojni-ZCU.jpg\" rel=\"lightbox[4617]\"><img loading=\"lazy\" class=\"alignnone wp-image-2888\" src=\"https:\/\/astos.cz\/wp-content\/uploads\/2016\/02\/Fakulta-strojni-ZCU-300x168.jpg\" alt=\"Fakulta strojni ZCU\" height=\"230\" width=\"410\" srcset=\"https:\/\/astos.cz\/wp-content\/uploads\/2016\/02\/Fakulta-strojni-ZCU-300x168.jpg 300w, https:\/\/astos.cz\/wp-content\/uploads\/2016\/02\/Fakulta-strojni-ZCU-1024x575.jpg 1024w, https:\/\/astos.cz\/wp-content\/uploads\/2016\/02\/Fakulta-strojni-ZCU-555x312.jpg 555w, https:\/\/astos.cz\/wp-content\/uploads\/2016\/02\/Fakulta-strojni-ZCU.jpg 1140w\" sizes=\"(max-width: 410px) 100vw, 410px\" \/><\/a><\/p>\n","protected":false},"excerpt":{"rendered":"<p>Die Maschinenbaufakult\u00e4t der Westb\u00f6hmische Universit\u00e4t (ZCU) in Pilsen geh\u00f6rt zu den \u00e4ltesten Fakult\u00e4ten der Pilsner Hochschulen<\/p>\n","protected":false},"author":6,"featured_media":4618,"parent":5020,"menu_order":0,"comment_status":"closed","ping_status":"closed","template":"","meta":[],"categories":[],"tags":[],"yoast_head":"<!-- This site is optimized with the Yoast SEO plugin v18.5.1 - https:\/\/yoast.com\/wordpress\/plugins\/seo\/ -->\n<title>Westb\u00f6hmische Universit\u00e4t (ZCU) | ASTOS Machinery<\/title>\n<meta name=\"robots\" content=\"index, follow, max-snippet:-1, max-image-preview:large, max-video-preview:-1\" \/>\n<link rel=\"canonical\" href=\"https:\/\/astos.cz\/de\/kariera\/spoluprace-se-skolami\/fakulta-strojni-pri-zcu-v-plzni\/\" \/>\n<meta property=\"og:locale\" content=\"de_DE\" \/>\n<meta property=\"og:type\" content=\"article\" \/>\n<meta property=\"og:title\" content=\"Westb\u00f6hmische Universit\u00e4t (ZCU) | ASTOS Machinery\" \/>\n<meta property=\"og:description\" content=\"Die Maschinenbaufakult\u00e4t der Westb\u00f6hmische Universit\u00e4t (ZCU) in Pilsen geh\u00f6rt zu den \u00e4ltesten Fakult\u00e4ten der Pilsner Hochschulen\" \/>\n<meta property=\"og:url\" content=\"https:\/\/astos.cz\/de\/kariera\/spoluprace-se-skolami\/fakulta-strojni-pri-zcu-v-plzni\/\" \/>\n<meta property=\"og:site_name\" content=\"ASTOS Machinery\" \/>\n<meta property=\"article:modified_time\" content=\"2016-04-27T09:13:16+00:00\" \/>\n<meta property=\"og:image\" content=\"https:\/\/astos.cz\/wp-content\/uploads\/2016\/02\/Fakulta-strojni-ZCU.jpg\" \/>\n\t<meta property=\"og:image:width\" content=\"1140\" \/>\n\t<meta property=\"og:image:height\" content=\"640\" \/>\n\t<meta property=\"og:image:type\" content=\"image\/jpeg\" \/>\n<meta name=\"twitter:card\" content=\"summary\" \/>\n<meta name=\"twitter:label1\" content=\"Gesch\u00e4tzte Lesezeit\" \/>\n\t<meta name=\"twitter:data1\" content=\"1\u00a0Minute\" \/>\n<script type=\"application\/ld+json\" class=\"yoast-schema-graph\">{\"@context\":\"https:\/\/schema.org\",\"@graph\":[{\"@type\":\"WebSite\",\"@id\":\"https:\/\/astos.cz\/#website\",\"url\":\"https:\/\/astos.cz\/\",\"name\":\"ASTOS Machinery\",\"description\":\"Specialista na dopravn\u00edkov\u00e9 syst\u00e9my a krytov\u00e1n\u00ed stroj\u016f\",\"potentialAction\":[{\"@type\":\"SearchAction\",\"target\":{\"@type\":\"EntryPoint\",\"urlTemplate\":\"https:\/\/astos.cz\/?s={search_term_string}\"},\"query-input\":\"required name=search_term_string\"}],\"inLanguage\":\"de\"},{\"@type\":\"ImageObject\",\"@id\":\"https:\/\/astos.cz\/de\/kariera\/spoluprace-se-skolami\/fakulta-strojni-pri-zcu-v-plzni\/#primaryimage\",\"inLanguage\":\"de\",\"url\":\"https:\/\/astos.cz\/wp-content\/uploads\/2016\/02\/Fakulta-strojni-ZCU.jpg\",\"contentUrl\":\"https:\/\/astos.cz\/wp-content\/uploads\/2016\/02\/Fakulta-strojni-ZCU.jpg\",\"width\":1140,\"height\":640},{\"@type\":\"WebPage\",\"@id\":\"https:\/\/astos.cz\/de\/kariera\/spoluprace-se-skolami\/fakulta-strojni-pri-zcu-v-plzni\/#webpage\",\"url\":\"https:\/\/astos.cz\/de\/kariera\/spoluprace-se-skolami\/fakulta-strojni-pri-zcu-v-plzni\/\",\"name\":\"Westb\u00f6hmische Universit\u00e4t (ZCU) | ASTOS Machinery\",\"isPartOf\":{\"@id\":\"https:\/\/astos.cz\/#website\"},\"primaryImageOfPage\":{\"@id\":\"https:\/\/astos.cz\/de\/kariera\/spoluprace-se-skolami\/fakulta-strojni-pri-zcu-v-plzni\/#primaryimage\"},\"datePublished\":\"2016-02-29T11:09:14+00:00\",\"dateModified\":\"2016-04-27T09:13:16+00:00\",\"breadcrumb\":{\"@id\":\"https:\/\/astos.cz\/de\/kariera\/spoluprace-se-skolami\/fakulta-strojni-pri-zcu-v-plzni\/#breadcrumb\"},\"inLanguage\":\"de\",\"potentialAction\":[{\"@type\":\"ReadAction\",\"target\":[\"https:\/\/astos.cz\/de\/kariera\/spoluprace-se-skolami\/fakulta-strojni-pri-zcu-v-plzni\/\"]}]},{\"@type\":\"BreadcrumbList\",\"@id\":\"https:\/\/astos.cz\/de\/kariera\/spoluprace-se-skolami\/fakulta-strojni-pri-zcu-v-plzni\/#breadcrumb\",\"itemListElement\":[{\"@type\":\"ListItem\",\"position\":1,\"name\":\"Dom\u016f\",\"item\":\"https:\/\/astos.cz\/de\/\"},{\"@type\":\"ListItem\",\"position\":2,\"name\":\"Kari\u00e9ra\",\"item\":\"https:\/\/astos.cz\/de\/kariera\/\"},{\"@type\":\"ListItem\",\"position\":3,\"name\":\"Spolupr\u00e1ce se \u0161kolami\",\"item\":\"https:\/\/astos.cz\/de\/kariera\/spoluprace-se-skolami\/\"},{\"@type\":\"ListItem\",\"position\":4,\"name\":\"Westb\u00f6hmische Universit\u00e4t (ZCU)\"}]}]}<\/script>\n<!-- \/ Yoast SEO plugin. -->","yoast_head_json":{"title":"Westb\u00f6hmische Universit\u00e4t (ZCU) | ASTOS Machinery","robots":{"index":"index","follow":"follow","max-snippet":"max-snippet:-1","max-image-preview":"max-image-preview:large","max-video-preview":"max-video-preview:-1"},"canonical":"https:\/\/astos.cz\/de\/kariera\/spoluprace-se-skolami\/fakulta-strojni-pri-zcu-v-plzni\/","og_locale":"de_DE","og_type":"article","og_title":"Westb\u00f6hmische Universit\u00e4t (ZCU) | ASTOS Machinery","og_description":"Die Maschinenbaufakult\u00e4t der Westb\u00f6hmische Universit\u00e4t (ZCU) in Pilsen geh\u00f6rt zu den \u00e4ltesten Fakult\u00e4ten der Pilsner Hochschulen","og_url":"https:\/\/astos.cz\/de\/kariera\/spoluprace-se-skolami\/fakulta-strojni-pri-zcu-v-plzni\/","og_site_name":"ASTOS Machinery","article_modified_time":"2016-04-27T09:13:16+00:00","og_image":[{"width":1140,"height":640,"url":"https:\/\/astos.cz\/wp-content\/uploads\/2016\/02\/Fakulta-strojni-ZCU.jpg","type":"image\/jpeg"}],"twitter_card":"summary","twitter_misc":{"Gesch\u00e4tzte Lesezeit":"1\u00a0Minute"},"schema":{"@context":"https:\/\/schema.org","@graph":[{"@type":"WebSite","@id":"https:\/\/astos.cz\/#website","url":"https:\/\/astos.cz\/","name":"ASTOS Machinery","description":"Specialista na dopravn\u00edkov\u00e9 syst\u00e9my a krytov\u00e1n\u00ed stroj\u016f","potentialAction":[{"@type":"SearchAction","target":{"@type":"EntryPoint","urlTemplate":"https:\/\/astos.cz\/?s={search_term_string}"},"query-input":"required name=search_term_string"}],"inLanguage":"de"},{"@type":"ImageObject","@id":"https:\/\/astos.cz\/de\/kariera\/spoluprace-se-skolami\/fakulta-strojni-pri-zcu-v-plzni\/#primaryimage","inLanguage":"de","url":"https:\/\/astos.cz\/wp-content\/uploads\/2016\/02\/Fakulta-strojni-ZCU.jpg","contentUrl":"https:\/\/astos.cz\/wp-content\/uploads\/2016\/02\/Fakulta-strojni-ZCU.jpg","width":1140,"height":640},{"@type":"WebPage","@id":"https:\/\/astos.cz\/de\/kariera\/spoluprace-se-skolami\/fakulta-strojni-pri-zcu-v-plzni\/#webpage","url":"https:\/\/astos.cz\/de\/kariera\/spoluprace-se-skolami\/fakulta-strojni-pri-zcu-v-plzni\/","name":"Westb\u00f6hmische Universit\u00e4t (ZCU) | ASTOS Machinery","isPartOf":{"@id":"https:\/\/astos.cz\/#website"},"primaryImageOfPage":{"@id":"https:\/\/astos.cz\/de\/kariera\/spoluprace-se-skolami\/fakulta-strojni-pri-zcu-v-plzni\/#primaryimage"},"datePublished":"2016-02-29T11:09:14+00:00","dateModified":"2016-04-27T09:13:16+00:00","breadcrumb":{"@id":"https:\/\/astos.cz\/de\/kariera\/spoluprace-se-skolami\/fakulta-strojni-pri-zcu-v-plzni\/#breadcrumb"},"inLanguage":"de","potentialAction":[{"@type":"ReadAction","target":["https:\/\/astos.cz\/de\/kariera\/spoluprace-se-skolami\/fakulta-strojni-pri-zcu-v-plzni\/"]}]},{"@type":"BreadcrumbList","@id":"https:\/\/astos.cz\/de\/kariera\/spoluprace-se-skolami\/fakulta-strojni-pri-zcu-v-plzni\/#breadcrumb","itemListElement":[{"@type":"ListItem","position":1,"name":"Dom\u016f","item":"https:\/\/astos.cz\/de\/"},{"@type":"ListItem","position":2,"name":"Kari\u00e9ra","item":"https:\/\/astos.cz\/de\/kariera\/"},{"@type":"ListItem","position":3,"name":"Spolupr\u00e1ce se \u0161kolami","item":"https:\/\/astos.cz\/de\/kariera\/spoluprace-se-skolami\/"},{"@type":"ListItem","position":4,"name":"Westb\u00f6hmische Universit\u00e4t (ZCU)"}]}]}},"_links":{"self":[{"href":"https:\/\/astos.cz\/de\/wp-json\/wp\/v2\/pages\/4617"}],"collection":[{"href":"https:\/\/astos.cz\/de\/wp-json\/wp\/v2\/pages"}],"about":[{"href":"https:\/\/astos.cz\/de\/wp-json\/wp\/v2\/types\/page"}],"author":[{"embeddable":true,"href":"https:\/\/astos.cz\/de\/wp-json\/wp\/v2\/users\/6"}],"replies":[{"embeddable":true,"href":"https:\/\/astos.cz\/de\/wp-json\/wp\/v2\/comments?post=4617"}],"version-history":[{"count":4,"href":"https:\/\/astos.cz\/de\/wp-json\/wp\/v2\/pages\/4617\/revisions"}],"predecessor-version":[{"id":6060,"href":"https:\/\/astos.cz\/de\/wp-json\/wp\/v2\/pages\/4617\/revisions\/6060"}],"up":[{"embeddable":true,"href":"https:\/\/astos.cz\/de\/wp-json\/wp\/v2\/pages\/5020"}],"wp:featuredmedia":[{"embeddable":true,"href":"https:\/\/astos.cz\/de\/wp-json\/wp\/v2\/media\/4618"}],"wp:attachment":[{"href":"https:\/\/astos.cz\/de\/wp-json\/wp\/v2\/media?parent=4617"}],"wp:term":[{"taxonomy":"category","embeddable":true,"href":"https:\/\/astos.cz\/de\/wp-json\/wp\/v2\/categories?post=4617"},{"taxonomy":"post_tag","embeddable":true,"href":"https:\/\/astos.cz\/de\/wp-json\/wp\/v2\/tags?post=4617"}],"curies":[{"name":"wp","href":"https:\/\/api.w.org\/{rel}","templated":true}]}}