{"id":4605,"date":"2016-02-29T11:22:22","date_gmt":"2016-02-29T10:22:22","guid":{"rendered":"https:\/\/astos.cz\/de\/vyvojova-spolecnost-machinery-design\/"},"modified":"2022-05-09T08:13:43","modified_gmt":"2022-05-09T07:13:43","slug":"vyvojova-spolecnost-machinery-design-de","status":"publish","type":"page","link":"https:\/\/astos.cz\/de\/o-nas\/vyvojova-spolecnost-machinery-design-de\/","title":{"rendered":"Ingenieurb\u00fcro Maschinery Design"},"content":{"rendered":"<div id=\"pl-4605\"  class=\"panel-layout\" ><div id=\"pg-4605-0\"  class=\"panel-grid panel-no-style\" ><div id=\"pgc-4605-0-0\"  class=\"panel-grid-cell\" ><div id=\"panel-4605-0-0-0\" class=\"so-panel widget widget_black-studio-tinymce widget_black_studio_tinymce panel-first-child panel-last-child\" data-index=\"0\" ><div class=\"textwidget\"><p>Die steigenden Anforderungen der Kunden <strong>an neue, innovative und effektive L\u00f6sungen<\/strong> von ASTOS Machinery <strong>f\u00fchrten im Januar 2013 zur Gr\u00fcndung des spezialisierten Konstruktions- und Entwicklungsunternehmens Machinery Design s.r.o.<\/strong><\/p>\n<p>Dieses Unternehmen wurde gezielt im <strong>technischen Forschungspark in Pilsen, der einer von zwei durch die EU unterst\u00fctzten Projekten in der Tschechischen Republik ist, platziert<\/strong>. Dieser technische Forschungspark liegt <strong>in der Nachbarschaft der Westb\u00f6hmische Universit\u00e4t<\/strong> (ZCU). Das Unternehmen Machinery Design hat die langj\u00e4hrige Zusammenarbeit zwischen der Maschinenbaufakult\u00e4t und ASTOS Machinery fortgef\u00fchrt.<\/p>\n<p>Ein Team junger Ingenieure hat sich <strong>als Ziel gesetzt neue und innovative Ideen und L\u00f6sungen<\/strong> zu finden um die Produktpalette von ASTOS Machinery nachhaltig zu verbessern und zu erweitern. Zudem ist das Team f\u00fcr die Ausarbeitung von ganzen Projekten f\u00fcr ASTOS Machinery anhand den Kundenauftr\u00e4gen zust\u00e4ndig.<\/p>\n<hr \/>\n<p><em>Machinery Design s.r.o.<br \/>\nI\u010cO 29159016, se s\u00eddlem Teslova 1241\/5a, Skvr\u0148any, 301 00 Plze\u0148, zapsan\u00e1 v obchodn\u00edm rejst\u0159\u00edku veden\u00e9m Krajsk\u00fdm soudem v Plzni, odd\u00edl C, vlo\u017eka 27678.)<\/em><\/p>\n<\/div><\/div><\/div><div id=\"pgc-4605-0-1\"  class=\"panel-grid-cell\" ><div id=\"panel-4605-0-1-0\" class=\"so-panel widget widget_black-studio-tinymce widget_black_studio_tinymce panel-first-child panel-last-child\" data-index=\"1\" ><div class=\"textwidget\"><p><a href=\"https:\/\/astos.cz\/wp-content\/uploads\/2016\/02\/budova-vyvojoveho-centra.jpg\" rel=\"lightbox[4605]\"><img class=\"alignnone wp-image-2876\" src=\"https:\/\/astos.cz\/wp-content\/uploads\/2016\/02\/budova-vyvojoveho-centra-300x168.jpg\" alt=\"Pohled na budovu v\u00fdvojov\u00e9ho centra\" width=\"410\" height=\"230\" \/><\/a><\/p>\n<p>&nbsp;<\/p>\n<\/div><\/div><\/div><\/div><\/div>","protected":false},"excerpt":{"rendered":"<p>Die steigenden Anforderungen der Kunden an neue, innovative und effektive L\u00f6sungen von ASTOS Machinery f\u00fchrten im Januar 2013 zur Gr\u00fcndung des spezialisierten<\/p>\n","protected":false},"author":6,"featured_media":4609,"parent":4883,"menu_order":0,"comment_status":"closed","ping_status":"closed","template":"","meta":[],"categories":[],"tags":[],"yoast_head":"<!-- This site is optimized with the Yoast SEO plugin v18.5.1 - https:\/\/yoast.com\/wordpress\/plugins\/seo\/ -->\n<title>Ingenieurb\u00fcro Maschinery Design | ASTOS Machinery<\/title>\n<meta name=\"robots\" content=\"index, follow, max-snippet:-1, max-image-preview:large, max-video-preview:-1\" \/>\n<link rel=\"canonical\" href=\"https:\/\/astos.cz\/de\/o-nas\/vyvojova-spolecnost-machinery-design-de\/\" \/>\n<meta property=\"og:locale\" content=\"de_DE\" \/>\n<meta property=\"og:type\" content=\"article\" \/>\n<meta property=\"og:title\" content=\"Ingenieurb\u00fcro Maschinery Design | ASTOS Machinery\" \/>\n<meta property=\"og:description\" content=\"Die steigenden Anforderungen der Kunden an neue, innovative und effektive L\u00f6sungen von ASTOS Machinery f\u00fchrten im Januar 2013 zur Gr\u00fcndung des spezialisierten\" \/>\n<meta property=\"og:url\" content=\"https:\/\/astos.cz\/de\/o-nas\/vyvojova-spolecnost-machinery-design-de\/\" \/>\n<meta property=\"og:site_name\" content=\"ASTOS Machinery\" \/>\n<meta property=\"article:modified_time\" content=\"2022-05-09T07:13:43+00:00\" \/>\n<meta property=\"og:image\" content=\"https:\/\/astos.cz\/wp-content\/uploads\/2016\/02\/budova-vyvojoveho-centra.jpg\" \/>\n\t<meta property=\"og:image:width\" content=\"1140\" \/>\n\t<meta property=\"og:image:height\" content=\"640\" \/>\n\t<meta property=\"og:image:type\" content=\"image\/jpeg\" \/>\n<meta name=\"twitter:card\" content=\"summary\" \/>\n<meta name=\"twitter:label1\" content=\"Gesch\u00e4tzte Lesezeit\" \/>\n\t<meta name=\"twitter:data1\" content=\"1\u00a0Minute\" \/>\n<script type=\"application\/ld+json\" class=\"yoast-schema-graph\">{\"@context\":\"https:\/\/schema.org\",\"@graph\":[{\"@type\":\"WebSite\",\"@id\":\"https:\/\/astos.cz\/#website\",\"url\":\"https:\/\/astos.cz\/\",\"name\":\"ASTOS Machinery\",\"description\":\"Specialista na dopravn\u00edkov\u00e9 syst\u00e9my a krytov\u00e1n\u00ed stroj\u016f\",\"potentialAction\":[{\"@type\":\"SearchAction\",\"target\":{\"@type\":\"EntryPoint\",\"urlTemplate\":\"https:\/\/astos.cz\/?s={search_term_string}\"},\"query-input\":\"required name=search_term_string\"}],\"inLanguage\":\"de\"},{\"@type\":\"ImageObject\",\"@id\":\"https:\/\/astos.cz\/de\/o-nas\/vyvojova-spolecnost-machinery-design-de\/#primaryimage\",\"inLanguage\":\"de\",\"url\":\"https:\/\/astos.cz\/wp-content\/uploads\/2016\/02\/budova-vyvojoveho-centra.jpg\",\"contentUrl\":\"https:\/\/astos.cz\/wp-content\/uploads\/2016\/02\/budova-vyvojoveho-centra.jpg\",\"width\":1140,\"height\":640,\"caption\":\"Pohled na budovu v\u00fdvojov\u00e9ho centra\"},{\"@type\":\"WebPage\",\"@id\":\"https:\/\/astos.cz\/de\/o-nas\/vyvojova-spolecnost-machinery-design-de\/#webpage\",\"url\":\"https:\/\/astos.cz\/de\/o-nas\/vyvojova-spolecnost-machinery-design-de\/\",\"name\":\"Ingenieurb\u00fcro Maschinery Design | ASTOS Machinery\",\"isPartOf\":{\"@id\":\"https:\/\/astos.cz\/#website\"},\"primaryImageOfPage\":{\"@id\":\"https:\/\/astos.cz\/de\/o-nas\/vyvojova-spolecnost-machinery-design-de\/#primaryimage\"},\"datePublished\":\"2016-02-29T10:22:22+00:00\",\"dateModified\":\"2022-05-09T07:13:43+00:00\",\"breadcrumb\":{\"@id\":\"https:\/\/astos.cz\/de\/o-nas\/vyvojova-spolecnost-machinery-design-de\/#breadcrumb\"},\"inLanguage\":\"de\",\"potentialAction\":[{\"@type\":\"ReadAction\",\"target\":[\"https:\/\/astos.cz\/de\/o-nas\/vyvojova-spolecnost-machinery-design-de\/\"]}]},{\"@type\":\"BreadcrumbList\",\"@id\":\"https:\/\/astos.cz\/de\/o-nas\/vyvojova-spolecnost-machinery-design-de\/#breadcrumb\",\"itemListElement\":[{\"@type\":\"ListItem\",\"position\":1,\"name\":\"Dom\u016f\",\"item\":\"https:\/\/astos.cz\/de\/\"},{\"@type\":\"ListItem\",\"position\":2,\"name\":\"Firmenprofil\",\"item\":\"https:\/\/astos.cz\/de\/o-nas\/\"},{\"@type\":\"ListItem\",\"position\":3,\"name\":\"Ingenieurb\u00fcro Maschinery Design\"}]}]}<\/script>\n<!-- \/ Yoast SEO plugin. -->","yoast_head_json":{"title":"Ingenieurb\u00fcro Maschinery Design | ASTOS Machinery","robots":{"index":"index","follow":"follow","max-snippet":"max-snippet:-1","max-image-preview":"max-image-preview:large","max-video-preview":"max-video-preview:-1"},"canonical":"https:\/\/astos.cz\/de\/o-nas\/vyvojova-spolecnost-machinery-design-de\/","og_locale":"de_DE","og_type":"article","og_title":"Ingenieurb\u00fcro Maschinery Design | ASTOS Machinery","og_description":"Die steigenden Anforderungen der Kunden an neue, innovative und effektive L\u00f6sungen von ASTOS Machinery f\u00fchrten im Januar 2013 zur Gr\u00fcndung des spezialisierten","og_url":"https:\/\/astos.cz\/de\/o-nas\/vyvojova-spolecnost-machinery-design-de\/","og_site_name":"ASTOS Machinery","article_modified_time":"2022-05-09T07:13:43+00:00","og_image":[{"width":1140,"height":640,"url":"https:\/\/astos.cz\/wp-content\/uploads\/2016\/02\/budova-vyvojoveho-centra.jpg","type":"image\/jpeg"}],"twitter_card":"summary","twitter_misc":{"Gesch\u00e4tzte Lesezeit":"1\u00a0Minute"},"schema":{"@context":"https:\/\/schema.org","@graph":[{"@type":"WebSite","@id":"https:\/\/astos.cz\/#website","url":"https:\/\/astos.cz\/","name":"ASTOS Machinery","description":"Specialista na dopravn\u00edkov\u00e9 syst\u00e9my a krytov\u00e1n\u00ed stroj\u016f","potentialAction":[{"@type":"SearchAction","target":{"@type":"EntryPoint","urlTemplate":"https:\/\/astos.cz\/?s={search_term_string}"},"query-input":"required name=search_term_string"}],"inLanguage":"de"},{"@type":"ImageObject","@id":"https:\/\/astos.cz\/de\/o-nas\/vyvojova-spolecnost-machinery-design-de\/#primaryimage","inLanguage":"de","url":"https:\/\/astos.cz\/wp-content\/uploads\/2016\/02\/budova-vyvojoveho-centra.jpg","contentUrl":"https:\/\/astos.cz\/wp-content\/uploads\/2016\/02\/budova-vyvojoveho-centra.jpg","width":1140,"height":640,"caption":"Pohled na budovu v\u00fdvojov\u00e9ho centra"},{"@type":"WebPage","@id":"https:\/\/astos.cz\/de\/o-nas\/vyvojova-spolecnost-machinery-design-de\/#webpage","url":"https:\/\/astos.cz\/de\/o-nas\/vyvojova-spolecnost-machinery-design-de\/","name":"Ingenieurb\u00fcro Maschinery Design | ASTOS Machinery","isPartOf":{"@id":"https:\/\/astos.cz\/#website"},"primaryImageOfPage":{"@id":"https:\/\/astos.cz\/de\/o-nas\/vyvojova-spolecnost-machinery-design-de\/#primaryimage"},"datePublished":"2016-02-29T10:22:22+00:00","dateModified":"2022-05-09T07:13:43+00:00","breadcrumb":{"@id":"https:\/\/astos.cz\/de\/o-nas\/vyvojova-spolecnost-machinery-design-de\/#breadcrumb"},"inLanguage":"de","potentialAction":[{"@type":"ReadAction","target":["https:\/\/astos.cz\/de\/o-nas\/vyvojova-spolecnost-machinery-design-de\/"]}]},{"@type":"BreadcrumbList","@id":"https:\/\/astos.cz\/de\/o-nas\/vyvojova-spolecnost-machinery-design-de\/#breadcrumb","itemListElement":[{"@type":"ListItem","position":1,"name":"Dom\u016f","item":"https:\/\/astos.cz\/de\/"},{"@type":"ListItem","position":2,"name":"Firmenprofil","item":"https:\/\/astos.cz\/de\/o-nas\/"},{"@type":"ListItem","position":3,"name":"Ingenieurb\u00fcro Maschinery Design"}]}]}},"_links":{"self":[{"href":"https:\/\/astos.cz\/de\/wp-json\/wp\/v2\/pages\/4605"}],"collection":[{"href":"https:\/\/astos.cz\/de\/wp-json\/wp\/v2\/pages"}],"about":[{"href":"https:\/\/astos.cz\/de\/wp-json\/wp\/v2\/types\/page"}],"author":[{"embeddable":true,"href":"https:\/\/astos.cz\/de\/wp-json\/wp\/v2\/users\/6"}],"replies":[{"embeddable":true,"href":"https:\/\/astos.cz\/de\/wp-json\/wp\/v2\/comments?post=4605"}],"version-history":[{"count":7,"href":"https:\/\/astos.cz\/de\/wp-json\/wp\/v2\/pages\/4605\/revisions"}],"predecessor-version":[{"id":9815,"href":"https:\/\/astos.cz\/de\/wp-json\/wp\/v2\/pages\/4605\/revisions\/9815"}],"up":[{"embeddable":true,"href":"https:\/\/astos.cz\/de\/wp-json\/wp\/v2\/pages\/4883"}],"wp:featuredmedia":[{"embeddable":true,"href":"https:\/\/astos.cz\/de\/wp-json\/wp\/v2\/media\/4609"}],"wp:attachment":[{"href":"https:\/\/astos.cz\/de\/wp-json\/wp\/v2\/media?parent=4605"}],"wp:term":[{"taxonomy":"category","embeddable":true,"href":"https:\/\/astos.cz\/de\/wp-json\/wp\/v2\/categories?post=4605"},{"taxonomy":"post_tag","embeddable":true,"href":"https:\/\/astos.cz\/de\/wp-json\/wp\/v2\/tags?post=4605"}],"curies":[{"name":"wp","href":"https:\/\/api.w.org\/{rel}","templated":true}]}}