{"id":12604,"date":"2024-11-18T12:50:54","date_gmt":"2024-11-18T11:50:54","guid":{"rendered":"https:\/\/astos.cz\/priklady-zakaznickych-reseni\/aplikace-pro-lisovny\/priklad-c-3\/"},"modified":"2024-11-25T10:25:29","modified_gmt":"2024-11-25T09:25:29","slug":"priklad-c-3","status":"publish","type":"page","link":"https:\/\/astos.cz\/de\/priklady-zakaznickych-reseni\/aplikace-pro-lisovny\/priklad-c-3\/","title":{"rendered":"Presswerk f\u00fcr die Automobilproduktion"},"content":{"rendered":"<div id=\"pl-12604\"  class=\"panel-layout\" ><div id=\"pg-12604-0\"  class=\"panel-grid panel-no-style\" ><div id=\"pgc-12604-0-0\"  class=\"panel-grid-cell\" ><div id=\"panel-12604-0-0-0\" class=\"so-panel widget widget_sow-editor panel-first-child panel-last-child\" data-index=\"0\" ><div class=\"so-widget-sow-editor so-widget-sow-editor-base\">\n<div class=\"siteorigin-widget-tinymce textwidget\">\n\t<h4>Automatische F\u00f6rderlinie f\u00fcr den Transport von Abf\u00e4llen oder Fertigprodukten f\u00fcr die Automobilmarke TOYOTA, Modell Camry.<\/h4>\n<p><strong>Einsatzbereich:<\/strong> Presswerk in der Automobilindustrie \u2013 Au\u00dfenkarosserie<\/p>\n<\/div>\n<\/div><\/div><\/div><\/div><div id=\"pg-12604-1\"  class=\"panel-grid panel-no-style\" ><div id=\"pgc-12604-1-0\"  class=\"panel-grid-cell\" ><div id=\"panel-12604-1-0-0\" class=\"so-panel widget widget_sow-editor panel-first-child panel-last-child\" data-index=\"1\" ><div class=\"so-widget-sow-editor so-widget-sow-editor-base\">\n<div class=\"siteorigin-widget-tinymce textwidget\">\n\t<p>Anlage mit 3 F\u00f6rderern - 2 gerade F\u00f6rderer mit L\u00e4ngen von 23 m und 32 m, sowie ein Z-f\u00f6rmig geknickter Sp\u00e4nef\u00f6rderer mit einer Gesamtl\u00e4nge von 36 m und einer Austragh\u00f6he von 14 m.<\/p>\n<ul>\n<li>Motorgesteuerter schwenkbarer Auswurftrichter aus Hardox f\u00fcr 2 Gro\u00dfraumcontainer mit Sensoren zur automatischen F\u00fcllstands\u00fcberwachung<\/li>\n<li>4 Hardox-Trichter<\/li>\n<li>Gro\u00dfraumcontainer<\/li>\n<li>Wartungsplattformen, \u00dcbergangsbr\u00fccke, Treppen (3 Etagen), Tragkonstruktion und St\u00fctze f\u00fcr den Austragef\u00f6rderer von Sp\u00e4nen<\/li>\n<li>Automatische Steuerungseinheit von Siemens mit Touchscreen f\u00fcr die Kommunikation zwischen den Pressen, den Pressen und den weiteren Anlagen der Presserei sowie f\u00fcr das automatische Bef\u00fcllen der Container<\/li>\n<\/ul>\n<\/div>\n<\/div><\/div><\/div><\/div><div id=\"pg-12604-2\"  class=\"panel-grid panel-no-style\" ><div id=\"pgc-12604-2-0\"  class=\"panel-grid-cell\" ><div id=\"panel-12604-2-0-0\" class=\"so-panel widget widget_sow-editor panel-first-child panel-last-child\" data-index=\"2\" ><div class=\"so-widget-sow-editor so-widget-sow-editor-base\">\n<div class=\"siteorigin-widget-tinymce textwidget\">\n\t<figure id=\"attachment_6322\" class=\"wp-caption alignleft\" style=\"width: 410px;\"><a href=\"https:\/\/astos.cz\/wp-content\/uploads\/2017\/05\/TOYOTA-V\u00ddSYPKA-1.jpg\" rel=\"lightbox[12604]\"><img loading=\"lazy\" class=\"alignnone size-full wp-image-7794\" src=\"https:\/\/astos.cz\/wp-content\/uploads\/2017\/05\/TOYOTA-V\u00ddSYPKA.jpg\" alt=\"vykres-oprava-399\" width=\"399\" height=\"257\" \/><\/a><figcaption class=\"wp-caption-text\">Entwurf eines schwenkbaren Auswurftrichters<\/figcaption><\/figure>\n<figure id=\"attachment_6322\" class=\"wp-caption alignleft\" style=\"width: 410px;\"><a href=\"https:\/\/astos.cz\/wp-content\/uploads\/2017\/05\/TOYOTA-SESTAVA.jpg\" rel=\"lightbox[12604]\"><img loading=\"lazy\" class=\"alignnone size-full wp-image-7794\" src=\"https:\/\/astos.cz\/wp-content\/uploads\/2017\/05\/vykres-oprava-399.jpg\" alt=\"vykres-oprava-399\" width=\"399\" height=\"257\" srcset=\"https:\/\/astos.cz\/wp-content\/uploads\/2017\/05\/vykres-oprava-399.jpg 399w, https:\/\/astos.cz\/wp-content\/uploads\/2017\/05\/vykres-oprava-399-300x193.jpg 300w\" sizes=\"(max-width: 399px) 100vw, 399px\" \/><\/a><figcaption class=\"wp-caption-text\">Entwurf eines Austragef\u00f6rderers mit schwenkbarem Auswurftrichter<\/figcaption><\/figure>\n<\/div>\n<\/div><\/div><\/div><div id=\"pgc-12604-2-1\"  class=\"panel-grid-cell\" ><div id=\"panel-12604-2-1-0\" class=\"so-panel widget widget_sow-editor panel-first-child panel-last-child\" data-index=\"3\" ><div class=\"so-widget-sow-editor so-widget-sow-editor-base\">\n<div class=\"siteorigin-widget-tinymce textwidget\">\n\t<figure id=\"attachment_6322\" class=\"wp-caption alignleft\" style=\"width: 410px;\"><a href=\"https:\/\/astos.cz\/wp-content\/uploads\/2017\/06\/DSC_0451b.jpg\" rel=\"lightbox[12604]\"><img loading=\"lazy\" class=\"alignnone size-full wp-image-7744\" src=\"https:\/\/astos.cz\/wp-content\/uploads\/2017\/06\/DSC_0451b-1.jpg\" alt=\"toyota\" width=\"399\" height=\"257\" \/><\/a><figcaption class=\"wp-caption-text\">Umsetzung<\/figcaption><\/figure>\n<figure id=\"attachment_6322\" class=\"wp-caption alignleft\" style=\"width: 410px;\"><a href=\"https:\/\/astos.cz\/wp-content\/uploads\/2017\/05\/P4290085-1.jpg\" rel=\"lightbox[12604]\"><img loading=\"lazy\" class=\"alignnone size-full wp-image-7744\" src=\"https:\/\/astos.cz\/wp-content\/uploads\/2017\/05\/P4290085.jpg\" alt=\"toyota\" width=\"399\" height=\"257\" \/><\/a><figcaption class=\"wp-caption-text\">Umsetzung des Austragef\u00f6rderers mit schwenkbarem Auswurftrichter<\/figcaption><\/figure>\n<\/div>\n<\/div><\/div><\/div><\/div><div id=\"pg-12604-3\"  class=\"panel-grid panel-no-style\" ><div id=\"pgc-12604-3-0\"  class=\"panel-grid-cell\" ><div id=\"panel-12604-3-0-0\" class=\"so-panel widget widget_sow-editor panel-first-child panel-last-child\" data-index=\"4\" ><div class=\"so-widget-sow-editor so-widget-sow-editor-base\">\n<div class=\"siteorigin-widget-tinymce textwidget\">\n\t<p><strong>F\u00fcr weitere Informationen kontaktieren Sie uns <a href=\"https:\/\/astos.cz\/de\/kontakty\/dulezite-kontakty\/\">hier,<\/a> und wir erstellen gerne ein Projekt nach Ihren Vorstellungen.<\/strong><\/p>\n<\/div>\n<\/div><\/div><\/div><\/div><\/div>","protected":false},"excerpt":{"rendered":"<p>Automatische F\u00f6rderlinie f\u00fcr den Transport von Abf\u00e4llen oder Fertigprodukten f\u00fcr die Automobilmarke TOYOTA, Modell Camry. Einsatzbereich: Presswerk in der Automobilindustrie \u2013 Au\u00dfenkarosserie Anlage mit 3 F\u00f6rderern &#8211; 2 gerade F\u00f6rderer mit L\u00e4ngen von 23 m und 32 m, sowie ein Z-f\u00f6rmig geknickter Sp\u00e4nef\u00f6rderer mit einer Gesamtl\u00e4nge von 36 m und einer Austragh\u00f6he von 14 m. &hellip;<\/p>\n","protected":false},"author":8,"featured_media":7796,"parent":4952,"menu_order":0,"comment_status":"closed","ping_status":"closed","template":"","meta":[],"categories":[],"tags":[],"yoast_head":"<!-- This site is optimized with the Yoast SEO plugin v18.5.1 - https:\/\/yoast.com\/wordpress\/plugins\/seo\/ -->\n<title>Presswerk f\u00fcr die Automobilproduktion | ASTOS Machinery<\/title>\n<meta name=\"robots\" content=\"index, follow, max-snippet:-1, max-image-preview:large, max-video-preview:-1\" \/>\n<link rel=\"canonical\" href=\"https:\/\/astos.cz\/de\/priklady-zakaznickych-reseni\/aplikace-pro-lisovny\/priklad-c-3\/\" \/>\n<meta property=\"og:locale\" content=\"de_DE\" \/>\n<meta property=\"og:type\" content=\"article\" \/>\n<meta property=\"og:title\" content=\"Presswerk f\u00fcr die Automobilproduktion | ASTOS Machinery\" \/>\n<meta property=\"og:description\" content=\"Automatische F\u00f6rderlinie f\u00fcr den Transport von Abf\u00e4llen oder Fertigprodukten f\u00fcr die Automobilmarke TOYOTA, Modell Camry. Einsatzbereich: Presswerk in der Automobilindustrie \u2013 Au\u00dfenkarosserie Anlage mit 3 F\u00f6rderern - 2 gerade F\u00f6rderer mit L\u00e4ngen von 23 m und 32 m, sowie ein Z-f\u00f6rmig geknickter Sp\u00e4nef\u00f6rderer mit einer Gesamtl\u00e4nge von 36 m und einer Austragh\u00f6he von 14 m. &hellip;\" \/>\n<meta property=\"og:url\" content=\"https:\/\/astos.cz\/de\/priklady-zakaznickych-reseni\/aplikace-pro-lisovny\/priklad-c-3\/\" \/>\n<meta property=\"og:site_name\" content=\"ASTOS Machinery\" \/>\n<meta property=\"article:modified_time\" content=\"2024-11-25T09:25:29+00:00\" \/>\n<meta property=\"og:image\" content=\"https:\/\/astos.cz\/wp-content\/uploads\/2017\/05\/vykres-oprava-399.jpg\" \/>\n\t<meta property=\"og:image:width\" content=\"399\" \/>\n\t<meta property=\"og:image:height\" content=\"257\" \/>\n\t<meta property=\"og:image:type\" content=\"image\/jpeg\" \/>\n<meta name=\"twitter:card\" content=\"summary\" \/>\n<meta name=\"twitter:label1\" content=\"Gesch\u00e4tzte Lesezeit\" \/>\n\t<meta name=\"twitter:data1\" content=\"2\u00a0Minuten\" \/>\n<script type=\"application\/ld+json\" class=\"yoast-schema-graph\">{\"@context\":\"https:\/\/schema.org\",\"@graph\":[{\"@type\":\"WebSite\",\"@id\":\"https:\/\/astos.cz\/#website\",\"url\":\"https:\/\/astos.cz\/\",\"name\":\"ASTOS Machinery\",\"description\":\"Specialista na dopravn\u00edkov\u00e9 syst\u00e9my a krytov\u00e1n\u00ed stroj\u016f\",\"potentialAction\":[{\"@type\":\"SearchAction\",\"target\":{\"@type\":\"EntryPoint\",\"urlTemplate\":\"https:\/\/astos.cz\/?s={search_term_string}\"},\"query-input\":\"required name=search_term_string\"}],\"inLanguage\":\"de\"},{\"@type\":\"ImageObject\",\"@id\":\"https:\/\/astos.cz\/de\/priklady-zakaznickych-reseni\/aplikace-pro-lisovny\/priklad-c-3\/#primaryimage\",\"inLanguage\":\"de\",\"url\":\"https:\/\/astos.cz\/wp-content\/uploads\/2017\/05\/vykres-oprava-399.jpg\",\"contentUrl\":\"https:\/\/astos.cz\/wp-content\/uploads\/2017\/05\/vykres-oprava-399.jpg\",\"width\":399,\"height\":257},{\"@type\":\"WebPage\",\"@id\":\"https:\/\/astos.cz\/de\/priklady-zakaznickych-reseni\/aplikace-pro-lisovny\/priklad-c-3\/#webpage\",\"url\":\"https:\/\/astos.cz\/de\/priklady-zakaznickych-reseni\/aplikace-pro-lisovny\/priklad-c-3\/\",\"name\":\"Presswerk f\u00fcr die Automobilproduktion | ASTOS Machinery\",\"isPartOf\":{\"@id\":\"https:\/\/astos.cz\/#website\"},\"primaryImageOfPage\":{\"@id\":\"https:\/\/astos.cz\/de\/priklady-zakaznickych-reseni\/aplikace-pro-lisovny\/priklad-c-3\/#primaryimage\"},\"datePublished\":\"2024-11-18T11:50:54+00:00\",\"dateModified\":\"2024-11-25T09:25:29+00:00\",\"breadcrumb\":{\"@id\":\"https:\/\/astos.cz\/de\/priklady-zakaznickych-reseni\/aplikace-pro-lisovny\/priklad-c-3\/#breadcrumb\"},\"inLanguage\":\"de\",\"potentialAction\":[{\"@type\":\"ReadAction\",\"target\":[\"https:\/\/astos.cz\/de\/priklady-zakaznickych-reseni\/aplikace-pro-lisovny\/priklad-c-3\/\"]}]},{\"@type\":\"BreadcrumbList\",\"@id\":\"https:\/\/astos.cz\/de\/priklady-zakaznickych-reseni\/aplikace-pro-lisovny\/priklad-c-3\/#breadcrumb\",\"itemListElement\":[{\"@type\":\"ListItem\",\"position\":1,\"name\":\"Dom\u016f\",\"item\":\"https:\/\/astos.cz\/de\/\"},{\"@type\":\"ListItem\",\"position\":2,\"name\":\"Beispiele der Individuelle Kundenl\u00f6sungen\",\"item\":\"https:\/\/astos.cz\/de\/priklady-zakaznickych-reseni\/\"},{\"@type\":\"ListItem\",\"position\":3,\"name\":\"Applikationen f\u00fcr Umformtechnik\",\"item\":\"https:\/\/astos.cz\/de\/priklady-zakaznickych-reseni\/aplikace-pro-lisovny\/\"},{\"@type\":\"ListItem\",\"position\":4,\"name\":\"Presswerk f\u00fcr die Automobilproduktion\"}]}]}<\/script>\n<!-- \/ Yoast SEO plugin. -->","yoast_head_json":{"title":"Presswerk f\u00fcr die Automobilproduktion | ASTOS Machinery","robots":{"index":"index","follow":"follow","max-snippet":"max-snippet:-1","max-image-preview":"max-image-preview:large","max-video-preview":"max-video-preview:-1"},"canonical":"https:\/\/astos.cz\/de\/priklady-zakaznickych-reseni\/aplikace-pro-lisovny\/priklad-c-3\/","og_locale":"de_DE","og_type":"article","og_title":"Presswerk f\u00fcr die Automobilproduktion | ASTOS Machinery","og_description":"Automatische F\u00f6rderlinie f\u00fcr den Transport von Abf\u00e4llen oder Fertigprodukten f\u00fcr die Automobilmarke TOYOTA, Modell Camry. Einsatzbereich: Presswerk in der Automobilindustrie \u2013 Au\u00dfenkarosserie Anlage mit 3 F\u00f6rderern - 2 gerade F\u00f6rderer mit L\u00e4ngen von 23 m und 32 m, sowie ein Z-f\u00f6rmig geknickter Sp\u00e4nef\u00f6rderer mit einer Gesamtl\u00e4nge von 36 m und einer Austragh\u00f6he von 14 m. &hellip;","og_url":"https:\/\/astos.cz\/de\/priklady-zakaznickych-reseni\/aplikace-pro-lisovny\/priklad-c-3\/","og_site_name":"ASTOS Machinery","article_modified_time":"2024-11-25T09:25:29+00:00","og_image":[{"width":399,"height":257,"url":"https:\/\/astos.cz\/wp-content\/uploads\/2017\/05\/vykres-oprava-399.jpg","type":"image\/jpeg"}],"twitter_card":"summary","twitter_misc":{"Gesch\u00e4tzte Lesezeit":"2\u00a0Minuten"},"schema":{"@context":"https:\/\/schema.org","@graph":[{"@type":"WebSite","@id":"https:\/\/astos.cz\/#website","url":"https:\/\/astos.cz\/","name":"ASTOS Machinery","description":"Specialista na dopravn\u00edkov\u00e9 syst\u00e9my a krytov\u00e1n\u00ed stroj\u016f","potentialAction":[{"@type":"SearchAction","target":{"@type":"EntryPoint","urlTemplate":"https:\/\/astos.cz\/?s={search_term_string}"},"query-input":"required name=search_term_string"}],"inLanguage":"de"},{"@type":"ImageObject","@id":"https:\/\/astos.cz\/de\/priklady-zakaznickych-reseni\/aplikace-pro-lisovny\/priklad-c-3\/#primaryimage","inLanguage":"de","url":"https:\/\/astos.cz\/wp-content\/uploads\/2017\/05\/vykres-oprava-399.jpg","contentUrl":"https:\/\/astos.cz\/wp-content\/uploads\/2017\/05\/vykres-oprava-399.jpg","width":399,"height":257},{"@type":"WebPage","@id":"https:\/\/astos.cz\/de\/priklady-zakaznickych-reseni\/aplikace-pro-lisovny\/priklad-c-3\/#webpage","url":"https:\/\/astos.cz\/de\/priklady-zakaznickych-reseni\/aplikace-pro-lisovny\/priklad-c-3\/","name":"Presswerk f\u00fcr die Automobilproduktion | ASTOS Machinery","isPartOf":{"@id":"https:\/\/astos.cz\/#website"},"primaryImageOfPage":{"@id":"https:\/\/astos.cz\/de\/priklady-zakaznickych-reseni\/aplikace-pro-lisovny\/priklad-c-3\/#primaryimage"},"datePublished":"2024-11-18T11:50:54+00:00","dateModified":"2024-11-25T09:25:29+00:00","breadcrumb":{"@id":"https:\/\/astos.cz\/de\/priklady-zakaznickych-reseni\/aplikace-pro-lisovny\/priklad-c-3\/#breadcrumb"},"inLanguage":"de","potentialAction":[{"@type":"ReadAction","target":["https:\/\/astos.cz\/de\/priklady-zakaznickych-reseni\/aplikace-pro-lisovny\/priklad-c-3\/"]}]},{"@type":"BreadcrumbList","@id":"https:\/\/astos.cz\/de\/priklady-zakaznickych-reseni\/aplikace-pro-lisovny\/priklad-c-3\/#breadcrumb","itemListElement":[{"@type":"ListItem","position":1,"name":"Dom\u016f","item":"https:\/\/astos.cz\/de\/"},{"@type":"ListItem","position":2,"name":"Beispiele der Individuelle Kundenl\u00f6sungen","item":"https:\/\/astos.cz\/de\/priklady-zakaznickych-reseni\/"},{"@type":"ListItem","position":3,"name":"Applikationen f\u00fcr Umformtechnik","item":"https:\/\/astos.cz\/de\/priklady-zakaznickych-reseni\/aplikace-pro-lisovny\/"},{"@type":"ListItem","position":4,"name":"Presswerk f\u00fcr die Automobilproduktion"}]}]}},"_links":{"self":[{"href":"https:\/\/astos.cz\/de\/wp-json\/wp\/v2\/pages\/12604"}],"collection":[{"href":"https:\/\/astos.cz\/de\/wp-json\/wp\/v2\/pages"}],"about":[{"href":"https:\/\/astos.cz\/de\/wp-json\/wp\/v2\/types\/page"}],"author":[{"embeddable":true,"href":"https:\/\/astos.cz\/de\/wp-json\/wp\/v2\/users\/8"}],"replies":[{"embeddable":true,"href":"https:\/\/astos.cz\/de\/wp-json\/wp\/v2\/comments?post=12604"}],"version-history":[{"count":2,"href":"https:\/\/astos.cz\/de\/wp-json\/wp\/v2\/pages\/12604\/revisions"}],"predecessor-version":[{"id":12630,"href":"https:\/\/astos.cz\/de\/wp-json\/wp\/v2\/pages\/12604\/revisions\/12630"}],"up":[{"embeddable":true,"href":"https:\/\/astos.cz\/de\/wp-json\/wp\/v2\/pages\/4952"}],"wp:featuredmedia":[{"embeddable":true,"href":"https:\/\/astos.cz\/de\/wp-json\/wp\/v2\/media\/7796"}],"wp:attachment":[{"href":"https:\/\/astos.cz\/de\/wp-json\/wp\/v2\/media?parent=12604"}],"wp:term":[{"taxonomy":"category","embeddable":true,"href":"https:\/\/astos.cz\/de\/wp-json\/wp\/v2\/categories?post=12604"},{"taxonomy":"post_tag","embeddable":true,"href":"https:\/\/astos.cz\/de\/wp-json\/wp\/v2\/tags?post=12604"}],"curies":[{"name":"wp","href":"https:\/\/api.w.org\/{rel}","templated":true}]}}