{"id":12592,"date":"2024-11-14T14:17:49","date_gmt":"2024-11-14T13:17:49","guid":{"rendered":"https:\/\/astos.cz\/priklady-zakaznickych-reseni\/aplikace-pro-lisovny\/lisovna-pro-automobilovou-vyrobu-ahlen-nemecko\/"},"modified":"2024-11-25T10:22:34","modified_gmt":"2024-11-25T09:22:34","slug":"lisovna-pro-automobilovou-vyrobu-ahlen-nemecko","status":"publish","type":"page","link":"https:\/\/astos.cz\/de\/priklady-zakaznickych-reseni\/aplikace-pro-lisovny\/lisovna-pro-automobilovou-vyrobu-ahlen-nemecko\/","title":{"rendered":"Presserei f\u00fcr die Automobilproduktion &#8211; Ahlen, Deutschland"},"content":{"rendered":"<div id=\"pl-12592\"  class=\"panel-layout\" ><div id=\"pg-12592-0\"  class=\"panel-grid panel-no-style\" ><div id=\"pgc-12592-0-0\"  class=\"panel-grid-cell\" ><div id=\"panel-12592-0-0-0\" class=\"so-panel widget widget_sow-editor panel-first-child panel-last-child\" data-index=\"0\" ><div class=\"so-widget-sow-editor so-widget-sow-editor-base\">\n<div class=\"siteorigin-widget-tinymce textwidget\">\n\t<h4>Automatische Anlage f\u00fcr das Schrottmanagement einer Presserei f\u00fcr Zulieferer in der Automobilindustrie.<\/h4>\n<\/div>\n<\/div><\/div><\/div><\/div><div id=\"pg-12592-1\"  class=\"panel-grid panel-no-style\" ><div id=\"pgc-12592-1-0\"  class=\"panel-grid-cell\" ><div id=\"panel-12592-1-0-0\" class=\"so-panel widget widget_sow-editor panel-first-child panel-last-child\" data-index=\"1\" ><div class=\"so-widget-sow-editor so-widget-sow-editor-base\">\n<div class=\"siteorigin-widget-tinymce textwidget\">\n\t<p><strong>Einsatzbereich:<\/strong> Presserei f\u00fcr die Automobilproduktion<br \/>\n<strong>Standort:<\/strong> Ahlen, Deutschland<br \/>\n<strong>Kapazit\u00e4t:<\/strong> 3 t\/Stunde<br \/>\n<strong>Presse:<\/strong> Zwei Stanzpressen und zwei Folgeverbundpressen<\/p>\n<ul>\n<li><strong>Aufbau:<\/strong> 3 F\u00f6rderb\u00e4nder \u2013 ein gerades Sp\u00e4nef\u00f6rderband (6 m L\u00e4nge), zwei Sp\u00e4nef\u00f6rderb\u00e4nder mit doppeltem \"Z\"-Knick (16 m und 18 m L\u00e4nge)<\/li>\n<li><strong>Reversierf\u00f6rderer<\/strong><\/li>\n<li><strong>Drehbare Auswurftrichter aus Hardox<\/strong><\/li>\n<li><strong>Automatische Waagen im Boden zur \u00dcberwachung des Maximalgewichts<\/strong><\/li>\n<li><strong>Gro\u00dfraumcontainer mit automatischer F\u00fcllstandskontrolle durch UV-Sensoren<\/strong><\/li>\n<li><strong>Automatische Steuerung mittels Siemens-System mit Touchscreen<\/strong><\/li>\n<\/ul>\n<\/div>\n<\/div><\/div><\/div><\/div><div id=\"pg-12592-2\"  class=\"panel-grid panel-no-style\" ><div id=\"pgc-12592-2-0\"  class=\"panel-grid-cell\" ><div id=\"panel-12592-2-0-0\" class=\"so-panel widget widget_sow-editor panel-first-child panel-last-child\" data-index=\"2\" ><div class=\"so-widget-sow-editor so-widget-sow-editor-base\">\n<div class=\"siteorigin-widget-tinymce textwidget\">\n\t<figure id=\"attachment_5637\" class=\"wp-caption alignnone\" style=\"width: 410px;\"><a href=\"https:\/\/astos.cz\/wp-content\/uploads\/2017\/05\/WPC.jpg\" rel=\"lightbox[12592]\"><img loading=\"lazy\" class=\"alignnone size-large wp-image-7666\" src=\"https:\/\/astos.cz\/wp-content\/uploads\/2017\/05\/WPC-renderjpg-1024x553.jpg\" alt=\"WPC-renderjpg\" width=\"1024\" height=\"553\" srcset=\"https:\/\/astos.cz\/wp-content\/uploads\/2017\/05\/WPC-renderjpg-1024x553.jpg 1024w, https:\/\/astos.cz\/wp-content\/uploads\/2017\/05\/WPC-renderjpg-300x162.jpg 300w, https:\/\/astos.cz\/wp-content\/uploads\/2017\/05\/WPC-renderjpg-768x415.jpg 768w, https:\/\/astos.cz\/wp-content\/uploads\/2017\/05\/WPC-renderjpg-555x300.jpg 555w, https:\/\/astos.cz\/wp-content\/uploads\/2017\/05\/WPC-renderjpg.jpg 2000w\" sizes=\"(max-width: 1024px) 100vw, 1024px\" \/><\/a><figcaption class=\"wp-caption-text\">Gesamtansicht der automatischen Linie<\/figcaption><\/figure>\n<\/div>\n<\/div><\/div><\/div><div id=\"pgc-12592-2-1\"  class=\"panel-grid-cell\" ><div id=\"panel-12592-2-1-0\" class=\"so-panel widget widget_sow-editor panel-first-child panel-last-child\" data-index=\"3\" ><div class=\"so-widget-sow-editor so-widget-sow-editor-base\">\n<div class=\"siteorigin-widget-tinymce textwidget\">\n\t<figure id=\"attachment_5637\" class=\"wp-caption alignnone\" style=\"width: 410px;\"><a href=\"https:\/\/astos.cz\/wp-content\/uploads\/2017\/05\/WPC-t\u0159\u00edd\u011bn\u00ed-opad\u016f-pomoc\u00ed-v\u00fdklopn\u00fdch-v\u00fdsypek-do-dvou-na-sob\u011b-nez\u00e1visl\u00fdch-kontejner\u016fb.jpg\" rel=\"lightbox[12592]\"><img loading=\"lazy\" class=\"alignnone size-large wp-image-7666\" src=\"https:\/\/astos.cz\/wp-content\/uploads\/2017\/05\/WPC-t\u0159\u00edd\u011bn\u00ed-opad\u016f-pomoc\u00ed-v\u00fdklopn\u00fdch-v\u00fdsypek-do-dvou-na-sob\u011b-nez\u00e1visl\u00fdch-kontejner\u016fb.jpg\" alt=\"WPC-renderjpg\" width=\"1024\" height=\"553\" \/><\/a><figcaption class=\"wp-caption-text\">Sortierung in Container mit einem reversiblen F\u00f6rderband und schwenkbaren Auswurftrichtern<\/figcaption><\/figure>\n<\/div>\n<\/div><\/div><\/div><\/div><div id=\"pg-12592-3\"  class=\"panel-grid panel-no-style\" ><div id=\"pgc-12592-3-0\"  class=\"panel-grid-cell\" ><div id=\"panel-12592-3-0-0\" class=\"so-panel widget widget_sow-editor panel-first-child panel-last-child\" data-index=\"4\" ><div class=\"so-widget-sow-editor so-widget-sow-editor-base\">\n<div class=\"siteorigin-widget-tinymce textwidget\">\n\t<p><strong>F\u00fcr weitere Informationen kontaktieren Sie uns <a href=\"https:\/\/astos.cz\/de\/kontakty\/dulezite-kontakty\/\">hier,<\/a> und wir erstellen gerne ein Projekt nach Ihren Vorstellungen.<\/strong><\/p>\n<\/div>\n<\/div><\/div><\/div><\/div><\/div>","protected":false},"excerpt":{"rendered":"<p>Automatische Anlage f\u00fcr das Schrottmanagement einer Presserei f\u00fcr Zulieferer in der Automobilindustrie. Einsatzbereich: Presserei f\u00fcr die Automobilproduktion Standort: Ahlen, Deutschland Kapazit\u00e4t: 3 t\/Stunde Presse: Zwei Stanzpressen und zwei Folgeverbundpressen Aufbau: 3 F\u00f6rderb\u00e4nder \u2013 ein gerades Sp\u00e4nef\u00f6rderband (6 m L\u00e4nge), zwei Sp\u00e4nef\u00f6rderb\u00e4nder mit doppeltem &#8222;Z&#8220;-Knick (16 m und 18 m L\u00e4nge) Reversierf\u00f6rderer Drehbare Auswurftrichter aus Hardox &hellip;<\/p>\n","protected":false},"author":8,"featured_media":7864,"parent":4952,"menu_order":0,"comment_status":"closed","ping_status":"closed","template":"","meta":[],"categories":[],"tags":[],"yoast_head":"<!-- This site is optimized with the Yoast SEO plugin v18.5.1 - https:\/\/yoast.com\/wordpress\/plugins\/seo\/ -->\n<title>Presserei f\u00fcr die Automobilproduktion - Ahlen, Deutschland | ASTOS Machinery<\/title>\n<meta name=\"robots\" content=\"index, follow, max-snippet:-1, max-image-preview:large, max-video-preview:-1\" \/>\n<link rel=\"canonical\" href=\"https:\/\/astos.cz\/de\/priklady-zakaznickych-reseni\/aplikace-pro-lisovny\/lisovna-pro-automobilovou-vyrobu-ahlen-nemecko\/\" \/>\n<meta property=\"og:locale\" content=\"de_DE\" \/>\n<meta property=\"og:type\" content=\"article\" \/>\n<meta property=\"og:title\" content=\"Presserei f\u00fcr die Automobilproduktion - Ahlen, Deutschland | ASTOS Machinery\" \/>\n<meta property=\"og:description\" content=\"Automatische Anlage f\u00fcr das Schrottmanagement einer Presserei f\u00fcr Zulieferer in der Automobilindustrie. Einsatzbereich: Presserei f\u00fcr die Automobilproduktion Standort: Ahlen, Deutschland Kapazit\u00e4t: 3 t\/Stunde Presse: Zwei Stanzpressen und zwei Folgeverbundpressen Aufbau: 3 F\u00f6rderb\u00e4nder \u2013 ein gerades Sp\u00e4nef\u00f6rderband (6 m L\u00e4nge), zwei Sp\u00e4nef\u00f6rderb\u00e4nder mit doppeltem &quot;Z&quot;-Knick (16 m und 18 m L\u00e4nge) Reversierf\u00f6rderer Drehbare Auswurftrichter aus Hardox &hellip;\" \/>\n<meta property=\"og:url\" content=\"https:\/\/astos.cz\/de\/priklady-zakaznickych-reseni\/aplikace-pro-lisovny\/lisovna-pro-automobilovou-vyrobu-ahlen-nemecko\/\" \/>\n<meta property=\"og:site_name\" content=\"ASTOS Machinery\" \/>\n<meta property=\"article:modified_time\" content=\"2024-11-25T09:22:34+00:00\" \/>\n<meta property=\"og:image\" content=\"https:\/\/astos.cz\/wp-content\/uploads\/2017\/05\/WPC.jpg\" \/>\n\t<meta property=\"og:image:width\" content=\"1000\" \/>\n\t<meta property=\"og:image:height\" content=\"540\" \/>\n\t<meta property=\"og:image:type\" content=\"image\/jpeg\" \/>\n<meta name=\"twitter:card\" content=\"summary\" \/>\n<meta name=\"twitter:label1\" content=\"Gesch\u00e4tzte Lesezeit\" \/>\n\t<meta name=\"twitter:data1\" content=\"1\u00a0Minute\" \/>\n<script type=\"application\/ld+json\" class=\"yoast-schema-graph\">{\"@context\":\"https:\/\/schema.org\",\"@graph\":[{\"@type\":\"WebSite\",\"@id\":\"https:\/\/astos.cz\/#website\",\"url\":\"https:\/\/astos.cz\/\",\"name\":\"ASTOS Machinery\",\"description\":\"Specialista na dopravn\u00edkov\u00e9 syst\u00e9my a krytov\u00e1n\u00ed stroj\u016f\",\"potentialAction\":[{\"@type\":\"SearchAction\",\"target\":{\"@type\":\"EntryPoint\",\"urlTemplate\":\"https:\/\/astos.cz\/?s={search_term_string}\"},\"query-input\":\"required name=search_term_string\"}],\"inLanguage\":\"de\"},{\"@type\":\"ImageObject\",\"@id\":\"https:\/\/astos.cz\/de\/priklady-zakaznickych-reseni\/aplikace-pro-lisovny\/lisovna-pro-automobilovou-vyrobu-ahlen-nemecko\/#primaryimage\",\"inLanguage\":\"de\",\"url\":\"https:\/\/astos.cz\/wp-content\/uploads\/2017\/05\/WPC.jpg\",\"contentUrl\":\"https:\/\/astos.cz\/wp-content\/uploads\/2017\/05\/WPC.jpg\",\"width\":1000,\"height\":540},{\"@type\":\"WebPage\",\"@id\":\"https:\/\/astos.cz\/de\/priklady-zakaznickych-reseni\/aplikace-pro-lisovny\/lisovna-pro-automobilovou-vyrobu-ahlen-nemecko\/#webpage\",\"url\":\"https:\/\/astos.cz\/de\/priklady-zakaznickych-reseni\/aplikace-pro-lisovny\/lisovna-pro-automobilovou-vyrobu-ahlen-nemecko\/\",\"name\":\"Presserei f\u00fcr die Automobilproduktion - Ahlen, Deutschland | ASTOS Machinery\",\"isPartOf\":{\"@id\":\"https:\/\/astos.cz\/#website\"},\"primaryImageOfPage\":{\"@id\":\"https:\/\/astos.cz\/de\/priklady-zakaznickych-reseni\/aplikace-pro-lisovny\/lisovna-pro-automobilovou-vyrobu-ahlen-nemecko\/#primaryimage\"},\"datePublished\":\"2024-11-14T13:17:49+00:00\",\"dateModified\":\"2024-11-25T09:22:34+00:00\",\"breadcrumb\":{\"@id\":\"https:\/\/astos.cz\/de\/priklady-zakaznickych-reseni\/aplikace-pro-lisovny\/lisovna-pro-automobilovou-vyrobu-ahlen-nemecko\/#breadcrumb\"},\"inLanguage\":\"de\",\"potentialAction\":[{\"@type\":\"ReadAction\",\"target\":[\"https:\/\/astos.cz\/de\/priklady-zakaznickych-reseni\/aplikace-pro-lisovny\/lisovna-pro-automobilovou-vyrobu-ahlen-nemecko\/\"]}]},{\"@type\":\"BreadcrumbList\",\"@id\":\"https:\/\/astos.cz\/de\/priklady-zakaznickych-reseni\/aplikace-pro-lisovny\/lisovna-pro-automobilovou-vyrobu-ahlen-nemecko\/#breadcrumb\",\"itemListElement\":[{\"@type\":\"ListItem\",\"position\":1,\"name\":\"Dom\u016f\",\"item\":\"https:\/\/astos.cz\/de\/\"},{\"@type\":\"ListItem\",\"position\":2,\"name\":\"Beispiele der Individuelle Kundenl\u00f6sungen\",\"item\":\"https:\/\/astos.cz\/de\/priklady-zakaznickych-reseni\/\"},{\"@type\":\"ListItem\",\"position\":3,\"name\":\"Applikationen f\u00fcr Umformtechnik\",\"item\":\"https:\/\/astos.cz\/de\/priklady-zakaznickych-reseni\/aplikace-pro-lisovny\/\"},{\"@type\":\"ListItem\",\"position\":4,\"name\":\"Presserei f\u00fcr die Automobilproduktion &#8211; Ahlen, Deutschland\"}]}]}<\/script>\n<!-- \/ Yoast SEO plugin. -->","yoast_head_json":{"title":"Presserei f\u00fcr die Automobilproduktion - Ahlen, Deutschland | ASTOS Machinery","robots":{"index":"index","follow":"follow","max-snippet":"max-snippet:-1","max-image-preview":"max-image-preview:large","max-video-preview":"max-video-preview:-1"},"canonical":"https:\/\/astos.cz\/de\/priklady-zakaznickych-reseni\/aplikace-pro-lisovny\/lisovna-pro-automobilovou-vyrobu-ahlen-nemecko\/","og_locale":"de_DE","og_type":"article","og_title":"Presserei f\u00fcr die Automobilproduktion - Ahlen, Deutschland | ASTOS Machinery","og_description":"Automatische Anlage f\u00fcr das Schrottmanagement einer Presserei f\u00fcr Zulieferer in der Automobilindustrie. Einsatzbereich: Presserei f\u00fcr die Automobilproduktion Standort: Ahlen, Deutschland Kapazit\u00e4t: 3 t\/Stunde Presse: Zwei Stanzpressen und zwei Folgeverbundpressen Aufbau: 3 F\u00f6rderb\u00e4nder \u2013 ein gerades Sp\u00e4nef\u00f6rderband (6 m L\u00e4nge), zwei Sp\u00e4nef\u00f6rderb\u00e4nder mit doppeltem \"Z\"-Knick (16 m und 18 m L\u00e4nge) Reversierf\u00f6rderer Drehbare Auswurftrichter aus Hardox &hellip;","og_url":"https:\/\/astos.cz\/de\/priklady-zakaznickych-reseni\/aplikace-pro-lisovny\/lisovna-pro-automobilovou-vyrobu-ahlen-nemecko\/","og_site_name":"ASTOS Machinery","article_modified_time":"2024-11-25T09:22:34+00:00","og_image":[{"width":1000,"height":540,"url":"https:\/\/astos.cz\/wp-content\/uploads\/2017\/05\/WPC.jpg","type":"image\/jpeg"}],"twitter_card":"summary","twitter_misc":{"Gesch\u00e4tzte Lesezeit":"1\u00a0Minute"},"schema":{"@context":"https:\/\/schema.org","@graph":[{"@type":"WebSite","@id":"https:\/\/astos.cz\/#website","url":"https:\/\/astos.cz\/","name":"ASTOS Machinery","description":"Specialista na dopravn\u00edkov\u00e9 syst\u00e9my a krytov\u00e1n\u00ed stroj\u016f","potentialAction":[{"@type":"SearchAction","target":{"@type":"EntryPoint","urlTemplate":"https:\/\/astos.cz\/?s={search_term_string}"},"query-input":"required name=search_term_string"}],"inLanguage":"de"},{"@type":"ImageObject","@id":"https:\/\/astos.cz\/de\/priklady-zakaznickych-reseni\/aplikace-pro-lisovny\/lisovna-pro-automobilovou-vyrobu-ahlen-nemecko\/#primaryimage","inLanguage":"de","url":"https:\/\/astos.cz\/wp-content\/uploads\/2017\/05\/WPC.jpg","contentUrl":"https:\/\/astos.cz\/wp-content\/uploads\/2017\/05\/WPC.jpg","width":1000,"height":540},{"@type":"WebPage","@id":"https:\/\/astos.cz\/de\/priklady-zakaznickych-reseni\/aplikace-pro-lisovny\/lisovna-pro-automobilovou-vyrobu-ahlen-nemecko\/#webpage","url":"https:\/\/astos.cz\/de\/priklady-zakaznickych-reseni\/aplikace-pro-lisovny\/lisovna-pro-automobilovou-vyrobu-ahlen-nemecko\/","name":"Presserei f\u00fcr die Automobilproduktion - Ahlen, Deutschland | ASTOS Machinery","isPartOf":{"@id":"https:\/\/astos.cz\/#website"},"primaryImageOfPage":{"@id":"https:\/\/astos.cz\/de\/priklady-zakaznickych-reseni\/aplikace-pro-lisovny\/lisovna-pro-automobilovou-vyrobu-ahlen-nemecko\/#primaryimage"},"datePublished":"2024-11-14T13:17:49+00:00","dateModified":"2024-11-25T09:22:34+00:00","breadcrumb":{"@id":"https:\/\/astos.cz\/de\/priklady-zakaznickych-reseni\/aplikace-pro-lisovny\/lisovna-pro-automobilovou-vyrobu-ahlen-nemecko\/#breadcrumb"},"inLanguage":"de","potentialAction":[{"@type":"ReadAction","target":["https:\/\/astos.cz\/de\/priklady-zakaznickych-reseni\/aplikace-pro-lisovny\/lisovna-pro-automobilovou-vyrobu-ahlen-nemecko\/"]}]},{"@type":"BreadcrumbList","@id":"https:\/\/astos.cz\/de\/priklady-zakaznickych-reseni\/aplikace-pro-lisovny\/lisovna-pro-automobilovou-vyrobu-ahlen-nemecko\/#breadcrumb","itemListElement":[{"@type":"ListItem","position":1,"name":"Dom\u016f","item":"https:\/\/astos.cz\/de\/"},{"@type":"ListItem","position":2,"name":"Beispiele der Individuelle Kundenl\u00f6sungen","item":"https:\/\/astos.cz\/de\/priklady-zakaznickych-reseni\/"},{"@type":"ListItem","position":3,"name":"Applikationen f\u00fcr Umformtechnik","item":"https:\/\/astos.cz\/de\/priklady-zakaznickych-reseni\/aplikace-pro-lisovny\/"},{"@type":"ListItem","position":4,"name":"Presserei f\u00fcr die Automobilproduktion &#8211; Ahlen, Deutschland"}]}]}},"_links":{"self":[{"href":"https:\/\/astos.cz\/de\/wp-json\/wp\/v2\/pages\/12592"}],"collection":[{"href":"https:\/\/astos.cz\/de\/wp-json\/wp\/v2\/pages"}],"about":[{"href":"https:\/\/astos.cz\/de\/wp-json\/wp\/v2\/types\/page"}],"author":[{"embeddable":true,"href":"https:\/\/astos.cz\/de\/wp-json\/wp\/v2\/users\/8"}],"replies":[{"embeddable":true,"href":"https:\/\/astos.cz\/de\/wp-json\/wp\/v2\/comments?post=12592"}],"version-history":[{"count":3,"href":"https:\/\/astos.cz\/de\/wp-json\/wp\/v2\/pages\/12592\/revisions"}],"predecessor-version":[{"id":12624,"href":"https:\/\/astos.cz\/de\/wp-json\/wp\/v2\/pages\/12592\/revisions\/12624"}],"up":[{"embeddable":true,"href":"https:\/\/astos.cz\/de\/wp-json\/wp\/v2\/pages\/4952"}],"wp:featuredmedia":[{"embeddable":true,"href":"https:\/\/astos.cz\/de\/wp-json\/wp\/v2\/media\/7864"}],"wp:attachment":[{"href":"https:\/\/astos.cz\/de\/wp-json\/wp\/v2\/media?parent=12592"}],"wp:term":[{"taxonomy":"category","embeddable":true,"href":"https:\/\/astos.cz\/de\/wp-json\/wp\/v2\/categories?post=12592"},{"taxonomy":"post_tag","embeddable":true,"href":"https:\/\/astos.cz\/de\/wp-json\/wp\/v2\/tags?post=12592"}],"curies":[{"name":"wp","href":"https:\/\/api.w.org\/{rel}","templated":true}]}}