{"id":10526,"date":"2024-03-26T09:02:47","date_gmt":"2024-03-26T08:02:47","guid":{"rendered":"https:\/\/astos.cz\/laborator-2\/"},"modified":"2024-05-28T11:12:46","modified_gmt":"2024-05-28T10:12:46","slug":"laborator-2","status":"publish","type":"page","link":"https:\/\/astos.cz\/de\/laborator-2\/","title":{"rendered":"LABOR"},"content":{"rendered":"<div id=\"pl-10526\"  class=\"panel-layout\" ><div id=\"pg-10526-0\"  class=\"panel-grid panel-no-style\" ><div id=\"pgc-10526-0-0\"  class=\"panel-grid-cell\" ><div id=\"panel-10526-0-0-0\" class=\"so-panel widget widget_sow-editor panel-first-child panel-last-child\" data-index=\"0\" ><div class=\"so-widget-sow-editor so-widget-sow-editor-base\">\n<div class=\"siteorigin-widget-tinymce textwidget\">\n\t<h3 class=\"gb-headline gb-headline-a9091560 gb-headline-text background-video-content\"><span style=\"color: #ff6600;\">FILTRATION AUF H\u00d6CHSTEM NIVEAU<\/span><\/h3>\n<h4 class=\"gb-headline gb-headline-8098f745 gb-headline-text\">Neue Filtrationstechnologien, kombiniert mit unserem einzigartigen europ\u00e4ischen Labor, bieten revolution\u00e4re L\u00f6sungen f\u00fcr Ihre Maschinen. Diese Innovationen verl\u00e4ngern die Lebensdauer Ihrer Maschinen und tragen zum Umweltschutz bei.<\/h4>\n<p>Wir sind f\u00fchrend in der industriellen Fl\u00fcssigkeitsfiltration und bieten bahnbrechende L\u00f6sungen f\u00fcr saubere Fl\u00fcssigkeiten in Ihren Maschinen. Wir k\u00f6nnen dazu beitragen, die Lebensdauer Ihrer Maschinen und Werkzeuge zu verl\u00e4ngern. Wir messen genau den Reinheitsgrad der gefilterten Fl\u00fcssigkeit und entwickeln die optimale kundenspezifische L\u00f6sung.<\/p>\n<p>M\u00f6chten Sie wissen, wie hoch der Feststoffanteil in Ihrem K\u00fchlschmierstoff ist? Mit der neu entwickelten MPC-Methode, dem Elektronenmikroskop, sind wir in der Lage, Partikel bis zu einer Gr\u00f6\u00dfe von 1 Mikrometer zu messen.<\/p>\n<p>Mit unserer Filtration und unserem einzigartigen Labor definieren wir die Industriestandards neu und verschieben die Grenzen der Reinheit.<\/p>\n<p><a href=\"https:\/\/astos.cz\/de\/kontakty\/dulezite-kontakty\/\">Kontaktieren Sie uns<\/a> f\u00fcr eine kostenlose Beratung.<\/p>\n<p><a href=\"http:\/\/www.filtrace.astos.cz\/de\/\">www.filtrace.astos.cz\/de\/<\/a><\/p>\n<\/div>\n<\/div><\/div><\/div><div id=\"pgc-10526-0-1\"  class=\"panel-grid-cell\" ><div id=\"panel-10526-0-1-0\" class=\"so-panel widget widget_media_video panel-first-child panel-last-child\" data-index=\"1\" ><div style=\"width:100%;\" class=\"wp-video\"><!--[if lt IE 9]><script>document.createElement('video');<\/script><![endif]-->\n<video class=\"wp-video-shortcode\" id=\"video-10526-1\" preload=\"metadata\" controls=\"controls\"><source type=\"video\/youtube\" src=\"https:\/\/www.youtube.com\/watch?v=VI-3LkOqIRg&#038;_=1\" \/><a href=\"https:\/\/www.youtube.com\/watch?v=VI-3LkOqIRg\">https:\/\/www.youtube.com\/watch?v=VI-3LkOqIRg<\/a><\/video><\/div><\/div><\/div><\/div><\/div>","protected":false},"excerpt":{"rendered":"<p>FILTRATION AUF H\u00d6CHSTEM NIVEAU Neue Filtrationstechnologien, kombiniert mit unserem einzigartigen europ\u00e4ischen Labor, bieten revolution\u00e4re L\u00f6sungen f\u00fcr Ihre Maschinen. Diese Innovationen verl\u00e4ngern die Lebensdauer Ihrer Maschinen und tragen zum Umweltschutz bei. Wir sind f\u00fchrend in der industriellen Fl\u00fcssigkeitsfiltration und bieten bahnbrechende L\u00f6sungen f\u00fcr saubere Fl\u00fcssigkeiten in Ihren Maschinen. Wir k\u00f6nnen dazu beitragen, die Lebensdauer Ihrer Maschinen &hellip;<\/p>\n","protected":false},"author":8,"featured_media":0,"parent":0,"menu_order":0,"comment_status":"closed","ping_status":"closed","template":"","meta":[],"categories":[],"tags":[],"yoast_head":"<!-- This site is optimized with the Yoast SEO plugin v18.5.1 - https:\/\/yoast.com\/wordpress\/plugins\/seo\/ -->\n<title>LABOR | ASTOS Machinery<\/title>\n<meta name=\"robots\" content=\"index, follow, max-snippet:-1, max-image-preview:large, max-video-preview:-1\" \/>\n<link rel=\"canonical\" href=\"https:\/\/astos.cz\/de\/laborator-2\/\" \/>\n<meta property=\"og:locale\" content=\"de_DE\" \/>\n<meta property=\"og:type\" content=\"article\" \/>\n<meta property=\"og:title\" content=\"LABOR | ASTOS Machinery\" \/>\n<meta property=\"og:description\" content=\"FILTRATION AUF H\u00d6CHSTEM NIVEAU Neue Filtrationstechnologien, kombiniert mit unserem einzigartigen europ\u00e4ischen Labor, bieten revolution\u00e4re L\u00f6sungen f\u00fcr Ihre Maschinen. Diese Innovationen verl\u00e4ngern die Lebensdauer Ihrer Maschinen und tragen zum Umweltschutz bei. Wir sind f\u00fchrend in der industriellen Fl\u00fcssigkeitsfiltration und bieten bahnbrechende L\u00f6sungen f\u00fcr saubere Fl\u00fcssigkeiten in Ihren Maschinen. Wir k\u00f6nnen dazu beitragen, die Lebensdauer Ihrer Maschinen &hellip;\" \/>\n<meta property=\"og:url\" content=\"https:\/\/astos.cz\/de\/laborator-2\/\" \/>\n<meta property=\"og:site_name\" content=\"ASTOS Machinery\" \/>\n<meta property=\"article:modified_time\" content=\"2024-05-28T10:12:46+00:00\" \/>\n<meta name=\"twitter:card\" content=\"summary\" \/>\n<meta name=\"twitter:label1\" content=\"Gesch\u00e4tzte Lesezeit\" \/>\n\t<meta name=\"twitter:data1\" content=\"1\u00a0Minute\" \/>\n<script type=\"application\/ld+json\" class=\"yoast-schema-graph\">{\"@context\":\"https:\/\/schema.org\",\"@graph\":[{\"@type\":\"WebSite\",\"@id\":\"https:\/\/astos.cz\/#website\",\"url\":\"https:\/\/astos.cz\/\",\"name\":\"ASTOS Machinery\",\"description\":\"Specialista na dopravn\u00edkov\u00e9 syst\u00e9my a krytov\u00e1n\u00ed stroj\u016f\",\"potentialAction\":[{\"@type\":\"SearchAction\",\"target\":{\"@type\":\"EntryPoint\",\"urlTemplate\":\"https:\/\/astos.cz\/?s={search_term_string}\"},\"query-input\":\"required name=search_term_string\"}],\"inLanguage\":\"de\"},{\"@type\":\"WebPage\",\"@id\":\"https:\/\/astos.cz\/de\/laborator-2\/#webpage\",\"url\":\"https:\/\/astos.cz\/de\/laborator-2\/\",\"name\":\"LABOR | ASTOS Machinery\",\"isPartOf\":{\"@id\":\"https:\/\/astos.cz\/#website\"},\"datePublished\":\"2024-03-26T08:02:47+00:00\",\"dateModified\":\"2024-05-28T10:12:46+00:00\",\"breadcrumb\":{\"@id\":\"https:\/\/astos.cz\/de\/laborator-2\/#breadcrumb\"},\"inLanguage\":\"de\",\"potentialAction\":[{\"@type\":\"ReadAction\",\"target\":[\"https:\/\/astos.cz\/de\/laborator-2\/\"]}]},{\"@type\":\"BreadcrumbList\",\"@id\":\"https:\/\/astos.cz\/de\/laborator-2\/#breadcrumb\",\"itemListElement\":[{\"@type\":\"ListItem\",\"position\":1,\"name\":\"Dom\u016f\",\"item\":\"https:\/\/astos.cz\/de\/\"},{\"@type\":\"ListItem\",\"position\":2,\"name\":\"LABOR\"}]}]}<\/script>\n<!-- \/ Yoast SEO plugin. -->","yoast_head_json":{"title":"LABOR | ASTOS Machinery","robots":{"index":"index","follow":"follow","max-snippet":"max-snippet:-1","max-image-preview":"max-image-preview:large","max-video-preview":"max-video-preview:-1"},"canonical":"https:\/\/astos.cz\/de\/laborator-2\/","og_locale":"de_DE","og_type":"article","og_title":"LABOR | ASTOS Machinery","og_description":"FILTRATION AUF H\u00d6CHSTEM NIVEAU Neue Filtrationstechnologien, kombiniert mit unserem einzigartigen europ\u00e4ischen Labor, bieten revolution\u00e4re L\u00f6sungen f\u00fcr Ihre Maschinen. Diese Innovationen verl\u00e4ngern die Lebensdauer Ihrer Maschinen und tragen zum Umweltschutz bei. Wir sind f\u00fchrend in der industriellen Fl\u00fcssigkeitsfiltration und bieten bahnbrechende L\u00f6sungen f\u00fcr saubere Fl\u00fcssigkeiten in Ihren Maschinen. Wir k\u00f6nnen dazu beitragen, die Lebensdauer Ihrer Maschinen &hellip;","og_url":"https:\/\/astos.cz\/de\/laborator-2\/","og_site_name":"ASTOS Machinery","article_modified_time":"2024-05-28T10:12:46+00:00","twitter_card":"summary","twitter_misc":{"Gesch\u00e4tzte Lesezeit":"1\u00a0Minute"},"schema":{"@context":"https:\/\/schema.org","@graph":[{"@type":"WebSite","@id":"https:\/\/astos.cz\/#website","url":"https:\/\/astos.cz\/","name":"ASTOS Machinery","description":"Specialista na dopravn\u00edkov\u00e9 syst\u00e9my a krytov\u00e1n\u00ed stroj\u016f","potentialAction":[{"@type":"SearchAction","target":{"@type":"EntryPoint","urlTemplate":"https:\/\/astos.cz\/?s={search_term_string}"},"query-input":"required name=search_term_string"}],"inLanguage":"de"},{"@type":"WebPage","@id":"https:\/\/astos.cz\/de\/laborator-2\/#webpage","url":"https:\/\/astos.cz\/de\/laborator-2\/","name":"LABOR | ASTOS Machinery","isPartOf":{"@id":"https:\/\/astos.cz\/#website"},"datePublished":"2024-03-26T08:02:47+00:00","dateModified":"2024-05-28T10:12:46+00:00","breadcrumb":{"@id":"https:\/\/astos.cz\/de\/laborator-2\/#breadcrumb"},"inLanguage":"de","potentialAction":[{"@type":"ReadAction","target":["https:\/\/astos.cz\/de\/laborator-2\/"]}]},{"@type":"BreadcrumbList","@id":"https:\/\/astos.cz\/de\/laborator-2\/#breadcrumb","itemListElement":[{"@type":"ListItem","position":1,"name":"Dom\u016f","item":"https:\/\/astos.cz\/de\/"},{"@type":"ListItem","position":2,"name":"LABOR"}]}]}},"_links":{"self":[{"href":"https:\/\/astos.cz\/de\/wp-json\/wp\/v2\/pages\/10526"}],"collection":[{"href":"https:\/\/astos.cz\/de\/wp-json\/wp\/v2\/pages"}],"about":[{"href":"https:\/\/astos.cz\/de\/wp-json\/wp\/v2\/types\/page"}],"author":[{"embeddable":true,"href":"https:\/\/astos.cz\/de\/wp-json\/wp\/v2\/users\/8"}],"replies":[{"embeddable":true,"href":"https:\/\/astos.cz\/de\/wp-json\/wp\/v2\/comments?post=10526"}],"version-history":[{"count":7,"href":"https:\/\/astos.cz\/de\/wp-json\/wp\/v2\/pages\/10526\/revisions"}],"predecessor-version":[{"id":10537,"href":"https:\/\/astos.cz\/de\/wp-json\/wp\/v2\/pages\/10526\/revisions\/10537"}],"wp:attachment":[{"href":"https:\/\/astos.cz\/de\/wp-json\/wp\/v2\/media?parent=10526"}],"wp:term":[{"taxonomy":"category","embeddable":true,"href":"https:\/\/astos.cz\/de\/wp-json\/wp\/v2\/categories?post=10526"},{"taxonomy":"post_tag","embeddable":true,"href":"https:\/\/astos.cz\/de\/wp-json\/wp\/v2\/tags?post=10526"}],"curies":[{"name":"wp","href":"https:\/\/api.w.org\/{rel}","templated":true}]}}