{"id":10287,"date":"2020-09-04T08:12:18","date_gmt":"2020-09-04T07:12:18","guid":{"rendered":"https:\/\/astos.cz\/nase-vyrobky\/filtracni-zarizeni\/vfs-vertikalni-filtracni-stanice\/"},"modified":"2024-01-09T15:37:17","modified_gmt":"2024-01-09T14:37:17","slug":"vfs-vertikalni-filtracni-stanice","status":"publish","type":"page","link":"https:\/\/astos.cz\/de\/nase-vyrobky\/filtracni-zarizeni\/vfs-vertikalni-filtracni-stanice\/","title":{"rendered":"VFS &#8211; Vertikaler Trommelfilter"},"content":{"rendered":"<div id=\"pl-10287\"  class=\"panel-layout\" ><div id=\"pg-10287-0\"  class=\"panel-grid panel-no-style\" ><div id=\"pgc-10287-0-0\"  class=\"panel-grid-cell\" ><div id=\"panel-10287-0-0-0\" class=\"so-panel widget widget_black-studio-tinymce widget_black_studio_tinymce panel-first-child panel-last-child\" data-index=\"0\" ><div class=\"panel-widget-style panel-widget-style-for-10287-0-0-0\" ><div class=\"textwidget\"><h3 style=\"margin-top: 0px;\">Vertikaler Trommelfilter - NEU!<\/h3>\n<p>Unsere Ingenieure haben auf der Grundlage zahlreicher Anforderungen und W\u00fcnsche unserer Kunden ein weltweit einzigartiges Ger\u00e4t entwickelt - <strong>die vertikale Filtrationsstation. Diese L\u00f6sung ist patentrechtlich gesch\u00fctzt.<\/strong><\/p>\n<p>Diese weltweit einzigartige vertikale Filtrationsstation ist ein Ger\u00e4t zur Filtration von vielen Arten von K\u00fchl- und Schneidfl\u00fcssigkeiten, die mit mechanischen Partikeln verunreinigt sind, wie z.B. Schleifmittel aus Schleifprozessen, Sp\u00e4ne aus Zerspanungsprozessen, Zunder aus Umformprozessen, Schl\u00e4mme aus Wasch- und Abschreckprozessen, etc.<\/p>\n<p><span style=\"color: #ff6600;\"><strong>Konkurrenzvorteile:<\/strong><\/span><\/p>\n<ul>\n<li><strong><span style=\"color: #ff6600;\">Kleine Einbauabmessungen - bis zu 50 % im Vergleich zu herk\u00f6mmlichen Flachfiltern der Konkurrenz<\/span><\/strong><\/li>\n<li><strong><span style=\"color: #ff6600;\">Hohe Leistung - bis zu 30 Mikron<\/span><\/strong><\/li>\n<li><strong><span style=\"color: #ff6600;\">Ohne Verbrauchsmaterial - kein Filtertuch erforderlich<\/span><\/strong><\/li>\n<li><strong><span style=\"color: #ff6600;\">Umweltfreundlicher Betrieb - kein zus\u00e4tzlicher Abfall\/Gefahrstoff, der entsorgt werden muss<\/span><\/strong><\/li>\n<li><strong><span style=\"color: #ff6600;\">Interessanter Preis<\/span><\/strong><\/li>\n<li><strong><span style=\"color: #ff6600;\">Hohe Zuverl\u00e4ssigkeit<\/span><\/strong><\/li>\n<\/ul>\n<\/div><\/div><\/div><\/div><\/div><div id=\"pg-10287-1\"  class=\"panel-grid panel-no-style\" ><div id=\"pgc-10287-1-0\"  class=\"panel-grid-cell\" ><div id=\"panel-10287-1-0-0\" class=\"so-panel widget widget_black-studio-tinymce widget_black_studio_tinymce panel-first-child panel-last-child\" data-index=\"1\" ><div class=\"panel-widget-style panel-widget-style-for-10287-1-0-0\" ><div class=\"textwidget\"><p><a href=\"https:\/\/www.astos.cz\/wp-content\/uploads\/2020\/09\/VFS_6.png\" rel=\"lightbox[10287]\"><img class=\"size-medium wp-image-9300 alignright\" src=\"https:\/\/www.astos.cz\/wp-content\/uploads\/2020\/09\/VFS_6-273x300.png\" alt=\"\" width=\"273\" height=\"300\" \/><\/a><\/p>\n<p>&nbsp;<\/p>\n<p>Das Prinzip dieser Filtration basiert auf einer Trommel aus Filtergewebe aus Edelstahl oder Kunststoff, durch das die aus dem Ger\u00e4t gepumpte verschmutzte Fl\u00fcssigkeit flie\u00dft. Der Filter verhindert, dass Verunreinigungen aus der Fl\u00fcssigkeit in den reinen Beh\u00e4lter gelangen.<\/p>\n<p><strong>Der vom FK freigesetzte Schlamm setzt sich am Boden des Kratzf\u00f6rderers ab, der ihn langsam <\/strong><strong>und sequentiell zum Abfallbeh\u00e4lter transportiert.<\/strong><\/p>\n<p>Die gefilterte Fl\u00fcssigkeit wird in einem sauberen Beh\u00e4lter gesammelt, von wo sie durch eine Verteilerpumpe zum Ger\u00e4t gepumpt wird. Die standardm\u00e4\u00dfige 6-8 bar Blockpumpe kann mit einer 20 bar Hochdruckpumpe erg\u00e4nzt werden.<\/p>\n<\/div><\/div><\/div><\/div><\/div><div id=\"pg-10287-2\"  class=\"panel-grid panel-no-style\" ><div id=\"pgc-10287-2-0\"  class=\"panel-grid-cell\" ><div id=\"panel-10287-2-0-0\" class=\"so-panel widget widget_black-studio-tinymce widget_black_studio_tinymce panel-first-child panel-last-child\" data-index=\"2\" ><div class=\"panel-widget-style panel-widget-style-for-10287-2-0-0\" ><div class=\"textwidget\"><p><a href=\"https:\/\/www.astos.cz\/wp-content\/uploads\/2020\/09\/VFS_7.png\" rel=\"lightbox[10287]\"><img class=\"size-medium wp-image-9319 alignleft\" src=\"https:\/\/www.astos.cz\/wp-content\/uploads\/2020\/09\/VFS_7-300x286.png\" alt=\"\" width=\"300\" height=\"286\" \/><\/a><strong><span style=\"color: #ff6600;\">Wir produzieren Einheiten in zwei Gr\u00f6\u00dfen:<\/span><\/strong><\/p>\n<ul>\n<li>Mit einem Durchfluss von 250 l\/min und einem Grundriss von 700 x 1450, geeignet f\u00fcr die \u00fcbliche<br \/>\nDurchflussmenge einer leistungsstarken CNC-Werkzeugmaschine, Schleifmaschine usw.<\/li>\n<li>Mit einem Durchfluss von 600 l\/min und einem Grundriss von 900 x 2200, geeignet zum Filtern<br \/>\nmehrerer Maschinen als zentrale Einheit.<\/li>\n<\/ul>\n<ul>\n<li>F\u00fcr gr\u00f6\u00dfere Durchflussmengen kann die Anzahl der Einheiten multipliziert werden.<\/li>\n<li>Die Filtration kann einen Bandabscheider f\u00fcr Fremd\u00f6le umfassen.<\/li>\n<li>Auf Wunsch liefern wir ein automatisches Nachf\u00fcllsystem, einen Fl\u00fcssigkeitsk\u00fchler, einen Auffangbeh\u00e4lter usw.<\/li>\n<\/ul>\n<\/div><\/div><\/div><\/div><\/div><div id=\"pg-10287-3\"  class=\"panel-grid panel-no-style\" ><div id=\"pgc-10287-3-0\"  class=\"panel-grid-cell\" ><div id=\"panel-10287-3-0-0\" class=\"so-panel widget widget_black-studio-tinymce widget_black_studio_tinymce panel-first-child panel-last-child\" data-index=\"3\" ><div class=\"panel-widget-style panel-widget-style-for-10287-3-0-0\" ><div class=\"textwidget\"><p>Falls Sie konkrete Anforderungen haben verwenden Sie die angegebene <a href=\"https:\/\/astos.cz\/de\/kontakty\/dulezite-kontakty\">Kontaktliste<\/a>.<\/p>\n<p>Anfrage Formular <a href=\"https:\/\/astos.cz\/de\/ke-stazeni\/poptavkove-formulare\">zum Download<\/a>.<\/p>\n<p>.<\/p>\n<\/div><\/div><\/div><\/div><\/div><\/div>","protected":false},"excerpt":{"rendered":"<p>Vertikaler Trommelfilter &#8211; NEU! Unsere Ingenieure haben auf der Grundlage zahlreicher Anforderungen und W\u00fcnsche unserer Kunden ein weltweit einzigartiges Ger\u00e4t entwickelt &#8211; die vertikale Filtrationsstation. Diese L\u00f6sung ist patentrechtlich gesch\u00fctzt. Diese weltweit einzigartige vertikale Filtrationsstation ist ein Ger\u00e4t zur Filtration von vielen Arten von K\u00fchl- und Schneidfl\u00fcssigkeiten, die mit mechanischen Partikeln verunreinigt sind, wie z.B. &hellip;<\/p>\n","protected":false},"author":8,"featured_media":9191,"parent":4727,"menu_order":0,"comment_status":"closed","ping_status":"closed","template":"","meta":[],"categories":[104],"tags":[],"yoast_head":"<!-- This site is optimized with the Yoast SEO plugin v18.5.1 - https:\/\/yoast.com\/wordpress\/plugins\/seo\/ -->\n<title>VFS - Vertikaler Trommelfilter | ASTOS Machinery<\/title>\n<meta name=\"robots\" content=\"index, follow, max-snippet:-1, max-image-preview:large, max-video-preview:-1\" \/>\n<link rel=\"canonical\" href=\"https:\/\/astos.cz\/de\/nase-vyrobky\/filtracni-zarizeni\/vfs-vertikalni-filtracni-stanice\/\" \/>\n<meta property=\"og:locale\" content=\"de_DE\" \/>\n<meta property=\"og:type\" content=\"article\" \/>\n<meta property=\"og:title\" content=\"VFS - Vertikaler Trommelfilter | ASTOS Machinery\" \/>\n<meta property=\"og:description\" content=\"Vertikaler Trommelfilter - NEU! Unsere Ingenieure haben auf der Grundlage zahlreicher Anforderungen und W\u00fcnsche unserer Kunden ein weltweit einzigartiges Ger\u00e4t entwickelt - die vertikale Filtrationsstation. Diese L\u00f6sung ist patentrechtlich gesch\u00fctzt. Diese weltweit einzigartige vertikale Filtrationsstation ist ein Ger\u00e4t zur Filtration von vielen Arten von K\u00fchl- und Schneidfl\u00fcssigkeiten, die mit mechanischen Partikeln verunreinigt sind, wie z.B. &hellip;\" \/>\n<meta property=\"og:url\" content=\"https:\/\/astos.cz\/de\/nase-vyrobky\/filtracni-zarizeni\/vfs-vertikalni-filtracni-stanice\/\" \/>\n<meta property=\"og:site_name\" content=\"ASTOS Machinery\" \/>\n<meta property=\"article:modified_time\" content=\"2024-01-09T14:37:17+00:00\" \/>\n<meta property=\"og:image\" content=\"https:\/\/astos.cz\/wp-content\/uploads\/2020\/09\/VFS_3.png\" \/>\n\t<meta property=\"og:image:width\" content=\"754\" \/>\n\t<meta property=\"og:image:height\" content=\"740\" \/>\n\t<meta property=\"og:image:type\" content=\"image\/png\" \/>\n<meta name=\"twitter:card\" content=\"summary\" \/>\n<meta name=\"twitter:label1\" content=\"Gesch\u00e4tzte Lesezeit\" \/>\n\t<meta name=\"twitter:data1\" content=\"2\u00a0Minuten\" \/>\n<script type=\"application\/ld+json\" class=\"yoast-schema-graph\">{\"@context\":\"https:\/\/schema.org\",\"@graph\":[{\"@type\":\"WebSite\",\"@id\":\"https:\/\/astos.cz\/#website\",\"url\":\"https:\/\/astos.cz\/\",\"name\":\"ASTOS Machinery\",\"description\":\"Specialista na dopravn\u00edkov\u00e9 syst\u00e9my a krytov\u00e1n\u00ed stroj\u016f\",\"potentialAction\":[{\"@type\":\"SearchAction\",\"target\":{\"@type\":\"EntryPoint\",\"urlTemplate\":\"https:\/\/astos.cz\/?s={search_term_string}\"},\"query-input\":\"required name=search_term_string\"}],\"inLanguage\":\"de\"},{\"@type\":\"ImageObject\",\"@id\":\"https:\/\/astos.cz\/de\/nase-vyrobky\/filtracni-zarizeni\/vfs-vertikalni-filtracni-stanice\/#primaryimage\",\"inLanguage\":\"de\",\"url\":\"https:\/\/astos.cz\/wp-content\/uploads\/2020\/09\/VFS_3.png\",\"contentUrl\":\"https:\/\/astos.cz\/wp-content\/uploads\/2020\/09\/VFS_3.png\",\"width\":754,\"height\":740},{\"@type\":\"WebPage\",\"@id\":\"https:\/\/astos.cz\/de\/nase-vyrobky\/filtracni-zarizeni\/vfs-vertikalni-filtracni-stanice\/#webpage\",\"url\":\"https:\/\/astos.cz\/de\/nase-vyrobky\/filtracni-zarizeni\/vfs-vertikalni-filtracni-stanice\/\",\"name\":\"VFS - Vertikaler Trommelfilter | ASTOS Machinery\",\"isPartOf\":{\"@id\":\"https:\/\/astos.cz\/#website\"},\"primaryImageOfPage\":{\"@id\":\"https:\/\/astos.cz\/de\/nase-vyrobky\/filtracni-zarizeni\/vfs-vertikalni-filtracni-stanice\/#primaryimage\"},\"datePublished\":\"2020-09-04T07:12:18+00:00\",\"dateModified\":\"2024-01-09T14:37:17+00:00\",\"breadcrumb\":{\"@id\":\"https:\/\/astos.cz\/de\/nase-vyrobky\/filtracni-zarizeni\/vfs-vertikalni-filtracni-stanice\/#breadcrumb\"},\"inLanguage\":\"de\",\"potentialAction\":[{\"@type\":\"ReadAction\",\"target\":[\"https:\/\/astos.cz\/de\/nase-vyrobky\/filtracni-zarizeni\/vfs-vertikalni-filtracni-stanice\/\"]}]},{\"@type\":\"BreadcrumbList\",\"@id\":\"https:\/\/astos.cz\/de\/nase-vyrobky\/filtracni-zarizeni\/vfs-vertikalni-filtracni-stanice\/#breadcrumb\",\"itemListElement\":[{\"@type\":\"ListItem\",\"position\":1,\"name\":\"Dom\u016f\",\"item\":\"https:\/\/astos.cz\/de\/\"},{\"@type\":\"ListItem\",\"position\":2,\"name\":\"Produkte\",\"item\":\"https:\/\/astos.cz\/de\/nase-vyrobky\/\"},{\"@type\":\"ListItem\",\"position\":3,\"name\":\"Filtrationen\",\"item\":\"https:\/\/astos.cz\/de\/nase-vyrobky\/filtracni-zarizeni\/\"},{\"@type\":\"ListItem\",\"position\":4,\"name\":\"VFS &#8211; Vertikaler Trommelfilter\"}]}]}<\/script>\n<!-- \/ Yoast SEO plugin. -->","yoast_head_json":{"title":"VFS - Vertikaler Trommelfilter | ASTOS Machinery","robots":{"index":"index","follow":"follow","max-snippet":"max-snippet:-1","max-image-preview":"max-image-preview:large","max-video-preview":"max-video-preview:-1"},"canonical":"https:\/\/astos.cz\/de\/nase-vyrobky\/filtracni-zarizeni\/vfs-vertikalni-filtracni-stanice\/","og_locale":"de_DE","og_type":"article","og_title":"VFS - Vertikaler Trommelfilter | ASTOS Machinery","og_description":"Vertikaler Trommelfilter - NEU! Unsere Ingenieure haben auf der Grundlage zahlreicher Anforderungen und W\u00fcnsche unserer Kunden ein weltweit einzigartiges Ger\u00e4t entwickelt - die vertikale Filtrationsstation. Diese L\u00f6sung ist patentrechtlich gesch\u00fctzt. Diese weltweit einzigartige vertikale Filtrationsstation ist ein Ger\u00e4t zur Filtration von vielen Arten von K\u00fchl- und Schneidfl\u00fcssigkeiten, die mit mechanischen Partikeln verunreinigt sind, wie z.B. &hellip;","og_url":"https:\/\/astos.cz\/de\/nase-vyrobky\/filtracni-zarizeni\/vfs-vertikalni-filtracni-stanice\/","og_site_name":"ASTOS Machinery","article_modified_time":"2024-01-09T14:37:17+00:00","og_image":[{"width":754,"height":740,"url":"https:\/\/astos.cz\/wp-content\/uploads\/2020\/09\/VFS_3.png","type":"image\/png"}],"twitter_card":"summary","twitter_misc":{"Gesch\u00e4tzte Lesezeit":"2\u00a0Minuten"},"schema":{"@context":"https:\/\/schema.org","@graph":[{"@type":"WebSite","@id":"https:\/\/astos.cz\/#website","url":"https:\/\/astos.cz\/","name":"ASTOS Machinery","description":"Specialista na dopravn\u00edkov\u00e9 syst\u00e9my a krytov\u00e1n\u00ed stroj\u016f","potentialAction":[{"@type":"SearchAction","target":{"@type":"EntryPoint","urlTemplate":"https:\/\/astos.cz\/?s={search_term_string}"},"query-input":"required name=search_term_string"}],"inLanguage":"de"},{"@type":"ImageObject","@id":"https:\/\/astos.cz\/de\/nase-vyrobky\/filtracni-zarizeni\/vfs-vertikalni-filtracni-stanice\/#primaryimage","inLanguage":"de","url":"https:\/\/astos.cz\/wp-content\/uploads\/2020\/09\/VFS_3.png","contentUrl":"https:\/\/astos.cz\/wp-content\/uploads\/2020\/09\/VFS_3.png","width":754,"height":740},{"@type":"WebPage","@id":"https:\/\/astos.cz\/de\/nase-vyrobky\/filtracni-zarizeni\/vfs-vertikalni-filtracni-stanice\/#webpage","url":"https:\/\/astos.cz\/de\/nase-vyrobky\/filtracni-zarizeni\/vfs-vertikalni-filtracni-stanice\/","name":"VFS - Vertikaler Trommelfilter | ASTOS Machinery","isPartOf":{"@id":"https:\/\/astos.cz\/#website"},"primaryImageOfPage":{"@id":"https:\/\/astos.cz\/de\/nase-vyrobky\/filtracni-zarizeni\/vfs-vertikalni-filtracni-stanice\/#primaryimage"},"datePublished":"2020-09-04T07:12:18+00:00","dateModified":"2024-01-09T14:37:17+00:00","breadcrumb":{"@id":"https:\/\/astos.cz\/de\/nase-vyrobky\/filtracni-zarizeni\/vfs-vertikalni-filtracni-stanice\/#breadcrumb"},"inLanguage":"de","potentialAction":[{"@type":"ReadAction","target":["https:\/\/astos.cz\/de\/nase-vyrobky\/filtracni-zarizeni\/vfs-vertikalni-filtracni-stanice\/"]}]},{"@type":"BreadcrumbList","@id":"https:\/\/astos.cz\/de\/nase-vyrobky\/filtracni-zarizeni\/vfs-vertikalni-filtracni-stanice\/#breadcrumb","itemListElement":[{"@type":"ListItem","position":1,"name":"Dom\u016f","item":"https:\/\/astos.cz\/de\/"},{"@type":"ListItem","position":2,"name":"Produkte","item":"https:\/\/astos.cz\/de\/nase-vyrobky\/"},{"@type":"ListItem","position":3,"name":"Filtrationen","item":"https:\/\/astos.cz\/de\/nase-vyrobky\/filtracni-zarizeni\/"},{"@type":"ListItem","position":4,"name":"VFS &#8211; Vertikaler Trommelfilter"}]}]}},"_links":{"self":[{"href":"https:\/\/astos.cz\/de\/wp-json\/wp\/v2\/pages\/10287"}],"collection":[{"href":"https:\/\/astos.cz\/de\/wp-json\/wp\/v2\/pages"}],"about":[{"href":"https:\/\/astos.cz\/de\/wp-json\/wp\/v2\/types\/page"}],"author":[{"embeddable":true,"href":"https:\/\/astos.cz\/de\/wp-json\/wp\/v2\/users\/8"}],"replies":[{"embeddable":true,"href":"https:\/\/astos.cz\/de\/wp-json\/wp\/v2\/comments?post=10287"}],"version-history":[{"count":9,"href":"https:\/\/astos.cz\/de\/wp-json\/wp\/v2\/pages\/10287\/revisions"}],"predecessor-version":[{"id":10301,"href":"https:\/\/astos.cz\/de\/wp-json\/wp\/v2\/pages\/10287\/revisions\/10301"}],"up":[{"embeddable":true,"href":"https:\/\/astos.cz\/de\/wp-json\/wp\/v2\/pages\/4727"}],"wp:featuredmedia":[{"embeddable":true,"href":"https:\/\/astos.cz\/de\/wp-json\/wp\/v2\/media\/9191"}],"wp:attachment":[{"href":"https:\/\/astos.cz\/de\/wp-json\/wp\/v2\/media?parent=10287"}],"wp:term":[{"taxonomy":"category","embeddable":true,"href":"https:\/\/astos.cz\/de\/wp-json\/wp\/v2\/categories?post=10287"},{"taxonomy":"post_tag","embeddable":true,"href":"https:\/\/astos.cz\/de\/wp-json\/wp\/v2\/tags?post=10287"}],"curies":[{"name":"wp","href":"https:\/\/api.w.org\/{rel}","templated":true}]}}