{"id":10086,"date":"2020-02-19T13:54:34","date_gmt":"2020-02-19T12:54:34","guid":{"rendered":"https:\/\/astos.cz\/vseobecne-obchodni-podminky-astos-machinery-a-s\/"},"modified":"2020-02-19T13:54:34","modified_gmt":"2020-02-19T12:54:34","slug":"vseobecne-obchodni-podminky-astos-machinery-a-s","status":"publish","type":"page","link":"https:\/\/astos.cz\/de\/vseobecne-obchodni-podminky-astos-machinery-a-s\/","title":{"rendered":"V\u0161eobecn\u00e9 obchodn\u00ed podm\u00ednky Astos Machinery a.s."},"content":{"rendered":"<div id=\"pl-10086\"  class=\"panel-layout\" ><div id=\"pg-10086-0\"  class=\"panel-grid panel-no-style\" ><div id=\"pgc-10086-0-0\"  class=\"panel-grid-cell\" ><div id=\"panel-10086-0-0-0\" class=\"so-panel widget widget_pt_brochure_box widget-brochure-box panel-first-child panel-last-child\" data-index=\"0\" >\n\t\t\t<h4 class=\"sidebar__headings\">V\u0161eobecn\u00e9 obchodn\u00ed podm\u00ednky ke sta\u017een\u00ed<\/h4>\n\t\t\t\t\t\t<a class=\"brochure-box\" href=\"https:\/\/astos.cz\/wp-content\/uploads\/2023\/01\/Vseobecne-obchodni-podminky-ASTOS-Machinery-a-s-01-01-2023.pdf\" target=\"_blank\">\n\t\t\t\t<i class=\"fa  fa-file-pdf-o\"><\/i>\n\t\t\t\t<h5 class=\"brochure-box__text\">V\u0161eobecn\u00e9 obchodn\u00ed podm\u00ednky v PDF<\/h5>\n\t\t\t<\/a>\n\n\t\t\t<\/div><\/div><\/div><\/div>","protected":false},"excerpt":{"rendered":"<p>V\u0161eobecn\u00e9 obchodn\u00ed podm\u00ednky ke sta\u017een\u00ed V\u0161eobecn\u00e9 obchodn\u00ed podm\u00ednky v PDF<\/p>\n","protected":false},"author":6,"featured_media":9033,"parent":0,"menu_order":0,"comment_status":"closed","ping_status":"closed","template":"","meta":[],"categories":[],"tags":[],"yoast_head":"<!-- This site is optimized with the Yoast SEO plugin v18.5.1 - https:\/\/yoast.com\/wordpress\/plugins\/seo\/ -->\n<title>V\u0161eobecn\u00e9 obchodn\u00ed podm\u00ednky Astos Machinery a.s. | ASTOS Machinery<\/title>\n<meta name=\"robots\" content=\"index, follow, max-snippet:-1, max-image-preview:large, max-video-preview:-1\" \/>\n<link rel=\"canonical\" href=\"https:\/\/astos.cz\/de\/vseobecne-obchodni-podminky-astos-machinery-a-s\/\" \/>\n<meta property=\"og:locale\" content=\"de_DE\" \/>\n<meta property=\"og:type\" content=\"article\" \/>\n<meta property=\"og:title\" content=\"V\u0161eobecn\u00e9 obchodn\u00ed podm\u00ednky Astos Machinery a.s. | ASTOS Machinery\" \/>\n<meta property=\"og:description\" content=\"V\u0161eobecn\u00e9 obchodn\u00ed podm\u00ednky ke sta\u017een\u00ed V\u0161eobecn\u00e9 obchodn\u00ed podm\u00ednky v PDF\" \/>\n<meta property=\"og:url\" content=\"https:\/\/astos.cz\/de\/vseobecne-obchodni-podminky-astos-machinery-a-s\/\" \/>\n<meta property=\"og:site_name\" content=\"ASTOS Machinery\" \/>\n<meta property=\"og:image\" content=\"https:\/\/astos.cz\/wp-content\/uploads\/2020\/02\/nahledovy-obrazek-obchodni-podminky.jpg\" \/>\n\t<meta property=\"og:image:width\" content=\"1140\" \/>\n\t<meta property=\"og:image:height\" content=\"640\" \/>\n\t<meta property=\"og:image:type\" content=\"image\/jpeg\" \/>\n<meta name=\"twitter:card\" content=\"summary\" \/>\n<meta name=\"twitter:label1\" content=\"Gesch\u00e4tzte Lesezeit\" \/>\n\t<meta name=\"twitter:data1\" content=\"1\u00a0Minute\" \/>\n<script type=\"application\/ld+json\" class=\"yoast-schema-graph\">{\"@context\":\"https:\/\/schema.org\",\"@graph\":[{\"@type\":\"WebSite\",\"@id\":\"https:\/\/astos.cz\/#website\",\"url\":\"https:\/\/astos.cz\/\",\"name\":\"ASTOS Machinery\",\"description\":\"Specialista na dopravn\u00edkov\u00e9 syst\u00e9my a krytov\u00e1n\u00ed stroj\u016f\",\"potentialAction\":[{\"@type\":\"SearchAction\",\"target\":{\"@type\":\"EntryPoint\",\"urlTemplate\":\"https:\/\/astos.cz\/?s={search_term_string}\"},\"query-input\":\"required name=search_term_string\"}],\"inLanguage\":\"de\"},{\"@type\":\"ImageObject\",\"@id\":\"https:\/\/astos.cz\/de\/vseobecne-obchodni-podminky-astos-machinery-a-s\/#primaryimage\",\"inLanguage\":\"de\",\"url\":\"https:\/\/astos.cz\/wp-content\/uploads\/2020\/02\/nahledovy-obrazek-obchodni-podminky.jpg\",\"contentUrl\":\"https:\/\/astos.cz\/wp-content\/uploads\/2020\/02\/nahledovy-obrazek-obchodni-podminky.jpg\",\"width\":1140,\"height\":640},{\"@type\":\"WebPage\",\"@id\":\"https:\/\/astos.cz\/de\/vseobecne-obchodni-podminky-astos-machinery-a-s\/#webpage\",\"url\":\"https:\/\/astos.cz\/de\/vseobecne-obchodni-podminky-astos-machinery-a-s\/\",\"name\":\"V\u0161eobecn\u00e9 obchodn\u00ed podm\u00ednky Astos Machinery a.s. | ASTOS Machinery\",\"isPartOf\":{\"@id\":\"https:\/\/astos.cz\/#website\"},\"primaryImageOfPage\":{\"@id\":\"https:\/\/astos.cz\/de\/vseobecne-obchodni-podminky-astos-machinery-a-s\/#primaryimage\"},\"datePublished\":\"2020-02-19T12:54:34+00:00\",\"dateModified\":\"2020-02-19T12:54:34+00:00\",\"breadcrumb\":{\"@id\":\"https:\/\/astos.cz\/de\/vseobecne-obchodni-podminky-astos-machinery-a-s\/#breadcrumb\"},\"inLanguage\":\"de\",\"potentialAction\":[{\"@type\":\"ReadAction\",\"target\":[\"https:\/\/astos.cz\/de\/vseobecne-obchodni-podminky-astos-machinery-a-s\/\"]}]},{\"@type\":\"BreadcrumbList\",\"@id\":\"https:\/\/astos.cz\/de\/vseobecne-obchodni-podminky-astos-machinery-a-s\/#breadcrumb\",\"itemListElement\":[{\"@type\":\"ListItem\",\"position\":1,\"name\":\"Dom\u016f\",\"item\":\"https:\/\/astos.cz\/de\/\"},{\"@type\":\"ListItem\",\"position\":2,\"name\":\"V\u0161eobecn\u00e9 obchodn\u00ed podm\u00ednky Astos Machinery a.s.\"}]}]}<\/script>\n<!-- \/ Yoast SEO plugin. -->","yoast_head_json":{"title":"V\u0161eobecn\u00e9 obchodn\u00ed podm\u00ednky Astos Machinery a.s. | ASTOS Machinery","robots":{"index":"index","follow":"follow","max-snippet":"max-snippet:-1","max-image-preview":"max-image-preview:large","max-video-preview":"max-video-preview:-1"},"canonical":"https:\/\/astos.cz\/de\/vseobecne-obchodni-podminky-astos-machinery-a-s\/","og_locale":"de_DE","og_type":"article","og_title":"V\u0161eobecn\u00e9 obchodn\u00ed podm\u00ednky Astos Machinery a.s. | ASTOS Machinery","og_description":"V\u0161eobecn\u00e9 obchodn\u00ed podm\u00ednky ke sta\u017een\u00ed V\u0161eobecn\u00e9 obchodn\u00ed podm\u00ednky v PDF","og_url":"https:\/\/astos.cz\/de\/vseobecne-obchodni-podminky-astos-machinery-a-s\/","og_site_name":"ASTOS Machinery","og_image":[{"width":1140,"height":640,"url":"https:\/\/astos.cz\/wp-content\/uploads\/2020\/02\/nahledovy-obrazek-obchodni-podminky.jpg","type":"image\/jpeg"}],"twitter_card":"summary","twitter_misc":{"Gesch\u00e4tzte Lesezeit":"1\u00a0Minute"},"schema":{"@context":"https:\/\/schema.org","@graph":[{"@type":"WebSite","@id":"https:\/\/astos.cz\/#website","url":"https:\/\/astos.cz\/","name":"ASTOS Machinery","description":"Specialista na dopravn\u00edkov\u00e9 syst\u00e9my a krytov\u00e1n\u00ed stroj\u016f","potentialAction":[{"@type":"SearchAction","target":{"@type":"EntryPoint","urlTemplate":"https:\/\/astos.cz\/?s={search_term_string}"},"query-input":"required name=search_term_string"}],"inLanguage":"de"},{"@type":"ImageObject","@id":"https:\/\/astos.cz\/de\/vseobecne-obchodni-podminky-astos-machinery-a-s\/#primaryimage","inLanguage":"de","url":"https:\/\/astos.cz\/wp-content\/uploads\/2020\/02\/nahledovy-obrazek-obchodni-podminky.jpg","contentUrl":"https:\/\/astos.cz\/wp-content\/uploads\/2020\/02\/nahledovy-obrazek-obchodni-podminky.jpg","width":1140,"height":640},{"@type":"WebPage","@id":"https:\/\/astos.cz\/de\/vseobecne-obchodni-podminky-astos-machinery-a-s\/#webpage","url":"https:\/\/astos.cz\/de\/vseobecne-obchodni-podminky-astos-machinery-a-s\/","name":"V\u0161eobecn\u00e9 obchodn\u00ed podm\u00ednky Astos Machinery a.s. | ASTOS Machinery","isPartOf":{"@id":"https:\/\/astos.cz\/#website"},"primaryImageOfPage":{"@id":"https:\/\/astos.cz\/de\/vseobecne-obchodni-podminky-astos-machinery-a-s\/#primaryimage"},"datePublished":"2020-02-19T12:54:34+00:00","dateModified":"2020-02-19T12:54:34+00:00","breadcrumb":{"@id":"https:\/\/astos.cz\/de\/vseobecne-obchodni-podminky-astos-machinery-a-s\/#breadcrumb"},"inLanguage":"de","potentialAction":[{"@type":"ReadAction","target":["https:\/\/astos.cz\/de\/vseobecne-obchodni-podminky-astos-machinery-a-s\/"]}]},{"@type":"BreadcrumbList","@id":"https:\/\/astos.cz\/de\/vseobecne-obchodni-podminky-astos-machinery-a-s\/#breadcrumb","itemListElement":[{"@type":"ListItem","position":1,"name":"Dom\u016f","item":"https:\/\/astos.cz\/de\/"},{"@type":"ListItem","position":2,"name":"V\u0161eobecn\u00e9 obchodn\u00ed podm\u00ednky Astos Machinery a.s."}]}]}},"_links":{"self":[{"href":"https:\/\/astos.cz\/de\/wp-json\/wp\/v2\/pages\/10086"}],"collection":[{"href":"https:\/\/astos.cz\/de\/wp-json\/wp\/v2\/pages"}],"about":[{"href":"https:\/\/astos.cz\/de\/wp-json\/wp\/v2\/types\/page"}],"author":[{"embeddable":true,"href":"https:\/\/astos.cz\/de\/wp-json\/wp\/v2\/users\/6"}],"replies":[{"embeddable":true,"href":"https:\/\/astos.cz\/de\/wp-json\/wp\/v2\/comments?post=10086"}],"version-history":[{"count":1,"href":"https:\/\/astos.cz\/de\/wp-json\/wp\/v2\/pages\/10086\/revisions"}],"predecessor-version":[{"id":10089,"href":"https:\/\/astos.cz\/de\/wp-json\/wp\/v2\/pages\/10086\/revisions\/10089"}],"wp:featuredmedia":[{"embeddable":true,"href":"https:\/\/astos.cz\/de\/wp-json\/wp\/v2\/media\/9033"}],"wp:attachment":[{"href":"https:\/\/astos.cz\/de\/wp-json\/wp\/v2\/media?parent=10086"}],"wp:term":[{"taxonomy":"category","embeddable":true,"href":"https:\/\/astos.cz\/de\/wp-json\/wp\/v2\/categories?post=10086"},{"taxonomy":"post_tag","embeddable":true,"href":"https:\/\/astos.cz\/de\/wp-json\/wp\/v2\/tags?post=10086"}],"curies":[{"name":"wp","href":"https:\/\/api.w.org\/{rel}","templated":true}]}}